{"id":1018,"date":"2022-12-15T08:04:40","date_gmt":"2022-12-15T07:04:40","guid":{"rendered":"https:\/\/www.tisa.si\/tisa-homes\/autori\/"},"modified":"2023-04-05T16:34:52","modified_gmt":"2023-04-05T14:34:52","slug":"autori","status":"publish","type":"page","link":"https:\/\/www.tisa.si\/tisa-homes\/cs\/autori\/","title":{"rendered":"Auto\u0159i"},"content":{"rendered":"<p>[vc_row full_width=&#8220;stretch_row_content_no_spaces&#8220;][vc_column]\t\t\r\n\t\t<div class=\"title-container \">\r\n\t\t\t<div class=\"container\">\r\n\t\t\t\t<h1>Auto\u0159i<\/h1>\r\n\t\t\t\t<div class=\"breadcrumbs-container\">\r\n\t\t\t\t\t<div class=\"breadcrumbs\">\r\n\t\t\t\t\t\t\n\t<ul class=\"ns-breadcrumbs\">\n\t\t\t<li><a href=\"https:\/\/www.tisa.si\/tisa-homes\/cs\/\">Domov<\/a><\/li>\n\t\t\t\t<li>Auto\u0159i<\/li>\n\t<\/ul>\n\t\n\t\t\t\t\t\t\t<div class=\"clearfix\"><\/div>\r\n\t\t\t\t\t<\/div>\r\n\t\t\t\t<\/div>\r\n\t\t\t<\/div>\r\n\t\t<\/div>\r\n\r\n\t\t[\/vc_column][\/vc_row][vc_row][vc_column][vc_column_text]<\/p>\n<h2>Obsah webov\u00fdch str\u00e1nek<\/h2>\n<p>Texty a obr\u00e1zky na webu p\u0159ipravila spole\u010dnost <strong>Tisa Homes<\/strong> .<\/p>\n<h2>Tvorba a design webov\u00fdch str\u00e1nek<\/h2>\n<p><strong>Digit\u00e1ln\u00ed agentura <span style=\"color: #f56702;\">novi<\/span> Splet<\/strong> se p\u0159i nastavov\u00e1n\u00ed webu postarala o:<\/p>\n<ul>\n<li>design u\u017eivatelsk\u00e9 zku\u0161enosti,<\/li>\n<li>webov\u00fd design,<\/li>\n<li>technick\u00e1 realizace,<\/li>\n<li>realizace cel\u00e9ho projektu.<\/li>\n<\/ul>\n<p><a href=\"https:\/\/www.novisplet.com\/izdelava-spletnih-strani\" target=\"_blank\" rel=\"noopener\">Tvorba webov\u00fdch str\u00e1nek<\/a> je hlavn\u00ed \u010dinnost\u00ed digit\u00e1ln\u00ed agentury noviSplet, kter\u00e1 prost\u0159ednictv\u00edm komplexn\u00edch online \u0159e\u0161en\u00ed zvy\u0161uje tr\u017eby a reputaci firem online.<\/p>\n<p>V\u00edce na <strong><a href=\"https:\/\/www.novisplet.com\/\" target=\"_blank\" rel=\"noopener\">www.novisplet.com<\/a><\/strong>[\/vc_column_text][\/vc_column][\/vc_row]<\/p>\n","protected":false},"excerpt":{"rendered":"<p>[vc_row full_width=&#8220;stretch_row_content_no_spaces&#8220;][vc_column][\/vc_column][\/vc_row][vc_row][vc_column][vc_column_text] Obsah webov\u00fdch str\u00e1nek Texty a obr\u00e1zky na webu p\u0159ipravila spole\u010dnost Tisa Homes . Tvorba a design webov\u00fdch str\u00e1nek Digit\u00e1ln\u00ed agentura novi Splet se p\u0159i nastavov\u00e1n\u00ed webu postarala o: design u\u017eivatelsk\u00e9 zku\u0161enosti, webov\u00fd design, technick\u00e1 realizace, realizace cel\u00e9ho projektu. Tvorba webov\u00fdch str\u00e1nek je hlavn\u00ed \u010dinnost\u00ed digit\u00e1ln\u00ed agentury noviSplet, kter\u00e1 prost\u0159ednictv\u00edm komplexn\u00edch online \u0159e\u0161en\u00ed zvy\u0161uje tr\u017eby a reputaci firem online. V\u00edce na www.novisplet.com[\/vc_column_text][\/vc_column][\/vc_row]<\/p>\n","protected":false},"author":2,"featured_media":0,"parent":0,"menu_order":7,"comment_status":"closed","ping_status":"closed","template":"","meta":[],"_links":{"self":[{"href":"https:\/\/www.tisa.si\/tisa-homes\/cs\/wp-json\/wp\/v2\/pages\/1018"}],"collection":[{"href":"https:\/\/www.tisa.si\/tisa-homes\/cs\/wp-json\/wp\/v2\/pages"}],"about":[{"href":"https:\/\/www.tisa.si\/tisa-homes\/cs\/wp-json\/wp\/v2\/types\/page"}],"author":[{"embeddable":true,"href":"https:\/\/www.tisa.si\/tisa-homes\/cs\/wp-json\/wp\/v2\/users\/2"}],"replies":[{"embeddable":true,"href":"https:\/\/www.tisa.si\/tisa-homes\/cs\/wp-json\/wp\/v2\/comments?post=1018"}],"version-history":[{"count":0,"href":"https:\/\/www.tisa.si\/tisa-homes\/cs\/wp-json\/wp\/v2\/pages\/1018\/revisions"}],"wp:attachment":[{"href":"https:\/\/www.tisa.si\/tisa-homes\/cs\/wp-json\/wp\/v2\/media?parent=1018"}],"curies":[{"name":"wp","href":"https:\/\/api.w.org\/{rel}","templated":true}]}}