{"id":1537,"date":"2016-10-18T08:51:57","date_gmt":"2016-10-18T06:51:57","guid":{"rendered":"https:\/\/www.tisa.si\/tisa-homes\/domov\/"},"modified":"2024-04-26T13:24:18","modified_gmt":"2024-04-26T11:24:18","slug":"domov","status":"publish","type":"page","link":"https:\/\/www.tisa.si\/tisa-homes\/cs\/","title":{"rendered":"Domov"},"content":{"rendered":"<p>[vc_row full_width=&#8220;stretch_row&#8220; imgs=&#8220;523&#8243; el_class=&#8220;main-banner&#8220;][vc_column][vc_row_inner][vc_column_inner offset=&#8220;vc_col-lg-7 vc_col-md-8&#8243;][vc_column_text el_class=&#8220;slider-title&#8220;]<\/p>\n<h1>Rekrea\u010dn\u00ed domy v<br \/>\nSavudrija<\/h1>\n<p>Nedaleko slavn\u00e9ho maj\u00e1ku Savudrija, jen minutu ch\u016fze od pl\u00e1\u017ee, se nach\u00e1z\u00ed rekrea\u010dn\u00ed st\u0159edisko Tisa homes.[\/vc_column_text]\t\t\n\t\t<a href=\"https:\/\/www.tisa.si\/tisa-homes\/apartmaji\/\" target=\"\" class=\"btn  btn-primary btn-lg \" id=\"\">P\u0159e\u010dt\u011bte si v\u00edce<\/a>\n\n\t\t[\/vc_column_inner][vc_column_inner offset=&#8220;vc_col-lg-5 vc_col-md-4&#8243;][\/vc_column_inner][\/vc_row_inner][\/vc_column][\/vc_row][vc_row css=&#8220;.vc_custom_1671037369721{margin-bottom: 65px !important;}&#8220; el_class=&#8220;hsec1&#8243;][vc_column width=&#8220;1\/2&#8243;][vc_column_text]<\/p>\n<h2>Tisa Homes &#8211; rekrea\u010dn\u00ed vesnice v Savudrija<\/h2>\n<p>K dispozici je 6 samostatn\u00fdch dom\u016f, kter\u00e9 jsou vhodn\u00e9 pro ubytov\u00e1n\u00ed rodiny nebo 3-4 dosp\u011bl\u00fdch osob. V\u0161echny apartm\u00e1ny maj\u00ed kuchy\u0148 s j\u00eddeln\u00edm koutem, verandu, klimatizaci, TV s plochou obrazovkou a vlastn\u00ed koupelnu se sprchou.<\/p>\n<p>Balkony s v\u00fdhledem na spole\u010dnou zahradu s badmintonov\u00fdm kurtem a stoln\u00edm tenisem poskytnou rodi\u010d\u016fm klid p\u0159i h\u0159e jejich d\u011bt\u00ed.[\/vc_column_text]\t\t\n\t\t<a href=\"https:\/\/www.tisa.si\/tisa-homes\/rezervacija\/\" target=\"\" class=\"btn  btn-default btn-sm \" id=\"\">Zarezervujte si sch\u016fzku<\/a>\n\n\t\t[\/vc_column][vc_column width=&#8220;1\/2&#8243;][vc_single_image image=&#8220;226&#8243; img_size=&#8220;700&#215;440&#8243; css=&#8220;.vc_custom_1669379281585{margin-top: 35px !important;margin-bottom: 0px !important;}&#8220;][\/vc_column][\/vc_row][vc_row full_width=&#8220;stretch_row&#8220; css=&#8220;.vc_custom_1671040201230{background-color: #fbf4ec !important;}&#8220; el_class=&#8220;hsec2&#8243;][vc_column width=&#8220;1\/3&#8243;][vc_column_text]<\/p>\n<h3>Vybaven\u00ed ubytov\u00e1n\u00ed<\/h3>\n<p>[\/vc_column_text][vc_separator color=&#8220;custom&#8220; align=&#8220;align_left&#8220; accent_color=&#8220;#c8c8c8&#8243; css=&#8220;.vc_custom_1669373932686{margin-top: 20px !important;margin-bottom: 20px !important;}&#8220;]\t\t\n\t\t<div class=\"ns-cwi-container  \">\n\t\t\t<div class=\"ns-cwi-icon\">\n\t\t\t\t<div class=\"ns-cwi-icon-inner\">\n\t\t\t\t\t<img src=\"https:\/\/www.tisa.si\/tisa-homes\/wp-content\/uploads\/2016\/10\/icon-parkiranje.png\">\n\t\t\t\t<\/div>\n\t\t\t<\/div>\n\t\t\t<div class=\"ns-cwi-content\">\n\t\t\t\t<div class=\"ns-cwi-content_inner\">\n\t\t\t\t\tParkov\u00e1n\u00ed zdarma<br \/>\n(nutn\u00e1 rezervace)\t\t\t\t<\/div>\n\t\t\t<\/div>\n\t\t<\/div>\n\n\t\t[vc_separator color=&#8220;custom&#8220; align=&#8220;align_left&#8220; accent_color=&#8220;#c8c8c8&#8243; css=&#8220;.vc_custom_1669373932686{margin-top: 20px !important;margin-bottom: 20px !important;}&#8220;]\t\t\n\t\t<div class=\"ns-cwi-container  \">\n\t\t\t<div class=\"ns-cwi-icon\">\n\t\t\t\t<div class=\"ns-cwi-icon-inner\">\n\t\t\t\t\t<img src=\"https:\/\/www.tisa.si\/tisa-homes\/wp-content\/uploads\/2016\/10\/icon-tv.png\">\n\t\t\t\t<\/div>\n\t\t\t<\/div>\n\t\t\t<div class=\"ns-cwi-content\">\n\t\t\t\t<div class=\"ns-cwi-content_inner\">\n\t\t\t\t\ttelevize\t\t\t\t<\/div>\n\t\t\t<\/div>\n\t\t<\/div>\n\n\t\t[vc_separator color=&#8220;custom&#8220; align=&#8220;align_left&#8220; accent_color=&#8220;#c8c8c8&#8243; css=&#8220;.vc_custom_1669373938116{margin-top: 20px !important;margin-bottom: 20px !important;}&#8220;]\t\t\n\t\t<div class=\"ns-cwi-container  \">\n\t\t\t<div class=\"ns-cwi-icon\">\n\t\t\t\t<div class=\"ns-cwi-icon-inner\">\n\t\t\t\t\t<img src=\"https:\/\/www.tisa.si\/tisa-homes\/wp-content\/uploads\/2016\/10\/icon-wifi-1.png\">\n\t\t\t\t<\/div>\n\t\t\t<\/div>\n\t\t\t<div class=\"ns-cwi-content\">\n\t\t\t\t<div class=\"ns-cwi-content_inner\">\n\t\t\t\t\tWifi zdarma\t\t\t\t<\/div>\n\t\t\t<\/div>\n\t\t<\/div>\n\n\t\t[vc_separator color=&#8220;custom&#8220; align=&#8220;align_left&#8220; accent_color=&#8220;#c8c8c8&#8243; css=&#8220;.vc_custom_1669373942909{margin-top: 20px !important;margin-bottom: 20px !important;}&#8220;]\t\t\n\t\t<div class=\"ns-cwi-container  \">\n\t\t\t<div class=\"ns-cwi-icon\">\n\t\t\t\t<div class=\"ns-cwi-icon-inner\">\n\t\t\t\t\t<img src=\"https:\/\/www.tisa.si\/tisa-homes\/wp-content\/uploads\/2016\/10\/icon-vhod-1.png\">\n\t\t\t\t<\/div>\n\t\t\t<\/div>\n\t\t\t<div class=\"ns-cwi-content\">\n\t\t\t\t<div class=\"ns-cwi-content_inner\">\n\t\t\t\t\tSoukrom\u00fd vchod\t\t\t\t<\/div>\n\t\t\t<\/div>\n\t\t<\/div>\n\n\t\t[vc_separator color=&#8220;custom&#8220; align=&#8220;align_left&#8220; accent_color=&#8220;#c8c8c8&#8243; css=&#8220;.vc_custom_1669373947927{margin-top: 20px !important;margin-bottom: 20px !important;}&#8220;]\t\t\n\t\t<div class=\"ns-cwi-container  \">\n\t\t\t<div class=\"ns-cwi-icon\">\n\t\t\t\t<div class=\"ns-cwi-icon-inner\">\n\t\t\t\t\t<img src=\"https:\/\/www.tisa.si\/tisa-homes\/wp-content\/uploads\/2016\/10\/icon-babybed.png\">\n\t\t\t\t<\/div>\n\t\t\t<\/div>\n\t\t\t<div class=\"ns-cwi-content\">\n\t\t\t\t<div class=\"ns-cwi-content_inner\">\n\t\t\t\t\tD\u011btsk\u00e1 post\u00fdlka<br \/>\n(po p\u0159edchoz\u00ed domluv\u011b zdarma)\t\t\t\t<\/div>\n\t\t\t<\/div>\n\t\t<\/div>\n\n\t\t[vc_separator color=&#8220;custom&#8220; align=&#8220;align_left&#8220; accent_color=&#8220;#c8c8c8&#8243; css=&#8220;.vc_custom_1669373953308{margin-top: 20px !important;margin-bottom: 20px !important;}&#8220;]\t\t\n\t\t<div class=\"ns-cwi-container  \">\n\t\t\t<div class=\"ns-cwi-icon\">\n\t\t\t\t<div class=\"ns-cwi-icon-inner\">\n\t\t\t\t\t<img src=\"https:\/\/www.tisa.si\/tisa-homes\/wp-content\/uploads\/2016\/10\/icon-utilities.png\">\n\t\t\t\t<\/div>\n\t\t\t<\/div>\n\t\t\t<div class=\"ns-cwi-content\">\n\t\t\t\t<div class=\"ns-cwi-content_inner\">\n\t\t\t\t\tRu\u010dn\u00edky, lo\u017en\u00ed pr\u00e1dlo, sk\u0159\u00edn\u011b,<br \/>\nsu\u0161\u00e1k na pr\u00e1dlo, vysou\u0161e\u010d vlas\u016f,<br \/>\nKuchy\u0148sk\u00e9 n\u00e1dob\u00ed\t\t\t\t<\/div>\n\t\t\t<\/div>\n\t\t<\/div>\n\n\t\t[\/vc_column][vc_column width=&#8220;1\/3&#8243;][vc_column_text]<\/p>\n<h3>Obl\u00edben\u00e9 body z\u00e1jmu v okol\u00ed<\/h3>\n<p>[\/vc_column_text][vc_separator color=&#8220;custom&#8220; align=&#8220;align_left&#8220; accent_color=&#8220;#c8c8c8&#8243; css=&#8220;.vc_custom_1669373932686{margin-top: 20px !important;margin-bottom: 20px !important;}&#8220;]\t\t\n\t\t<div class=\"ns-cwi-container  \">\n\t\t\t<div class=\"ns-cwi-icon\">\n\t\t\t\t<div class=\"ns-cwi-icon-inner\">\n\t\t\t\t\t<img src=\"https:\/\/www.tisa.si\/tisa-homes\/wp-content\/uploads\/2016\/10\/icon-plaza.png\">\n\t\t\t\t<\/div>\n\t\t\t<\/div>\n\t\t\t<div class=\"ns-cwi-content\">\n\t\t\t\t<div class=\"ns-cwi-content_inner\">\n\t\t\t\t\tPl\u00e1\u017e Veliki Jo\u017ee (600 m)<br \/>\nPl\u00e1\u017e Pineta (1,1 km)\t\t\t\t<\/div>\n\t\t\t<\/div>\n\t\t<\/div>\n\n\t\t[vc_separator color=&#8220;custom&#8220; align=&#8220;align_left&#8220; accent_color=&#8220;#c8c8c8&#8243; css=&#8220;.vc_custom_1669373932686{margin-top: 20px !important;margin-bottom: 20px !important;}&#8220;]\t\t\n\t\t<div class=\"ns-cwi-container  \">\n\t\t\t<div class=\"ns-cwi-icon\">\n\t\t\t\t<div class=\"ns-cwi-icon-inner\">\n\t\t\t\t\t<img src=\"https:\/\/www.tisa.si\/tisa-homes\/wp-content\/uploads\/2016\/10\/icon-pristavisce.png\">\n\t\t\t\t<\/div>\n\t\t\t<\/div>\n\t\t\t<div class=\"ns-cwi-content\">\n\t\t\t\t<div class=\"ns-cwi-content_inner\">\n\t\t\t\t\tP\u0159\u00edstavy Savudrija\t\t\t\t<\/div>\n\t\t\t<\/div>\n\t\t<\/div>\n\n\t\t[vc_separator color=&#8220;custom&#8220; align=&#8220;align_left&#8220; accent_color=&#8220;#c8c8c8&#8243; css=&#8220;.vc_custom_1669373932686{margin-top: 20px !important;margin-bottom: 20px !important;}&#8220;]\t\t\n\t\t<div class=\"ns-cwi-container  \">\n\t\t\t<div class=\"ns-cwi-icon\">\n\t\t\t\t<div class=\"ns-cwi-icon-inner\">\n\t\t\t\t\t<img src=\"https:\/\/www.tisa.si\/tisa-homes\/wp-content\/uploads\/2016\/10\/icon-svetilnik.png\">\n\t\t\t\t<\/div>\n\t\t\t<\/div>\n\t\t\t<div class=\"ns-cwi-content\">\n\t\t\t\t<div class=\"ns-cwi-content_inner\">\n\t\t\t\t\tMaj\u00e1k Savudria (800 m)\t\t\t\t<\/div>\n\t\t\t<\/div>\n\t\t<\/div>\n\n\t\t[vc_separator color=&#8220;custom&#8220; align=&#8220;align_left&#8220; accent_color=&#8220;#c8c8c8&#8243; css=&#8220;.vc_custom_1669373932686{margin-top: 20px !important;margin-bottom: 20px !important;}&#8220;]\t\t\n\t\t<div class=\"ns-cwi-container  \">\n\t\t\t<div class=\"ns-cwi-icon\">\n\t\t\t\t<div class=\"ns-cwi-icon-inner\">\n\t\t\t\t\t<img src=\"https:\/\/www.tisa.si\/tisa-homes\/wp-content\/uploads\/2016\/10\/icon-bar.png\">\n\t\t\t\t<\/div>\n\t\t\t<\/div>\n\t\t\t<div class=\"ns-cwi-content\">\n\t\t\t\t<div class=\"ns-cwi-content_inner\">\n\t\t\t\t\tJe k dispozici v okruhu 600 m<br \/>\nn\u011bkolik bar\u016f a kav\u00e1ren\t\t\t\t<\/div>\n\t\t\t<\/div>\n\t\t<\/div>\n\n\t\t[vc_separator color=&#8220;custom&#8220; align=&#8220;align_left&#8220; accent_color=&#8220;#c8c8c8&#8243; css=&#8220;.vc_custom_1669373932686{margin-top: 20px !important;margin-bottom: 20px !important;}&#8220;]\t\t\n\t\t<div class=\"ns-cwi-container  \">\n\t\t\t<div class=\"ns-cwi-icon\">\n\t\t\t\t<div class=\"ns-cwi-icon-inner\">\n\t\t\t\t\t<img src=\"https:\/\/www.tisa.si\/tisa-homes\/wp-content\/uploads\/2016\/10\/icon-park.png\">\n\t\t\t\t<\/div>\n\t\t\t<\/div>\n\t\t\t<div class=\"ns-cwi-content\">\n\t\t\t\t<div class=\"ns-cwi-content_inner\">\n\t\t\t\t\tP\u0159\u00edrodn\u00ed park Se\u010doveljska Solina (8 km)\t\t\t\t<\/div>\n\t\t\t<\/div>\n\t\t<\/div>\n\n\t\t[vc_separator color=&#8220;custom&#8220; align=&#8220;align_left&#8220; accent_color=&#8220;#c8c8c8&#8243; css=&#8220;.vc_custom_1669373932686{margin-top: 20px !important;margin-bottom: 20px !important;}&#8220;]\t\t\n\t\t<div class=\"ns-cwi-container  \">\n\t\t\t<div class=\"ns-cwi-icon\">\n\t\t\t\t<div class=\"ns-cwi-icon-inner\">\n\t\t\t\t\t<img src=\"https:\/\/www.tisa.si\/tisa-homes\/wp-content\/uploads\/2016\/10\/icon-airport.png\">\n\t\t\t\t<\/div>\n\t\t\t<\/div>\n\t\t\t<div class=\"ns-cwi-content\">\n\t\t\t\t<div class=\"ns-cwi-content_inner\">\n\t\t\t\t\tLeti\u0161t\u011b Pula (74 km)\t\t\t\t<\/div>\n\t\t\t<\/div>\n\t\t<\/div>\n\n\t\t[vc_separator color=&#8220;custom&#8220; align=&#8220;align_left&#8220; accent_color=&#8220;#c8c8c8&#8243; css=&#8220;.vc_custom_1669373932686{margin-top: 20px !important;margin-bottom: 20px !important;}&#8220;]\t\t\n\t\t<div class=\"ns-cwi-container  \">\n\t\t\t<div class=\"ns-cwi-icon\">\n\t\t\t\t<div class=\"ns-cwi-icon-inner\">\n\t\t\t\t\t<img src=\"https:\/\/www.tisa.si\/tisa-homes\/wp-content\/uploads\/2016\/10\/icon-muzej.png\">\n\t\t\t\t<\/div>\n\t\t\t<\/div>\n\t\t\t<div class=\"ns-cwi-content\">\n\t\t\t\t<div class=\"ns-cwi-content_inner\">\n\t\t\t\t\tM\u011bstsk\u00e9 muzeum Umag (7 km)\t\t\t\t<\/div>\n\t\t\t<\/div>\n\t\t<\/div>\n\n\t\t[\/vc_column][vc_column width=&#8220;1\/3&#8243;][vc_column_text]<\/p>\n<h3><span class=\"TextRun BCX0 SCXO63630600\" lang=\"EN-US\" xml:lang=\"EN-US\" data-contrast=\"auto\"><span class=\"SpellingError BCX0 SCXO63630600\">Limity<\/span><\/span><\/h3>\n<p>[\/vc_column_text][vc_separator color=&#8220;custom&#8220; align=&#8220;align_left&#8220; accent_color=&#8220;#c8c8c8&#8243; css=&#8220;.vc_custom_1669373932686{margin-top: 20px !important;margin-bottom: 20px !important;}&#8220;]\t\t\n\t\t<div class=\"ns-cwi-container  \">\n\t\t\t<div class=\"ns-cwi-icon\">\n\t\t\t\t<div class=\"ns-cwi-icon-inner\">\n\t\t\t\t\t<img src=\"https:\/\/www.tisa.si\/tisa-homes\/wp-content\/uploads\/2016\/10\/icon-checkinout.png\">\n\t\t\t\t<\/div>\n\t\t\t<\/div>\n\t\t\t<div class=\"ns-cwi-content\">\n\t\t\t\t<div class=\"ns-cwi-content_inner\">\n\t\t\t\t\tCheck-in: 16:00 \u2013 21:00<br \/>\nCheck-out: 8:00 \u2013 10:00\t\t\t\t<\/div>\n\t\t\t<\/div>\n\t\t<\/div>\n\n\t\t[vc_separator color=&#8220;custom&#8220; align=&#8220;align_left&#8220; accent_color=&#8220;#c8c8c8&#8243; css=&#8220;.vc_custom_1669373932686{margin-top: 20px !important;margin-bottom: 20px !important;}&#8220;]\t\t\n\t\t<div class=\"ns-cwi-container  \">\n\t\t\t<div class=\"ns-cwi-icon\">\n\t\t\t\t<div class=\"ns-cwi-icon-inner\">\n\t\t\t\t\t<img src=\"https:\/\/www.tisa.si\/tisa-homes\/wp-content\/uploads\/2016\/10\/icon-kajenje.png\">\n\t\t\t\t<\/div>\n\t\t\t<\/div>\n\t\t\t<div class=\"ns-cwi-content\">\n\t\t\t\t<div class=\"ns-cwi-content_inner\">\n\t\t\t\t\tV prostor\u00e1ch je zak\u00e1z\u00e1no kou\u0159it\t\t\t\t<\/div>\n\t\t\t<\/div>\n\t\t<\/div>\n\n\t\t[vc_separator color=&#8220;custom&#8220; align=&#8220;align_left&#8220; accent_color=&#8220;#c8c8c8&#8243; css=&#8220;.vc_custom_1669373932686{margin-top: 20px !important;margin-bottom: 20px !important;}&#8220;]\t\t\n\t\t<div class=\"ns-cwi-container  \">\n\t\t\t<div class=\"ns-cwi-icon\">\n\t\t\t\t<div class=\"ns-cwi-icon-inner\">\n\t\t\t\t\t<img src=\"https:\/\/www.tisa.si\/tisa-homes\/wp-content\/uploads\/2016\/10\/icon-zabava.png\">\n\t\t\t\t<\/div>\n\t\t\t<\/div>\n\t\t\t<div class=\"ns-cwi-content\">\n\t\t\t\t<div class=\"ns-cwi-content_inner\">\n\t\t\t\t\tVe\u010d\u00edrky \/ akce nejsou povoleny\t\t\t\t<\/div>\n\t\t\t<\/div>\n\t\t<\/div>\n\n\t\t[vc_separator color=&#8220;custom&#8220; align=&#8220;align_left&#8220; accent_color=&#8220;#c8c8c8&#8243; css=&#8220;.vc_custom_1669373932686{margin-top: 20px !important;margin-bottom: 20px !important;}&#8220;]\t\t\n\t\t<div class=\"ns-cwi-container  \">\n\t\t\t<div class=\"ns-cwi-icon\">\n\t\t\t\t<div class=\"ns-cwi-icon-inner\">\n\t\t\t\t\t<img src=\"https:\/\/www.tisa.si\/tisa-homes\/wp-content\/uploads\/2016\/10\/icon-zivali.png\">\n\t\t\t\t<\/div>\n\t\t\t<\/div>\n\t\t\t<div class=\"ns-cwi-content\">\n\t\t\t\t<div class=\"ns-cwi-content_inner\">\n\t\t\t\t\tDom\u00e1c\u00ed mazl\u00ed\u010dci nejsou povoleni\t\t\t\t<\/div>\n\t\t\t<\/div>\n\t\t<\/div>\n\n\t\t[\/vc_column][\/vc_row][vc_row full_width=&#8220;stretch_row&#8220; el_class=&#8220;hsec3&#8243;][vc_column][vc_column_text]<\/p>\n<h3 style=\"text-align: center;\">Nab\u00eddka bytov\u00fdch dom\u016f<\/h3>\n<p>[\/vc_column_text][vc_row][vc_column]          \n\n\n            \n    \n                  <div class=\"subcat-wrap subcat-wrap-slider\" id=\"69fb43d084a38\">\n    \n\n                        <div class=\"subcat-cont\">\n              <a href=\"https:\/\/www.tisa.si\/tisa-homes\/cs\/apartmany\/apartman-a4\/\" class=\"subcat-item\">\n                <div>\n                    <div class=\"image\">\n                      <img src=\"https:\/\/www.tisa.si\/tisa-homes\/wp-content\/uploads\/2024\/02\/zkc_5737.jpg\">\n                    <\/div>\n                    <div class=\"text\">\n                      <h4>Apartm\u00e1n A4<\/h4>\n                      <p>A\u017d 4 OSOBY (maxim\u00e1ln\u011b 3 dosp\u011bl\u00ed s d\u011btmi)<\/p>\n                      <p>1 lo\u017enice<\/p>\n\n                    <\/div>\n                    <a href=\"https:\/\/www.tisa.si\/tisa-homes\/cs\/apartmany\/apartman-a4\/\" class=\"subcat-item btn  btn-default btn-sm \">\n                      V\u00edce informac\u00ed<\/a>\n                      <\/a> \n                <\/div>\n              <\/a>\n            <\/div>\n                        <div class=\"subcat-cont\">\n              <a href=\"https:\/\/www.tisa.si\/tisa-homes\/cs\/apartmany\/apartman-a6\/\" class=\"subcat-item\">\n                <div>\n                    <div class=\"image\">\n                      <img src=\"https:\/\/www.tisa.si\/tisa-homes\/wp-content\/uploads\/2024\/02\/1000016774.jpg\">\n                    <\/div>\n                    <div class=\"text\">\n                      <h4>Apartm\u00e1n A6<\/h4>\n                      <p>A\u017d 4 OSOBY (maxim\u00e1ln\u011b 3 dosp\u011bl\u00ed s d\u011btmi)<\/p>\n                      <p>1 lo\u017enice<\/p>\n\n                    <\/div>\n                    <a href=\"https:\/\/www.tisa.si\/tisa-homes\/cs\/apartmany\/apartman-a6\/\" class=\"subcat-item btn  btn-default btn-sm \">\n                      V\u00edce informac\u00ed<\/a>\n                      <\/a> \n                <\/div>\n              <\/a>\n            <\/div>\n                        <div class=\"subcat-cont\">\n              <a href=\"https:\/\/www.tisa.si\/tisa-homes\/cs\/apartmany\/apartman-a1\/\" class=\"subcat-item\">\n                <div>\n                    <div class=\"image\">\n                      <img src=\"https:\/\/www.tisa.si\/tisa-homes\/wp-content\/uploads\/2024\/02\/1000016817.jpg\">\n                    <\/div>\n                    <div class=\"text\">\n                      <h4>Apartm\u00e1n A1<\/h4>\n                      <p>A\u017d 4 OSOBY (maxim\u00e1ln\u011b 3 dosp\u011bl\u00ed s d\u011btmi)<\/p>\n                      <p>1 lo\u017enice<\/p>\n\n                    <\/div>\n                    <a href=\"https:\/\/www.tisa.si\/tisa-homes\/cs\/apartmany\/apartman-a1\/\" class=\"subcat-item btn  btn-default btn-sm \">\n                      V\u00edce informac\u00ed<\/a>\n                      <\/a> \n                <\/div>\n              <\/a>\n            <\/div>\n                        <div class=\"subcat-cont\">\n              <a href=\"https:\/\/www.tisa.si\/tisa-homes\/cs\/apartmany\/apartman-a8\/\" class=\"subcat-item\">\n                <div>\n                    <div class=\"image\">\n                      <img src=\"https:\/\/www.tisa.si\/tisa-homes\/wp-content\/uploads\/2024\/02\/1000016765-1.jpg\">\n                    <\/div>\n                    <div class=\"text\">\n                      <h4>Apartm\u00e1n A8<\/h4>\n                      <p>A\u017d 4 OSOBY (maxim\u00e1ln\u011b 3 dosp\u011bl\u00ed s d\u011btmi)<\/p>\n                      <p>1 lo\u017enice<\/p>\n\n                    <\/div>\n                    <a href=\"https:\/\/www.tisa.si\/tisa-homes\/cs\/apartmany\/apartman-a8\/\" class=\"subcat-item btn  btn-default btn-sm \">\n                      V\u00edce informac\u00ed<\/a>\n                      <\/a> \n                <\/div>\n              <\/a>\n            <\/div>\n                        <div class=\"subcat-cont\">\n              <a href=\"https:\/\/www.tisa.si\/tisa-homes\/cs\/apartmany\/apartman-a9\/\" class=\"subcat-item\">\n                <div>\n                    <div class=\"image\">\n                      <img src=\"https:\/\/www.tisa.si\/tisa-homes\/wp-content\/uploads\/2024\/02\/1000016833.jpg\">\n                    <\/div>\n                    <div class=\"text\">\n                      <h4>Apartm\u00e1n A9<\/h4>\n                      <p>A\u017d 4 OSOBY (maxim\u00e1ln\u011b 3 dosp\u011bl\u00ed s d\u011btmi)<\/p>\n                      <p>1 lo\u017enice<\/p>\n\n                    <\/div>\n                    <a href=\"https:\/\/www.tisa.si\/tisa-homes\/cs\/apartmany\/apartman-a9\/\" class=\"subcat-item btn  btn-default btn-sm \">\n                      V\u00edce informac\u00ed<\/a>\n                      <\/a> \n                <\/div>\n              <\/a>\n            <\/div>\n                        <div class=\"subcat-cont\">\n              <a href=\"https:\/\/www.tisa.si\/tisa-homes\/cs\/apartmany\/apartman-a10\/\" class=\"subcat-item\">\n                <div>\n                    <div class=\"image\">\n                      <img src=\"https:\/\/www.tisa.si\/tisa-homes\/wp-content\/uploads\/2024\/02\/1000016767-1.jpg\">\n                    <\/div>\n                    <div class=\"text\">\n                      <h4>Apartm\u00e1n A10<\/h4>\n                      <p>A\u017d 5 OSOB (maxim\u00e1ln\u011b 4 dosp\u011bl\u00ed s d\u011btmi)<\/p>\n                      <p>2 lo\u017enice<\/p>\n\n                    <\/div>\n                    <a href=\"https:\/\/www.tisa.si\/tisa-homes\/cs\/apartmany\/apartman-a10\/\" class=\"subcat-item btn  btn-default btn-sm \">\n                      V\u00edce informac\u00ed<\/a>\n                      <\/a> \n                <\/div>\n              <\/a>\n            <\/div>\n                    <\/div>\n                        \n    \n        [\/vc_column][\/vc_row][\/vc_column][\/vc_row]<\/p>\n","protected":false},"excerpt":{"rendered":"<p>[vc_row full_width=&#8220;stretch_row&#8220; imgs=&#8220;523&#8243; el_class=&#8220;main-banner&#8220;][vc_column][vc_row_inner][vc_column_inner offset=&#8220;vc_col-lg-7 vc_col-md-8&#8243;][vc_column_text el_class=&#8220;slider-title&#8220;] Rekrea\u010dn\u00ed domy v Savudrija Nedaleko slavn\u00e9ho maj\u00e1ku Savudrija, jen minutu ch\u016fze od pl\u00e1\u017ee, se nach\u00e1z\u00ed rekrea\u010dn\u00ed st\u0159edisko Tisa homes.[\/vc_column_text][\/vc_column_inner][vc_column_inner offset=&#8220;vc_col-lg-5 vc_col-md-4&#8243;][\/vc_column_inner][\/vc_row_inner][\/vc_column][\/vc_row][vc_row css=&#8220;.vc_custom_1671037369721{margin-bottom: 65px !important;}&#8220; el_class=&#8220;hsec1&#8243;][vc_column width=&#8220;1\/2&#8243;][vc_column_text] Tisa Homes &#8211; rekrea\u010dn\u00ed vesnice v Savudrija K dispozici je 6 samostatn\u00fdch dom\u016f, kter\u00e9 jsou vhodn\u00e9 pro ubytov\u00e1n\u00ed rodiny nebo 3-4 dosp\u011bl\u00fdch osob. V\u0161echny apartm\u00e1ny maj\u00ed kuchy\u0148 s j\u00eddeln\u00edm koutem, verandu, klimatizaci, TV s plochou obrazovkou a vlastn\u00ed koupelnu se sprchou. Balkony s v\u00fdhledem na spole\u010dnou zahradu s badmintonov\u00fdm kurtem a stoln\u00edm tenisem poskytnou rodi\u010d\u016fm klid p\u0159i h\u0159e jejich d\u011bt\u00ed.[\/vc_column_text][\/vc_column][vc_column width=&#8220;1\/2&#8243;][vc_single_image image=&#8220;226&#8243; img_size=&#8220;700&#215;440&#8243; css=&#8220;.vc_custom_1669379281585{margin-top: 35px !important;margin-bottom: 0px !important;}&#8220;][\/vc_column][\/vc_row][vc_row full_width=&#8220;stretch_row&#8220; css=&#8220;.vc_custom_1671040201230{background-color: #fbf4ec !important;}&#8220; el_class=&#8220;hsec2&#8243;][vc_column width=&#8220;1\/3&#8243;][vc_column_text] Vybaven\u00ed ubytov\u00e1n\u00ed [\/vc_column_text][vc_separator color=&#8220;custom&#8220; align=&#8220;align_left&#8220; accent_color=&#8220;#c8c8c8&#8243; css=&#8220;.vc_custom_1669373932686{margin-top: 20px !important;margin-bottom: 20px !important;}&#8220;][vc_separator color=&#8220;custom&#8220; align=&#8220;align_left&#8220; [&hellip;]<\/p>\n","protected":false},"author":2,"featured_media":0,"parent":0,"menu_order":0,"comment_status":"closed","ping_status":"closed","template":"","meta":[],"_links":{"self":[{"href":"https:\/\/www.tisa.si\/tisa-homes\/cs\/wp-json\/wp\/v2\/pages\/1537"}],"collection":[{"href":"https:\/\/www.tisa.si\/tisa-homes\/cs\/wp-json\/wp\/v2\/pages"}],"about":[{"href":"https:\/\/www.tisa.si\/tisa-homes\/cs\/wp-json\/wp\/v2\/types\/page"}],"author":[{"embeddable":true,"href":"https:\/\/www.tisa.si\/tisa-homes\/cs\/wp-json\/wp\/v2\/users\/2"}],"replies":[{"embeddable":true,"href":"https:\/\/www.tisa.si\/tisa-homes\/cs\/wp-json\/wp\/v2\/comments?post=1537"}],"version-history":[{"count":0,"href":"https:\/\/www.tisa.si\/tisa-homes\/cs\/wp-json\/wp\/v2\/pages\/1537\/revisions"}],"wp:attachment":[{"href":"https:\/\/www.tisa.si\/tisa-homes\/cs\/wp-json\/wp\/v2\/media?parent=1537"}],"curies":[{"name":"wp","href":"https:\/\/api.w.org\/{rel}","templated":true}]}}