{"id":835,"date":"2016-10-18T11:31:19","date_gmt":"2016-10-18T09:31:19","guid":{"rendered":"https:\/\/www.tisa.si\/tisa-homes\/apartmany\/"},"modified":"2023-04-06T15:16:26","modified_gmt":"2023-04-06T13:16:26","slug":"apartmany","status":"publish","type":"page","link":"https:\/\/www.tisa.si\/tisa-homes\/cs\/apartmany\/","title":{"rendered":"Apartm\u00e1ny"},"content":{"rendered":"<p>[vc_row full_width=&#8220;stretch_row_content_no_spaces&#8220;][vc_column]\t\t\r\n\t\t<div class=\"title-container \">\r\n\t\t\t<div class=\"container\">\r\n\t\t\t\t<h1>Apartm\u00e1ny<\/h1>\r\n\t\t\t\t<div class=\"breadcrumbs-container\">\r\n\t\t\t\t\t<div class=\"breadcrumbs\">\r\n\t\t\t\t\t\t\n\t<ul class=\"ns-breadcrumbs\">\n\t\t\t<li><a href=\"https:\/\/www.tisa.si\/tisa-homes\/cs\/\">Domov<\/a><\/li>\n\t\t\t\t<li>Apartm\u00e1ny<\/li>\n\t<\/ul>\n\t\n\t\t\t\t\t\t\t<div class=\"clearfix\"><\/div>\r\n\t\t\t\t\t<\/div>\r\n\t\t\t\t<\/div>\r\n\t\t\t<\/div>\r\n\t\t<\/div>\r\n\r\n\t\t[\/vc_column][\/vc_row][vc_row][vc_column width=&#8220;1\/2&#8243;][vc_column_text]<\/p>\n<h2>Tisa Homes &#8211; Savudrija<\/h2>\n<p>Nedaleko slavn\u00e9ho maj\u00e1ku Savudrija, jen minutu ch\u016fze od pl\u00e1\u017ee, se nach\u00e1z\u00ed rekrea\u010dn\u00ed st\u0159edisko Tisa homes. K dispozici je 6 samostatn\u00fdch dom\u016f, kter\u00e9 jsou vhodn\u00e9 pro ubytov\u00e1n\u00ed rodiny nebo 3-4 dosp\u011bl\u00fdch osob. V\u0161echny apartm\u00e1ny maj\u00ed kuchy\u0148 s j\u00eddeln\u00edm koutem, verandu, klimatizaci, TV s plochou obrazovkou a vlastn\u00ed koupelnu se sprchou.<\/p>\n<p>Balkony s v\u00fdhledem na spole\u010dnou zahradu s badmintonov\u00fdm kurtem a stoln\u00edm tenisem poskytnou rodi\u010d\u016fm klid p\u0159i h\u0159e jejich d\u011bt\u00ed.[\/vc_column_text]\t\t\n\t\t<a href=\"https:\/\/www.tisa.si\/tisa-homes\/cs\/jak-se-k-nam-dostanete\/\" target=\"\" class=\"btn  btn-default btn-sm \" id=\"\">Jak se k n\u00e1m dostanete?<\/a>\n\n\t\t[vc_empty_space height=&#8220;10px&#8220;]\t\t\n\t\t<a href=\"https:\/\/www.tisa.si\/tisa-homes\/cs\/rezervace\/\" target=\"\" class=\"btn  btn-default btn-sm \" id=\"\">Zarezervujte si sch\u016fzku<\/a>\n\n\t\t[\/vc_column][vc_column width=&#8220;1\/2&#8243;][vc_single_image image=&#8220;226&#8243; img_size=&#8220;700&#215;440&#8243; css=&#8220;.vc_custom_1669379251592{margin-top: 35px !important;margin-bottom: 0px !important;}&#8220;][\/vc_column][\/vc_row][vc_row full_width=&#8220;stretch_row&#8220; css=&#8220;.vc_custom_1671108228362{margin-bottom: 0px !important;padding-top: 35px !important;padding-bottom: 35px !important;}&#8220;][vc_column][vc_column_text]<\/p>\n<h3 style=\"text-align: center\">Nab\u00eddka bytov\u00fdch dom\u016f<\/h3>\n<p>[\/vc_column_text][vc_row][vc_column]          \n\n\n            \n    \n                  <div class=\"subcat-wrap subcat-wrap-slider\" id=\"69fb5f6e59f86\">\n    \n\n                        <div class=\"subcat-cont\">\n              <a href=\"https:\/\/www.tisa.si\/tisa-homes\/cs\/apartmany\/apartman-a4\/\" class=\"subcat-item\">\n                <div>\n                    <div class=\"image\">\n                      <img src=\"https:\/\/www.tisa.si\/tisa-homes\/wp-content\/uploads\/2024\/02\/zkc_5737.jpg\">\n                    <\/div>\n                    <div class=\"text\">\n                      <h4>Apartm\u00e1n A4<\/h4>\n                      <p>A\u017d 4 OSOBY (maxim\u00e1ln\u011b 3 dosp\u011bl\u00ed s d\u011btmi)<\/p>\n                      <p>1 lo\u017enice<\/p>\n\n                    <\/div>\n                    <a href=\"https:\/\/www.tisa.si\/tisa-homes\/cs\/apartmany\/apartman-a4\/\" class=\"subcat-item btn  btn-default btn-sm \">\n                      V\u00edce informac\u00ed<\/a>\n                      <\/a> \n                <\/div>\n              <\/a>\n            <\/div>\n                        <div class=\"subcat-cont\">\n              <a href=\"https:\/\/www.tisa.si\/tisa-homes\/cs\/apartmany\/apartman-a6\/\" class=\"subcat-item\">\n                <div>\n                    <div class=\"image\">\n                      <img src=\"https:\/\/www.tisa.si\/tisa-homes\/wp-content\/uploads\/2024\/02\/1000016774.jpg\">\n                    <\/div>\n                    <div class=\"text\">\n                      <h4>Apartm\u00e1n A6<\/h4>\n                      <p>A\u017d 4 OSOBY (maxim\u00e1ln\u011b 3 dosp\u011bl\u00ed s d\u011btmi)<\/p>\n                      <p>1 lo\u017enice<\/p>\n\n                    <\/div>\n                    <a href=\"https:\/\/www.tisa.si\/tisa-homes\/cs\/apartmany\/apartman-a6\/\" class=\"subcat-item btn  btn-default btn-sm \">\n                      V\u00edce informac\u00ed<\/a>\n                      <\/a> \n                <\/div>\n              <\/a>\n            <\/div>\n                        <div class=\"subcat-cont\">\n              <a href=\"https:\/\/www.tisa.si\/tisa-homes\/cs\/apartmany\/apartman-a1\/\" class=\"subcat-item\">\n                <div>\n                    <div class=\"image\">\n                      <img src=\"https:\/\/www.tisa.si\/tisa-homes\/wp-content\/uploads\/2024\/02\/1000016817.jpg\">\n                    <\/div>\n                    <div class=\"text\">\n                      <h4>Apartm\u00e1n A1<\/h4>\n                      <p>A\u017d 4 OSOBY (maxim\u00e1ln\u011b 3 dosp\u011bl\u00ed s d\u011btmi)<\/p>\n                      <p>1 lo\u017enice<\/p>\n\n                    <\/div>\n                    <a href=\"https:\/\/www.tisa.si\/tisa-homes\/cs\/apartmany\/apartman-a1\/\" class=\"subcat-item btn  btn-default btn-sm \">\n                      V\u00edce informac\u00ed<\/a>\n                      <\/a> \n                <\/div>\n              <\/a>\n            <\/div>\n                        <div class=\"subcat-cont\">\n              <a href=\"https:\/\/www.tisa.si\/tisa-homes\/cs\/apartmany\/apartman-a8\/\" class=\"subcat-item\">\n                <div>\n                    <div class=\"image\">\n                      <img src=\"https:\/\/www.tisa.si\/tisa-homes\/wp-content\/uploads\/2024\/02\/1000016765-1.jpg\">\n                    <\/div>\n                    <div class=\"text\">\n                      <h4>Apartm\u00e1n A8<\/h4>\n                      <p>A\u017d 4 OSOBY (maxim\u00e1ln\u011b 3 dosp\u011bl\u00ed s d\u011btmi)<\/p>\n                      <p>1 lo\u017enice<\/p>\n\n                    <\/div>\n                    <a href=\"https:\/\/www.tisa.si\/tisa-homes\/cs\/apartmany\/apartman-a8\/\" class=\"subcat-item btn  btn-default btn-sm \">\n                      V\u00edce informac\u00ed<\/a>\n                      <\/a> \n                <\/div>\n              <\/a>\n            <\/div>\n                        <div class=\"subcat-cont\">\n              <a href=\"https:\/\/www.tisa.si\/tisa-homes\/cs\/apartmany\/apartman-a9\/\" class=\"subcat-item\">\n                <div>\n                    <div class=\"image\">\n                      <img src=\"https:\/\/www.tisa.si\/tisa-homes\/wp-content\/uploads\/2024\/02\/1000016833.jpg\">\n                    <\/div>\n                    <div class=\"text\">\n                      <h4>Apartm\u00e1n A9<\/h4>\n                      <p>A\u017d 4 OSOBY (maxim\u00e1ln\u011b 3 dosp\u011bl\u00ed s d\u011btmi)<\/p>\n                      <p>1 lo\u017enice<\/p>\n\n                    <\/div>\n                    <a href=\"https:\/\/www.tisa.si\/tisa-homes\/cs\/apartmany\/apartman-a9\/\" class=\"subcat-item btn  btn-default btn-sm \">\n                      V\u00edce informac\u00ed<\/a>\n                      <\/a> \n                <\/div>\n              <\/a>\n            <\/div>\n                        <div class=\"subcat-cont\">\n              <a href=\"https:\/\/www.tisa.si\/tisa-homes\/cs\/apartmany\/apartman-a10\/\" class=\"subcat-item\">\n                <div>\n                    <div class=\"image\">\n                      <img src=\"https:\/\/www.tisa.si\/tisa-homes\/wp-content\/uploads\/2024\/02\/1000016767-1.jpg\">\n                    <\/div>\n                    <div class=\"text\">\n                      <h4>Apartm\u00e1n A10<\/h4>\n                      <p>A\u017d 5 OSOB (maxim\u00e1ln\u011b 4 dosp\u011bl\u00ed s d\u011btmi)<\/p>\n                      <p>2 lo\u017enice<\/p>\n\n                    <\/div>\n                    <a href=\"https:\/\/www.tisa.si\/tisa-homes\/cs\/apartmany\/apartman-a10\/\" class=\"subcat-item btn  btn-default btn-sm \">\n                      V\u00edce informac\u00ed<\/a>\n                      <\/a> \n                <\/div>\n              <\/a>\n            <\/div>\n                    <\/div>\n                        \n    \n        [\/vc_column][\/vc_row][\/vc_column][\/vc_row]<\/p>\n","protected":false},"excerpt":{"rendered":"<p>[vc_row full_width=&#8220;stretch_row_content_no_spaces&#8220;][vc_column][\/vc_column][\/vc_row][vc_row][vc_column width=&#8220;1\/2&#8243;][vc_column_text] Tisa Homes &#8211; Savudrija Nedaleko slavn\u00e9ho maj\u00e1ku Savudrija, jen minutu ch\u016fze od pl\u00e1\u017ee, se nach\u00e1z\u00ed rekrea\u010dn\u00ed st\u0159edisko Tisa homes. K dispozici je 6 samostatn\u00fdch dom\u016f, kter\u00e9 jsou vhodn\u00e9 pro ubytov\u00e1n\u00ed rodiny nebo 3-4 dosp\u011bl\u00fdch osob. V\u0161echny apartm\u00e1ny maj\u00ed kuchy\u0148 s j\u00eddeln\u00edm koutem, verandu, klimatizaci, TV s plochou obrazovkou a vlastn\u00ed koupelnu se sprchou. Balkony s v\u00fdhledem na spole\u010dnou zahradu s badmintonov\u00fdm kurtem a stoln\u00edm tenisem poskytnou rodi\u010d\u016fm klid p\u0159i h\u0159e jejich d\u011bt\u00ed.[\/vc_column_text][vc_empty_space height=&#8220;10px&#8220;][\/vc_column][vc_column width=&#8220;1\/2&#8243;][vc_single_image image=&#8220;226&#8243; img_size=&#8220;700&#215;440&#8243; css=&#8220;.vc_custom_1669379251592{margin-top: 35px !important;margin-bottom: 0px !important;}&#8220;][\/vc_column][\/vc_row][vc_row full_width=&#8220;stretch_row&#8220; css=&#8220;.vc_custom_1671108228362{margin-bottom: 0px !important;padding-top: 35px !important;padding-bottom: 35px !important;}&#8220;][vc_column][vc_column_text] Nab\u00eddka bytov\u00fdch dom\u016f [\/vc_column_text][\/vc_column][\/vc_row]<\/p>\n","protected":false},"author":2,"featured_media":0,"parent":0,"menu_order":1,"comment_status":"closed","ping_status":"closed","template":"","meta":[],"_links":{"self":[{"href":"https:\/\/www.tisa.si\/tisa-homes\/cs\/wp-json\/wp\/v2\/pages\/835"}],"collection":[{"href":"https:\/\/www.tisa.si\/tisa-homes\/cs\/wp-json\/wp\/v2\/pages"}],"about":[{"href":"https:\/\/www.tisa.si\/tisa-homes\/cs\/wp-json\/wp\/v2\/types\/page"}],"author":[{"embeddable":true,"href":"https:\/\/www.tisa.si\/tisa-homes\/cs\/wp-json\/wp\/v2\/users\/2"}],"replies":[{"embeddable":true,"href":"https:\/\/www.tisa.si\/tisa-homes\/cs\/wp-json\/wp\/v2\/comments?post=835"}],"version-history":[{"count":0,"href":"https:\/\/www.tisa.si\/tisa-homes\/cs\/wp-json\/wp\/v2\/pages\/835\/revisions"}],"wp:attachment":[{"href":"https:\/\/www.tisa.si\/tisa-homes\/cs\/wp-json\/wp\/v2\/media?parent=835"}],"curies":[{"name":"wp","href":"https:\/\/api.w.org\/{rel}","templated":true}]}}