{"id":872,"date":"2022-12-13T10:22:11","date_gmt":"2022-12-13T09:22:11","guid":{"rendered":"https:\/\/www.tisa.si\/tisa-homes\/kontakt\/"},"modified":"2024-04-18T09:41:13","modified_gmt":"2024-04-18T07:41:13","slug":"kontakt","status":"publish","type":"page","link":"https:\/\/www.tisa.si\/tisa-homes\/cs\/kontakt\/","title":{"rendered":"Kontakt"},"content":{"rendered":"<p>[vc_row full_width=&#8220;stretch_row_content_no_spaces&#8220;][vc_column]\t\t\r\n\t\t<div class=\"title-container \">\r\n\t\t\t<div class=\"container\">\r\n\t\t\t\t<h1>Kontakt<\/h1>\r\n\t\t\t\t<div class=\"breadcrumbs-container\">\r\n\t\t\t\t\t<div class=\"breadcrumbs\">\r\n\t\t\t\t\t\t\n\t<ul class=\"ns-breadcrumbs\">\n\t\t\t<li><a href=\"https:\/\/www.tisa.si\/tisa-homes\/cs\/\">Domov<\/a><\/li>\n\t\t\t\t<li>Kontakt<\/li>\n\t<\/ul>\n\t\n\t\t\t\t\t\t\t<div class=\"clearfix\"><\/div>\r\n\t\t\t\t\t<\/div>\r\n\t\t\t\t<\/div>\r\n\t\t\t<\/div>\r\n\t\t<\/div>\r\n\r\n\t\t[\/vc_column][\/vc_row][vc_row][vc_column width=&#8220;5\/12&#8243; el_class=&#8220;contact-box&#8220;][vc_column_text css=&#8220;.vc_custom_1713426067545{margin-bottom: 20px !important;}&#8220;]<\/p>\n<h2>Tisa Homes<\/h2>\n<p>[\/vc_column_text]\t\t\r\n\t\t<p class=\"info \">121b Ravna dolina<\/p>\r\n\r\n\t\t\t\t\r\n\t\t<p class=\"info \">52475 Savudrija, Hrva\u0161ka<\/p>\r\n\r\n\t\t[vc_empty_space height=&#8220;15px&#8220;]\t\t\r\n\t\t<div class=\"ns-cwi-container ns-cwi-phone1  \">\r\n\t\t\t<a href=\"tel:+386 40 563 505\">\r\n\t\t\t\t<div class=\"ns-cwi-icon\">\r\n\t\t\t\t\t<div class=\"ns-cwi-icon-inner\">\r\n\t\t\t\t\t\t<i class=\"fa fa-phone\" aria-hidden=\"true\"><\/i>\r\n\t\t\t\t\t<\/div>\r\n\t\t\t\t<\/div>\r\n\t\t\t\t<div class=\"ns-cwi-content\">\r\n\t\t\t\t\t<div class=\"ns-cwi-content_inner\">\r\n\t\t\t\t\t\t<span>\r\n\t\t\t\t\t\t\t\t\r\n\t\t\t\t\t\t\t\t+386 40 563 505\t\t\t\t\t\t\t\t\t\t\t\t\t<\/span>\r\n\t\t\t\t\t<\/div>\r\n\t\t\t\t<\/div>\r\n\t\t\t<\/a>\r\n\t\t<\/div>\r\n\r\n\t\t\t\t\r\n\t\t<div class=\"ns-cwi-container ns-cwi-mail  \">\r\n\t\t\t<a href=\"&#x6d;&#x61;&#x69;&#x6c;&#116;o:ho&#x6d;&#x65;&#x73;&#x40;&#116;isa.&#x73;&#x69;\">\r\n\t\t\t\t<div class=\"ns-cwi-icon\">\r\n\t\t\t\t\t<div class=\"ns-cwi-icon-inner\">\r\n\t\t\t\t\t\t<i class=\"fa fa-envelope\" aria-hidden=\"true\"><\/i>\r\n\t\t\t\t\t<\/div>\r\n\t\t\t\t<\/div>\r\n\t\t\t\t<div class=\"ns-cwi-content\">\r\n\t\t\t\t\t<div class=\"ns-cwi-content_inner\">\r\n\t\t\t\t\t\t<span>&#x68;&#x6f;&#x6d;&#x65;&#115;&#64;tisa.&#x73;&#x69;<\/span>\r\n\t\t\t\t\t<\/div>\r\n\t\t\t\t<\/div>\r\n\t\t\t<\/a>\r\n\t\t<\/div>\r\n\r\n\t\t[vc_empty_space height=&#8220;15px&#8220;][\/vc_column][vc_column width=&#8220;7\/12&#8243; el_class=&#8220;contact-form-box&#8220;][vc_column_text css=&#8220;.vc_custom_1671094160408{margin-bottom: 20px !important;}&#8220;]<\/p>\n<h3>Kontaktn\u00ed formul\u00e1\u0159<\/h3>\n<p>[\/vc_column_text]\n<div class=\"wpcf7 no-js\" id=\"wpcf7-f1711-o1\" lang=\"cs-CZ\" dir=\"ltr\">\n<div class=\"screen-reader-response\"><p role=\"status\" aria-live=\"polite\" aria-atomic=\"true\"><\/p> <ul><\/ul><\/div>\n<form action=\"\/tisa-homes\/cs\/wp-json\/wp\/v2\/pages\/872#wpcf7-f1711-o1\" method=\"post\" class=\"wpcf7-form init\" aria-label=\"Kontaktn\u00ed formul\u00e1\u0159\" novalidate=\"novalidate\" data-status=\"init\">\n<div style=\"display: none;\">\n<input type=\"hidden\" name=\"_wpcf7\" value=\"1711\" \/>\n<input type=\"hidden\" name=\"_wpcf7_version\" value=\"5.7.3\" \/>\n<input type=\"hidden\" name=\"_wpcf7_locale\" value=\"cs_CZ\" \/>\n<input type=\"hidden\" name=\"_wpcf7_unit_tag\" value=\"wpcf7-f1711-o1\" \/>\n<input type=\"hidden\" name=\"_wpcf7_container_post\" value=\"0\" \/>\n<input type=\"hidden\" name=\"_wpcf7_posted_data_hash\" value=\"\" \/>\n<input type=\"hidden\" name=\"_wpcf7_recaptcha_response\" value=\"\" \/>\n<\/div>\n<div id=\"ns-contact-field\">\n\t<p><span class=\"wpcf7-form-control-wrap\" data-name=\"ns-field\"><input size=\"40\" class=\"wpcf7-form-control wpcf7-text\" aria-invalid=\"false\" value=\"\" type=\"text\" name=\"ns-field\" \/><\/span>\n\t<\/p>\n<\/div>\n<p>Jm\u00e9no a p\u0159\u00edjmen\u00ed *\n<\/p>\n<p><span class=\"wpcf7-form-control-wrap\" data-name=\"your-name\"><input size=\"40\" class=\"wpcf7-form-control wpcf7-text wpcf7-validates-as-required fw\" aria-required=\"true\" aria-invalid=\"false\" value=\"\" type=\"text\" name=\"your-name\" \/><\/span>\n<\/p>\n<p>E-mailem *\n<\/p>\n<p><span class=\"wpcf7-form-control-wrap\" data-name=\"email\"><input size=\"40\" class=\"wpcf7-form-control wpcf7-text wpcf7-email wpcf7-validates-as-required wpcf7-validates-as-email fw\" aria-required=\"true\" aria-invalid=\"false\" value=\"\" type=\"email\" name=\"email\" \/><\/span>\n<\/p>\n<p>Telefon\n<\/p>\n<p><span class=\"wpcf7-form-control-wrap\" data-name=\"phone\"><input size=\"40\" class=\"wpcf7-form-control wpcf7-text fw\" aria-invalid=\"false\" value=\"\" type=\"text\" name=\"phone\" \/><\/span>\n<\/p>\n<p>Zpr\u00e1va *\n<\/p>\n<p><span class=\"wpcf7-form-control-wrap\" data-name=\"message\"><textarea cols=\"40\" rows=\"10\" class=\"wpcf7-form-control wpcf7-textarea wpcf7-validates-as-required fw\" aria-required=\"true\" aria-invalid=\"false\" name=\"message\"><\/textarea><\/span>\n<\/p>\n<p class=\"note\">Pole ozna\u010den\u00e1 * jsou povinn\u00e1\n<\/p>\n<p><span class=\"wpcf7-form-control-wrap\" data-name=\"your-gdpr\"><span class=\"wpcf7-form-control wpcf7-checkbox wpcf7-validates-as-required\"><span class=\"wpcf7-list-item first last\"><input type=\"checkbox\" name=\"your-gdpr[]\" value=\"*\" tabindex=\"\" \/><span class=\"wpcf7-list-item-label\">*<\/span><\/span><\/span><\/span> Souhlas\u00edm s t\u00edm, aby Tisa Homes uchov\u00e1vala osobn\u00ed \u00fadaje na formul\u00e1\u0159i pro intern\u00ed pot\u0159ebu a komunikaci se mnou pro \u00fa\u010dely odeslan\u00e9 \u017e\u00e1dosti. U\u017eivatel m\u016f\u017ee po\u017e\u00e1dat o v\u00fdmaz osobn\u00edch \u00fadaj\u016f na e-mailu <a href=\"&#x6d;&#x61;&#x69;&#x6c;&#x74;&#x6f;&#x3a;&#x68;&#x6f;&#x6d;&#x65;&#x73;&#x40;&#x74;&#x69;&#x73;&#x61;&#x2e;&#x73;&#x69;\">&#x68;&#111;m&#x65;&#x73;&#64;t&#x69;&#115;a&#x2e;&#x73;i<\/a> .\n<\/p>\n\n<p><input class=\"wpcf7-form-control has-spinner wpcf7-submit\" type=\"submit\" value=\"Poslat\" \/>\n<\/p><div class=\"wpcf7-response-output\" aria-hidden=\"true\"><\/div>\n<\/form>\n<\/div>\n[\/vc_column][\/vc_row][vc_row][vc_column][vc_gmaps link=&#8220;#E-8_JTNDaWZyYW1lJTIwc3JjJTNEJTIyaHR0cHMlM0ElMkYlMkZ3d3cuZ29vZ2xlLmNvbSUyRm1hcHMlMkZlbWJlZCUzRnBiJTNEJTIxMW0xOCUyMTFtMTIlMjExbTMlMjExZDQ0NzQ3LjY3NTk1OTMxMTA1JTIxMmQxMy41MTMzMTI3MDEwNzgzNSUyMTNkNDUuNDk1Mzg2NjY1NDYwOTYlMjEybTMlMjExZjAlMjEyZjAlMjEzZjAlMjEzbTIlMjExaTEwMjQlMjEyaTc2OCUyMTRmMTMuMSUyMTNtMyUyMTFtMiUyMTFzMHg0NzdiN2I5MWQ0ZGY2YmIxJTI1M0EweGVjZTY0ODk5YjlmMmNmNDklMjEyc1Jhdm5hJTI1MjBkb2xpbmElMjUyMDEyMWElMjUyQyUyNTIwNTI0NzUlMjUyQyUyNTIwU2F2dWRyaWphJTI1MkMlMjUyMENyb2F0aWElMjE1ZTAlMjEzbTIlMjExc2VuJTIxMnNzaSUyMTR2MTY3MDkyMzQxODU5OCUyMTVtMiUyMTFzZW4lMjEyc3NpJTIyJTIwd2lkdGglM0QlMjI2MDAlMjIlMjBoZWlnaHQlM0QlMjI0NTAlMjIlMjBzdHlsZSUzRCUyMmJvcmRlciUzQTAlM0IlMjIlMjBhbGxvd2Z1bGxzY3JlZW4lM0QlMjIlMjIlMjBsb2FkaW5nJTNEJTIybGF6eSUyMiUyMHJlZmVycmVycG9saWN5JTNEJTIybm8tcmVmZXJyZXItd2hlbi1kb3duZ3JhZGUlMjIlM0UlM0MlMkZpZnJhbWUlM0U=&#8220;][\/vc_column][\/vc_row]<\/p>\n","protected":false},"excerpt":{"rendered":"<p>[vc_row full_width=&#8220;stretch_row_content_no_spaces&#8220;][vc_column][\/vc_column][\/vc_row][vc_row][vc_column width=&#8220;5\/12&#8243; el_class=&#8220;contact-box&#8220;][vc_column_text css=&#8220;.vc_custom_1713426067545{margin-bottom: 20px !important;}&#8220;] Tisa Homes [\/vc_column_text][vc_empty_space height=&#8220;15px&#8220;][vc_empty_space height=&#8220;15px&#8220;][\/vc_column][vc_column width=&#8220;7\/12&#8243; el_class=&#8220;contact-form-box&#8220;][vc_column_text css=&#8220;.vc_custom_1671094160408{margin-bottom: 20px !important;}&#8220;] Kontaktn\u00ed formul\u00e1\u0159 [\/vc_column_text][\/vc_column][\/vc_row][vc_row][vc_column][vc_gmaps link=&#8220;#E-8_JTNDaWZyYW1lJTIwc3JjJTNEJTIyaHR0cHMlM0ElMkYlMkZ3d3cuZ29vZ2xlLmNvbSUyRm1hcHMlMkZlbWJlZCUzRnBiJTNEJTIxMW0xOCUyMTFtMTIlMjExbTMlMjExZDQ0NzQ3LjY3NTk1OTMxMTA1JTIxMmQxMy41MTMzMTI3MDEwNzgzNSUyMTNkNDUuNDk1Mzg2NjY1NDYwOTYlMjEybTMlMjExZjAlMjEyZjAlMjEzZjAlMjEzbTIlMjExaTEwMjQlMjEyaTc2OCUyMTRmMTMuMSUyMTNtMyUyMTFtMiUyMTFzMHg0NzdiN2I5MWQ0ZGY2YmIxJTI1M0EweGVjZTY0ODk5YjlmMmNmNDklMjEyc1Jhdm5hJTI1MjBkb2xpbmElMjUyMDEyMWElMjUyQyUyNTIwNTI0NzUlMjUyQyUyNTIwU2F2dWRyaWphJTI1MkMlMjUyMENyb2F0aWElMjE1ZTAlMjEzbTIlMjExc2VuJTIxMnNzaSUyMTR2MTY3MDkyMzQxODU5OCUyMTVtMiUyMTFzZW4lMjEyc3NpJTIyJTIwd2lkdGglM0QlMjI2MDAlMjIlMjBoZWlnaHQlM0QlMjI0NTAlMjIlMjBzdHlsZSUzRCUyMmJvcmRlciUzQTAlM0IlMjIlMjBhbGxvd2Z1bGxzY3JlZW4lM0QlMjIlMjIlMjBsb2FkaW5nJTNEJTIybGF6eSUyMiUyMHJlZmVycmVycG9saWN5JTNEJTIybm8tcmVmZXJyZXItd2hlbi1kb3duZ3JhZGUlMjIlM0UlM0MlMkZpZnJhbWUlM0U=&#8220;][\/vc_column][\/vc_row]<\/p>\n","protected":false},"author":2,"featured_media":0,"parent":0,"menu_order":6,"comment_status":"closed","ping_status":"closed","template":"","meta":[],"_links":{"self":[{"href":"https:\/\/www.tisa.si\/tisa-homes\/cs\/wp-json\/wp\/v2\/pages\/872"}],"collection":[{"href":"https:\/\/www.tisa.si\/tisa-homes\/cs\/wp-json\/wp\/v2\/pages"}],"about":[{"href":"https:\/\/www.tisa.si\/tisa-homes\/cs\/wp-json\/wp\/v2\/types\/page"}],"author":[{"embeddable":true,"href":"https:\/\/www.tisa.si\/tisa-homes\/cs\/wp-json\/wp\/v2\/users\/2"}],"replies":[{"embeddable":true,"href":"https:\/\/www.tisa.si\/tisa-homes\/cs\/wp-json\/wp\/v2\/comments?post=872"}],"version-history":[{"count":0,"href":"https:\/\/www.tisa.si\/tisa-homes\/cs\/wp-json\/wp\/v2\/pages\/872\/revisions"}],"wp:attachment":[{"href":"https:\/\/www.tisa.si\/tisa-homes\/cs\/wp-json\/wp\/v2\/media?parent=872"}],"curies":[{"name":"wp","href":"https:\/\/api.w.org\/{rel}","templated":true}]}}