{"id":911,"date":"2022-11-25T14:19:07","date_gmt":"2022-11-25T13:19:07","guid":{"rendered":"https:\/\/www.tisa.si\/tisa-homes\/apartmany\/apartman-a4\/"},"modified":"2024-03-06T10:26:38","modified_gmt":"2024-03-06T09:26:38","slug":"apartman-a4","status":"publish","type":"page","link":"https:\/\/www.tisa.si\/tisa-homes\/cs\/apartmany\/apartman-a4\/","title":{"rendered":"Apartm\u00e1n A4"},"content":{"rendered":"<p>[vc_row full_width=&#8220;stretch_row_content_no_spaces&#8220;][vc_column]\t\t\r\n\t\t<div class=\"title-container \">\r\n\t\t\t<div class=\"container\">\r\n\t\t\t\t<h1>Apartm\u00e1n A4<\/h1>\r\n\t\t\t\t<div class=\"breadcrumbs-container\">\r\n\t\t\t\t\t<div class=\"breadcrumbs\">\r\n\t\t\t\t\t\t\n\t<ul class=\"ns-breadcrumbs\">\n\t\t\t<li><a href=\"https:\/\/www.tisa.si\/tisa-homes\/cs\/\">Domov<\/a><\/li>\n\t\t\t\t\t<li><a href=\"https:\/\/www.tisa.si\/tisa-homes\/cs\/apartmany\/\">Apartm\u00e1ny<\/a><\/li>\n\t\t\t\t<li>Apartm\u00e1n A4<\/li>\n\t<\/ul>\n\t\n\t\t\t\t\t\t\t<div class=\"clearfix\"><\/div>\r\n\t\t\t\t\t<\/div>\r\n\t\t\t\t<\/div>\r\n\t\t\t<\/div>\r\n\t\t<\/div>\r\n\r\n\t\t[\/vc_column][\/vc_row][vc_row css=&#8220;.vc_custom_1671107277079{margin-top: 50px !important;margin-bottom: 50px !important;}&#8220; el_class=&#8220;sp-intro-apartma&#8220;][vc_column width=&#8220;1\/2&#8243;][vc_column_text]<\/p>\n<ul>\n<li><span data-contrast=\"auto\"><b>Velikost domu:<\/b> <span data-contrast=\"auto\">45<\/span> <span data-contrast=\"auto\"><span data-fontsize=\"11\">m2<\/span><\/span><\/span><\/li>\n<li><span data-contrast=\"auto\">D\u016fm je vhodn\u00fd pro 4 osoby.<\/span><\/li>\n<li><span data-contrast=\"auto\">M\u00e1 jednu man\u017eelskou postel, jedno samostatn\u00e9 l\u016f\u017eko a rozkl\u00e1dac\u00ed pohovku.<\/span><\/li>\n<li><span data-contrast=\"auto\">Pohodln\u00e9 postele: 9,5 &#8211; na z\u00e1klad\u011b hodnocen\u00ed n\u00e1v\u0161t\u011bvn\u00edk\u016f.<\/span><\/li>\n<\/ul>\n<p>[\/vc_column_text]\t\t\n\t\t<a href=\"https:\/\/www.tisa.si\/tisa-homes\/cs\/rezervace\/\" target=\"\" class=\"btn  btn-default btn-sm \" id=\"\">Zarezervujte si sch\u016fzku<\/a>\n\n\t\t[\/vc_column][vc_column width=&#8220;1\/2&#8243;]\t\t\n\t\t\t\t\t<div >\n\t\t\t\t<img src=\"https:\/\/www.tisa.si\/tisa-homes\/wp-content\/uploads\/2024\/02\/zkc_5737.jpg\" class=\"img-responsive\">\n\t\t\t<\/div>\n\t\t\t\t\n\t\t[\/vc_column][\/vc_row][vc_row full_width=&#8220;stretch_row&#8220; css=&#8220;.vc_custom_1671106894316{background-color: #fbf4ec !important;}&#8220; el_class=&#8220;sp-apartma&#8220;][vc_column width=&#8220;1\/4&#8243;][vc_column_text]<\/p>\n<h3><span data-contrast=\"auto\">1 pokojov\u00fd d\u016fm<\/span><\/h3>\n<p>[\/vc_column_text][vc_column_text]<\/p>\n<ul>\n<li>Cel\u00fd pr\u00e1zdninov\u00fd d\u016fm<\/li>\n<li>Soukrom\u00e1 kuchyn\u011b<\/li>\n<li>Vlastn\u00ed koupelna<\/li>\n<li>Balk\u00f3n<\/li>\n<li>V\u00fdhled do zahrady<\/li>\n<li>Klimatizace<\/li>\n<li>Veranda<\/li>\n<li>Ploch\u00e1 televize<\/li>\n<li>Terasa<\/li>\n<li>Wifi zdarma<\/li>\n<\/ul>\n<p>[\/vc_column_text][\/vc_column][vc_column width=&#8220;1\/2&#8243;][vc_column_text]<\/p>\n<h3><span data-contrast=\"auto\">Vybaven\u00ed v dom\u011b<\/span><\/h3>\n<p>[\/vc_column_text][vc_row_inner][vc_column_inner width=&#8220;1\/2&#8243;][vc_column_text]<\/p>\n<ul>\n<li><span data-contrast=\"auto\">L\u016f\u017ekoviny<\/span><\/li>\n<li><span data-contrast=\"auto\">Sk\u0159\u00ed\u0148 nebo \u0161atna<\/span><\/li>\n<li><span data-contrast=\"auto\">D\u011btsk\u00e9 bezpe\u010dnostn\u00ed z\u00e1suvky<\/span><\/li>\n<li><span data-contrast=\"auto\">Klimatizace<\/span><\/li>\n<li><span data-contrast=\"auto\">Mramorov\u00e1 podlaha\/dla\u017eba<\/span><\/li>\n<li><span data-contrast=\"auto\">Soukrom\u00fd vchod<\/span><\/li>\n<li><span data-contrast=\"auto\">Oh\u0159\u00edv\u00e1n\u00ed<\/span><\/li>\n<li><span data-contrast=\"auto\">Kuchy\u0148sk\u00e9 n\u00e1dob\u00ed<\/span><\/li>\n<\/ul>\n<p>[\/vc_column_text][\/vc_column_inner][vc_column_inner width=&#8220;1\/2&#8243;][vc_column_text]<\/p>\n<ul>\n<li><span data-contrast=\"auto\">Kuchyn\u011b<\/span><\/li>\n<li><span data-contrast=\"auto\">Ploch\u00e1 televize<\/span><\/li>\n<li><span data-contrast=\"auto\">Balk\u00f3n<\/span><\/li>\n<li><span data-contrast=\"auto\">Terasa<\/span><\/li>\n<li><span data-contrast=\"auto\">Veranda<\/span><\/li>\n<li><span data-contrast=\"auto\">Z\u00e1suvka u postele<\/span><\/li>\n<li><span data-contrast=\"auto\">Stojan na su\u0161en\u00ed pr\u00e1dla<\/span><\/li>\n<li><span data-contrast=\"auto\">Pohovka<\/span><\/li>\n<\/ul>\n<p>[\/vc_column_text][\/vc_column_inner][\/vc_row_inner][\/vc_column][vc_column width=&#8220;1\/4&#8243;][vc_column_text]<\/p>\n<h3><span data-contrast=\"auto\">Ve va\u0161\u00ed soukrom\u00e9 koupeln\u011b<\/span><\/h3>\n<p>[\/vc_column_text][vc_column_text]<\/p>\n<ul>\n<li><span data-contrast=\"auto\">toaleta<\/span><\/li>\n<li><span data-contrast=\"auto\">Vana nebo sprcha<\/span><\/li>\n<li><span data-contrast=\"auto\">Ru\u010dn\u00edky<\/span><\/li>\n<li><span data-contrast=\"auto\">F\u00e9n<\/span><\/li>\n<li><span data-contrast=\"auto\">Toaletn\u00ed pap\u00edr<\/span><\/li>\n<\/ul>\n<p>[\/vc_column_text][vc_column_text]<\/p>\n<h3><span data-contrast=\"auto\">Pohled<\/span><\/h3>\n<ul>\n<li><span data-contrast=\"auto\">V\u00fdhled do zahrady<\/span><\/li>\n<\/ul>\n<p>[\/vc_column_text][vc_column_text el_class=&#8220;forbidden&#8220;]<\/p>\n<h3><\/h3>\n<h3><span data-contrast=\"auto\">Kou\u0159en\u00ed<\/span><\/h3>\n<ul>\n<li><span data-contrast=\"auto\">KOU\u0158EN\u00cd ZAK\u00c1Z\u00c1NO<\/span><\/li>\n<\/ul>\n<p>[\/vc_column_text][\/vc_column][\/vc_row][vc_row][vc_column][vc_column_text]<\/p>\n<h3 style=\"text-align: center;\">Galerie obr\u00e1zk\u016f &#8211; Apartm\u00e1n A4<\/h3>\n<p>[\/vc_column_text][vc_row][vc_column]\n\t\t<script type=\"text\/javascript\">\n\t\t\tjQuery( document ).ready(function() {\n\t\t\t\tdocument.getElementById('1709054304297-80bd179a-2623').onclick = function (event) {\n\t\t\t\tevent = event || window.event;\n\t\t\t\tvar target = event.target || event.srcElement,\n\t\t\t\t\tlink = target.src ? target.parentNode : target,\n\t\t\t\t\toptions = {index: link, event: event},\n\t\t\t\t\tlinks = this.getElementsByTagName('a');\n\t\t\t\tblueimp.Gallery(links, options);\n\t\t\t\t};\n\t\t\t});\n\t\t<\/script>\n\n\t\t<div class=\"ns-gallery-section\">\n\t\t\t<div id=\"1709054304297-80bd179a-2623\" class=\"ns-gallery nsg-p15\">\n\t\t\t\t\t\t\t\t\t<div class=\"nsg-gitem nsg-c4\">\n\t\t\t\t\t\t<a href=\"https:\/\/www.tisa.si\/tisa-homes\/wp-content\/uploads\/2024\/02\/zkc_5737.jpg\" class=\"nsg-img-container nsg-r4-3\" title=\"\">\n\t\t\t\t\t\t\t<img class=\"nsg-img\" src=\"https:\/\/www.tisa.si\/tisa-homes\/slir\/w368\/wp-content\/uploads\/2024\/02\/zkc_5737.jpg\">\n\t\t\t\t\t\t<\/a>\n\t\t\t\t\t\t<span class=\"nsg-img-title\"><\/span>\n\t\t\t\t\t<\/div>\n\t\t\t\t\t\t\t\t\t<div class=\"nsg-gitem nsg-c4\">\n\t\t\t\t\t\t<a href=\"https:\/\/www.tisa.si\/tisa-homes\/wp-content\/uploads\/2024\/02\/zkc_5744.jpg\" class=\"nsg-img-container nsg-r4-3\" title=\"\">\n\t\t\t\t\t\t\t<img class=\"nsg-img\" src=\"https:\/\/www.tisa.si\/tisa-homes\/slir\/w368\/wp-content\/uploads\/2024\/02\/zkc_5744.jpg\">\n\t\t\t\t\t\t<\/a>\n\t\t\t\t\t\t<span class=\"nsg-img-title\"><\/span>\n\t\t\t\t\t<\/div>\n\t\t\t\t\t\t\t\t\t<div class=\"nsg-gitem nsg-c4\">\n\t\t\t\t\t\t<a href=\"https:\/\/www.tisa.si\/tisa-homes\/wp-content\/uploads\/2024\/02\/zkc_5745.jpg\" class=\"nsg-img-container nsg-r4-3\" title=\"\">\n\t\t\t\t\t\t\t<img class=\"nsg-img\" src=\"https:\/\/www.tisa.si\/tisa-homes\/slir\/w368\/wp-content\/uploads\/2024\/02\/zkc_5745.jpg\">\n\t\t\t\t\t\t<\/a>\n\t\t\t\t\t\t<span class=\"nsg-img-title\"><\/span>\n\t\t\t\t\t<\/div>\n\t\t\t\t\t\t\t\t\t<div class=\"nsg-gitem nsg-c4\">\n\t\t\t\t\t\t<a href=\"https:\/\/www.tisa.si\/tisa-homes\/wp-content\/uploads\/2024\/02\/zkc_5750.jpg\" class=\"nsg-img-container nsg-r4-3\" title=\"\">\n\t\t\t\t\t\t\t<img class=\"nsg-img\" src=\"https:\/\/www.tisa.si\/tisa-homes\/slir\/w368\/wp-content\/uploads\/2024\/02\/zkc_5750.jpg\">\n\t\t\t\t\t\t<\/a>\n\t\t\t\t\t\t<span class=\"nsg-img-title\"><\/span>\n\t\t\t\t\t<\/div>\n\t\t\t\t\t\t\t\t\t<div class=\"nsg-gitem nsg-c4\">\n\t\t\t\t\t\t<a href=\"https:\/\/www.tisa.si\/tisa-homes\/wp-content\/uploads\/2024\/02\/zkc_5754-scaled.jpg\" class=\"nsg-img-container nsg-r4-3\" title=\"\">\n\t\t\t\t\t\t\t<img class=\"nsg-img\" src=\"https:\/\/www.tisa.si\/tisa-homes\/slir\/w368\/wp-content\/uploads\/2024\/02\/zkc_5754-scaled.jpg\">\n\t\t\t\t\t\t<\/a>\n\t\t\t\t\t\t<span class=\"nsg-img-title\"><\/span>\n\t\t\t\t\t<\/div>\n\t\t\t\t\t\t\t\t\t<div class=\"nsg-gitem nsg-c4\">\n\t\t\t\t\t\t<a href=\"https:\/\/www.tisa.si\/tisa-homes\/wp-content\/uploads\/2024\/02\/zkc_5755.jpg\" class=\"nsg-img-container nsg-r4-3\" title=\"\">\n\t\t\t\t\t\t\t<img class=\"nsg-img\" src=\"https:\/\/www.tisa.si\/tisa-homes\/slir\/w368\/wp-content\/uploads\/2024\/02\/zkc_5755.jpg\">\n\t\t\t\t\t\t<\/a>\n\t\t\t\t\t\t<span class=\"nsg-img-title\"><\/span>\n\t\t\t\t\t<\/div>\n\t\t\t\t\t\t\t<\/div>\n\t\t<\/div>\n\n\t\t[\/vc_column][\/vc_row][\/vc_column][\/vc_row]<\/p>\n","protected":false},"excerpt":{"rendered":"<p>[vc_row full_width=&#8220;stretch_row_content_no_spaces&#8220;][vc_column][\/vc_column][\/vc_row][vc_row css=&#8220;.vc_custom_1671107277079{margin-top: 50px !important;margin-bottom: 50px !important;}&#8220; el_class=&#8220;sp-intro-apartma&#8220;][vc_column width=&#8220;1\/2&#8243;][vc_column_text] Velikost domu: 45 m2 D\u016fm je vhodn\u00fd pro 4 osoby. M\u00e1 jednu man\u017eelskou postel, jedno samostatn\u00e9 l\u016f\u017eko a rozkl\u00e1dac\u00ed pohovku. Pohodln\u00e9 postele: 9,5 &#8211; na z\u00e1klad\u011b hodnocen\u00ed n\u00e1v\u0161t\u011bvn\u00edk\u016f. [\/vc_column_text][\/vc_column][vc_column width=&#8220;1\/2&#8243;][\/vc_column][\/vc_row][vc_row full_width=&#8220;stretch_row&#8220; css=&#8220;.vc_custom_1671106894316{background-color: #fbf4ec !important;}&#8220; el_class=&#8220;sp-apartma&#8220;][vc_column width=&#8220;1\/4&#8243;][vc_column_text] 1 pokojov\u00fd d\u016fm [\/vc_column_text][vc_column_text] Cel\u00fd pr\u00e1zdninov\u00fd d\u016fm Soukrom\u00e1 kuchyn\u011b Vlastn\u00ed koupelna Balk\u00f3n V\u00fdhled do zahrady Klimatizace Veranda Ploch\u00e1 televize Terasa Wifi zdarma [\/vc_column_text][\/vc_column][vc_column width=&#8220;1\/2&#8243;][vc_column_text] Vybaven\u00ed v dom\u011b [\/vc_column_text][vc_row_inner][vc_column_inner width=&#8220;1\/2&#8243;][vc_column_text] L\u016f\u017ekoviny Sk\u0159\u00ed\u0148 nebo \u0161atna D\u011btsk\u00e9 bezpe\u010dnostn\u00ed z\u00e1suvky Klimatizace Mramorov\u00e1 podlaha\/dla\u017eba Soukrom\u00fd vchod Oh\u0159\u00edv\u00e1n\u00ed Kuchy\u0148sk\u00e9 n\u00e1dob\u00ed [\/vc_column_text][\/vc_column_inner][vc_column_inner width=&#8220;1\/2&#8243;][vc_column_text] Kuchyn\u011b Ploch\u00e1 televize Balk\u00f3n Terasa Veranda Z\u00e1suvka u postele Stojan na su\u0161en\u00ed pr\u00e1dla Pohovka [\/vc_column_text][\/vc_column_inner][\/vc_row_inner][\/vc_column][vc_column width=&#8220;1\/4&#8243;][vc_column_text] Ve va\u0161\u00ed soukrom\u00e9 koupeln\u011b [\/vc_column_text][vc_column_text] toaleta Vana nebo sprcha Ru\u010dn\u00edky F\u00e9n Toaletn\u00ed pap\u00edr [&hellip;]<\/p>\n","protected":false},"author":2,"featured_media":2227,"parent":835,"menu_order":0,"comment_status":"closed","ping_status":"closed","template":"","meta":[],"_links":{"self":[{"href":"https:\/\/www.tisa.si\/tisa-homes\/cs\/wp-json\/wp\/v2\/pages\/911"}],"collection":[{"href":"https:\/\/www.tisa.si\/tisa-homes\/cs\/wp-json\/wp\/v2\/pages"}],"about":[{"href":"https:\/\/www.tisa.si\/tisa-homes\/cs\/wp-json\/wp\/v2\/types\/page"}],"author":[{"embeddable":true,"href":"https:\/\/www.tisa.si\/tisa-homes\/cs\/wp-json\/wp\/v2\/users\/2"}],"replies":[{"embeddable":true,"href":"https:\/\/www.tisa.si\/tisa-homes\/cs\/wp-json\/wp\/v2\/comments?post=911"}],"version-history":[{"count":0,"href":"https:\/\/www.tisa.si\/tisa-homes\/cs\/wp-json\/wp\/v2\/pages\/911\/revisions"}],"up":[{"embeddable":true,"href":"https:\/\/www.tisa.si\/tisa-homes\/cs\/wp-json\/wp\/v2\/pages\/835"}],"wp:featuredmedia":[{"embeddable":true,"href":"https:\/\/www.tisa.si\/tisa-homes\/cs\/wp-json\/wp\/v2\/media\/2227"}],"wp:attachment":[{"href":"https:\/\/www.tisa.si\/tisa-homes\/cs\/wp-json\/wp\/v2\/media?parent=911"}],"curies":[{"name":"wp","href":"https:\/\/api.w.org\/{rel}","templated":true}]}}