{"id":808,"date":"2016-10-18T08:51:57","date_gmt":"2016-10-18T06:51:57","guid":{"rendered":"https:\/\/www.tisa.si\/tisa-homes\/heim\/"},"modified":"2024-04-26T13:24:52","modified_gmt":"2024-04-26T11:24:52","slug":"heim","status":"publish","type":"page","link":"https:\/\/www.tisa.si\/tisa-homes\/de\/","title":{"rendered":"Heim"},"content":{"rendered":"<p>[vc_row full_width=&#8220;stretch_row&#8220; imgs=&#8220;523&#8243; el_class=&#8220;main-banner&#8220;][vc_column][vc_row_inner][vc_column_inner offset=&#8220;vc_col-lg-7 vc_col-md-8&#8243;][vc_column_text el_class=&#8220;slider-title&#8220;]<\/p>\n<h1>Ferienh\u00e4user im<br \/>\nSavudrija<\/h1>\n<p>In der N\u00e4he des ber\u00fchmten Leuchtturms von Savudrija, nur eine Gehminute vom Strand entfernt, befindet sich das Ferienresort Tisa Homes.[\/vc_column_text]\t\t\n\t\t<a href=\"https:\/\/www.tisa.si\/tisa-homes\/apartmaji\/\" target=\"\" class=\"btn  btn-primary btn-lg \" id=\"\">Weiterlesen<\/a>\n\n\t\t[\/vc_column_inner][vc_column_inner offset=&#8220;vc_col-lg-5 vc_col-md-4&#8243;][\/vc_column_inner][\/vc_row_inner][\/vc_column][\/vc_row][vc_row css=&#8220;.vc_custom_1671037369721{margin-bottom: 65px !important;}&#8220; el_class=&#8220;hsec1&#8243;][vc_column width=&#8220;1\/2&#8243;][vc_column_text]<\/p>\n<h2>Tisa Homes &#8211; Feriendorf in Savudrija<\/h2>\n<p>Es gibt 6 freistehende H\u00e4user, die f\u00fcr die Unterbringung einer Familie oder 3-4 Erwachsene geeignet sind. Alle Unterk\u00fcnfte verf\u00fcgen \u00fcber eine K\u00fcche mit Essbereich, eine Veranda, Klimaanlage, einen Flachbild-TV und ein eigenes Bad mit Dusche.<\/p>\n<p>Balkone mit Blick auf den gemeinsamen Garten mit Badmintonplatz und Tischtennis sorgen daf\u00fcr, dass die Eltern beruhigt sind, w\u00e4hrend ihre Kinder spielen.[\/vc_column_text]\t\t\n\t\t<a href=\"https:\/\/www.tisa.si\/tisa-homes\/rezervacija\/\" target=\"\" class=\"btn  btn-default btn-sm \" id=\"\">Vereinbare einen Termin<\/a>\n\n\t\t[\/vc_column][vc_column width=&#8220;1\/2&#8243;][vc_single_image image=&#8220;226&#8243; img_size=&#8220;700&#215;440&#8243; css=&#8220;.vc_custom_1669379281585{margin-top: 35px !important;margin-bottom: 0px !important;}&#8220;][\/vc_column][\/vc_row][vc_row full_width=&#8220;stretch_row&#8220; css=&#8220;.vc_custom_1671040201230{background-color: #fbf4ec !important;}&#8220; el_class=&#8220;hsec2&#8243;][vc_column width=&#8220;1\/3&#8243;][vc_column_text]<\/p>\n<h3>Ausstattung der Unterkunft<\/h3>\n<p>[\/vc_column_text][vc_separator color=&#8220;custom&#8220; align=&#8220;align_left&#8220; accent_color=&#8220;#c8c8c8&#8243; css=&#8220;.vc_custom_1669373932686{margin-top: 20px !important;margin-bottom: 20px !important;}&#8220;]\t\t\n\t\t<div class=\"ns-cwi-container  \">\n\t\t\t<div class=\"ns-cwi-icon\">\n\t\t\t\t<div class=\"ns-cwi-icon-inner\">\n\t\t\t\t\t<img src=\"https:\/\/www.tisa.si\/tisa-homes\/wp-content\/uploads\/2016\/10\/icon-parkiranje.png\">\n\t\t\t\t<\/div>\n\t\t\t<\/div>\n\t\t\t<div class=\"ns-cwi-content\">\n\t\t\t\t<div class=\"ns-cwi-content_inner\">\n\t\t\t\t\tKostenloser Parkplatz<br \/>\n(Reservierung erforderlich)\t\t\t\t<\/div>\n\t\t\t<\/div>\n\t\t<\/div>\n\n\t\t[vc_separator color=&#8220;custom&#8220; align=&#8220;align_left&#8220; accent_color=&#8220;#c8c8c8&#8243; css=&#8220;.vc_custom_1669373932686{margin-top: 20px !important;margin-bottom: 20px !important;}&#8220;]\t\t\n\t\t<div class=\"ns-cwi-container  \">\n\t\t\t<div class=\"ns-cwi-icon\">\n\t\t\t\t<div class=\"ns-cwi-icon-inner\">\n\t\t\t\t\t<img src=\"https:\/\/www.tisa.si\/tisa-homes\/wp-content\/uploads\/2016\/10\/icon-tv.png\">\n\t\t\t\t<\/div>\n\t\t\t<\/div>\n\t\t\t<div class=\"ns-cwi-content\">\n\t\t\t\t<div class=\"ns-cwi-content_inner\">\n\t\t\t\t\tFernseher\t\t\t\t<\/div>\n\t\t\t<\/div>\n\t\t<\/div>\n\n\t\t[vc_separator color=&#8220;custom&#8220; align=&#8220;align_left&#8220; accent_color=&#8220;#c8c8c8&#8243; css=&#8220;.vc_custom_1669373938116{margin-top: 20px !important;margin-bottom: 20px !important;}&#8220;]\t\t\n\t\t<div class=\"ns-cwi-container  \">\n\t\t\t<div class=\"ns-cwi-icon\">\n\t\t\t\t<div class=\"ns-cwi-icon-inner\">\n\t\t\t\t\t<img src=\"https:\/\/www.tisa.si\/tisa-homes\/wp-content\/uploads\/2016\/10\/icon-wifi-1.png\">\n\t\t\t\t<\/div>\n\t\t\t<\/div>\n\t\t\t<div class=\"ns-cwi-content\">\n\t\t\t\t<div class=\"ns-cwi-content_inner\">\n\t\t\t\t\tGratis Wifi\t\t\t\t<\/div>\n\t\t\t<\/div>\n\t\t<\/div>\n\n\t\t[vc_separator color=&#8220;custom&#8220; align=&#8220;align_left&#8220; accent_color=&#8220;#c8c8c8&#8243; css=&#8220;.vc_custom_1669373942909{margin-top: 20px !important;margin-bottom: 20px !important;}&#8220;]\t\t\n\t\t<div class=\"ns-cwi-container  \">\n\t\t\t<div class=\"ns-cwi-icon\">\n\t\t\t\t<div class=\"ns-cwi-icon-inner\">\n\t\t\t\t\t<img src=\"https:\/\/www.tisa.si\/tisa-homes\/wp-content\/uploads\/2016\/10\/icon-vhod-1.png\">\n\t\t\t\t<\/div>\n\t\t\t<\/div>\n\t\t\t<div class=\"ns-cwi-content\">\n\t\t\t\t<div class=\"ns-cwi-content_inner\">\n\t\t\t\t\tEigener Eingang\t\t\t\t<\/div>\n\t\t\t<\/div>\n\t\t<\/div>\n\n\t\t[vc_separator color=&#8220;custom&#8220; align=&#8220;align_left&#8220; accent_color=&#8220;#c8c8c8&#8243; css=&#8220;.vc_custom_1669373947927{margin-top: 20px !important;margin-bottom: 20px !important;}&#8220;]\t\t\n\t\t<div class=\"ns-cwi-container  \">\n\t\t\t<div class=\"ns-cwi-icon\">\n\t\t\t\t<div class=\"ns-cwi-icon-inner\">\n\t\t\t\t\t<img src=\"https:\/\/www.tisa.si\/tisa-homes\/wp-content\/uploads\/2016\/10\/icon-babybed.png\">\n\t\t\t\t<\/div>\n\t\t\t<\/div>\n\t\t\t<div class=\"ns-cwi-content\">\n\t\t\t\t<div class=\"ns-cwi-content_inner\">\n\t\t\t\t\tBabybett<br \/>\n(nach vorheriger Absprache, kostenlos)\t\t\t\t<\/div>\n\t\t\t<\/div>\n\t\t<\/div>\n\n\t\t[vc_separator color=&#8220;custom&#8220; align=&#8220;align_left&#8220; accent_color=&#8220;#c8c8c8&#8243; css=&#8220;.vc_custom_1669373953308{margin-top: 20px !important;margin-bottom: 20px !important;}&#8220;]\t\t\n\t\t<div class=\"ns-cwi-container  \">\n\t\t\t<div class=\"ns-cwi-icon\">\n\t\t\t\t<div class=\"ns-cwi-icon-inner\">\n\t\t\t\t\t<img src=\"https:\/\/www.tisa.si\/tisa-homes\/wp-content\/uploads\/2016\/10\/icon-utilities.png\">\n\t\t\t\t<\/div>\n\t\t\t<\/div>\n\t\t\t<div class=\"ns-cwi-content\">\n\t\t\t\t<div class=\"ns-cwi-content_inner\">\n\t\t\t\t\tHandt\u00fccher, Bettw\u00e4sche, Kleiderschr\u00e4nke,<br \/>\nW\u00e4schest\u00e4nder, F\u00f6n,<br \/>\nGeschirr\t\t\t\t<\/div>\n\t\t\t<\/div>\n\t\t<\/div>\n\n\t\t[\/vc_column][vc_column width=&#8220;1\/3&#8243;][vc_column_text]<\/p>\n<h3>Beliebte Sehensw\u00fcrdigkeiten in der N\u00e4he<\/h3>\n<p>[\/vc_column_text][vc_separator color=&#8220;custom&#8220; align=&#8220;align_left&#8220; accent_color=&#8220;#c8c8c8&#8243; css=&#8220;.vc_custom_1669373932686{margin-top: 20px !important;margin-bottom: 20px !important;}&#8220;]\t\t\n\t\t<div class=\"ns-cwi-container  \">\n\t\t\t<div class=\"ns-cwi-icon\">\n\t\t\t\t<div class=\"ns-cwi-icon-inner\">\n\t\t\t\t\t<img src=\"https:\/\/www.tisa.si\/tisa-homes\/wp-content\/uploads\/2016\/10\/icon-plaza.png\">\n\t\t\t\t<\/div>\n\t\t\t<\/div>\n\t\t\t<div class=\"ns-cwi-content\">\n\t\t\t\t<div class=\"ns-cwi-content_inner\">\n\t\t\t\t\tStrand Veliki Jo\u017ee (600 m)<br \/>\nPineta-Strand (1,1 km)\t\t\t\t<\/div>\n\t\t\t<\/div>\n\t\t<\/div>\n\n\t\t[vc_separator color=&#8220;custom&#8220; align=&#8220;align_left&#8220; accent_color=&#8220;#c8c8c8&#8243; css=&#8220;.vc_custom_1669373932686{margin-top: 20px !important;margin-bottom: 20px !important;}&#8220;]\t\t\n\t\t<div class=\"ns-cwi-container  \">\n\t\t\t<div class=\"ns-cwi-icon\">\n\t\t\t\t<div class=\"ns-cwi-icon-inner\">\n\t\t\t\t\t<img src=\"https:\/\/www.tisa.si\/tisa-homes\/wp-content\/uploads\/2016\/10\/icon-pristavisce.png\">\n\t\t\t\t<\/div>\n\t\t\t<\/div>\n\t\t\t<div class=\"ns-cwi-content\">\n\t\t\t\t<div class=\"ns-cwi-content_inner\">\n\t\t\t\t\tH\u00e4fen von Savudrija\t\t\t\t<\/div>\n\t\t\t<\/div>\n\t\t<\/div>\n\n\t\t[vc_separator color=&#8220;custom&#8220; align=&#8220;align_left&#8220; accent_color=&#8220;#c8c8c8&#8243; css=&#8220;.vc_custom_1669373932686{margin-top: 20px !important;margin-bottom: 20px !important;}&#8220;]\t\t\n\t\t<div class=\"ns-cwi-container  \">\n\t\t\t<div class=\"ns-cwi-icon\">\n\t\t\t\t<div class=\"ns-cwi-icon-inner\">\n\t\t\t\t\t<img src=\"https:\/\/www.tisa.si\/tisa-homes\/wp-content\/uploads\/2016\/10\/icon-svetilnik.png\">\n\t\t\t\t<\/div>\n\t\t\t<\/div>\n\t\t\t<div class=\"ns-cwi-content\">\n\t\t\t\t<div class=\"ns-cwi-content_inner\">\n\t\t\t\t\tLeuchtturm von Savudria (800 m)\t\t\t\t<\/div>\n\t\t\t<\/div>\n\t\t<\/div>\n\n\t\t[vc_separator color=&#8220;custom&#8220; align=&#8220;align_left&#8220; accent_color=&#8220;#c8c8c8&#8243; css=&#8220;.vc_custom_1669373932686{margin-top: 20px !important;margin-bottom: 20px !important;}&#8220;]\t\t\n\t\t<div class=\"ns-cwi-container  \">\n\t\t\t<div class=\"ns-cwi-icon\">\n\t\t\t\t<div class=\"ns-cwi-icon-inner\">\n\t\t\t\t\t<img src=\"https:\/\/www.tisa.si\/tisa-homes\/wp-content\/uploads\/2016\/10\/icon-bar.png\">\n\t\t\t\t<\/div>\n\t\t\t<\/div>\n\t\t\t<div class=\"ns-cwi-content\">\n\t\t\t\t<div class=\"ns-cwi-content_inner\">\n\t\t\t\t\tEs ist in einem Umkreis von 600 m verf\u00fcgbar<br \/>\nmehrere Bars und Caf\u00e9s\t\t\t\t<\/div>\n\t\t\t<\/div>\n\t\t<\/div>\n\n\t\t[vc_separator color=&#8220;custom&#8220; align=&#8220;align_left&#8220; accent_color=&#8220;#c8c8c8&#8243; css=&#8220;.vc_custom_1669373932686{margin-top: 20px !important;margin-bottom: 20px !important;}&#8220;]\t\t\n\t\t<div class=\"ns-cwi-container  \">\n\t\t\t<div class=\"ns-cwi-icon\">\n\t\t\t\t<div class=\"ns-cwi-icon-inner\">\n\t\t\t\t\t<img src=\"https:\/\/www.tisa.si\/tisa-homes\/wp-content\/uploads\/2016\/10\/icon-park.png\">\n\t\t\t\t<\/div>\n\t\t\t<\/div>\n\t\t\t<div class=\"ns-cwi-content\">\n\t\t\t\t<div class=\"ns-cwi-content_inner\">\n\t\t\t\t\tLandschaftspark Se\u010doveljska solina (8 km)\t\t\t\t<\/div>\n\t\t\t<\/div>\n\t\t<\/div>\n\n\t\t[vc_separator color=&#8220;custom&#8220; align=&#8220;align_left&#8220; accent_color=&#8220;#c8c8c8&#8243; css=&#8220;.vc_custom_1669373932686{margin-top: 20px !important;margin-bottom: 20px !important;}&#8220;]\t\t\n\t\t<div class=\"ns-cwi-container  \">\n\t\t\t<div class=\"ns-cwi-icon\">\n\t\t\t\t<div class=\"ns-cwi-icon-inner\">\n\t\t\t\t\t<img src=\"https:\/\/www.tisa.si\/tisa-homes\/wp-content\/uploads\/2016\/10\/icon-airport.png\">\n\t\t\t\t<\/div>\n\t\t\t<\/div>\n\t\t\t<div class=\"ns-cwi-content\">\n\t\t\t\t<div class=\"ns-cwi-content_inner\">\n\t\t\t\t\tFlughafen Pula (74 km)\t\t\t\t<\/div>\n\t\t\t<\/div>\n\t\t<\/div>\n\n\t\t[vc_separator color=&#8220;custom&#8220; align=&#8220;align_left&#8220; accent_color=&#8220;#c8c8c8&#8243; css=&#8220;.vc_custom_1669373932686{margin-top: 20px !important;margin-bottom: 20px !important;}&#8220;]\t\t\n\t\t<div class=\"ns-cwi-container  \">\n\t\t\t<div class=\"ns-cwi-icon\">\n\t\t\t\t<div class=\"ns-cwi-icon-inner\">\n\t\t\t\t\t<img src=\"https:\/\/www.tisa.si\/tisa-homes\/wp-content\/uploads\/2016\/10\/icon-muzej.png\">\n\t\t\t\t<\/div>\n\t\t\t<\/div>\n\t\t\t<div class=\"ns-cwi-content\">\n\t\t\t\t<div class=\"ns-cwi-content_inner\">\n\t\t\t\t\tStadtmuseum Umag (7 km)\t\t\t\t<\/div>\n\t\t\t<\/div>\n\t\t<\/div>\n\n\t\t[\/vc_column][vc_column width=&#8220;1\/3&#8243;][vc_column_text]<\/p>\n<h3><span class=\"TextRun BCX0 SCXO63630600\" lang=\"EN-US\" xml:lang=\"EN-US\" data-contrast=\"auto\"><span class=\"SpellingError BCX0 SCXO63630600\">Grenzen<\/span><\/span><\/h3>\n<p>[\/vc_column_text][vc_separator color=&#8220;custom&#8220; align=&#8220;align_left&#8220; accent_color=&#8220;#c8c8c8&#8243; css=&#8220;.vc_custom_1669373932686{margin-top: 20px !important;margin-bottom: 20px !important;}&#8220;]\t\t\n\t\t<div class=\"ns-cwi-container  \">\n\t\t\t<div class=\"ns-cwi-icon\">\n\t\t\t\t<div class=\"ns-cwi-icon-inner\">\n\t\t\t\t\t<img src=\"https:\/\/www.tisa.si\/tisa-homes\/wp-content\/uploads\/2016\/10\/icon-checkinout.png\">\n\t\t\t\t<\/div>\n\t\t\t<\/div>\n\t\t\t<div class=\"ns-cwi-content\">\n\t\t\t\t<div class=\"ns-cwi-content_inner\">\n\t\t\t\t\tCheck-in: 16:00 \u2013 21:00<br \/>\nCheck-out: 8:00 \u2013 10:00\t\t\t\t<\/div>\n\t\t\t<\/div>\n\t\t<\/div>\n\n\t\t[vc_separator color=&#8220;custom&#8220; align=&#8220;align_left&#8220; accent_color=&#8220;#c8c8c8&#8243; css=&#8220;.vc_custom_1669373932686{margin-top: 20px !important;margin-bottom: 20px !important;}&#8220;]\t\t\n\t\t<div class=\"ns-cwi-container  \">\n\t\t\t<div class=\"ns-cwi-icon\">\n\t\t\t\t<div class=\"ns-cwi-icon-inner\">\n\t\t\t\t\t<img src=\"https:\/\/www.tisa.si\/tisa-homes\/wp-content\/uploads\/2016\/10\/icon-kajenje.png\">\n\t\t\t\t<\/div>\n\t\t\t<\/div>\n\t\t\t<div class=\"ns-cwi-content\">\n\t\t\t\t<div class=\"ns-cwi-content_inner\">\n\t\t\t\t\tDas Rauchen ist in den R\u00e4umlichkeiten nicht gestattet\t\t\t\t<\/div>\n\t\t\t<\/div>\n\t\t<\/div>\n\n\t\t[vc_separator color=&#8220;custom&#8220; align=&#8220;align_left&#8220; accent_color=&#8220;#c8c8c8&#8243; css=&#8220;.vc_custom_1669373932686{margin-top: 20px !important;margin-bottom: 20px !important;}&#8220;]\t\t\n\t\t<div class=\"ns-cwi-container  \">\n\t\t\t<div class=\"ns-cwi-icon\">\n\t\t\t\t<div class=\"ns-cwi-icon-inner\">\n\t\t\t\t\t<img src=\"https:\/\/www.tisa.si\/tisa-homes\/wp-content\/uploads\/2016\/10\/icon-zabava.png\">\n\t\t\t\t<\/div>\n\t\t\t<\/div>\n\t\t\t<div class=\"ns-cwi-content\">\n\t\t\t\t<div class=\"ns-cwi-content_inner\">\n\t\t\t\t\tPartys\/Veranstaltungen sind nicht gestattet\t\t\t\t<\/div>\n\t\t\t<\/div>\n\t\t<\/div>\n\n\t\t[vc_separator color=&#8220;custom&#8220; align=&#8220;align_left&#8220; accent_color=&#8220;#c8c8c8&#8243; css=&#8220;.vc_custom_1669373932686{margin-top: 20px !important;margin-bottom: 20px !important;}&#8220;]\t\t\n\t\t<div class=\"ns-cwi-container  \">\n\t\t\t<div class=\"ns-cwi-icon\">\n\t\t\t\t<div class=\"ns-cwi-icon-inner\">\n\t\t\t\t\t<img src=\"https:\/\/www.tisa.si\/tisa-homes\/wp-content\/uploads\/2016\/10\/icon-zivali.png\">\n\t\t\t\t<\/div>\n\t\t\t<\/div>\n\t\t\t<div class=\"ns-cwi-content\">\n\t\t\t\t<div class=\"ns-cwi-content_inner\">\n\t\t\t\t\tHaustiere sind nicht erlaubt\t\t\t\t<\/div>\n\t\t\t<\/div>\n\t\t<\/div>\n\n\t\t[\/vc_column][\/vc_row][vc_row full_width=&#8220;stretch_row&#8220; el_class=&#8220;hsec3&#8243;][vc_column][vc_column_text]<\/p>\n<h3 style=\"text-align: center;\">Angebot von Mehrfamilienh\u00e4usern<\/h3>\n<p>[\/vc_column_text][vc_row][vc_column]          \n\n\n            \n    \n                  <div class=\"subcat-wrap subcat-wrap-slider\" id=\"69fb423c6402d\">\n    \n\n                        <div class=\"subcat-cont\">\n              <a href=\"https:\/\/www.tisa.si\/tisa-homes\/de\/wohnungen\/wohnung-a1\/\" class=\"subcat-item\">\n                <div>\n                    <div class=\"image\">\n                      <img src=\"https:\/\/www.tisa.si\/tisa-homes\/wp-content\/uploads\/2024\/02\/1000016817.jpg\">\n                    <\/div>\n                    <div class=\"text\">\n                      <h4>Wohnung A1<\/h4>\n                      <p>BIS ZU 4 PERSONEN (maximal 3 Erwachsene mit Kindern)<\/p>\n                      <p>1 Schlafzimmer<\/p>\n\n                    <\/div>\n                    <a href=\"https:\/\/www.tisa.si\/tisa-homes\/de\/wohnungen\/wohnung-a1\/\" class=\"subcat-item btn  btn-default btn-sm \">\n                      Mehr Details<\/a>\n                      <\/a> \n                <\/div>\n              <\/a>\n            <\/div>\n                        <div class=\"subcat-cont\">\n              <a href=\"https:\/\/www.tisa.si\/tisa-homes\/de\/wohnungen\/wohnung-a9\/\" class=\"subcat-item\">\n                <div>\n                    <div class=\"image\">\n                      <img src=\"https:\/\/www.tisa.si\/tisa-homes\/wp-content\/uploads\/2024\/02\/1000016833.jpg\">\n                    <\/div>\n                    <div class=\"text\">\n                      <h4>Wohnung A9<\/h4>\n                      <p>BIS ZU 4 PERSONEN (maximal 3 Erwachsene mit Kindern)<\/p>\n                      <p>1 Schlafzimmer<\/p>\n\n                    <\/div>\n                    <a href=\"https:\/\/www.tisa.si\/tisa-homes\/de\/wohnungen\/wohnung-a9\/\" class=\"subcat-item btn  btn-default btn-sm \">\n                      Mehr Details<\/a>\n                      <\/a> \n                <\/div>\n              <\/a>\n            <\/div>\n                        <div class=\"subcat-cont\">\n              <a href=\"https:\/\/www.tisa.si\/tisa-homes\/de\/wohnungen\/wohnung-a4\/\" class=\"subcat-item\">\n                <div>\n                    <div class=\"image\">\n                      <img src=\"https:\/\/www.tisa.si\/tisa-homes\/wp-content\/uploads\/2024\/02\/zkc_5737.jpg\">\n                    <\/div>\n                    <div class=\"text\">\n                      <h4>Wohnung A4<\/h4>\n                      <p>BIS ZU 4 PERSONEN (maximal 3 Erwachsene mit Kindern)<\/p>\n                      <p>1 Schlafzimmer<\/p>\n\n                    <\/div>\n                    <a href=\"https:\/\/www.tisa.si\/tisa-homes\/de\/wohnungen\/wohnung-a4\/\" class=\"subcat-item btn  btn-default btn-sm \">\n                      Mehr Details<\/a>\n                      <\/a> \n                <\/div>\n              <\/a>\n            <\/div>\n                        <div class=\"subcat-cont\">\n              <a href=\"https:\/\/www.tisa.si\/tisa-homes\/de\/wohnungen\/wohnung-a6\/\" class=\"subcat-item\">\n                <div>\n                    <div class=\"image\">\n                      <img src=\"https:\/\/www.tisa.si\/tisa-homes\/wp-content\/uploads\/2024\/02\/1000016774.jpg\">\n                    <\/div>\n                    <div class=\"text\">\n                      <h4>Wohnung A6<\/h4>\n                      <p>BIS ZU 4 PERSONEN (maximal 3 Erwachsene mit Kindern)<\/p>\n                      <p>1 Schlafzimmer<\/p>\n\n                    <\/div>\n                    <a href=\"https:\/\/www.tisa.si\/tisa-homes\/de\/wohnungen\/wohnung-a6\/\" class=\"subcat-item btn  btn-default btn-sm \">\n                      Mehr Details<\/a>\n                      <\/a> \n                <\/div>\n              <\/a>\n            <\/div>\n                        <div class=\"subcat-cont\">\n              <a href=\"https:\/\/www.tisa.si\/tisa-homes\/de\/wohnungen\/wohnung-a8\/\" class=\"subcat-item\">\n                <div>\n                    <div class=\"image\">\n                      <img src=\"https:\/\/www.tisa.si\/tisa-homes\/wp-content\/uploads\/2024\/02\/1000016765-1.jpg\">\n                    <\/div>\n                    <div class=\"text\">\n                      <h4>Wohnung A8<\/h4>\n                      <p>BIS ZU 4 PERSONEN (maximal 3 Erwachsene mit Kindern)<\/p>\n                      <p>1 Schlafzimmer<\/p>\n\n                    <\/div>\n                    <a href=\"https:\/\/www.tisa.si\/tisa-homes\/de\/wohnungen\/wohnung-a8\/\" class=\"subcat-item btn  btn-default btn-sm \">\n                      Mehr Details<\/a>\n                      <\/a> \n                <\/div>\n              <\/a>\n            <\/div>\n                        <div class=\"subcat-cont\">\n              <a href=\"https:\/\/www.tisa.si\/tisa-homes\/de\/wohnungen\/wohnung-a10\/\" class=\"subcat-item\">\n                <div>\n                    <div class=\"image\">\n                      <img src=\"https:\/\/www.tisa.si\/tisa-homes\/wp-content\/uploads\/2024\/02\/1000016767-1.jpg\">\n                    <\/div>\n                    <div class=\"text\">\n                      <h4>Wohnung A10<\/h4>\n                      <p>BIS ZU 5 PERSONEN (maximal 4 Erwachsene mit Kindern)<\/p>\n                      <p>2 Schlafzimmer<\/p>\n\n                    <\/div>\n                    <a href=\"https:\/\/www.tisa.si\/tisa-homes\/de\/wohnungen\/wohnung-a10\/\" class=\"subcat-item btn  btn-default btn-sm \">\n                      Mehr Details<\/a>\n                      <\/a> \n                <\/div>\n              <\/a>\n            <\/div>\n                    <\/div>\n                        \n    \n        [\/vc_column][\/vc_row][\/vc_column][\/vc_row]<\/p>\n","protected":false},"excerpt":{"rendered":"<p>[vc_row full_width=&#8220;stretch_row&#8220; imgs=&#8220;523&#8243; el_class=&#8220;main-banner&#8220;][vc_column][vc_row_inner][vc_column_inner offset=&#8220;vc_col-lg-7 vc_col-md-8&#8243;][vc_column_text el_class=&#8220;slider-title&#8220;] Ferienh\u00e4user im Savudrija In der N\u00e4he des ber\u00fchmten Leuchtturms von Savudrija, nur eine Gehminute vom Strand entfernt, befindet sich das Ferienresort Tisa Homes.[\/vc_column_text][\/vc_column_inner][vc_column_inner offset=&#8220;vc_col-lg-5 vc_col-md-4&#8243;][\/vc_column_inner][\/vc_row_inner][\/vc_column][\/vc_row][vc_row css=&#8220;.vc_custom_1671037369721{margin-bottom: 65px !important;}&#8220; el_class=&#8220;hsec1&#8243;][vc_column width=&#8220;1\/2&#8243;][vc_column_text] Tisa Homes &#8211; Feriendorf in Savudrija Es gibt 6 freistehende H\u00e4user, die f\u00fcr die Unterbringung einer Familie oder 3-4 Erwachsene geeignet sind. Alle Unterk\u00fcnfte verf\u00fcgen \u00fcber eine K\u00fcche mit Essbereich, eine Veranda, Klimaanlage, einen Flachbild-TV und ein eigenes Bad mit Dusche. Balkone mit Blick auf den gemeinsamen Garten mit Badmintonplatz und Tischtennis sorgen daf\u00fcr, dass die Eltern beruhigt sind, w\u00e4hrend ihre Kinder spielen.[\/vc_column_text][\/vc_column][vc_column width=&#8220;1\/2&#8243;][vc_single_image image=&#8220;226&#8243; img_size=&#8220;700&#215;440&#8243; css=&#8220;.vc_custom_1669379281585{margin-top: 35px !important;margin-bottom: 0px !important;}&#8220;][\/vc_column][\/vc_row][vc_row full_width=&#8220;stretch_row&#8220; css=&#8220;.vc_custom_1671040201230{background-color: #fbf4ec !important;}&#8220; el_class=&#8220;hsec2&#8243;][vc_column width=&#8220;1\/3&#8243;][vc_column_text] Ausstattung der Unterkunft [\/vc_column_text][vc_separator color=&#8220;custom&#8220; align=&#8220;align_left&#8220; [&hellip;]<\/p>\n","protected":false},"author":2,"featured_media":0,"parent":0,"menu_order":0,"comment_status":"closed","ping_status":"closed","template":"","meta":[],"_links":{"self":[{"href":"https:\/\/www.tisa.si\/tisa-homes\/de\/wp-json\/wp\/v2\/pages\/808"}],"collection":[{"href":"https:\/\/www.tisa.si\/tisa-homes\/de\/wp-json\/wp\/v2\/pages"}],"about":[{"href":"https:\/\/www.tisa.si\/tisa-homes\/de\/wp-json\/wp\/v2\/types\/page"}],"author":[{"embeddable":true,"href":"https:\/\/www.tisa.si\/tisa-homes\/de\/wp-json\/wp\/v2\/users\/2"}],"replies":[{"embeddable":true,"href":"https:\/\/www.tisa.si\/tisa-homes\/de\/wp-json\/wp\/v2\/comments?post=808"}],"version-history":[{"count":0,"href":"https:\/\/www.tisa.si\/tisa-homes\/de\/wp-json\/wp\/v2\/pages\/808\/revisions"}],"wp:attachment":[{"href":"https:\/\/www.tisa.si\/tisa-homes\/de\/wp-json\/wp\/v2\/media?parent=808"}],"curies":[{"name":"wp","href":"https:\/\/api.w.org\/{rel}","templated":true}]}}