{"id":904,"date":"2022-11-25T14:19:07","date_gmt":"2022-11-25T13:19:07","guid":{"rendered":"https:\/\/www.tisa.si\/tisa-homes\/wohnung-a4\/"},"modified":"2024-03-06T10:27:29","modified_gmt":"2024-03-06T09:27:29","slug":"wohnung-a4","status":"publish","type":"page","link":"https:\/\/www.tisa.si\/tisa-homes\/de\/wohnungen\/wohnung-a4\/","title":{"rendered":"Wohnung A4"},"content":{"rendered":"<p>[vc_row full_width=&#8220;stretch_row_content_no_spaces&#8220;][vc_column]\t\t\r\n\t\t<div class=\"title-container \">\r\n\t\t\t<div class=\"container\">\r\n\t\t\t\t<h1>Wohnung A4<\/h1>\r\n\t\t\t\t<div class=\"breadcrumbs-container\">\r\n\t\t\t\t\t<div class=\"breadcrumbs\">\r\n\t\t\t\t\t\t\n\t<ul class=\"ns-breadcrumbs\">\n\t\t\t<li><a href=\"https:\/\/www.tisa.si\/tisa-homes\/de\/\">Heim<\/a><\/li>\n\t\t\t\t\t<li><a href=\"https:\/\/www.tisa.si\/tisa-homes\/de\/wohnungen\/\">Wohnungen<\/a><\/li>\n\t\t\t\t<li>Wohnung A4<\/li>\n\t<\/ul>\n\t\n\t\t\t\t\t\t\t<div class=\"clearfix\"><\/div>\r\n\t\t\t\t\t<\/div>\r\n\t\t\t\t<\/div>\r\n\t\t\t<\/div>\r\n\t\t<\/div>\r\n\r\n\t\t[\/vc_column][\/vc_row][vc_row css=&#8220;.vc_custom_1671107277079{margin-top: 50px !important;margin-bottom: 50px !important;}&#8220; el_class=&#8220;sp-intro-apartma&#8220;][vc_column width=&#8220;1\/2&#8243;][vc_column_text]<\/p>\n<ul>\n<li><span data-contrast=\"auto\"><b>Hausgr\u00f6\u00dfe:<\/b> <span data-contrast=\"auto\">45<\/span> <span data-contrast=\"auto\"><span data-fontsize=\"11\">m2<\/span><\/span><\/span><\/li>\n<li><span data-contrast=\"auto\">Das Haus ist f\u00fcr 4 Personen geeignet.<\/span><\/li>\n<li><span data-contrast=\"auto\">Es hat ein Doppelbett, ein Einzelbett und ein Schlafsofa.<\/span><\/li>\n<li><span data-contrast=\"auto\">Bequeme Betten: 9,5 \u2013 basierend auf Besucherbewertungen.<\/span><\/li>\n<\/ul>\n<p>[\/vc_column_text]\t\t\n\t\t<a href=\"https:\/\/www.tisa.si\/tisa-homes\/de\/reservierung\/\" target=\"\" class=\"btn  btn-default btn-sm \" id=\"\">Vereinbare einen Termin<\/a>\n\n\t\t[\/vc_column][vc_column width=&#8220;1\/2&#8243;]\t\t\n\t\t\t\t\t<div >\n\t\t\t\t<img src=\"https:\/\/www.tisa.si\/tisa-homes\/wp-content\/uploads\/2024\/02\/zkc_5737.jpg\" class=\"img-responsive\">\n\t\t\t<\/div>\n\t\t\t\t\n\t\t[\/vc_column][\/vc_row][vc_row full_width=&#8220;stretch_row&#8220; css=&#8220;.vc_custom_1671106894316{background-color: #fbf4ec !important;}&#8220; el_class=&#8220;sp-apartma&#8220;][vc_column width=&#8220;1\/4&#8243;][vc_column_text]<\/p>\n<h3><span data-contrast=\"auto\">Haus mit 1 Schlafzimmer<\/span><\/h3>\n<p>[\/vc_column_text][vc_column_text]<\/p>\n<ul>\n<li>Das gesamte Ferienhaus<\/li>\n<li>Eigene K\u00fcche<\/li>\n<li>Eigenes Bad<\/li>\n<li>Balkon<\/li>\n<li>Gartenaussicht<\/li>\n<li>Klimaanlage<\/li>\n<li>Veranda<\/li>\n<li>Flachbildfernseher<\/li>\n<li>Terrasse<\/li>\n<li>Gratis Wifi<\/li>\n<\/ul>\n<p>[\/vc_column_text][\/vc_column][vc_column width=&#8220;1\/2&#8243;][vc_column_text]<\/p>\n<h3><span data-contrast=\"auto\">Ausstattung im Haus<\/span><\/h3>\n<p>[\/vc_column_text][vc_row_inner][vc_column_inner width=&#8220;1\/2&#8243;][vc_column_text]<\/p>\n<ul>\n<li><span data-contrast=\"auto\">Bettw\u00e4sche<\/span><\/li>\n<li><span data-contrast=\"auto\">Kleiderschrank oder Schrank<\/span><\/li>\n<li><span data-contrast=\"auto\">Steckdosen mit Kindersicherung<\/span><\/li>\n<li><span data-contrast=\"auto\">Klimaanlage<\/span><\/li>\n<li><span data-contrast=\"auto\">Marmorboden \/ Fliesen<\/span><\/li>\n<li><span data-contrast=\"auto\">Eigener Eingang<\/span><\/li>\n<li><span data-contrast=\"auto\">Die Heizung<\/span><\/li>\n<li><span data-contrast=\"auto\">Geschirr<\/span><\/li>\n<\/ul>\n<p>[\/vc_column_text][\/vc_column_inner][vc_column_inner width=&#8220;1\/2&#8243;][vc_column_text]<\/p>\n<ul>\n<li><span data-contrast=\"auto\">Die K\u00fcche<\/span><\/li>\n<li><span data-contrast=\"auto\">Flachbildfernseher<\/span><\/li>\n<li><span data-contrast=\"auto\">Balkon<\/span><\/li>\n<li><span data-contrast=\"auto\">Terrasse<\/span><\/li>\n<li><span data-contrast=\"auto\">Veranda<\/span><\/li>\n<li><span data-contrast=\"auto\">Steckdose am Bett<\/span><\/li>\n<li><span data-contrast=\"auto\">W\u00e4schest\u00e4nder<\/span><\/li>\n<li><span data-contrast=\"auto\">Schlafsofa<\/span><\/li>\n<\/ul>\n<p>[\/vc_column_text][\/vc_column_inner][\/vc_row_inner][\/vc_column][vc_column width=&#8220;1\/4&#8243;][vc_column_text]<\/p>\n<h3><span data-contrast=\"auto\">In Ihrem privaten Badezimmer<\/span><\/h3>\n<p>[\/vc_column_text][vc_column_text]<\/p>\n<ul>\n<li><span data-contrast=\"auto\">Toilette<\/span><\/li>\n<li><span data-contrast=\"auto\">Bad oder Dusche<\/span><\/li>\n<li><span data-contrast=\"auto\">Handt\u00fccher<\/span><\/li>\n<li><span data-contrast=\"auto\">Haartrockner<\/span><\/li>\n<li><span data-contrast=\"auto\">Klopapier<\/span><\/li>\n<\/ul>\n<p>[\/vc_column_text][vc_column_text]<\/p>\n<h3><span data-contrast=\"auto\">Sicht<\/span><\/h3>\n<ul>\n<li><span data-contrast=\"auto\">Gartenaussicht<\/span><\/li>\n<\/ul>\n<p>[\/vc_column_text][vc_column_text el_class=&#8220;forbidden&#8220;]<\/p>\n<h3><\/h3>\n<h3><span data-contrast=\"auto\">Rauchen<\/span><\/h3>\n<ul>\n<li><span data-contrast=\"auto\">Rauchen verboten<\/span><\/li>\n<\/ul>\n<p>[\/vc_column_text][\/vc_column][\/vc_row][vc_row][vc_column][vc_column_text]<\/p>\n<h3 style=\"text-align: center;\">Bildergalerie &#8211; Wohnung A4<\/h3>\n<p>[\/vc_column_text][vc_row][vc_column]\n\t\t<script type=\"text\/javascript\">\n\t\t\tjQuery( document ).ready(function() {\n\t\t\t\tdocument.getElementById('1709054304297-80bd179a-2623').onclick = function (event) {\n\t\t\t\tevent = event || window.event;\n\t\t\t\tvar target = event.target || event.srcElement,\n\t\t\t\t\tlink = target.src ? target.parentNode : target,\n\t\t\t\t\toptions = {index: link, event: event},\n\t\t\t\t\tlinks = this.getElementsByTagName('a');\n\t\t\t\tblueimp.Gallery(links, options);\n\t\t\t\t};\n\t\t\t});\n\t\t<\/script>\n\n\t\t<div class=\"ns-gallery-section\">\n\t\t\t<div id=\"1709054304297-80bd179a-2623\" class=\"ns-gallery nsg-p15\">\n\t\t\t\t\t\t\t\t\t<div class=\"nsg-gitem nsg-c4\">\n\t\t\t\t\t\t<a href=\"https:\/\/www.tisa.si\/tisa-homes\/wp-content\/uploads\/2024\/02\/zkc_5737.jpg\" class=\"nsg-img-container nsg-r4-3\" title=\"\">\n\t\t\t\t\t\t\t<img class=\"nsg-img\" src=\"https:\/\/www.tisa.si\/tisa-homes\/slir\/w368\/wp-content\/uploads\/2024\/02\/zkc_5737.jpg\">\n\t\t\t\t\t\t<\/a>\n\t\t\t\t\t\t<span class=\"nsg-img-title\"><\/span>\n\t\t\t\t\t<\/div>\n\t\t\t\t\t\t\t\t\t<div class=\"nsg-gitem nsg-c4\">\n\t\t\t\t\t\t<a href=\"https:\/\/www.tisa.si\/tisa-homes\/wp-content\/uploads\/2024\/02\/zkc_5744.jpg\" class=\"nsg-img-container nsg-r4-3\" title=\"\">\n\t\t\t\t\t\t\t<img class=\"nsg-img\" src=\"https:\/\/www.tisa.si\/tisa-homes\/slir\/w368\/wp-content\/uploads\/2024\/02\/zkc_5744.jpg\">\n\t\t\t\t\t\t<\/a>\n\t\t\t\t\t\t<span class=\"nsg-img-title\"><\/span>\n\t\t\t\t\t<\/div>\n\t\t\t\t\t\t\t\t\t<div class=\"nsg-gitem nsg-c4\">\n\t\t\t\t\t\t<a href=\"https:\/\/www.tisa.si\/tisa-homes\/wp-content\/uploads\/2024\/02\/zkc_5745.jpg\" class=\"nsg-img-container nsg-r4-3\" title=\"\">\n\t\t\t\t\t\t\t<img class=\"nsg-img\" src=\"https:\/\/www.tisa.si\/tisa-homes\/slir\/w368\/wp-content\/uploads\/2024\/02\/zkc_5745.jpg\">\n\t\t\t\t\t\t<\/a>\n\t\t\t\t\t\t<span class=\"nsg-img-title\"><\/span>\n\t\t\t\t\t<\/div>\n\t\t\t\t\t\t\t\t\t<div class=\"nsg-gitem nsg-c4\">\n\t\t\t\t\t\t<a href=\"https:\/\/www.tisa.si\/tisa-homes\/wp-content\/uploads\/2024\/02\/zkc_5750.jpg\" class=\"nsg-img-container nsg-r4-3\" title=\"\">\n\t\t\t\t\t\t\t<img class=\"nsg-img\" src=\"https:\/\/www.tisa.si\/tisa-homes\/slir\/w368\/wp-content\/uploads\/2024\/02\/zkc_5750.jpg\">\n\t\t\t\t\t\t<\/a>\n\t\t\t\t\t\t<span class=\"nsg-img-title\"><\/span>\n\t\t\t\t\t<\/div>\n\t\t\t\t\t\t\t\t\t<div class=\"nsg-gitem nsg-c4\">\n\t\t\t\t\t\t<a href=\"https:\/\/www.tisa.si\/tisa-homes\/wp-content\/uploads\/2024\/02\/zkc_5754-scaled.jpg\" class=\"nsg-img-container nsg-r4-3\" title=\"\">\n\t\t\t\t\t\t\t<img class=\"nsg-img\" src=\"https:\/\/www.tisa.si\/tisa-homes\/slir\/w368\/wp-content\/uploads\/2024\/02\/zkc_5754-scaled.jpg\">\n\t\t\t\t\t\t<\/a>\n\t\t\t\t\t\t<span class=\"nsg-img-title\"><\/span>\n\t\t\t\t\t<\/div>\n\t\t\t\t\t\t\t\t\t<div class=\"nsg-gitem nsg-c4\">\n\t\t\t\t\t\t<a href=\"https:\/\/www.tisa.si\/tisa-homes\/wp-content\/uploads\/2024\/02\/zkc_5755.jpg\" class=\"nsg-img-container nsg-r4-3\" title=\"\">\n\t\t\t\t\t\t\t<img class=\"nsg-img\" src=\"https:\/\/www.tisa.si\/tisa-homes\/slir\/w368\/wp-content\/uploads\/2024\/02\/zkc_5755.jpg\">\n\t\t\t\t\t\t<\/a>\n\t\t\t\t\t\t<span class=\"nsg-img-title\"><\/span>\n\t\t\t\t\t<\/div>\n\t\t\t\t\t\t\t<\/div>\n\t\t<\/div>\n\n\t\t[\/vc_column][\/vc_row][\/vc_column][\/vc_row]<\/p>\n","protected":false},"excerpt":{"rendered":"<p>[vc_row full_width=&#8220;stretch_row_content_no_spaces&#8220;][vc_column][\/vc_column][\/vc_row][vc_row css=&#8220;.vc_custom_1671107277079{margin-top: 50px !important;margin-bottom: 50px !important;}&#8220; el_class=&#8220;sp-intro-apartma&#8220;][vc_column width=&#8220;1\/2&#8243;][vc_column_text] Hausgr\u00f6\u00dfe: 45 m2 Das Haus ist f\u00fcr 4 Personen geeignet. Es hat ein Doppelbett, ein Einzelbett und ein Schlafsofa. Bequeme Betten: 9,5 \u2013 basierend auf Besucherbewertungen. [\/vc_column_text][\/vc_column][vc_column width=&#8220;1\/2&#8243;][\/vc_column][\/vc_row][vc_row full_width=&#8220;stretch_row&#8220; css=&#8220;.vc_custom_1671106894316{background-color: #fbf4ec !important;}&#8220; el_class=&#8220;sp-apartma&#8220;][vc_column width=&#8220;1\/4&#8243;][vc_column_text] Haus mit 1 Schlafzimmer [\/vc_column_text][vc_column_text] Das gesamte Ferienhaus Eigene K\u00fcche Eigenes Bad Balkon Gartenaussicht Klimaanlage Veranda Flachbildfernseher Terrasse Gratis Wifi [\/vc_column_text][\/vc_column][vc_column width=&#8220;1\/2&#8243;][vc_column_text] Ausstattung im Haus [\/vc_column_text][vc_row_inner][vc_column_inner width=&#8220;1\/2&#8243;][vc_column_text] Bettw\u00e4sche Kleiderschrank oder Schrank Steckdosen mit Kindersicherung Klimaanlage Marmorboden \/ Fliesen Eigener Eingang Die Heizung Geschirr [\/vc_column_text][\/vc_column_inner][vc_column_inner width=&#8220;1\/2&#8243;][vc_column_text] Die K\u00fcche Flachbildfernseher Balkon Terrasse Veranda Steckdose am Bett W\u00e4schest\u00e4nder Schlafsofa [\/vc_column_text][\/vc_column_inner][\/vc_row_inner][\/vc_column][vc_column width=&#8220;1\/4&#8243;][vc_column_text] In Ihrem privaten Badezimmer [\/vc_column_text][vc_column_text] Toilette Bad oder Dusche Handt\u00fccher Haartrockner Klopapier [\/vc_column_text][vc_column_text] Sicht Gartenaussicht [\/vc_column_text][vc_column_text el_class=&#8220;forbidden&#8220;] Rauchen Rauchen [&hellip;]<\/p>\n","protected":false},"author":2,"featured_media":2230,"parent":907,"menu_order":0,"comment_status":"closed","ping_status":"closed","template":"","meta":[],"_links":{"self":[{"href":"https:\/\/www.tisa.si\/tisa-homes\/de\/wp-json\/wp\/v2\/pages\/904"}],"collection":[{"href":"https:\/\/www.tisa.si\/tisa-homes\/de\/wp-json\/wp\/v2\/pages"}],"about":[{"href":"https:\/\/www.tisa.si\/tisa-homes\/de\/wp-json\/wp\/v2\/types\/page"}],"author":[{"embeddable":true,"href":"https:\/\/www.tisa.si\/tisa-homes\/de\/wp-json\/wp\/v2\/users\/2"}],"replies":[{"embeddable":true,"href":"https:\/\/www.tisa.si\/tisa-homes\/de\/wp-json\/wp\/v2\/comments?post=904"}],"version-history":[{"count":0,"href":"https:\/\/www.tisa.si\/tisa-homes\/de\/wp-json\/wp\/v2\/pages\/904\/revisions"}],"up":[{"embeddable":true,"href":"https:\/\/www.tisa.si\/tisa-homes\/de\/wp-json\/wp\/v2\/pages\/907"}],"wp:featuredmedia":[{"embeddable":true,"href":"https:\/\/www.tisa.si\/tisa-homes\/de\/wp-json\/wp\/v2\/media\/2230"}],"wp:attachment":[{"href":"https:\/\/www.tisa.si\/tisa-homes\/de\/wp-json\/wp\/v2\/media?parent=904"}],"curies":[{"name":"wp","href":"https:\/\/api.w.org\/{rel}","templated":true}]}}