{"id":907,"date":"2016-10-18T11:31:19","date_gmt":"2016-10-18T09:31:19","guid":{"rendered":"https:\/\/www.tisa.si\/tisa-homes\/wohnungen\/"},"modified":"2023-04-06T15:16:27","modified_gmt":"2023-04-06T13:16:27","slug":"wohnungen","status":"publish","type":"page","link":"https:\/\/www.tisa.si\/tisa-homes\/de\/wohnungen\/","title":{"rendered":"Wohnungen"},"content":{"rendered":"<p>[vc_row full_width=&#8220;stretch_row_content_no_spaces&#8220;][vc_column]\t\t\r\n\t\t<div class=\"title-container \">\r\n\t\t\t<div class=\"container\">\r\n\t\t\t\t<h1>Wohnungen<\/h1>\r\n\t\t\t\t<div class=\"breadcrumbs-container\">\r\n\t\t\t\t\t<div class=\"breadcrumbs\">\r\n\t\t\t\t\t\t\n\t<ul class=\"ns-breadcrumbs\">\n\t\t\t<li><a href=\"https:\/\/www.tisa.si\/tisa-homes\/de\/\">Heim<\/a><\/li>\n\t\t\t\t<li>Wohnungen<\/li>\n\t<\/ul>\n\t\n\t\t\t\t\t\t\t<div class=\"clearfix\"><\/div>\r\n\t\t\t\t\t<\/div>\r\n\t\t\t\t<\/div>\r\n\t\t\t<\/div>\r\n\t\t<\/div>\r\n\r\n\t\t[\/vc_column][\/vc_row][vc_row][vc_column width=&#8220;1\/2&#8243;][vc_column_text]<\/p>\n<h2>Tisa Homes &#8211; Savudrija<\/h2>\n<p>In der N\u00e4he des ber\u00fchmten Leuchtturms von Savudrija, nur eine Gehminute vom Strand entfernt, befindet sich das Ferienresort Tisa Homes. Es gibt 6 freistehende H\u00e4user, die f\u00fcr die Unterbringung einer Familie oder 3-4 Erwachsene geeignet sind. Alle Unterk\u00fcnfte verf\u00fcgen \u00fcber eine K\u00fcche mit Essbereich, eine Veranda, Klimaanlage, einen Flachbild-TV und ein eigenes Bad mit Dusche.<\/p>\n<p>Balkone mit Blick auf den gemeinsamen Garten mit Badmintonplatz und Tischtennis sorgen daf\u00fcr, dass die Eltern beruhigt sind, w\u00e4hrend ihre Kinder spielen.[\/vc_column_text]\t\t\n\t\t<a href=\"https:\/\/www.tisa.si\/tisa-homes\/de\/wie-erreichen-sie-uns\/\" target=\"\" class=\"btn  btn-default btn-sm \" id=\"\">Wie erreichen Sie uns?<\/a>\n\n\t\t[vc_empty_space height=&#8220;10px&#8220;]\t\t\n\t\t<a href=\"https:\/\/www.tisa.si\/tisa-homes\/de\/reservierung\/\" target=\"\" class=\"btn  btn-default btn-sm \" id=\"\">Vereinbare einen Termin<\/a>\n\n\t\t[\/vc_column][vc_column width=&#8220;1\/2&#8243;][vc_single_image image=&#8220;226&#8243; img_size=&#8220;700&#215;440&#8243; css=&#8220;.vc_custom_1669379251592{margin-top: 35px !important;margin-bottom: 0px !important;}&#8220;][\/vc_column][\/vc_row][vc_row full_width=&#8220;stretch_row&#8220; css=&#8220;.vc_custom_1671108228362{margin-bottom: 0px !important;padding-top: 35px !important;padding-bottom: 35px !important;}&#8220;][vc_column][vc_column_text]<\/p>\n<h3 style=\"text-align: center\">Angebot von Mehrfamilienh\u00e4usern<\/h3>\n<p>[\/vc_column_text][vc_row][vc_column]          \n\n\n            \n    \n                  <div class=\"subcat-wrap subcat-wrap-slider\" id=\"69fb700931c9e\">\n    \n\n                        <div class=\"subcat-cont\">\n              <a href=\"https:\/\/www.tisa.si\/tisa-homes\/de\/wohnungen\/wohnung-a1\/\" class=\"subcat-item\">\n                <div>\n                    <div class=\"image\">\n                      <img src=\"https:\/\/www.tisa.si\/tisa-homes\/wp-content\/uploads\/2024\/02\/1000016817.jpg\">\n                    <\/div>\n                    <div class=\"text\">\n                      <h4>Wohnung A1<\/h4>\n                      <p>BIS ZU 4 PERSONEN (maximal 3 Erwachsene mit Kindern)<\/p>\n                      <p>1 Schlafzimmer<\/p>\n\n                    <\/div>\n                    <a href=\"https:\/\/www.tisa.si\/tisa-homes\/de\/wohnungen\/wohnung-a1\/\" class=\"subcat-item btn  btn-default btn-sm \">\n                      Mehr Details<\/a>\n                      <\/a> \n                <\/div>\n              <\/a>\n            <\/div>\n                        <div class=\"subcat-cont\">\n              <a href=\"https:\/\/www.tisa.si\/tisa-homes\/de\/wohnungen\/wohnung-a9\/\" class=\"subcat-item\">\n                <div>\n                    <div class=\"image\">\n                      <img src=\"https:\/\/www.tisa.si\/tisa-homes\/wp-content\/uploads\/2024\/02\/1000016833.jpg\">\n                    <\/div>\n                    <div class=\"text\">\n                      <h4>Wohnung A9<\/h4>\n                      <p>BIS ZU 4 PERSONEN (maximal 3 Erwachsene mit Kindern)<\/p>\n                      <p>1 Schlafzimmer<\/p>\n\n                    <\/div>\n                    <a href=\"https:\/\/www.tisa.si\/tisa-homes\/de\/wohnungen\/wohnung-a9\/\" class=\"subcat-item btn  btn-default btn-sm \">\n                      Mehr Details<\/a>\n                      <\/a> \n                <\/div>\n              <\/a>\n            <\/div>\n                        <div class=\"subcat-cont\">\n              <a href=\"https:\/\/www.tisa.si\/tisa-homes\/de\/wohnungen\/wohnung-a4\/\" class=\"subcat-item\">\n                <div>\n                    <div class=\"image\">\n                      <img src=\"https:\/\/www.tisa.si\/tisa-homes\/wp-content\/uploads\/2024\/02\/zkc_5737.jpg\">\n                    <\/div>\n                    <div class=\"text\">\n                      <h4>Wohnung A4<\/h4>\n                      <p>BIS ZU 4 PERSONEN (maximal 3 Erwachsene mit Kindern)<\/p>\n                      <p>1 Schlafzimmer<\/p>\n\n                    <\/div>\n                    <a href=\"https:\/\/www.tisa.si\/tisa-homes\/de\/wohnungen\/wohnung-a4\/\" class=\"subcat-item btn  btn-default btn-sm \">\n                      Mehr Details<\/a>\n                      <\/a> \n                <\/div>\n              <\/a>\n            <\/div>\n                        <div class=\"subcat-cont\">\n              <a href=\"https:\/\/www.tisa.si\/tisa-homes\/de\/wohnungen\/wohnung-a6\/\" class=\"subcat-item\">\n                <div>\n                    <div class=\"image\">\n                      <img src=\"https:\/\/www.tisa.si\/tisa-homes\/wp-content\/uploads\/2024\/02\/1000016774.jpg\">\n                    <\/div>\n                    <div class=\"text\">\n                      <h4>Wohnung A6<\/h4>\n                      <p>BIS ZU 4 PERSONEN (maximal 3 Erwachsene mit Kindern)<\/p>\n                      <p>1 Schlafzimmer<\/p>\n\n                    <\/div>\n                    <a href=\"https:\/\/www.tisa.si\/tisa-homes\/de\/wohnungen\/wohnung-a6\/\" class=\"subcat-item btn  btn-default btn-sm \">\n                      Mehr Details<\/a>\n                      <\/a> \n                <\/div>\n              <\/a>\n            <\/div>\n                        <div class=\"subcat-cont\">\n              <a href=\"https:\/\/www.tisa.si\/tisa-homes\/de\/wohnungen\/wohnung-a8\/\" class=\"subcat-item\">\n                <div>\n                    <div class=\"image\">\n                      <img src=\"https:\/\/www.tisa.si\/tisa-homes\/wp-content\/uploads\/2024\/02\/1000016765-1.jpg\">\n                    <\/div>\n                    <div class=\"text\">\n                      <h4>Wohnung A8<\/h4>\n                      <p>BIS ZU 4 PERSONEN (maximal 3 Erwachsene mit Kindern)<\/p>\n                      <p>1 Schlafzimmer<\/p>\n\n                    <\/div>\n                    <a href=\"https:\/\/www.tisa.si\/tisa-homes\/de\/wohnungen\/wohnung-a8\/\" class=\"subcat-item btn  btn-default btn-sm \">\n                      Mehr Details<\/a>\n                      <\/a> \n                <\/div>\n              <\/a>\n            <\/div>\n                        <div class=\"subcat-cont\">\n              <a href=\"https:\/\/www.tisa.si\/tisa-homes\/de\/wohnungen\/wohnung-a10\/\" class=\"subcat-item\">\n                <div>\n                    <div class=\"image\">\n                      <img src=\"https:\/\/www.tisa.si\/tisa-homes\/wp-content\/uploads\/2024\/02\/1000016767-1.jpg\">\n                    <\/div>\n                    <div class=\"text\">\n                      <h4>Wohnung A10<\/h4>\n                      <p>BIS ZU 5 PERSONEN (maximal 4 Erwachsene mit Kindern)<\/p>\n                      <p>2 Schlafzimmer<\/p>\n\n                    <\/div>\n                    <a href=\"https:\/\/www.tisa.si\/tisa-homes\/de\/wohnungen\/wohnung-a10\/\" class=\"subcat-item btn  btn-default btn-sm \">\n                      Mehr Details<\/a>\n                      <\/a> \n                <\/div>\n              <\/a>\n            <\/div>\n                    <\/div>\n                        \n    \n        [\/vc_column][\/vc_row][\/vc_column][\/vc_row]<\/p>\n","protected":false},"excerpt":{"rendered":"<p>[vc_row full_width=&#8220;stretch_row_content_no_spaces&#8220;][vc_column][\/vc_column][\/vc_row][vc_row][vc_column width=&#8220;1\/2&#8243;][vc_column_text] Tisa Homes &#8211; Savudrija In der N\u00e4he des ber\u00fchmten Leuchtturms von Savudrija, nur eine Gehminute vom Strand entfernt, befindet sich das Ferienresort Tisa Homes. Es gibt 6 freistehende H\u00e4user, die f\u00fcr die Unterbringung einer Familie oder 3-4 Erwachsene geeignet sind. Alle Unterk\u00fcnfte verf\u00fcgen \u00fcber eine K\u00fcche mit Essbereich, eine Veranda, Klimaanlage, einen Flachbild-TV und ein eigenes Bad mit Dusche. Balkone mit Blick auf den gemeinsamen Garten mit Badmintonplatz und Tischtennis sorgen daf\u00fcr, dass die Eltern beruhigt sind, w\u00e4hrend ihre Kinder spielen.[\/vc_column_text][vc_empty_space height=&#8220;10px&#8220;][\/vc_column][vc_column width=&#8220;1\/2&#8243;][vc_single_image image=&#8220;226&#8243; img_size=&#8220;700&#215;440&#8243; css=&#8220;.vc_custom_1669379251592{margin-top: 35px !important;margin-bottom: 0px !important;}&#8220;][\/vc_column][\/vc_row][vc_row full_width=&#8220;stretch_row&#8220; css=&#8220;.vc_custom_1671108228362{margin-bottom: 0px !important;padding-top: 35px !important;padding-bottom: 35px !important;}&#8220;][vc_column][vc_column_text] Angebot von Mehrfamilienh\u00e4usern [\/vc_column_text][\/vc_column][\/vc_row]<\/p>\n","protected":false},"author":2,"featured_media":0,"parent":0,"menu_order":1,"comment_status":"closed","ping_status":"closed","template":"","meta":[],"_links":{"self":[{"href":"https:\/\/www.tisa.si\/tisa-homes\/de\/wp-json\/wp\/v2\/pages\/907"}],"collection":[{"href":"https:\/\/www.tisa.si\/tisa-homes\/de\/wp-json\/wp\/v2\/pages"}],"about":[{"href":"https:\/\/www.tisa.si\/tisa-homes\/de\/wp-json\/wp\/v2\/types\/page"}],"author":[{"embeddable":true,"href":"https:\/\/www.tisa.si\/tisa-homes\/de\/wp-json\/wp\/v2\/users\/2"}],"replies":[{"embeddable":true,"href":"https:\/\/www.tisa.si\/tisa-homes\/de\/wp-json\/wp\/v2\/comments?post=907"}],"version-history":[{"count":0,"href":"https:\/\/www.tisa.si\/tisa-homes\/de\/wp-json\/wp\/v2\/pages\/907\/revisions"}],"wp:attachment":[{"href":"https:\/\/www.tisa.si\/tisa-homes\/de\/wp-json\/wp\/v2\/media?parent=907"}],"curies":[{"name":"wp","href":"https:\/\/api.w.org\/{rel}","templated":true}]}}