{"id":1345,"date":"2016-10-18T11:31:19","date_gmt":"2016-10-18T09:31:19","guid":{"rendered":"https:\/\/www.tisa.si\/tisa-homes\/appartements\/"},"modified":"2023-04-06T15:16:25","modified_gmt":"2023-04-06T13:16:25","slug":"appartements","status":"publish","type":"page","link":"https:\/\/www.tisa.si\/tisa-homes\/fr\/appartements\/","title":{"rendered":"Appartements"},"content":{"rendered":"<p>[vc_row full_width=\u00a0\u00bbstretch_row_content_no_spaces\u00a0\u00bb][vc_column]\t\t\r\n\t\t<div class=\"title-container \">\r\n\t\t\t<div class=\"container\">\r\n\t\t\t\t<h1>Appartements<\/h1>\r\n\t\t\t\t<div class=\"breadcrumbs-container\">\r\n\t\t\t\t\t<div class=\"breadcrumbs\">\r\n\t\t\t\t\t\t\n\t<ul class=\"ns-breadcrumbs\">\n\t\t\t<li><a href=\"https:\/\/www.tisa.si\/tisa-homes\/fr\/\">Maison<\/a><\/li>\n\t\t\t\t<li>Appartements<\/li>\n\t<\/ul>\n\t\n\t\t\t\t\t\t\t<div class=\"clearfix\"><\/div>\r\n\t\t\t\t\t<\/div>\r\n\t\t\t\t<\/div>\r\n\t\t\t<\/div>\r\n\t\t<\/div>\r\n\r\n\t\t[\/vc_column][\/vc_row][vc_row][vc_column width=\u00a0\u00bb1\/2&Prime;][vc_column_text]<\/p>\n<h2>Maisons Tisa &#8211; Savudrija<\/h2>\n<p>Pr\u00e8s du c\u00e9l\u00e8bre phare de Savudrija, \u00e0 seulement une minute \u00e0 pied de la plage, se trouve le complexe de vacances Tisa homes. Il y a 6 maisons individuelles pouvant accueillir une famille ou 3-4 adultes. Tous les logements disposent d&rsquo;une cuisine avec coin repas, d&rsquo;une v\u00e9randa, de la climatisation, d&rsquo;une t\u00e9l\u00e9vision \u00e0 \u00e9cran plat et d&rsquo;une salle de bains privative avec douche.<\/p>\n<p>Des balcons donnant sur le jardin commun avec un terrain de badminton et une table de ping-pong offriront aux parents la tranquillit\u00e9 d&rsquo;esprit pendant que leurs enfants jouent.[\/vc_column_text]\t\t\n\t\t<a href=\"https:\/\/www.tisa.si\/tisa-homes\/fr\/comment-nous-joindre\/\" target=\"\" class=\"btn  btn-default btn-sm \" id=\"\">Comment nous joindre?<\/a>\n\n\t\t[vc_empty_space height=\u00a0\u00bb10px\u00a0\u00bb]\t\t\n\t\t<a href=\"https:\/\/www.tisa.si\/tisa-homes\/fr\/reservation\/\" target=\"\" class=\"btn  btn-default btn-sm \" id=\"\">Prenez rendez-vous<\/a>\n\n\t\t[\/vc_column][vc_column width=\u00a0\u00bb1\/2&Prime;][vc_single_image image=\u00a0\u00bb226&Prime; img_size=\u00a0\u00bb700&#215;440&Prime; css=\u00a0\u00bb.vc_custom_1669379251592{margin-top: 35px !important;margin-bottom: 0px !important;}\u00a0\u00bb][\/vc_column][\/vc_row][vc_row full_width=\u00a0\u00bbstretch_row\u00a0\u00bb css=\u00a0\u00bb.vc_custom_1671108228362{margin-bottom: 0px !important;padding-top: 35px !important;padding-bottom: 35px !important;}\u00a0\u00bb][vc_column][vc_column_text]<\/p>\n<h3 style=\"text-align: center\">Offre de maisons d&rsquo;appartements<\/h3>\n<p>[\/vc_column_text][vc_row][vc_column]          \n\n\n            \n    \n                  <div class=\"subcat-wrap subcat-wrap-slider\" id=\"69fb5e718fae5\">\n    \n\n                        <div class=\"subcat-cont\">\n              <a href=\"https:\/\/www.tisa.si\/tisa-homes\/fr\/appartements\/appartement-a1\/\" class=\"subcat-item\">\n                <div>\n                    <div class=\"image\">\n                      <img src=\"https:\/\/www.tisa.si\/tisa-homes\/wp-content\/uploads\/2024\/02\/1000016817.jpg\">\n                    <\/div>\n                    <div class=\"text\">\n                      <h4>Appartement A1<\/h4>\n                      <p>JUSQU'\u00c0 4 PERSONNES (maximum 3 adultes avec enfants)<\/p>\n                      <p>1 chambre<\/p>\n\n                    <\/div>\n                    <a href=\"https:\/\/www.tisa.si\/tisa-homes\/fr\/appartements\/appartement-a1\/\" class=\"subcat-item btn  btn-default btn-sm \">\n                      Plus de d\u00e9tails<\/a>\n                      <\/a> \n                <\/div>\n              <\/a>\n            <\/div>\n                        <div class=\"subcat-cont\">\n              <a href=\"https:\/\/www.tisa.si\/tisa-homes\/fr\/appartements\/appartement-a4\/\" class=\"subcat-item\">\n                <div>\n                    <div class=\"image\">\n                      <img src=\"https:\/\/www.tisa.si\/tisa-homes\/wp-content\/uploads\/2024\/02\/zkc_5737.jpg\">\n                    <\/div>\n                    <div class=\"text\">\n                      <h4>Appartement A4<\/h4>\n                      <p>JUSQU'\u00c0 4 PERSONNES (maximum 3 adultes avec enfants)<\/p>\n                      <p>1 chambre<\/p>\n\n                    <\/div>\n                    <a href=\"https:\/\/www.tisa.si\/tisa-homes\/fr\/appartements\/appartement-a4\/\" class=\"subcat-item btn  btn-default btn-sm \">\n                      Plus de d\u00e9tails<\/a>\n                      <\/a> \n                <\/div>\n              <\/a>\n            <\/div>\n                        <div class=\"subcat-cont\">\n              <a href=\"https:\/\/www.tisa.si\/tisa-homes\/fr\/appartements\/appartement-a9\/\" class=\"subcat-item\">\n                <div>\n                    <div class=\"image\">\n                      <img src=\"https:\/\/www.tisa.si\/tisa-homes\/wp-content\/uploads\/2024\/02\/1000016833.jpg\">\n                    <\/div>\n                    <div class=\"text\">\n                      <h4>Appartement A9<\/h4>\n                      <p>JUSQU'\u00c0 4 PERSONNES (maximum 3 adultes avec enfants)<\/p>\n                      <p>1 chambre<\/p>\n\n                    <\/div>\n                    <a href=\"https:\/\/www.tisa.si\/tisa-homes\/fr\/appartements\/appartement-a9\/\" class=\"subcat-item btn  btn-default btn-sm \">\n                      Plus de d\u00e9tails<\/a>\n                      <\/a> \n                <\/div>\n              <\/a>\n            <\/div>\n                        <div class=\"subcat-cont\">\n              <a href=\"https:\/\/www.tisa.si\/tisa-homes\/fr\/appartements\/appartement-a8\/\" class=\"subcat-item\">\n                <div>\n                    <div class=\"image\">\n                      <img src=\"https:\/\/www.tisa.si\/tisa-homes\/wp-content\/uploads\/2024\/02\/1000016765-1.jpg\">\n                    <\/div>\n                    <div class=\"text\">\n                      <h4>Appartement A8<\/h4>\n                      <p>JUSQU'\u00c0 4 PERSONNES (maximum 3 adultes avec enfants)<\/p>\n                      <p>1 chambre<\/p>\n\n                    <\/div>\n                    <a href=\"https:\/\/www.tisa.si\/tisa-homes\/fr\/appartements\/appartement-a8\/\" class=\"subcat-item btn  btn-default btn-sm \">\n                      Plus de d\u00e9tails<\/a>\n                      <\/a> \n                <\/div>\n              <\/a>\n            <\/div>\n                        <div class=\"subcat-cont\">\n              <a href=\"https:\/\/www.tisa.si\/tisa-homes\/fr\/appartements\/appartement-a6\/\" class=\"subcat-item\">\n                <div>\n                    <div class=\"image\">\n                      <img src=\"https:\/\/www.tisa.si\/tisa-homes\/wp-content\/uploads\/2024\/02\/1000016774.jpg\">\n                    <\/div>\n                    <div class=\"text\">\n                      <h4>Appartement A6<\/h4>\n                      <p>JUSQU'\u00c0 4 PERSONNES (maximum 3 adultes avec enfants)<\/p>\n                      <p>1 chambre<\/p>\n\n                    <\/div>\n                    <a href=\"https:\/\/www.tisa.si\/tisa-homes\/fr\/appartements\/appartement-a6\/\" class=\"subcat-item btn  btn-default btn-sm \">\n                      Plus de d\u00e9tails<\/a>\n                      <\/a> \n                <\/div>\n              <\/a>\n            <\/div>\n                        <div class=\"subcat-cont\">\n              <a href=\"https:\/\/www.tisa.si\/tisa-homes\/fr\/appartements\/appartement-a10\/\" class=\"subcat-item\">\n                <div>\n                    <div class=\"image\">\n                      <img src=\"https:\/\/www.tisa.si\/tisa-homes\/wp-content\/uploads\/2024\/02\/1000016767-1.jpg\">\n                    <\/div>\n                    <div class=\"text\">\n                      <h4>Appartement A10<\/h4>\n                      <p>JUSQU'\u00c0 5 PERSONNES (maximum 4 adultes avec enfants)<\/p>\n                      <p>2 chambres<\/p>\n\n                    <\/div>\n                    <a href=\"https:\/\/www.tisa.si\/tisa-homes\/fr\/appartements\/appartement-a10\/\" class=\"subcat-item btn  btn-default btn-sm \">\n                      Plus de d\u00e9tails<\/a>\n                      <\/a> \n                <\/div>\n              <\/a>\n            <\/div>\n                    <\/div>\n                        \n    \n        [\/vc_column][\/vc_row][\/vc_column][\/vc_row]<\/p>\n","protected":false},"excerpt":{"rendered":"<p>[vc_row full_width=\u00a0\u00bbstretch_row_content_no_spaces\u00a0\u00bb][vc_column][\/vc_column][\/vc_row][vc_row][vc_column width=\u00a0\u00bb1\/2&Prime;][vc_column_text] Maisons Tisa &#8211; Savudrija Pr\u00e8s du c\u00e9l\u00e8bre phare de Savudrija, \u00e0 seulement une minute \u00e0 pied de la plage, se trouve le complexe de vacances Tisa homes. Il y a 6 maisons individuelles pouvant accueillir une famille ou 3-4 adultes. Tous les logements disposent d&rsquo;une cuisine avec coin repas, d&rsquo;une v\u00e9randa, de la climatisation, d&rsquo;une t\u00e9l\u00e9vision \u00e0 \u00e9cran plat et d&rsquo;une salle de bains privative avec douche. Des balcons donnant sur le jardin commun avec un terrain de badminton et une table de ping-pong offriront aux parents la tranquillit\u00e9 d&rsquo;esprit pendant que leurs enfants jouent.[\/vc_column_text][vc_empty_space height=\u00a0\u00bb10px\u00a0\u00bb][\/vc_column][vc_column width=\u00a0\u00bb1\/2&Prime;][vc_single_image image=\u00a0\u00bb226&Prime; img_size=\u00a0\u00bb700&#215;440&Prime; css=\u00a0\u00bb.vc_custom_1669379251592{margin-top: 35px !important;margin-bottom: 0px !important;}\u00a0\u00bb][\/vc_column][\/vc_row][vc_row full_width=\u00a0\u00bbstretch_row\u00a0\u00bb css=\u00a0\u00bb.vc_custom_1671108228362{margin-bottom: 0px !important;padding-top: 35px !important;padding-bottom: 35px !important;}\u00a0\u00bb][vc_column][vc_column_text] Offre de maisons d&rsquo;appartements [\/vc_column_text][\/vc_column][\/vc_row]<\/p>\n","protected":false},"author":2,"featured_media":0,"parent":0,"menu_order":1,"comment_status":"closed","ping_status":"closed","template":"","meta":[],"_links":{"self":[{"href":"https:\/\/www.tisa.si\/tisa-homes\/fr\/wp-json\/wp\/v2\/pages\/1345"}],"collection":[{"href":"https:\/\/www.tisa.si\/tisa-homes\/fr\/wp-json\/wp\/v2\/pages"}],"about":[{"href":"https:\/\/www.tisa.si\/tisa-homes\/fr\/wp-json\/wp\/v2\/types\/page"}],"author":[{"embeddable":true,"href":"https:\/\/www.tisa.si\/tisa-homes\/fr\/wp-json\/wp\/v2\/users\/2"}],"replies":[{"embeddable":true,"href":"https:\/\/www.tisa.si\/tisa-homes\/fr\/wp-json\/wp\/v2\/comments?post=1345"}],"version-history":[{"count":0,"href":"https:\/\/www.tisa.si\/tisa-homes\/fr\/wp-json\/wp\/v2\/pages\/1345\/revisions"}],"wp:attachment":[{"href":"https:\/\/www.tisa.si\/tisa-homes\/fr\/wp-json\/wp\/v2\/media?parent=1345"}],"curies":[{"name":"wp","href":"https:\/\/api.w.org\/{rel}","templated":true}]}}