{"id":1363,"date":"2016-10-18T08:51:57","date_gmt":"2016-10-18T06:51:57","guid":{"rendered":"https:\/\/www.tisa.si\/tisa-homes\/maison\/"},"modified":"2024-04-26T13:24:44","modified_gmt":"2024-04-26T11:24:44","slug":"maison","status":"publish","type":"page","link":"https:\/\/www.tisa.si\/tisa-homes\/fr\/","title":{"rendered":"Maison"},"content":{"rendered":"<p>[vc_row full_width=\u00a0\u00bbstretch_row\u00a0\u00bb imgs=\u00a0\u00bb523&Prime; el_class=\u00a0\u00bbmain-banner\u00a0\u00bb][vc_column][vc_row_inner][vc_column_inner offset=\u00a0\u00bbvc_col-lg-7 vc_col-md-8&Prime;][vc_column_text el_class=\u00a0\u00bbslider-title\u00a0\u00bb]<\/p>\n<h1>Maisons de vacances \u00e0<br \/>\nSavudrija<\/h1>\n<p>Pr\u00e8s du c\u00e9l\u00e8bre phare de Savudrija, \u00e0 seulement une minute \u00e0 pied de la plage, se trouve le complexe de vacances Tisa homes.[\/vc_column_text]\t\t\n\t\t<a href=\"https:\/\/www.tisa.si\/tisa-homes\/apartmaji\/\" target=\"\" class=\"btn  btn-primary btn-lg \" id=\"\">En savoir plus<\/a>\n\n\t\t[\/vc_column_inner][vc_column_inner offset=\u00a0\u00bbvc_col-lg-5 vc_col-md-4&Prime;][\/vc_column_inner][\/vc_row_inner][\/vc_column][\/vc_row][vc_row css=\u00a0\u00bb.vc_custom_1671037369721{margin-bottom: 65px !important;}\u00a0\u00bb el_class=\u00a0\u00bbhsec1&Prime;][vc_column width=\u00a0\u00bb1\/2&Prime;][vc_column_text]<\/p>\n<h2>Tisa Homes &#8211; village de vacances \u00e0 Savudrija<\/h2>\n<p>Il y a 6 maisons individuelles pouvant accueillir une famille ou 3-4 adultes. Tous les logements disposent d&rsquo;une cuisine avec coin repas, d&rsquo;une v\u00e9randa, de la climatisation, d&rsquo;une t\u00e9l\u00e9vision \u00e0 \u00e9cran plat et d&rsquo;une salle de bains privative avec douche.<\/p>\n<p>Des balcons donnant sur le jardin commun avec un terrain de badminton et une table de ping-pong offriront aux parents la tranquillit\u00e9 d&rsquo;esprit pendant que leurs enfants jouent.[\/vc_column_text]\t\t\n\t\t<a href=\"https:\/\/www.tisa.si\/tisa-homes\/rezervacija\/\" target=\"\" class=\"btn  btn-default btn-sm \" id=\"\">Prenez rendez-vous<\/a>\n\n\t\t[\/vc_column][vc_column width=\u00a0\u00bb1\/2&Prime;][vc_single_image image=\u00a0\u00bb226&Prime; img_size=\u00a0\u00bb700&#215;440&Prime; css=\u00a0\u00bb.vc_custom_1669379281585{margin-top: 35px !important;margin-bottom: 0px !important;}\u00a0\u00bb][\/vc_column][\/vc_row][vc_row full_width=\u00a0\u00bbstretch_row\u00a0\u00bb css=\u00a0\u00bb.vc_custom_1671040201230{background-color: #fbf4ec !important;}\u00a0\u00bb el_class=\u00a0\u00bbhsec2&Prime;][vc_column width=\u00a0\u00bb1\/3&Prime;][vc_column_text]<\/p>\n<h3>Commodit\u00e9s de l&rsquo;h\u00e9bergement<\/h3>\n<p>[\/vc_column_text][vc_separator color=\u00a0\u00bbcustom\u00a0\u00bb align=\u00a0\u00bbalign_left\u00a0\u00bb accent_color=\u00a0\u00bb#c8c8c8&Prime; css=\u00a0\u00bb.vc_custom_1669373932686{margin-top: 20px !important;margin-bottom: 20px !important;}\u00a0\u00bb]\t\t\n\t\t<div class=\"ns-cwi-container  \">\n\t\t\t<div class=\"ns-cwi-icon\">\n\t\t\t\t<div class=\"ns-cwi-icon-inner\">\n\t\t\t\t\t<img src=\"https:\/\/www.tisa.si\/tisa-homes\/wp-content\/uploads\/2016\/10\/icon-parkiranje.png\">\n\t\t\t\t<\/div>\n\t\t\t<\/div>\n\t\t\t<div class=\"ns-cwi-content\">\n\t\t\t\t<div class=\"ns-cwi-content_inner\">\n\t\t\t\t\tPlace de parking gratuite<br \/>\n(r\u00e9servation obligatoire)\t\t\t\t<\/div>\n\t\t\t<\/div>\n\t\t<\/div>\n\n\t\t[vc_separator color=\u00a0\u00bbcustom\u00a0\u00bb align=\u00a0\u00bbalign_left\u00a0\u00bb accent_color=\u00a0\u00bb#c8c8c8&Prime; css=\u00a0\u00bb.vc_custom_1669373932686{margin-top: 20px !important;margin-bottom: 20px !important;}\u00a0\u00bb]\t\t\n\t\t<div class=\"ns-cwi-container  \">\n\t\t\t<div class=\"ns-cwi-icon\">\n\t\t\t\t<div class=\"ns-cwi-icon-inner\">\n\t\t\t\t\t<img src=\"https:\/\/www.tisa.si\/tisa-homes\/wp-content\/uploads\/2016\/10\/icon-tv.png\">\n\t\t\t\t<\/div>\n\t\t\t<\/div>\n\t\t\t<div class=\"ns-cwi-content\">\n\t\t\t\t<div class=\"ns-cwi-content_inner\">\n\t\t\t\t\tla t\u00e9l\u00e9\t\t\t\t<\/div>\n\t\t\t<\/div>\n\t\t<\/div>\n\n\t\t[vc_separator color=\u00a0\u00bbcustom\u00a0\u00bb align=\u00a0\u00bbalign_left\u00a0\u00bb accent_color=\u00a0\u00bb#c8c8c8&Prime; css=\u00a0\u00bb.vc_custom_1669373938116{margin-top: 20px !important;margin-bottom: 20px !important;}\u00a0\u00bb]\t\t\n\t\t<div class=\"ns-cwi-container  \">\n\t\t\t<div class=\"ns-cwi-icon\">\n\t\t\t\t<div class=\"ns-cwi-icon-inner\">\n\t\t\t\t\t<img src=\"https:\/\/www.tisa.si\/tisa-homes\/wp-content\/uploads\/2016\/10\/icon-wifi-1.png\">\n\t\t\t\t<\/div>\n\t\t\t<\/div>\n\t\t\t<div class=\"ns-cwi-content\">\n\t\t\t\t<div class=\"ns-cwi-content_inner\">\n\t\t\t\t\tWifi gratuit\t\t\t\t<\/div>\n\t\t\t<\/div>\n\t\t<\/div>\n\n\t\t[vc_separator color=\u00a0\u00bbcustom\u00a0\u00bb align=\u00a0\u00bbalign_left\u00a0\u00bb accent_color=\u00a0\u00bb#c8c8c8&Prime; css=\u00a0\u00bb.vc_custom_1669373942909{margin-top: 20px !important;margin-bottom: 20px !important;}\u00a0\u00bb]\t\t\n\t\t<div class=\"ns-cwi-container  \">\n\t\t\t<div class=\"ns-cwi-icon\">\n\t\t\t\t<div class=\"ns-cwi-icon-inner\">\n\t\t\t\t\t<img src=\"https:\/\/www.tisa.si\/tisa-homes\/wp-content\/uploads\/2016\/10\/icon-vhod-1.png\">\n\t\t\t\t<\/div>\n\t\t\t<\/div>\n\t\t\t<div class=\"ns-cwi-content\">\n\t\t\t\t<div class=\"ns-cwi-content_inner\">\n\t\t\t\t\tEntr\u00e9e priv\u00e9e\t\t\t\t<\/div>\n\t\t\t<\/div>\n\t\t<\/div>\n\n\t\t[vc_separator color=\u00a0\u00bbcustom\u00a0\u00bb align=\u00a0\u00bbalign_left\u00a0\u00bb accent_color=\u00a0\u00bb#c8c8c8&Prime; css=\u00a0\u00bb.vc_custom_1669373947927{margin-top: 20px !important;margin-bottom: 20px !important;}\u00a0\u00bb]\t\t\n\t\t<div class=\"ns-cwi-container  \">\n\t\t\t<div class=\"ns-cwi-icon\">\n\t\t\t\t<div class=\"ns-cwi-icon-inner\">\n\t\t\t\t\t<img src=\"https:\/\/www.tisa.si\/tisa-homes\/wp-content\/uploads\/2016\/10\/icon-babybed.png\">\n\t\t\t\t<\/div>\n\t\t\t<\/div>\n\t\t\t<div class=\"ns-cwi-content\">\n\t\t\t\t<div class=\"ns-cwi-content_inner\">\n\t\t\t\t\tLit b\u00e9b\u00e9<br \/>\n(sur rendez-vous, gratuit)\t\t\t\t<\/div>\n\t\t\t<\/div>\n\t\t<\/div>\n\n\t\t[vc_separator color=\u00a0\u00bbcustom\u00a0\u00bb align=\u00a0\u00bbalign_left\u00a0\u00bb accent_color=\u00a0\u00bb#c8c8c8&Prime; css=\u00a0\u00bb.vc_custom_1669373953308{margin-top: 20px !important;margin-bottom: 20px !important;}\u00a0\u00bb]\t\t\n\t\t<div class=\"ns-cwi-container  \">\n\t\t\t<div class=\"ns-cwi-icon\">\n\t\t\t\t<div class=\"ns-cwi-icon-inner\">\n\t\t\t\t\t<img src=\"https:\/\/www.tisa.si\/tisa-homes\/wp-content\/uploads\/2016\/10\/icon-utilities.png\">\n\t\t\t\t<\/div>\n\t\t\t<\/div>\n\t\t\t<div class=\"ns-cwi-content\">\n\t\t\t\t<div class=\"ns-cwi-content_inner\">\n\t\t\t\t\tServiettes, linge de lit, armoires,<br \/>\n\u00e9tendoir \u00e0 linge, s\u00e8che-cheveux,<br \/>\nUstensiles de cuisine\t\t\t\t<\/div>\n\t\t\t<\/div>\n\t\t<\/div>\n\n\t\t[\/vc_column][vc_column width=\u00a0\u00bb1\/3&Prime;][vc_column_text]<\/p>\n<h3>Points d&rsquo;int\u00e9r\u00eat populaires \u00e0 proximit\u00e9<\/h3>\n<p>[\/vc_column_text][vc_separator color=\u00a0\u00bbcustom\u00a0\u00bb align=\u00a0\u00bbalign_left\u00a0\u00bb accent_color=\u00a0\u00bb#c8c8c8&Prime; css=\u00a0\u00bb.vc_custom_1669373932686{margin-top: 20px !important;margin-bottom: 20px !important;}\u00a0\u00bb]\t\t\n\t\t<div class=\"ns-cwi-container  \">\n\t\t\t<div class=\"ns-cwi-icon\">\n\t\t\t\t<div class=\"ns-cwi-icon-inner\">\n\t\t\t\t\t<img src=\"https:\/\/www.tisa.si\/tisa-homes\/wp-content\/uploads\/2016\/10\/icon-plaza.png\">\n\t\t\t\t<\/div>\n\t\t\t<\/div>\n\t\t\t<div class=\"ns-cwi-content\">\n\t\t\t\t<div class=\"ns-cwi-content_inner\">\n\t\t\t\t\tPlage de Veliki Jo\u017ee (600 m)<br \/>\nPlage de Pineta (1,1 km)\t\t\t\t<\/div>\n\t\t\t<\/div>\n\t\t<\/div>\n\n\t\t[vc_separator color=\u00a0\u00bbcustom\u00a0\u00bb align=\u00a0\u00bbalign_left\u00a0\u00bb accent_color=\u00a0\u00bb#c8c8c8&Prime; css=\u00a0\u00bb.vc_custom_1669373932686{margin-top: 20px !important;margin-bottom: 20px !important;}\u00a0\u00bb]\t\t\n\t\t<div class=\"ns-cwi-container  \">\n\t\t\t<div class=\"ns-cwi-icon\">\n\t\t\t\t<div class=\"ns-cwi-icon-inner\">\n\t\t\t\t\t<img src=\"https:\/\/www.tisa.si\/tisa-homes\/wp-content\/uploads\/2016\/10\/icon-pristavisce.png\">\n\t\t\t\t<\/div>\n\t\t\t<\/div>\n\t\t\t<div class=\"ns-cwi-content\">\n\t\t\t\t<div class=\"ns-cwi-content_inner\">\n\t\t\t\t\tPorts de Savudrija\t\t\t\t<\/div>\n\t\t\t<\/div>\n\t\t<\/div>\n\n\t\t[vc_separator color=\u00a0\u00bbcustom\u00a0\u00bb align=\u00a0\u00bbalign_left\u00a0\u00bb accent_color=\u00a0\u00bb#c8c8c8&Prime; css=\u00a0\u00bb.vc_custom_1669373932686{margin-top: 20px !important;margin-bottom: 20px !important;}\u00a0\u00bb]\t\t\n\t\t<div class=\"ns-cwi-container  \">\n\t\t\t<div class=\"ns-cwi-icon\">\n\t\t\t\t<div class=\"ns-cwi-icon-inner\">\n\t\t\t\t\t<img src=\"https:\/\/www.tisa.si\/tisa-homes\/wp-content\/uploads\/2016\/10\/icon-svetilnik.png\">\n\t\t\t\t<\/div>\n\t\t\t<\/div>\n\t\t\t<div class=\"ns-cwi-content\">\n\t\t\t\t<div class=\"ns-cwi-content_inner\">\n\t\t\t\t\tPhare de Savudria (800 m)\t\t\t\t<\/div>\n\t\t\t<\/div>\n\t\t<\/div>\n\n\t\t[vc_separator color=\u00a0\u00bbcustom\u00a0\u00bb align=\u00a0\u00bbalign_left\u00a0\u00bb accent_color=\u00a0\u00bb#c8c8c8&Prime; css=\u00a0\u00bb.vc_custom_1669373932686{margin-top: 20px !important;margin-bottom: 20px !important;}\u00a0\u00bb]\t\t\n\t\t<div class=\"ns-cwi-container  \">\n\t\t\t<div class=\"ns-cwi-icon\">\n\t\t\t\t<div class=\"ns-cwi-icon-inner\">\n\t\t\t\t\t<img src=\"https:\/\/www.tisa.si\/tisa-homes\/wp-content\/uploads\/2016\/10\/icon-bar.png\">\n\t\t\t\t<\/div>\n\t\t\t<\/div>\n\t\t\t<div class=\"ns-cwi-content\">\n\t\t\t\t<div class=\"ns-cwi-content_inner\">\n\t\t\t\t\tIl est disponible dans un rayon de 600 m<br \/>\nplusieurs bars et caf\u00e9s\t\t\t\t<\/div>\n\t\t\t<\/div>\n\t\t<\/div>\n\n\t\t[vc_separator color=\u00a0\u00bbcustom\u00a0\u00bb align=\u00a0\u00bbalign_left\u00a0\u00bb accent_color=\u00a0\u00bb#c8c8c8&Prime; css=\u00a0\u00bb.vc_custom_1669373932686{margin-top: 20px !important;margin-bottom: 20px !important;}\u00a0\u00bb]\t\t\n\t\t<div class=\"ns-cwi-container  \">\n\t\t\t<div class=\"ns-cwi-icon\">\n\t\t\t\t<div class=\"ns-cwi-icon-inner\">\n\t\t\t\t\t<img src=\"https:\/\/www.tisa.si\/tisa-homes\/wp-content\/uploads\/2016\/10\/icon-park.png\">\n\t\t\t\t<\/div>\n\t\t\t<\/div>\n\t\t\t<div class=\"ns-cwi-content\">\n\t\t\t\t<div class=\"ns-cwi-content_inner\">\n\t\t\t\t\tParc paysager Se\u010doveljska solina (8 km)\t\t\t\t<\/div>\n\t\t\t<\/div>\n\t\t<\/div>\n\n\t\t[vc_separator color=\u00a0\u00bbcustom\u00a0\u00bb align=\u00a0\u00bbalign_left\u00a0\u00bb accent_color=\u00a0\u00bb#c8c8c8&Prime; css=\u00a0\u00bb.vc_custom_1669373932686{margin-top: 20px !important;margin-bottom: 20px !important;}\u00a0\u00bb]\t\t\n\t\t<div class=\"ns-cwi-container  \">\n\t\t\t<div class=\"ns-cwi-icon\">\n\t\t\t\t<div class=\"ns-cwi-icon-inner\">\n\t\t\t\t\t<img src=\"https:\/\/www.tisa.si\/tisa-homes\/wp-content\/uploads\/2016\/10\/icon-airport.png\">\n\t\t\t\t<\/div>\n\t\t\t<\/div>\n\t\t\t<div class=\"ns-cwi-content\">\n\t\t\t\t<div class=\"ns-cwi-content_inner\">\n\t\t\t\t\tA\u00e9roport de Pula (74 km)\t\t\t\t<\/div>\n\t\t\t<\/div>\n\t\t<\/div>\n\n\t\t[vc_separator color=\u00a0\u00bbcustom\u00a0\u00bb align=\u00a0\u00bbalign_left\u00a0\u00bb accent_color=\u00a0\u00bb#c8c8c8&Prime; css=\u00a0\u00bb.vc_custom_1669373932686{margin-top: 20px !important;margin-bottom: 20px !important;}\u00a0\u00bb]\t\t\n\t\t<div class=\"ns-cwi-container  \">\n\t\t\t<div class=\"ns-cwi-icon\">\n\t\t\t\t<div class=\"ns-cwi-icon-inner\">\n\t\t\t\t\t<img src=\"https:\/\/www.tisa.si\/tisa-homes\/wp-content\/uploads\/2016\/10\/icon-muzej.png\">\n\t\t\t\t<\/div>\n\t\t\t<\/div>\n\t\t\t<div class=\"ns-cwi-content\">\n\t\t\t\t<div class=\"ns-cwi-content_inner\">\n\t\t\t\t\tMus\u00e9e de la ville d&rsquo;Umag (7 km)\t\t\t\t<\/div>\n\t\t\t<\/div>\n\t\t<\/div>\n\n\t\t[\/vc_column][vc_column width=\u00a0\u00bb1\/3&Prime;][vc_column_text]<\/p>\n<h3><span class=\"TextRun BCX0 SCXO63630600\" lang=\"EN-US\" xml:lang=\"EN-US\" data-contrast=\"auto\"><span class=\"SpellingError BCX0 SCXO63630600\">Limites<\/span><\/span><\/h3>\n<p>[\/vc_column_text][vc_separator color=\u00a0\u00bbcustom\u00a0\u00bb align=\u00a0\u00bbalign_left\u00a0\u00bb accent_color=\u00a0\u00bb#c8c8c8&Prime; css=\u00a0\u00bb.vc_custom_1669373932686{margin-top: 20px !important;margin-bottom: 20px !important;}\u00a0\u00bb]\t\t\n\t\t<div class=\"ns-cwi-container  \">\n\t\t\t<div class=\"ns-cwi-icon\">\n\t\t\t\t<div class=\"ns-cwi-icon-inner\">\n\t\t\t\t\t<img src=\"https:\/\/www.tisa.si\/tisa-homes\/wp-content\/uploads\/2016\/10\/icon-checkinout.png\">\n\t\t\t\t<\/div>\n\t\t\t<\/div>\n\t\t\t<div class=\"ns-cwi-content\">\n\t\t\t\t<div class=\"ns-cwi-content_inner\">\n\t\t\t\t\tCheck-in: 16:00 \u2013 21:00<br \/>\nCheck-out: 8:00 \u2013 10:00\t\t\t\t<\/div>\n\t\t\t<\/div>\n\t\t<\/div>\n\n\t\t[vc_separator color=\u00a0\u00bbcustom\u00a0\u00bb align=\u00a0\u00bbalign_left\u00a0\u00bb accent_color=\u00a0\u00bb#c8c8c8&Prime; css=\u00a0\u00bb.vc_custom_1669373932686{margin-top: 20px !important;margin-bottom: 20px !important;}\u00a0\u00bb]\t\t\n\t\t<div class=\"ns-cwi-container  \">\n\t\t\t<div class=\"ns-cwi-icon\">\n\t\t\t\t<div class=\"ns-cwi-icon-inner\">\n\t\t\t\t\t<img src=\"https:\/\/www.tisa.si\/tisa-homes\/wp-content\/uploads\/2016\/10\/icon-kajenje.png\">\n\t\t\t\t<\/div>\n\t\t\t<\/div>\n\t\t\t<div class=\"ns-cwi-content\">\n\t\t\t\t<div class=\"ns-cwi-content_inner\">\n\t\t\t\t\tIl est interdit de fumer dans les locaux\t\t\t\t<\/div>\n\t\t\t<\/div>\n\t\t<\/div>\n\n\t\t[vc_separator color=\u00a0\u00bbcustom\u00a0\u00bb align=\u00a0\u00bbalign_left\u00a0\u00bb accent_color=\u00a0\u00bb#c8c8c8&Prime; css=\u00a0\u00bb.vc_custom_1669373932686{margin-top: 20px !important;margin-bottom: 20px !important;}\u00a0\u00bb]\t\t\n\t\t<div class=\"ns-cwi-container  \">\n\t\t\t<div class=\"ns-cwi-icon\">\n\t\t\t\t<div class=\"ns-cwi-icon-inner\">\n\t\t\t\t\t<img src=\"https:\/\/www.tisa.si\/tisa-homes\/wp-content\/uploads\/2016\/10\/icon-zabava.png\">\n\t\t\t\t<\/div>\n\t\t\t<\/div>\n\t\t\t<div class=\"ns-cwi-content\">\n\t\t\t\t<div class=\"ns-cwi-content_inner\">\n\t\t\t\t\tLes f\u00eates\/\u00e9v\u00e9nements ne sont pas autoris\u00e9s\t\t\t\t<\/div>\n\t\t\t<\/div>\n\t\t<\/div>\n\n\t\t[vc_separator color=\u00a0\u00bbcustom\u00a0\u00bb align=\u00a0\u00bbalign_left\u00a0\u00bb accent_color=\u00a0\u00bb#c8c8c8&Prime; css=\u00a0\u00bb.vc_custom_1669373932686{margin-top: 20px !important;margin-bottom: 20px !important;}\u00a0\u00bb]\t\t\n\t\t<div class=\"ns-cwi-container  \">\n\t\t\t<div class=\"ns-cwi-icon\">\n\t\t\t\t<div class=\"ns-cwi-icon-inner\">\n\t\t\t\t\t<img src=\"https:\/\/www.tisa.si\/tisa-homes\/wp-content\/uploads\/2016\/10\/icon-zivali.png\">\n\t\t\t\t<\/div>\n\t\t\t<\/div>\n\t\t\t<div class=\"ns-cwi-content\">\n\t\t\t\t<div class=\"ns-cwi-content_inner\">\n\t\t\t\t\tles animaux ne sont pas accept\u00e9s\t\t\t\t<\/div>\n\t\t\t<\/div>\n\t\t<\/div>\n\n\t\t[\/vc_column][\/vc_row][vc_row full_width=\u00a0\u00bbstretch_row\u00a0\u00bb el_class=\u00a0\u00bbhsec3&Prime;][vc_column][vc_column_text]<\/p>\n<h3 style=\"text-align: center;\">Offre de maisons d&rsquo;appartements<\/h3>\n<p>[\/vc_column_text][vc_row][vc_column]          \n\n\n            \n    \n                  <div class=\"subcat-wrap subcat-wrap-slider\" id=\"69fb50c9841ab\">\n    \n\n                        <div class=\"subcat-cont\">\n              <a href=\"https:\/\/www.tisa.si\/tisa-homes\/fr\/appartements\/appartement-a1\/\" class=\"subcat-item\">\n                <div>\n                    <div class=\"image\">\n                      <img src=\"https:\/\/www.tisa.si\/tisa-homes\/wp-content\/uploads\/2024\/02\/1000016817.jpg\">\n                    <\/div>\n                    <div class=\"text\">\n                      <h4>Appartement A1<\/h4>\n                      <p>JUSQU'\u00c0 4 PERSONNES (maximum 3 adultes avec enfants)<\/p>\n                      <p>1 chambre<\/p>\n\n                    <\/div>\n                    <a href=\"https:\/\/www.tisa.si\/tisa-homes\/fr\/appartements\/appartement-a1\/\" class=\"subcat-item btn  btn-default btn-sm \">\n                      Plus de d\u00e9tails<\/a>\n                      <\/a> \n                <\/div>\n              <\/a>\n            <\/div>\n                        <div class=\"subcat-cont\">\n              <a href=\"https:\/\/www.tisa.si\/tisa-homes\/fr\/appartements\/appartement-a4\/\" class=\"subcat-item\">\n                <div>\n                    <div class=\"image\">\n                      <img src=\"https:\/\/www.tisa.si\/tisa-homes\/wp-content\/uploads\/2024\/02\/zkc_5737.jpg\">\n                    <\/div>\n                    <div class=\"text\">\n                      <h4>Appartement A4<\/h4>\n                      <p>JUSQU'\u00c0 4 PERSONNES (maximum 3 adultes avec enfants)<\/p>\n                      <p>1 chambre<\/p>\n\n                    <\/div>\n                    <a href=\"https:\/\/www.tisa.si\/tisa-homes\/fr\/appartements\/appartement-a4\/\" class=\"subcat-item btn  btn-default btn-sm \">\n                      Plus de d\u00e9tails<\/a>\n                      <\/a> \n                <\/div>\n              <\/a>\n            <\/div>\n                        <div class=\"subcat-cont\">\n              <a href=\"https:\/\/www.tisa.si\/tisa-homes\/fr\/appartements\/appartement-a9\/\" class=\"subcat-item\">\n                <div>\n                    <div class=\"image\">\n                      <img src=\"https:\/\/www.tisa.si\/tisa-homes\/wp-content\/uploads\/2024\/02\/1000016833.jpg\">\n                    <\/div>\n                    <div class=\"text\">\n                      <h4>Appartement A9<\/h4>\n                      <p>JUSQU'\u00c0 4 PERSONNES (maximum 3 adultes avec enfants)<\/p>\n                      <p>1 chambre<\/p>\n\n                    <\/div>\n                    <a href=\"https:\/\/www.tisa.si\/tisa-homes\/fr\/appartements\/appartement-a9\/\" class=\"subcat-item btn  btn-default btn-sm \">\n                      Plus de d\u00e9tails<\/a>\n                      <\/a> \n                <\/div>\n              <\/a>\n            <\/div>\n                        <div class=\"subcat-cont\">\n              <a href=\"https:\/\/www.tisa.si\/tisa-homes\/fr\/appartements\/appartement-a8\/\" class=\"subcat-item\">\n                <div>\n                    <div class=\"image\">\n                      <img src=\"https:\/\/www.tisa.si\/tisa-homes\/wp-content\/uploads\/2024\/02\/1000016765-1.jpg\">\n                    <\/div>\n                    <div class=\"text\">\n                      <h4>Appartement A8<\/h4>\n                      <p>JUSQU'\u00c0 4 PERSONNES (maximum 3 adultes avec enfants)<\/p>\n                      <p>1 chambre<\/p>\n\n                    <\/div>\n                    <a href=\"https:\/\/www.tisa.si\/tisa-homes\/fr\/appartements\/appartement-a8\/\" class=\"subcat-item btn  btn-default btn-sm \">\n                      Plus de d\u00e9tails<\/a>\n                      <\/a> \n                <\/div>\n              <\/a>\n            <\/div>\n                        <div class=\"subcat-cont\">\n              <a href=\"https:\/\/www.tisa.si\/tisa-homes\/fr\/appartements\/appartement-a6\/\" class=\"subcat-item\">\n                <div>\n                    <div class=\"image\">\n                      <img src=\"https:\/\/www.tisa.si\/tisa-homes\/wp-content\/uploads\/2024\/02\/1000016774.jpg\">\n                    <\/div>\n                    <div class=\"text\">\n                      <h4>Appartement A6<\/h4>\n                      <p>JUSQU'\u00c0 4 PERSONNES (maximum 3 adultes avec enfants)<\/p>\n                      <p>1 chambre<\/p>\n\n                    <\/div>\n                    <a href=\"https:\/\/www.tisa.si\/tisa-homes\/fr\/appartements\/appartement-a6\/\" class=\"subcat-item btn  btn-default btn-sm \">\n                      Plus de d\u00e9tails<\/a>\n                      <\/a> \n                <\/div>\n              <\/a>\n            <\/div>\n                        <div class=\"subcat-cont\">\n              <a href=\"https:\/\/www.tisa.si\/tisa-homes\/fr\/appartements\/appartement-a10\/\" class=\"subcat-item\">\n                <div>\n                    <div class=\"image\">\n                      <img src=\"https:\/\/www.tisa.si\/tisa-homes\/wp-content\/uploads\/2024\/02\/1000016767-1.jpg\">\n                    <\/div>\n                    <div class=\"text\">\n                      <h4>Appartement A10<\/h4>\n                      <p>JUSQU'\u00c0 5 PERSONNES (maximum 4 adultes avec enfants)<\/p>\n                      <p>2 chambres<\/p>\n\n                    <\/div>\n                    <a href=\"https:\/\/www.tisa.si\/tisa-homes\/fr\/appartements\/appartement-a10\/\" class=\"subcat-item btn  btn-default btn-sm \">\n                      Plus de d\u00e9tails<\/a>\n                      <\/a> \n                <\/div>\n              <\/a>\n            <\/div>\n                    <\/div>\n                        \n    \n        [\/vc_column][\/vc_row][\/vc_column][\/vc_row]<\/p>\n","protected":false},"excerpt":{"rendered":"<p>[vc_row full_width=\u00a0\u00bbstretch_row\u00a0\u00bb imgs=\u00a0\u00bb523&Prime; el_class=\u00a0\u00bbmain-banner\u00a0\u00bb][vc_column][vc_row_inner][vc_column_inner offset=\u00a0\u00bbvc_col-lg-7 vc_col-md-8&Prime;][vc_column_text el_class=\u00a0\u00bbslider-title\u00a0\u00bb] Maisons de vacances \u00e0 Savudrija Pr\u00e8s du c\u00e9l\u00e8bre phare de Savudrija, \u00e0 seulement une minute \u00e0 pied de la plage, se trouve le complexe de vacances Tisa homes.[\/vc_column_text][\/vc_column_inner][vc_column_inner offset=\u00a0\u00bbvc_col-lg-5 vc_col-md-4&Prime;][\/vc_column_inner][\/vc_row_inner][\/vc_column][\/vc_row][vc_row css=\u00a0\u00bb.vc_custom_1671037369721{margin-bottom: 65px !important;}\u00a0\u00bb el_class=\u00a0\u00bbhsec1&Prime;][vc_column width=\u00a0\u00bb1\/2&Prime;][vc_column_text] Tisa Homes &#8211; village de vacances \u00e0 Savudrija Il y a 6 maisons individuelles pouvant accueillir une famille ou 3-4 adultes. Tous les logements disposent d&rsquo;une cuisine avec coin repas, d&rsquo;une v\u00e9randa, de la climatisation, d&rsquo;une t\u00e9l\u00e9vision \u00e0 \u00e9cran plat et d&rsquo;une salle de bains privative avec douche. Des balcons donnant sur le jardin commun avec un terrain de badminton et une table de ping-pong offriront aux parents la tranquillit\u00e9 d&rsquo;esprit pendant que leurs enfants jouent.[\/vc_column_text][\/vc_column][vc_column width=\u00a0\u00bb1\/2&Prime;][vc_single_image image=\u00a0\u00bb226&Prime; [&hellip;]<\/p>\n","protected":false},"author":2,"featured_media":0,"parent":0,"menu_order":0,"comment_status":"closed","ping_status":"closed","template":"","meta":[],"_links":{"self":[{"href":"https:\/\/www.tisa.si\/tisa-homes\/fr\/wp-json\/wp\/v2\/pages\/1363"}],"collection":[{"href":"https:\/\/www.tisa.si\/tisa-homes\/fr\/wp-json\/wp\/v2\/pages"}],"about":[{"href":"https:\/\/www.tisa.si\/tisa-homes\/fr\/wp-json\/wp\/v2\/types\/page"}],"author":[{"embeddable":true,"href":"https:\/\/www.tisa.si\/tisa-homes\/fr\/wp-json\/wp\/v2\/users\/2"}],"replies":[{"embeddable":true,"href":"https:\/\/www.tisa.si\/tisa-homes\/fr\/wp-json\/wp\/v2\/comments?post=1363"}],"version-history":[{"count":0,"href":"https:\/\/www.tisa.si\/tisa-homes\/fr\/wp-json\/wp\/v2\/pages\/1363\/revisions"}],"wp:attachment":[{"href":"https:\/\/www.tisa.si\/tisa-homes\/fr\/wp-json\/wp\/v2\/media?parent=1363"}],"curies":[{"name":"wp","href":"https:\/\/api.w.org\/{rel}","templated":true}]}}