{"id":1400,"date":"2022-11-25T14:22:22","date_gmt":"2022-11-25T13:22:22","guid":{"rendered":"https:\/\/www.tisa.si\/tisa-homes\/appartements\/appartement-a8\/"},"modified":"2024-03-06T10:37:27","modified_gmt":"2024-03-06T09:37:27","slug":"appartement-a8","status":"publish","type":"page","link":"https:\/\/www.tisa.si\/tisa-homes\/fr\/appartements\/appartement-a8\/","title":{"rendered":"Appartement A8"},"content":{"rendered":"<p>[vc_row full_width=\u00a0\u00bbstretch_row_content_no_spaces\u00a0\u00bb][vc_column]\t\t\r\n\t\t<div class=\"title-container \">\r\n\t\t\t<div class=\"container\">\r\n\t\t\t\t<h1>Appartement A8<\/h1>\r\n\t\t\t\t<div class=\"breadcrumbs-container\">\r\n\t\t\t\t\t<div class=\"breadcrumbs\">\r\n\t\t\t\t\t\t\n\t<ul class=\"ns-breadcrumbs\">\n\t\t\t<li><a href=\"https:\/\/www.tisa.si\/tisa-homes\/fr\/\">Maison<\/a><\/li>\n\t\t\t\t\t<li><a href=\"https:\/\/www.tisa.si\/tisa-homes\/fr\/appartements\/\">Appartements<\/a><\/li>\n\t\t\t\t<li>Appartement A8<\/li>\n\t<\/ul>\n\t\n\t\t\t\t\t\t\t<div class=\"clearfix\"><\/div>\r\n\t\t\t\t\t<\/div>\r\n\t\t\t\t<\/div>\r\n\t\t\t<\/div>\r\n\t\t<\/div>\r\n\r\n\t\t[\/vc_column][\/vc_row][vc_row css=\u00a0\u00bb.vc_custom_1671107277079{margin-top: 50px !important;margin-bottom: 50px !important;}\u00a0\u00bb el_class=\u00a0\u00bbsp-intro-apartma\u00a0\u00bb][vc_column width=\u00a0\u00bb1\/2&Prime;][vc_column_text]<\/p>\n<ul>\n<li><span data-contrast=\"auto\"><b>Taille de la maison :<\/b> <span data-contrast=\"auto\">43<\/span> <span data-contrast=\"auto\"><span data-fontsize=\"11\">m2<\/span><\/span><\/span><\/li>\n<li>La maison est adapt\u00e9e pour 3 adultes et un enfant.<\/li>\n<li>Il a un lit double et un canap\u00e9-lit.<\/li>\n<li><span data-contrast=\"auto\">Lits confortables : 9,5 &#8211; bas\u00e9 sur les notes des visiteurs.<\/span><\/li>\n<\/ul>\n<p>[\/vc_column_text]\t\t\n\t\t<a href=\"https:\/\/www.tisa.si\/tisa-homes\/fr\/reservation\/\" target=\"\" class=\"btn  btn-default btn-sm \" id=\"\">Prenez rendez-vous<\/a>\n\n\t\t[\/vc_column][vc_column width=\u00a0\u00bb1\/2&Prime;]\t\t\n\t\t\t\t\t<div >\n\t\t\t\t<img src=\"https:\/\/www.tisa.si\/tisa-homes\/wp-content\/uploads\/2024\/02\/1000016765-1.jpg\" class=\"img-responsive\">\n\t\t\t<\/div>\n\t\t\t\t\n\t\t[\/vc_column][\/vc_row][vc_row full_width=\u00a0\u00bbstretch_row\u00a0\u00bb css=\u00a0\u00bb.vc_custom_1671106894316{background-color: #fbf4ec !important;}\u00a0\u00bb el_class=\u00a0\u00bbsp-apartma\u00a0\u00bb][vc_column width=\u00a0\u00bb1\/4&Prime;][vc_column_text]<\/p>\n<h3><span data-contrast=\"auto\">maison 1 chambre<\/span><\/h3>\n<p>[\/vc_column_text][vc_column_text]<\/p>\n<ul>\n<li>Toute la maison de vacances<\/li>\n<li>Cuisine priv\u00e9e<\/li>\n<li>Propre salle de bain<\/li>\n<li>Balcon<\/li>\n<li>Vue du jardin<\/li>\n<li>Climatisation<\/li>\n<li>V\u00e9randa<\/li>\n<li>TV \u00e0 \u00e9cran plat<\/li>\n<li>Terrasse<\/li>\n<li>Wifi gratuit<\/li>\n<\/ul>\n<p>[\/vc_column_text][\/vc_column][vc_column width=\u00a0\u00bb1\/2&Prime;][vc_column_text]<\/p>\n<h3><span data-contrast=\"auto\">\u00c9quipement dans la maison<\/span><\/h3>\n<p>[\/vc_column_text][vc_row_inner][vc_column_inner width=\u00a0\u00bb1\/2&Prime;][vc_column_text]<\/p>\n<ul>\n<li><span data-contrast=\"auto\">Literie<\/span><\/li>\n<li><span data-contrast=\"auto\">Armoire ou penderie<\/span><\/li>\n<li><span data-contrast=\"auto\">Prises s\u00e9curit\u00e9 enfant<\/span><\/li>\n<li><span data-contrast=\"auto\">Climatisation<\/span><\/li>\n<li><span data-contrast=\"auto\">Sol en marbre \/ carrelage<\/span><\/li>\n<li><span data-contrast=\"auto\">Entr\u00e9e priv\u00e9e<\/span><\/li>\n<li><span data-contrast=\"auto\">Le chauffage<\/span><\/li>\n<li><span data-contrast=\"auto\">Ustensiles de cuisine<\/span><\/li>\n<\/ul>\n<p>[\/vc_column_text][\/vc_column_inner][vc_column_inner width=\u00a0\u00bb1\/2&Prime;][vc_column_text]<\/p>\n<ul>\n<li><span data-contrast=\"auto\">La cuisine<\/span><\/li>\n<li><span data-contrast=\"auto\">TV \u00e0 \u00e9cran plat<\/span><\/li>\n<li><span data-contrast=\"auto\">Balcon<\/span><\/li>\n<li><span data-contrast=\"auto\">Terrasse<\/span><\/li>\n<li><span data-contrast=\"auto\">V\u00e9randa<\/span><\/li>\n<li><span data-contrast=\"auto\">Prise pr\u00e8s du lit<\/span><\/li>\n<li><span data-contrast=\"auto\">Etendoir \u00e0 linge<\/span><\/li>\n<li><span data-contrast=\"auto\">Canap\u00e9-lit<\/span><\/li>\n<\/ul>\n<p>[\/vc_column_text][\/vc_column_inner][\/vc_row_inner][\/vc_column][vc_column width=\u00a0\u00bb1\/4&Prime;][vc_column_text]<\/p>\n<h3><span data-contrast=\"auto\">Dans votre salle de bain priv\u00e9e<\/span><\/h3>\n<p>[\/vc_column_text][vc_column_text]<\/p>\n<ul>\n<li><span data-contrast=\"auto\">toilettes<\/span><\/li>\n<li><span data-contrast=\"auto\">Bain ou douche<\/span><\/li>\n<li><span data-contrast=\"auto\">Les serviettes<\/span><\/li>\n<li><span data-contrast=\"auto\">S\u00e8che-cheveux<\/span><\/li>\n<li><span data-contrast=\"auto\">Papier toilette<\/span><\/li>\n<\/ul>\n<p>[\/vc_column_text][vc_column_text]<\/p>\n<h3><span data-contrast=\"auto\">Voir<\/span><\/h3>\n<ul>\n<li><span data-contrast=\"auto\">Vue du jardin<\/span><\/li>\n<\/ul>\n<p>[\/vc_column_text][vc_column_text el_class=\u00a0\u00bbforbidden\u00a0\u00bb]<\/p>\n<h3><\/h3>\n<h3><span data-contrast=\"auto\">Fumeur<\/span><\/h3>\n<ul>\n<li><span data-contrast=\"auto\">Interdiction de fumer<\/span><\/li>\n<\/ul>\n<p>[\/vc_column_text][\/vc_column][\/vc_row][vc_row][vc_column][vc_column_text]<\/p>\n<h3 style=\"text-align: center;\">Galerie photos &#8211; Appartement A8<\/h3>\n<p>[\/vc_column_text][vc_row][vc_column]\n\t\t<script type=\"text\/javascript\">\n\t\t\tjQuery( document ).ready(function() {\n\t\t\t\tdocument.getElementById('1709054461510-0a85929e-0fbf').onclick = function (event) {\n\t\t\t\tevent = event || window.event;\n\t\t\t\tvar target = event.target || event.srcElement,\n\t\t\t\t\tlink = target.src ? target.parentNode : target,\n\t\t\t\t\toptions = {index: link, event: event},\n\t\t\t\t\tlinks = this.getElementsByTagName('a');\n\t\t\t\tblueimp.Gallery(links, options);\n\t\t\t\t};\n\t\t\t});\n\t\t<\/script>\n\n\t\t<div class=\"ns-gallery-section\">\n\t\t\t<div id=\"1709054461510-0a85929e-0fbf\" class=\"ns-gallery nsg-p15\">\n\t\t\t\t\t\t\t\t\t<div class=\"nsg-gitem nsg-c4\">\n\t\t\t\t\t\t<a href=\"https:\/\/www.tisa.si\/tisa-homes\/wp-content\/uploads\/2024\/02\/1000016758.jpg\" class=\"nsg-img-container nsg-r4-3\" title=\"\">\n\t\t\t\t\t\t\t<img class=\"nsg-img\" src=\"https:\/\/www.tisa.si\/tisa-homes\/slir\/w368\/wp-content\/uploads\/2024\/02\/1000016758.jpg\">\n\t\t\t\t\t\t<\/a>\n\t\t\t\t\t\t<span class=\"nsg-img-title\"><\/span>\n\t\t\t\t\t<\/div>\n\t\t\t\t\t\t\t\t\t<div class=\"nsg-gitem nsg-c4\">\n\t\t\t\t\t\t<a href=\"https:\/\/www.tisa.si\/tisa-homes\/wp-content\/uploads\/2024\/02\/1000016762.jpg\" class=\"nsg-img-container nsg-r4-3\" title=\"\">\n\t\t\t\t\t\t\t<img class=\"nsg-img\" src=\"https:\/\/www.tisa.si\/tisa-homes\/slir\/w368\/wp-content\/uploads\/2024\/02\/1000016762.jpg\">\n\t\t\t\t\t\t<\/a>\n\t\t\t\t\t\t<span class=\"nsg-img-title\"><\/span>\n\t\t\t\t\t<\/div>\n\t\t\t\t\t\t\t\t\t<div class=\"nsg-gitem nsg-c4\">\n\t\t\t\t\t\t<a href=\"https:\/\/www.tisa.si\/tisa-homes\/wp-content\/uploads\/2024\/02\/1000016765.jpg\" class=\"nsg-img-container nsg-r4-3\" title=\"\">\n\t\t\t\t\t\t\t<img class=\"nsg-img\" src=\"https:\/\/www.tisa.si\/tisa-homes\/slir\/w368\/wp-content\/uploads\/2024\/02\/1000016765.jpg\">\n\t\t\t\t\t\t<\/a>\n\t\t\t\t\t\t<span class=\"nsg-img-title\"><\/span>\n\t\t\t\t\t<\/div>\n\t\t\t\t\t\t\t\t\t<div class=\"nsg-gitem nsg-c4\">\n\t\t\t\t\t\t<a href=\"https:\/\/www.tisa.si\/tisa-homes\/wp-content\/uploads\/2024\/02\/1000016767.jpg\" class=\"nsg-img-container nsg-r4-3\" title=\"\">\n\t\t\t\t\t\t\t<img class=\"nsg-img\" src=\"https:\/\/www.tisa.si\/tisa-homes\/slir\/w368\/wp-content\/uploads\/2024\/02\/1000016767.jpg\">\n\t\t\t\t\t\t<\/a>\n\t\t\t\t\t\t<span class=\"nsg-img-title\"><\/span>\n\t\t\t\t\t<\/div>\n\t\t\t\t\t\t\t\t\t<div class=\"nsg-gitem nsg-c4\">\n\t\t\t\t\t\t<a href=\"https:\/\/www.tisa.si\/tisa-homes\/wp-content\/uploads\/2024\/02\/soba-ostalo-isto-kot-10-razen-sob.jpg\" class=\"nsg-img-container nsg-r4-3\" title=\"\">\n\t\t\t\t\t\t\t<img class=\"nsg-img\" src=\"https:\/\/www.tisa.si\/tisa-homes\/slir\/w368\/wp-content\/uploads\/2024\/02\/soba-ostalo-isto-kot-10-razen-sob.jpg\">\n\t\t\t\t\t\t<\/a>\n\t\t\t\t\t\t<span class=\"nsg-img-title\"><\/span>\n\t\t\t\t\t<\/div>\n\t\t\t\t\t\t\t<\/div>\n\t\t<\/div>\n\n\t\t[\/vc_column][\/vc_row][\/vc_column][\/vc_row]<\/p>\n","protected":false},"excerpt":{"rendered":"<p>[vc_row full_width=\u00a0\u00bbstretch_row_content_no_spaces\u00a0\u00bb][vc_column][\/vc_column][\/vc_row][vc_row css=\u00a0\u00bb.vc_custom_1671107277079{margin-top: 50px !important;margin-bottom: 50px !important;}\u00a0\u00bb el_class=\u00a0\u00bbsp-intro-apartma\u00a0\u00bb][vc_column width=\u00a0\u00bb1\/2&Prime;][vc_column_text] Taille de la maison : 43 m2 La maison est adapt\u00e9e pour 3 adultes et un enfant. Il a un lit double et un canap\u00e9-lit. Lits confortables : 9,5 &#8211; bas\u00e9 sur les notes des visiteurs. [\/vc_column_text][\/vc_column][vc_column width=\u00a0\u00bb1\/2&Prime;][\/vc_column][\/vc_row][vc_row full_width=\u00a0\u00bbstretch_row\u00a0\u00bb css=\u00a0\u00bb.vc_custom_1671106894316{background-color: #fbf4ec !important;}\u00a0\u00bb el_class=\u00a0\u00bbsp-apartma\u00a0\u00bb][vc_column width=\u00a0\u00bb1\/4&Prime;][vc_column_text] maison 1 chambre [\/vc_column_text][vc_column_text] Toute la maison de vacances Cuisine priv\u00e9e Propre salle de bain Balcon Vue du jardin Climatisation V\u00e9randa TV \u00e0 \u00e9cran plat Terrasse Wifi gratuit [\/vc_column_text][\/vc_column][vc_column width=\u00a0\u00bb1\/2&Prime;][vc_column_text] \u00c9quipement dans la maison [\/vc_column_text][vc_row_inner][vc_column_inner width=\u00a0\u00bb1\/2&Prime;][vc_column_text] Literie Armoire ou penderie Prises s\u00e9curit\u00e9 enfant Climatisation Sol en marbre \/ carrelage Entr\u00e9e priv\u00e9e Le chauffage Ustensiles de cuisine [\/vc_column_text][\/vc_column_inner][vc_column_inner width=\u00a0\u00bb1\/2&Prime;][vc_column_text] La cuisine TV \u00e0 \u00e9cran plat Balcon Terrasse V\u00e9randa [&hellip;]<\/p>\n","protected":false},"author":2,"featured_media":2496,"parent":1345,"menu_order":0,"comment_status":"closed","ping_status":"closed","template":"","meta":[],"_links":{"self":[{"href":"https:\/\/www.tisa.si\/tisa-homes\/fr\/wp-json\/wp\/v2\/pages\/1400"}],"collection":[{"href":"https:\/\/www.tisa.si\/tisa-homes\/fr\/wp-json\/wp\/v2\/pages"}],"about":[{"href":"https:\/\/www.tisa.si\/tisa-homes\/fr\/wp-json\/wp\/v2\/types\/page"}],"author":[{"embeddable":true,"href":"https:\/\/www.tisa.si\/tisa-homes\/fr\/wp-json\/wp\/v2\/users\/2"}],"replies":[{"embeddable":true,"href":"https:\/\/www.tisa.si\/tisa-homes\/fr\/wp-json\/wp\/v2\/comments?post=1400"}],"version-history":[{"count":0,"href":"https:\/\/www.tisa.si\/tisa-homes\/fr\/wp-json\/wp\/v2\/pages\/1400\/revisions"}],"up":[{"embeddable":true,"href":"https:\/\/www.tisa.si\/tisa-homes\/fr\/wp-json\/wp\/v2\/pages\/1345"}],"wp:featuredmedia":[{"embeddable":true,"href":"https:\/\/www.tisa.si\/tisa-homes\/fr\/wp-json\/wp\/v2\/media\/2496"}],"wp:attachment":[{"href":"https:\/\/www.tisa.si\/tisa-homes\/fr\/wp-json\/wp\/v2\/media?parent=1400"}],"curies":[{"name":"wp","href":"https:\/\/api.w.org\/{rel}","templated":true}]}}