{"id":1429,"date":"2022-12-15T08:04:40","date_gmt":"2022-12-15T07:04:40","guid":{"rendered":"https:\/\/www.tisa.si\/tisa-homes\/auteurs\/"},"modified":"2023-04-05T17:08:41","modified_gmt":"2023-04-05T15:08:41","slug":"auteurs","status":"publish","type":"page","link":"https:\/\/www.tisa.si\/tisa-homes\/fr\/auteurs\/","title":{"rendered":"Auteurs"},"content":{"rendered":"<p>[vc_row full_width=\u00a0\u00bbstretch_row_content_no_spaces\u00a0\u00bb][vc_column]\t\t\r\n\t\t<div class=\"title-container \">\r\n\t\t\t<div class=\"container\">\r\n\t\t\t\t<h1>Auteurs<\/h1>\r\n\t\t\t\t<div class=\"breadcrumbs-container\">\r\n\t\t\t\t\t<div class=\"breadcrumbs\">\r\n\t\t\t\t\t\t\n\t<ul class=\"ns-breadcrumbs\">\n\t\t\t<li><a href=\"https:\/\/www.tisa.si\/tisa-homes\/fr\/\">Maison<\/a><\/li>\n\t\t\t\t<li>Auteurs<\/li>\n\t<\/ul>\n\t\n\t\t\t\t\t\t\t<div class=\"clearfix\"><\/div>\r\n\t\t\t\t\t<\/div>\r\n\t\t\t\t<\/div>\r\n\t\t\t<\/div>\r\n\t\t<\/div>\r\n\r\n\t\t[\/vc_column][\/vc_row][vc_row][vc_column][vc_column_text]<\/p>\n<h2>Contenu du site Web<\/h2>\n<p>Les textes et les images du site Web ont \u00e9t\u00e9 pr\u00e9par\u00e9s par <strong>Tisa Homes<\/strong> .<\/p>\n<h2>Cr\u00e9ation et conception d&rsquo;un site web<\/h2>\n<p>Lors de la mise en place du site internet <strong>, l&rsquo;agence digitale <span style=\"color: #f56702;\">novi<\/span> Splet<\/strong> s&rsquo;est occup\u00e9e de :<\/p>\n<ul>\n<li>conception de l&rsquo;exp\u00e9rience utilisateur,<\/li>\n<li>cr\u00e9ation de sites web,<\/li>\n<li>r\u00e9alisation technique,<\/li>\n<li>r\u00e9alisation de l&rsquo;ensemble du projet.<\/li>\n<\/ul>\n<p><a href=\"https:\/\/www.novisplet.com\/izdelava-spletnih-strani\" target=\"_blank\" rel=\"noopener\">La cr\u00e9ation de sites Web<\/a> est l&rsquo;activit\u00e9 principale de l&rsquo;agence num\u00e9rique noviSplet, qui augmente les ventes et la r\u00e9putation des entreprises en ligne avec des solutions en ligne compl\u00e8tes.<\/p>\n<p>Plus sur <strong><a href=\"https:\/\/www.novisplet.com\/\" target=\"_blank\" rel=\"noopener\">www.novisplet.com<\/a><\/strong>[\/vc_column_text][\/vc_column][\/vc_row]<\/p>\n","protected":false},"excerpt":{"rendered":"<p>[vc_row full_width=\u00a0\u00bbstretch_row_content_no_spaces\u00a0\u00bb][vc_column][\/vc_column][\/vc_row][vc_row][vc_column][vc_column_text] Contenu du site Web Les textes et les images du site Web ont \u00e9t\u00e9 pr\u00e9par\u00e9s par Tisa Homes . Cr\u00e9ation et conception d&rsquo;un site web Lors de la mise en place du site internet , l&rsquo;agence digitale novi Splet s&rsquo;est occup\u00e9e de : conception de l&rsquo;exp\u00e9rience utilisateur, cr\u00e9ation de sites web, r\u00e9alisation technique, r\u00e9alisation de l&rsquo;ensemble du projet. La cr\u00e9ation de sites Web est l&rsquo;activit\u00e9 principale de l&rsquo;agence num\u00e9rique noviSplet, qui augmente les ventes et la r\u00e9putation des entreprises en ligne avec des solutions en ligne compl\u00e8tes. Plus sur www.novisplet.com[\/vc_column_text][\/vc_column][\/vc_row]<\/p>\n","protected":false},"author":2,"featured_media":0,"parent":0,"menu_order":7,"comment_status":"closed","ping_status":"closed","template":"","meta":[],"_links":{"self":[{"href":"https:\/\/www.tisa.si\/tisa-homes\/fr\/wp-json\/wp\/v2\/pages\/1429"}],"collection":[{"href":"https:\/\/www.tisa.si\/tisa-homes\/fr\/wp-json\/wp\/v2\/pages"}],"about":[{"href":"https:\/\/www.tisa.si\/tisa-homes\/fr\/wp-json\/wp\/v2\/types\/page"}],"author":[{"embeddable":true,"href":"https:\/\/www.tisa.si\/tisa-homes\/fr\/wp-json\/wp\/v2\/users\/2"}],"replies":[{"embeddable":true,"href":"https:\/\/www.tisa.si\/tisa-homes\/fr\/wp-json\/wp\/v2\/comments?post=1429"}],"version-history":[{"count":0,"href":"https:\/\/www.tisa.si\/tisa-homes\/fr\/wp-json\/wp\/v2\/pages\/1429\/revisions"}],"wp:attachment":[{"href":"https:\/\/www.tisa.si\/tisa-homes\/fr\/wp-json\/wp\/v2\/media?parent=1429"}],"curies":[{"name":"wp","href":"https:\/\/api.w.org\/{rel}","templated":true}]}}