{"id":1072,"date":"2022-12-15T08:04:40","date_gmt":"2022-12-15T07:04:40","guid":{"rendered":"https:\/\/www.tisa.si\/tisa-homes\/autori\/"},"modified":"2023-04-05T16:34:48","modified_gmt":"2023-04-05T14:34:48","slug":"autori","status":"publish","type":"page","link":"https:\/\/www.tisa.si\/tisa-homes\/hr\/autori\/","title":{"rendered":"Autori"},"content":{"rendered":"<p>[vc_row full_width=&#8221;stretch_row_content_no_spaces&#8221;][vc_column]\t\t\r\n\t\t<div class=\"title-container \">\r\n\t\t\t<div class=\"container\">\r\n\t\t\t\t<h1>Autori<\/h1>\r\n\t\t\t\t<div class=\"breadcrumbs-container\">\r\n\t\t\t\t\t<div class=\"breadcrumbs\">\r\n\t\t\t\t\t\t\n\t<ul class=\"ns-breadcrumbs\">\n\t\t\t<li><a href=\"https:\/\/www.tisa.si\/tisa-homes\/hr\/\">Dom<\/a><\/li>\n\t\t\t\t<li>Autori<\/li>\n\t<\/ul>\n\t\n\t\t\t\t\t\t\t<div class=\"clearfix\"><\/div>\r\n\t\t\t\t\t<\/div>\r\n\t\t\t\t<\/div>\r\n\t\t\t<\/div>\r\n\t\t<\/div>\r\n\r\n\t\t[\/vc_column][\/vc_row][vc_row][vc_column][vc_column_text]<\/p>\n<h2>Sadr\u017eaj web stranice<\/h2>\n<p>Tekstove i slike na web stranici pripremio je <strong>Tisa Homes<\/strong> .<\/p>\n<h2>Izrada i dizajn web stranice<\/h2>\n<p>Prilikom postavljanja web stranice <strong>Digitalna agencija <span style=\"color: #f56702;\">Novi<\/span> Splet<\/strong> pobrinula se za:<\/p>\n<ul>\n<li>dizajn korisni\u010dkog iskustva,<\/li>\n<li>web dizajn,<\/li>\n<li>tehni\u010dka izvedba,<\/li>\n<li>realizacija cjelokupnog projekta.<\/li>\n<\/ul>\n<p><a href=\"https:\/\/www.novisplet.com\/izdelava-spletnih-strani\" target=\"_blank\" rel=\"noopener\">Izrada web stranica<\/a> glavna je djelatnost digitalne agencije noviSplet koja cjelovitim online rje\u0161enjima pove\u0107ava prodaju i ugled tvrtki na internetu.<\/p>\n<p>Vi\u0161e na <strong><a href=\"https:\/\/www.novisplet.com\/\" target=\"_blank\" rel=\"noopener\">www.novisplet.com<\/a><\/strong>[\/vc_column_text][\/vc_column][\/vc_row]<\/p>\n","protected":false},"excerpt":{"rendered":"<p>[vc_row full_width=&#8221;stretch_row_content_no_spaces&#8221;][vc_column][\/vc_column][\/vc_row][vc_row][vc_column][vc_column_text] Sadr\u017eaj web stranice Tekstove i slike na web stranici pripremio je Tisa Homes . Izrada i dizajn web stranice Prilikom postavljanja web stranice Digitalna agencija Novi Splet pobrinula se za: dizajn korisni\u010dkog iskustva, web dizajn, tehni\u010dka izvedba, realizacija cjelokupnog projekta. Izrada web stranica glavna je djelatnost digitalne agencije noviSplet koja cjelovitim online rje\u0161enjima pove\u0107ava prodaju i ugled tvrtki na internetu. Vi\u0161e na www.novisplet.com[\/vc_column_text][\/vc_column][\/vc_row]<\/p>\n","protected":false},"author":2,"featured_media":0,"parent":0,"menu_order":7,"comment_status":"closed","ping_status":"closed","template":"","meta":[],"_links":{"self":[{"href":"https:\/\/www.tisa.si\/tisa-homes\/hr\/wp-json\/wp\/v2\/pages\/1072"}],"collection":[{"href":"https:\/\/www.tisa.si\/tisa-homes\/hr\/wp-json\/wp\/v2\/pages"}],"about":[{"href":"https:\/\/www.tisa.si\/tisa-homes\/hr\/wp-json\/wp\/v2\/types\/page"}],"author":[{"embeddable":true,"href":"https:\/\/www.tisa.si\/tisa-homes\/hr\/wp-json\/wp\/v2\/users\/2"}],"replies":[{"embeddable":true,"href":"https:\/\/www.tisa.si\/tisa-homes\/hr\/wp-json\/wp\/v2\/comments?post=1072"}],"version-history":[{"count":0,"href":"https:\/\/www.tisa.si\/tisa-homes\/hr\/wp-json\/wp\/v2\/pages\/1072\/revisions"}],"wp:attachment":[{"href":"https:\/\/www.tisa.si\/tisa-homes\/hr\/wp-json\/wp\/v2\/media?parent=1072"}],"curies":[{"name":"wp","href":"https:\/\/api.w.org\/{rel}","templated":true}]}}