{"id":1531,"date":"2016-10-18T08:51:57","date_gmt":"2016-10-18T06:51:57","guid":{"rendered":"https:\/\/www.tisa.si\/tisa-homes\/dom\/"},"modified":"2024-04-26T13:24:07","modified_gmt":"2024-04-26T11:24:07","slug":"dom","status":"publish","type":"page","link":"https:\/\/www.tisa.si\/tisa-homes\/hr\/","title":{"rendered":"Dom"},"content":{"rendered":"<p>[vc_row full_width=&#8221;stretch_row&#8221; imgs=&#8221;523&#8243; el_class=&#8221;main-banner&#8221;][vc_column][vc_row_inner][vc_column_inner offset=&#8221;vc_col-lg-7 vc_col-md-8&#8243;][vc_column_text el_class=&#8221;slider-title&#8221;]<\/p>\n<h1>Ku\u0107e za odmor u<br \/>\nSavudrija<\/h1>\n<p>U blizini poznatog savudrijskog svjetionika, samo minutu hoda od pla\u017ee, smjestilo se turisti\u010dko naselje Tisa homes.[\/vc_column_text]\t\t\n\t\t<a href=\"https:\/\/www.tisa.si\/tisa-homes\/apartmaji\/\" target=\"\" class=\"btn  btn-primary btn-lg \" id=\"\">\u010citaj vi\u0161e<\/a>\n\n\t\t[\/vc_column_inner][vc_column_inner offset=&#8221;vc_col-lg-5 vc_col-md-4&#8243;][\/vc_column_inner][\/vc_row_inner][\/vc_column][\/vc_row][vc_row css=&#8221;.vc_custom_1671037369721{margin-bottom: 65px !important;}&#8221; el_class=&#8221;hsec1&#8243;][vc_column width=&#8221;1\/2&#8243;][vc_column_text]<\/p>\n<h2>Tisa Homes &#8211; turisti\u010dko naselje u Savudriji<\/h2>\n<p>Ima 6 samostoje\u0107ih ku\u0107a koje su pogodne za smje\u0161taj obitelji ili 3-4 odrasle osobe. Sve jedinice imaju kuhinju s blagovaonicom, verandu, klima-ure\u0111aj, TV ravnog ekrana i vlastitu kupaonicu s tu\u0161em.<\/p>\n<p>Balkoni koji gledaju na zajedni\u010dki vrt s igrali\u0161tem za badminton i stolni tenis pru\u017eit \u0107e roditeljima mir dok se njihova djeca igraju.[\/vc_column_text]\t\t\n\t\t<a href=\"https:\/\/www.tisa.si\/tisa-homes\/rezervacija\/\" target=\"\" class=\"btn  btn-default btn-sm \" id=\"\">Zaka\u017eite termin<\/a>\n\n\t\t[\/vc_column][vc_column width=&#8221;1\/2&#8243;][vc_single_image image=&#8221;226&#8243; img_size=&#8221;700&#215;440&#8243; css=&#8221;.vc_custom_1669379281585{margin-top: 35px !important;margin-bottom: 0px !important;}&#8221;][\/vc_column][\/vc_row][vc_row full_width=&#8221;stretch_row&#8221; css=&#8221;.vc_custom_1671040201230{background-color: #fbf4ec !important;}&#8221; el_class=&#8221;hsec2&#8243;][vc_column width=&#8221;1\/3&#8243;][vc_column_text]<\/p>\n<h3>Pogodnosti smje\u0161taja<\/h3>\n<p>[\/vc_column_text][vc_separator color=&#8221;custom&#8221; align=&#8221;align_left&#8221; accent_color=&#8221;#c8c8c8&#8243; css=&#8221;.vc_custom_1669373932686{margin-top: 20px !important;margin-bottom: 20px !important;}&#8221;]\t\t\n\t\t<div class=\"ns-cwi-container  \">\n\t\t\t<div class=\"ns-cwi-icon\">\n\t\t\t\t<div class=\"ns-cwi-icon-inner\">\n\t\t\t\t\t<img src=\"https:\/\/www.tisa.si\/tisa-homes\/wp-content\/uploads\/2016\/10\/icon-parkiranje.png\">\n\t\t\t\t<\/div>\n\t\t\t<\/div>\n\t\t\t<div class=\"ns-cwi-content\">\n\t\t\t\t<div class=\"ns-cwi-content_inner\">\n\t\t\t\t\tBesplatno parkirno mjesto<br \/>\n(obavezna rezervacija)\t\t\t\t<\/div>\n\t\t\t<\/div>\n\t\t<\/div>\n\n\t\t[vc_separator color=&#8221;custom&#8221; align=&#8221;align_left&#8221; accent_color=&#8221;#c8c8c8&#8243; css=&#8221;.vc_custom_1669373932686{margin-top: 20px !important;margin-bottom: 20px !important;}&#8221;]\t\t\n\t\t<div class=\"ns-cwi-container  \">\n\t\t\t<div class=\"ns-cwi-icon\">\n\t\t\t\t<div class=\"ns-cwi-icon-inner\">\n\t\t\t\t\t<img src=\"https:\/\/www.tisa.si\/tisa-homes\/wp-content\/uploads\/2016\/10\/icon-tv.png\">\n\t\t\t\t<\/div>\n\t\t\t<\/div>\n\t\t\t<div class=\"ns-cwi-content\">\n\t\t\t\t<div class=\"ns-cwi-content_inner\">\n\t\t\t\t\ttelevizor\t\t\t\t<\/div>\n\t\t\t<\/div>\n\t\t<\/div>\n\n\t\t[vc_separator color=&#8221;custom&#8221; align=&#8221;align_left&#8221; accent_color=&#8221;#c8c8c8&#8243; css=&#8221;.vc_custom_1669373938116{margin-top: 20px !important;margin-bottom: 20px !important;}&#8221;]\t\t\n\t\t<div class=\"ns-cwi-container  \">\n\t\t\t<div class=\"ns-cwi-icon\">\n\t\t\t\t<div class=\"ns-cwi-icon-inner\">\n\t\t\t\t\t<img src=\"https:\/\/www.tisa.si\/tisa-homes\/wp-content\/uploads\/2016\/10\/icon-wifi-1.png\">\n\t\t\t\t<\/div>\n\t\t\t<\/div>\n\t\t\t<div class=\"ns-cwi-content\">\n\t\t\t\t<div class=\"ns-cwi-content_inner\">\n\t\t\t\t\tBesplatni WiFi\t\t\t\t<\/div>\n\t\t\t<\/div>\n\t\t<\/div>\n\n\t\t[vc_separator color=&#8221;custom&#8221; align=&#8221;align_left&#8221; accent_color=&#8221;#c8c8c8&#8243; css=&#8221;.vc_custom_1669373942909{margin-top: 20px !important;margin-bottom: 20px !important;}&#8221;]\t\t\n\t\t<div class=\"ns-cwi-container  \">\n\t\t\t<div class=\"ns-cwi-icon\">\n\t\t\t\t<div class=\"ns-cwi-icon-inner\">\n\t\t\t\t\t<img src=\"https:\/\/www.tisa.si\/tisa-homes\/wp-content\/uploads\/2016\/10\/icon-vhod-1.png\">\n\t\t\t\t<\/div>\n\t\t\t<\/div>\n\t\t\t<div class=\"ns-cwi-content\">\n\t\t\t\t<div class=\"ns-cwi-content_inner\">\n\t\t\t\t\tZaseban ulaz\t\t\t\t<\/div>\n\t\t\t<\/div>\n\t\t<\/div>\n\n\t\t[vc_separator color=&#8221;custom&#8221; align=&#8221;align_left&#8221; accent_color=&#8221;#c8c8c8&#8243; css=&#8221;.vc_custom_1669373947927{margin-top: 20px !important;margin-bottom: 20px !important;}&#8221;]\t\t\n\t\t<div class=\"ns-cwi-container  \">\n\t\t\t<div class=\"ns-cwi-icon\">\n\t\t\t\t<div class=\"ns-cwi-icon-inner\">\n\t\t\t\t\t<img src=\"https:\/\/www.tisa.si\/tisa-homes\/wp-content\/uploads\/2016\/10\/icon-babybed.png\">\n\t\t\t\t<\/div>\n\t\t\t<\/div>\n\t\t\t<div class=\"ns-cwi-content\">\n\t\t\t\t<div class=\"ns-cwi-content_inner\">\n\t\t\t\t\tDje\u010dji kreveti\u0107<br \/>\n(uz prethodni dogovor, besplatno)\t\t\t\t<\/div>\n\t\t\t<\/div>\n\t\t<\/div>\n\n\t\t[vc_separator color=&#8221;custom&#8221; align=&#8221;align_left&#8221; accent_color=&#8221;#c8c8c8&#8243; css=&#8221;.vc_custom_1669373953308{margin-top: 20px !important;margin-bottom: 20px !important;}&#8221;]\t\t\n\t\t<div class=\"ns-cwi-container  \">\n\t\t\t<div class=\"ns-cwi-icon\">\n\t\t\t\t<div class=\"ns-cwi-icon-inner\">\n\t\t\t\t\t<img src=\"https:\/\/www.tisa.si\/tisa-homes\/wp-content\/uploads\/2016\/10\/icon-utilities.png\">\n\t\t\t\t<\/div>\n\t\t\t<\/div>\n\t\t\t<div class=\"ns-cwi-content\">\n\t\t\t\t<div class=\"ns-cwi-content_inner\">\n\t\t\t\t\tRu\u010dnici, posteljina, ormari,<br \/>\nstalak za su\u0161enje rublja, su\u0161ilo za kosu,<br \/>\nKuhinjsko posu\u0111e\t\t\t\t<\/div>\n\t\t\t<\/div>\n\t\t<\/div>\n\n\t\t[\/vc_column][vc_column width=&#8221;1\/3&#8243;][vc_column_text]<\/p>\n<h3>Popularne zanimljivosti u blizini<\/h3>\n<p>[\/vc_column_text][vc_separator color=&#8221;custom&#8221; align=&#8221;align_left&#8221; accent_color=&#8221;#c8c8c8&#8243; css=&#8221;.vc_custom_1669373932686{margin-top: 20px !important;margin-bottom: 20px !important;}&#8221;]\t\t\n\t\t<div class=\"ns-cwi-container  \">\n\t\t\t<div class=\"ns-cwi-icon\">\n\t\t\t\t<div class=\"ns-cwi-icon-inner\">\n\t\t\t\t\t<img src=\"https:\/\/www.tisa.si\/tisa-homes\/wp-content\/uploads\/2016\/10\/icon-plaza.png\">\n\t\t\t\t<\/div>\n\t\t\t<\/div>\n\t\t\t<div class=\"ns-cwi-content\">\n\t\t\t\t<div class=\"ns-cwi-content_inner\">\n\t\t\t\t\tPla\u017ea Veliki Jo\u017ee (600 m)<br \/>\nPla\u017ea Pineta (1,1 km)\t\t\t\t<\/div>\n\t\t\t<\/div>\n\t\t<\/div>\n\n\t\t[vc_separator color=&#8221;custom&#8221; align=&#8221;align_left&#8221; accent_color=&#8221;#c8c8c8&#8243; css=&#8221;.vc_custom_1669373932686{margin-top: 20px !important;margin-bottom: 20px !important;}&#8221;]\t\t\n\t\t<div class=\"ns-cwi-container  \">\n\t\t\t<div class=\"ns-cwi-icon\">\n\t\t\t\t<div class=\"ns-cwi-icon-inner\">\n\t\t\t\t\t<img src=\"https:\/\/www.tisa.si\/tisa-homes\/wp-content\/uploads\/2016\/10\/icon-pristavisce.png\">\n\t\t\t\t<\/div>\n\t\t\t<\/div>\n\t\t\t<div class=\"ns-cwi-content\">\n\t\t\t\t<div class=\"ns-cwi-content_inner\">\n\t\t\t\t\tLuke Savudrije\t\t\t\t<\/div>\n\t\t\t<\/div>\n\t\t<\/div>\n\n\t\t[vc_separator color=&#8221;custom&#8221; align=&#8221;align_left&#8221; accent_color=&#8221;#c8c8c8&#8243; css=&#8221;.vc_custom_1669373932686{margin-top: 20px !important;margin-bottom: 20px !important;}&#8221;]\t\t\n\t\t<div class=\"ns-cwi-container  \">\n\t\t\t<div class=\"ns-cwi-icon\">\n\t\t\t\t<div class=\"ns-cwi-icon-inner\">\n\t\t\t\t\t<img src=\"https:\/\/www.tisa.si\/tisa-homes\/wp-content\/uploads\/2016\/10\/icon-svetilnik.png\">\n\t\t\t\t<\/div>\n\t\t\t<\/div>\n\t\t\t<div class=\"ns-cwi-content\">\n\t\t\t\t<div class=\"ns-cwi-content_inner\">\n\t\t\t\t\tSavudrijski svjetionik (800 m)\t\t\t\t<\/div>\n\t\t\t<\/div>\n\t\t<\/div>\n\n\t\t[vc_separator color=&#8221;custom&#8221; align=&#8221;align_left&#8221; accent_color=&#8221;#c8c8c8&#8243; css=&#8221;.vc_custom_1669373932686{margin-top: 20px !important;margin-bottom: 20px !important;}&#8221;]\t\t\n\t\t<div class=\"ns-cwi-container  \">\n\t\t\t<div class=\"ns-cwi-icon\">\n\t\t\t\t<div class=\"ns-cwi-icon-inner\">\n\t\t\t\t\t<img src=\"https:\/\/www.tisa.si\/tisa-homes\/wp-content\/uploads\/2016\/10\/icon-bar.png\">\n\t\t\t\t<\/div>\n\t\t\t<\/div>\n\t\t\t<div class=\"ns-cwi-content\">\n\t\t\t\t<div class=\"ns-cwi-content_inner\">\n\t\t\t\t\tDostupan je u krugu od 600 m<br \/>\nnekoliko barova i kafi\u0107a\t\t\t\t<\/div>\n\t\t\t<\/div>\n\t\t<\/div>\n\n\t\t[vc_separator color=&#8221;custom&#8221; align=&#8221;align_left&#8221; accent_color=&#8221;#c8c8c8&#8243; css=&#8221;.vc_custom_1669373932686{margin-top: 20px !important;margin-bottom: 20px !important;}&#8221;]\t\t\n\t\t<div class=\"ns-cwi-container  \">\n\t\t\t<div class=\"ns-cwi-icon\">\n\t\t\t\t<div class=\"ns-cwi-icon-inner\">\n\t\t\t\t\t<img src=\"https:\/\/www.tisa.si\/tisa-homes\/wp-content\/uploads\/2016\/10\/icon-park.png\">\n\t\t\t\t<\/div>\n\t\t\t<\/div>\n\t\t\t<div class=\"ns-cwi-content\">\n\t\t\t\t<div class=\"ns-cwi-content_inner\">\n\t\t\t\t\tPejza\u017eni park Se\u010doveljske soline (8 km)\t\t\t\t<\/div>\n\t\t\t<\/div>\n\t\t<\/div>\n\n\t\t[vc_separator color=&#8221;custom&#8221; align=&#8221;align_left&#8221; accent_color=&#8221;#c8c8c8&#8243; css=&#8221;.vc_custom_1669373932686{margin-top: 20px !important;margin-bottom: 20px !important;}&#8221;]\t\t\n\t\t<div class=\"ns-cwi-container  \">\n\t\t\t<div class=\"ns-cwi-icon\">\n\t\t\t\t<div class=\"ns-cwi-icon-inner\">\n\t\t\t\t\t<img src=\"https:\/\/www.tisa.si\/tisa-homes\/wp-content\/uploads\/2016\/10\/icon-airport.png\">\n\t\t\t\t<\/div>\n\t\t\t<\/div>\n\t\t\t<div class=\"ns-cwi-content\">\n\t\t\t\t<div class=\"ns-cwi-content_inner\">\n\t\t\t\t\tZra\u010dna luka Pula (74 km)\t\t\t\t<\/div>\n\t\t\t<\/div>\n\t\t<\/div>\n\n\t\t[vc_separator color=&#8221;custom&#8221; align=&#8221;align_left&#8221; accent_color=&#8221;#c8c8c8&#8243; css=&#8221;.vc_custom_1669373932686{margin-top: 20px !important;margin-bottom: 20px !important;}&#8221;]\t\t\n\t\t<div class=\"ns-cwi-container  \">\n\t\t\t<div class=\"ns-cwi-icon\">\n\t\t\t\t<div class=\"ns-cwi-icon-inner\">\n\t\t\t\t\t<img src=\"https:\/\/www.tisa.si\/tisa-homes\/wp-content\/uploads\/2016\/10\/icon-muzej.png\">\n\t\t\t\t<\/div>\n\t\t\t<\/div>\n\t\t\t<div class=\"ns-cwi-content\">\n\t\t\t\t<div class=\"ns-cwi-content_inner\">\n\t\t\t\t\tMuzej grada Umaga (7 km)\t\t\t\t<\/div>\n\t\t\t<\/div>\n\t\t<\/div>\n\n\t\t[\/vc_column][vc_column width=&#8221;1\/3&#8243;][vc_column_text]<\/p>\n<h3><span class=\"TextRun BCX0 SCXO63630600\" lang=\"EN-US\" xml:lang=\"EN-US\" data-contrast=\"auto\"><span class=\"SpellingError BCX0 SCXO63630600\">Ograni\u010denja<\/span><\/span><\/h3>\n<p>[\/vc_column_text][vc_separator color=&#8221;custom&#8221; align=&#8221;align_left&#8221; accent_color=&#8221;#c8c8c8&#8243; css=&#8221;.vc_custom_1669373932686{margin-top: 20px !important;margin-bottom: 20px !important;}&#8221;]\t\t\n\t\t<div class=\"ns-cwi-container  \">\n\t\t\t<div class=\"ns-cwi-icon\">\n\t\t\t\t<div class=\"ns-cwi-icon-inner\">\n\t\t\t\t\t<img src=\"https:\/\/www.tisa.si\/tisa-homes\/wp-content\/uploads\/2016\/10\/icon-checkinout.png\">\n\t\t\t\t<\/div>\n\t\t\t<\/div>\n\t\t\t<div class=\"ns-cwi-content\">\n\t\t\t\t<div class=\"ns-cwi-content_inner\">\n\t\t\t\t\tCheck-in: 16:00 \u2013 21:00<br \/>\nCheck-out: 8:00 \u2013 10:00\t\t\t\t<\/div>\n\t\t\t<\/div>\n\t\t<\/div>\n\n\t\t[vc_separator color=&#8221;custom&#8221; align=&#8221;align_left&#8221; accent_color=&#8221;#c8c8c8&#8243; css=&#8221;.vc_custom_1669373932686{margin-top: 20px !important;margin-bottom: 20px !important;}&#8221;]\t\t\n\t\t<div class=\"ns-cwi-container  \">\n\t\t\t<div class=\"ns-cwi-icon\">\n\t\t\t\t<div class=\"ns-cwi-icon-inner\">\n\t\t\t\t\t<img src=\"https:\/\/www.tisa.si\/tisa-homes\/wp-content\/uploads\/2016\/10\/icon-kajenje.png\">\n\t\t\t\t<\/div>\n\t\t\t<\/div>\n\t\t\t<div class=\"ns-cwi-content\">\n\t\t\t\t<div class=\"ns-cwi-content_inner\">\n\t\t\t\t\tU prostorijama nije dozvoljeno pu\u0161enje\t\t\t\t<\/div>\n\t\t\t<\/div>\n\t\t<\/div>\n\n\t\t[vc_separator color=&#8221;custom&#8221; align=&#8221;align_left&#8221; accent_color=&#8221;#c8c8c8&#8243; css=&#8221;.vc_custom_1669373932686{margin-top: 20px !important;margin-bottom: 20px !important;}&#8221;]\t\t\n\t\t<div class=\"ns-cwi-container  \">\n\t\t\t<div class=\"ns-cwi-icon\">\n\t\t\t\t<div class=\"ns-cwi-icon-inner\">\n\t\t\t\t\t<img src=\"https:\/\/www.tisa.si\/tisa-homes\/wp-content\/uploads\/2016\/10\/icon-zabava.png\">\n\t\t\t\t<\/div>\n\t\t\t<\/div>\n\t\t\t<div class=\"ns-cwi-content\">\n\t\t\t\t<div class=\"ns-cwi-content_inner\">\n\t\t\t\t\tZabave\/doga\u0111aji nisu dopu\u0161teni\t\t\t\t<\/div>\n\t\t\t<\/div>\n\t\t<\/div>\n\n\t\t[vc_separator color=&#8221;custom&#8221; align=&#8221;align_left&#8221; accent_color=&#8221;#c8c8c8&#8243; css=&#8221;.vc_custom_1669373932686{margin-top: 20px !important;margin-bottom: 20px !important;}&#8221;]\t\t\n\t\t<div class=\"ns-cwi-container  \">\n\t\t\t<div class=\"ns-cwi-icon\">\n\t\t\t\t<div class=\"ns-cwi-icon-inner\">\n\t\t\t\t\t<img src=\"https:\/\/www.tisa.si\/tisa-homes\/wp-content\/uploads\/2016\/10\/icon-zivali.png\">\n\t\t\t\t<\/div>\n\t\t\t<\/div>\n\t\t\t<div class=\"ns-cwi-content\">\n\t\t\t\t<div class=\"ns-cwi-content_inner\">\n\t\t\t\t\tKu\u0107ni ljubimci nisu dopu\u0161teni\t\t\t\t<\/div>\n\t\t\t<\/div>\n\t\t<\/div>\n\n\t\t[\/vc_column][\/vc_row][vc_row full_width=&#8221;stretch_row&#8221; el_class=&#8221;hsec3&#8243;][vc_column][vc_column_text]<\/p>\n<h3 style=\"text-align: center;\">Ponuda apartmanskih ku\u0107a<\/h3>\n<p>[\/vc_column_text][vc_row][vc_column]          \n\n\n            \n    \n                  <div class=\"subcat-wrap subcat-wrap-slider\" id=\"69fb50c92e382\">\n    \n\n                        <div class=\"subcat-cont\">\n              <a href=\"https:\/\/www.tisa.si\/tisa-homes\/hr\/apartmani\/apartman-a1\/\" class=\"subcat-item\">\n                <div>\n                    <div class=\"image\">\n                      <img src=\"https:\/\/www.tisa.si\/tisa-homes\/wp-content\/uploads\/2024\/02\/1000016817.jpg\">\n                    <\/div>\n                    <div class=\"text\">\n                      <h4>Apartman A1<\/h4>\n                      <p>DO 4 OSOBE (maksimalno 3 odrasle osobe sa djecom)<\/p>\n                      <p>1 spava\u0107a soba<\/p>\n\n                    <\/div>\n                    <a href=\"https:\/\/www.tisa.si\/tisa-homes\/hr\/apartmani\/apartman-a1\/\" class=\"subcat-item btn  btn-default btn-sm \">\n                      Vi\u0161e detalja<\/a>\n                      <\/a> \n                <\/div>\n              <\/a>\n            <\/div>\n                        <div class=\"subcat-cont\">\n              <a href=\"https:\/\/www.tisa.si\/tisa-homes\/hr\/apartmani\/apartman-a6\/\" class=\"subcat-item\">\n                <div>\n                    <div class=\"image\">\n                      <img src=\"https:\/\/www.tisa.si\/tisa-homes\/wp-content\/uploads\/2024\/02\/1000016774.jpg\">\n                    <\/div>\n                    <div class=\"text\">\n                      <h4>Apartman A6<\/h4>\n                      <p>DO 4 OSOBE (maksimalno 3 odrasle osobe sa djecom)<\/p>\n                      <p>1 spava\u0107a soba<\/p>\n\n                    <\/div>\n                    <a href=\"https:\/\/www.tisa.si\/tisa-homes\/hr\/apartmani\/apartman-a6\/\" class=\"subcat-item btn  btn-default btn-sm \">\n                      Vi\u0161e detalja<\/a>\n                      <\/a> \n                <\/div>\n              <\/a>\n            <\/div>\n                        <div class=\"subcat-cont\">\n              <a href=\"https:\/\/www.tisa.si\/tisa-homes\/hr\/apartmani\/apartman-a4\/\" class=\"subcat-item\">\n                <div>\n                    <div class=\"image\">\n                      <img src=\"https:\/\/www.tisa.si\/tisa-homes\/wp-content\/uploads\/2024\/02\/zkc_5737.jpg\">\n                    <\/div>\n                    <div class=\"text\">\n                      <h4>Apartman A4<\/h4>\n                      <p>DO 4 OSOBE (maksimalno 3 odrasle osobe sa djecom)<\/p>\n                      <p>1 spava\u0107a soba<\/p>\n\n                    <\/div>\n                    <a href=\"https:\/\/www.tisa.si\/tisa-homes\/hr\/apartmani\/apartman-a4\/\" class=\"subcat-item btn  btn-default btn-sm \">\n                      Vi\u0161e detalja<\/a>\n                      <\/a> \n                <\/div>\n              <\/a>\n            <\/div>\n                        <div class=\"subcat-cont\">\n              <a href=\"https:\/\/www.tisa.si\/tisa-homes\/hr\/apartmani\/apartman-a8\/\" class=\"subcat-item\">\n                <div>\n                    <div class=\"image\">\n                      <img src=\"https:\/\/www.tisa.si\/tisa-homes\/wp-content\/uploads\/2024\/02\/1000016765-1.jpg\">\n                    <\/div>\n                    <div class=\"text\">\n                      <h4>Apartman A8<\/h4>\n                      <p>DO 4 OSOBE (maksimalno 3 odrasle osobe sa djecom)<\/p>\n                      <p>1 spava\u0107a soba<\/p>\n\n                    <\/div>\n                    <a href=\"https:\/\/www.tisa.si\/tisa-homes\/hr\/apartmani\/apartman-a8\/\" class=\"subcat-item btn  btn-default btn-sm \">\n                      Vi\u0161e detalja<\/a>\n                      <\/a> \n                <\/div>\n              <\/a>\n            <\/div>\n                        <div class=\"subcat-cont\">\n              <a href=\"https:\/\/www.tisa.si\/tisa-homes\/hr\/apartmani\/apartman-a9\/\" class=\"subcat-item\">\n                <div>\n                    <div class=\"image\">\n                      <img src=\"https:\/\/www.tisa.si\/tisa-homes\/wp-content\/uploads\/2024\/02\/1000016833.jpg\">\n                    <\/div>\n                    <div class=\"text\">\n                      <h4>Apartman A9<\/h4>\n                      <p>DO 4 OSOBE (maksimalno 3 odrasle osobe sa djecom)<\/p>\n                      <p>1 spava\u0107a soba<\/p>\n\n                    <\/div>\n                    <a href=\"https:\/\/www.tisa.si\/tisa-homes\/hr\/apartmani\/apartman-a9\/\" class=\"subcat-item btn  btn-default btn-sm \">\n                      Vi\u0161e detalja<\/a>\n                      <\/a> \n                <\/div>\n              <\/a>\n            <\/div>\n                        <div class=\"subcat-cont\">\n              <a href=\"https:\/\/www.tisa.si\/tisa-homes\/hr\/apartmani\/apartman-a10\/\" class=\"subcat-item\">\n                <div>\n                    <div class=\"image\">\n                      <img src=\"https:\/\/www.tisa.si\/tisa-homes\/wp-content\/uploads\/2024\/02\/1000016767-1.jpg\">\n                    <\/div>\n                    <div class=\"text\">\n                      <h4>Apartman A10<\/h4>\n                      <p>DO 5 OSOBA (maksimalno 4 odrasle osobe s djecom)<\/p>\n                      <p>2 spava\u0107e sobe<\/p>\n\n                    <\/div>\n                    <a href=\"https:\/\/www.tisa.si\/tisa-homes\/hr\/apartmani\/apartman-a10\/\" class=\"subcat-item btn  btn-default btn-sm \">\n                      Vi\u0161e detalja<\/a>\n                      <\/a> \n                <\/div>\n              <\/a>\n            <\/div>\n                    <\/div>\n                        \n    \n        [\/vc_column][\/vc_row][\/vc_column][\/vc_row]<\/p>\n","protected":false},"excerpt":{"rendered":"<p>[vc_row full_width=&#8221;stretch_row&#8221; imgs=&#8221;523&#8243; el_class=&#8221;main-banner&#8221;][vc_column][vc_row_inner][vc_column_inner offset=&#8221;vc_col-lg-7 vc_col-md-8&#8243;][vc_column_text el_class=&#8221;slider-title&#8221;] Ku\u0107e za odmor u Savudrija U blizini poznatog savudrijskog svjetionika, samo minutu hoda od pla\u017ee, smjestilo se turisti\u010dko naselje Tisa homes.[\/vc_column_text][\/vc_column_inner][vc_column_inner offset=&#8221;vc_col-lg-5 vc_col-md-4&#8243;][\/vc_column_inner][\/vc_row_inner][\/vc_column][\/vc_row][vc_row css=&#8221;.vc_custom_1671037369721{margin-bottom: 65px !important;}&#8221; el_class=&#8221;hsec1&#8243;][vc_column width=&#8221;1\/2&#8243;][vc_column_text] Tisa Homes &#8211; turisti\u010dko naselje u Savudriji Ima 6 samostoje\u0107ih ku\u0107a koje su pogodne za smje\u0161taj obitelji ili 3-4 odrasle osobe. Sve jedinice imaju kuhinju s blagovaonicom, verandu, klima-ure\u0111aj, TV ravnog ekrana i vlastitu kupaonicu s tu\u0161em. Balkoni koji gledaju na zajedni\u010dki vrt s igrali\u0161tem za badminton i stolni tenis pru\u017eit \u0107e roditeljima mir dok se njihova djeca igraju.[\/vc_column_text][\/vc_column][vc_column width=&#8221;1\/2&#8243;][vc_single_image image=&#8221;226&#8243; img_size=&#8221;700&#215;440&#8243; css=&#8221;.vc_custom_1669379281585{margin-top: 35px !important;margin-bottom: 0px !important;}&#8221;][\/vc_column][\/vc_row][vc_row full_width=&#8221;stretch_row&#8221; css=&#8221;.vc_custom_1671040201230{background-color: #fbf4ec !important;}&#8221; el_class=&#8221;hsec2&#8243;][vc_column width=&#8221;1\/3&#8243;][vc_column_text] Pogodnosti smje\u0161taja [\/vc_column_text][vc_separator color=&#8221;custom&#8221; align=&#8221;align_left&#8221; accent_color=&#8221;#c8c8c8&#8243; css=&#8221;.vc_custom_1669373932686{margin-top: 20px !important;margin-bottom: 20px !important;}&#8221;][vc_separator color=&#8221;custom&#8221; [&hellip;]<\/p>\n","protected":false},"author":2,"featured_media":0,"parent":0,"menu_order":0,"comment_status":"closed","ping_status":"closed","template":"","meta":[],"_links":{"self":[{"href":"https:\/\/www.tisa.si\/tisa-homes\/hr\/wp-json\/wp\/v2\/pages\/1531"}],"collection":[{"href":"https:\/\/www.tisa.si\/tisa-homes\/hr\/wp-json\/wp\/v2\/pages"}],"about":[{"href":"https:\/\/www.tisa.si\/tisa-homes\/hr\/wp-json\/wp\/v2\/types\/page"}],"author":[{"embeddable":true,"href":"https:\/\/www.tisa.si\/tisa-homes\/hr\/wp-json\/wp\/v2\/users\/2"}],"replies":[{"embeddable":true,"href":"https:\/\/www.tisa.si\/tisa-homes\/hr\/wp-json\/wp\/v2\/comments?post=1531"}],"version-history":[{"count":0,"href":"https:\/\/www.tisa.si\/tisa-homes\/hr\/wp-json\/wp\/v2\/pages\/1531\/revisions"}],"wp:attachment":[{"href":"https:\/\/www.tisa.si\/tisa-homes\/hr\/wp-json\/wp\/v2\/media?parent=1531"}],"curies":[{"name":"wp","href":"https:\/\/api.w.org\/{rel}","templated":true}]}}