{"id":850,"date":"2022-11-25T11:41:02","date_gmt":"2022-11-25T10:41:02","guid":{"rendered":"https:\/\/www.tisa.si\/tisa-homes\/rezervacija\/"},"modified":"2024-06-04T07:50:57","modified_gmt":"2024-06-04T05:50:57","slug":"rezervacija","status":"publish","type":"page","link":"https:\/\/www.tisa.si\/tisa-homes\/hr\/rezervacija\/","title":{"rendered":"Rezervacija"},"content":{"rendered":"<p>[vc_row full_width=&#8221;stretch_row_content_no_spaces&#8221;][vc_column]\t\t\r\n\t\t<div class=\"title-container \">\r\n\t\t\t<div class=\"container\">\r\n\t\t\t\t<h1>Rezervacija<\/h1>\r\n\t\t\t\t<div class=\"breadcrumbs-container\">\r\n\t\t\t\t\t<div class=\"breadcrumbs\">\r\n\t\t\t\t\t\t\n\t<ul class=\"ns-breadcrumbs\">\n\t\t\t<li><a href=\"https:\/\/www.tisa.si\/tisa-homes\/hr\/\">Dom<\/a><\/li>\n\t\t\t\t<li>Rezervacija<\/li>\n\t<\/ul>\n\t\n\t\t\t\t\t\t\t<div class=\"clearfix\"><\/div>\r\n\t\t\t\t\t<\/div>\r\n\t\t\t\t<\/div>\r\n\t\t\t<\/div>\r\n\t\t<\/div>\r\n\r\n\t\t[\/vc_column][\/vc_row][vc_row][vc_column][vc_column_text el_class=&#8221;green-box&#8221;]<\/p>\n<h3>Izvanredna prilika &#8211; uz rezerviraciju sada dobivate 18% popusta. Prilikom rezervacije upi\u0161ite kod 18DISCOUNT<\/h3>\n<p>[\/vc_column_text][vc_column_text]<\/p>\n<h3>Obavijest: Najam ku\u0107a za odmor mogu\u0107 je samo uz rezervaciju dolaska najmanje jedan dan unaprijed.<\/h3>\n<p>[\/vc_column_text][vc_column_text]<\/p>\n<h2>Dostupnost apartmanskih ku\u0107a<\/h2>\n<p>[\/vc_column_text][\/vc_column][\/vc_row][vc_row][vc_column][vc_raw_html]JTNDJTIxLS0lMEElMjAlMjAlMjAlMjBXdUJvb2slMjBKYXZhc2NyaXB0JTIwTGlicmFyeSUwQSUyMCUyMCUyMCUyMEV2ZW50dWFsbHklMkMlMjBwdXQlMjBpdCUyMGluc2lkZSUwQSUyMCUyMCUyMCUyMHlvdXIlMjAlM0NoZWFkJTJGJTNFJTIwdGFnJTBBLS0lM0UlMEElM0NzY3JpcHQlMjBzcmMlM0QlMjJodHRwcyUzQSUyRiUyRnd1Ym9vay5uZXQlMkZqcyUyRndibGliLmpneiUyMiUzRSUzQyUyRnNjcmlwdCUzRSUwQSUzQyUyMS0tJTBBJTIwJTIwJTIwJTIwJTIwcHV0JTIwdGhlJTIwZm9sbG93aW5nJTIwZGl2JTIwd2hlcmUlMjBXdUJvb2slMEElMjAlMjAlMjAlMjAlMjBzaG91bGQlMjBiZSUyMGRlc2lnbmVkLiUyME1ha2UlMjBzdXJlJTIwdG8lMEElMjAlMjAlMjAlMjAlMjBwcmVzZXJ2ZSUyMHRoZSUyMGRpdiUyMGNvbnRlbnRzJTIwJTI4YmFja2xpbmslMjklMEEtLSUzRSUwQSUzQ2RpdiUyMGlkJTNEJTIyX3dib3JkXyUyMiUzRSUwQSUyMCUyMCUzQ2ElMjBocmVmJTNEJTIyaHR0cHMlM0ElMkYlMkZ3dWJvb2submV0JTJGcGFnZSUyRldvb0Rvby1DaGFubmVsLU1hbmFnZXItMzYuaHRtbCUyMiUyMHN0eWxlJTNEJTIyZGlzcGxheSUzQSUyMGJsb2NrJTNCJTIwbWFyZ2luLXRvcCUzQSUyMDVweCUzQiUyMHRleHQtZGVjb3JhdGlvbiUzQW5vbmUlM0Jib3JkZXIlM0Fub25lJTIyJTIwdGFyZ2V0JTNEJTIyX2JsYW5rJTIyJTNFJTBBJTIwJTIwJTIwJTIwJTNDaW1nJTIwc3JjJTNEJTIyaHR0cHMlM0ElMkYlMkZ3dWJvb2submV0JTJGaW1ncyUyRmRlZmF1bHQlMkZib29raW5nX2J5X3d1LmdpZiUyMiUyMGFsdCUzRCUyMmNoYW5uZWwlMjByZXNlcnZhdGlvbnMlMjBmb3IlMjBob3RlbCUyMGJ5JTIwd3Vib29rJTIyJTIwdGl0bGUlM0QlMjJIb3RlbCUyMGFuZCUyMHRvdXJpc20lMjBzb2x1dGlvbnMlMjIlMjBzdHlsZSUzRCUyMmJvcmRlciUzQW5vbmUlM0J0ZXh0LWRlY29yYXRpb24lM0Fub25lJTIyJTIwJTJGJTNFJTBBJTIwJTIwJTNDJTJGYSUzRSUwQSUzQyUyRmRpdiUzRSUwQSUzQyUyMS0tJTBBJTIwJTIwJTIwJTIwJTIwSW5pdGlhbGl6ZSUyMHRoZSUyMFd1Qm9vayUyME9iamVjdC4lMEElMjAlMjAlMjAlMjAlMjBDb2xsZWN0JTIwcGFyYW1zJTIwc2V0dGluZ3MuJTBBJTIwJTIwJTIwJTIwJTIwQ2FsbCUyMFd1Qm9vay5kZXNpZ25fcndpZGdldCUyOCUyOS4lMEElMEElMjAlMjAlMjAlMjAlMjBOb3RpY2UlMjBXdUJvb2slMjBPYmplY3QlMjBwcm92aWRlcyUyMGElMEElMjAlMjAlMjAlMjAlMjBsb3QlMjBvZiUyMGludGVyZXN0aW5nJTIwZmVhdHVyZXMuJTBBLS0lM0UlMEElM0NzY3JpcHQlM0UlMEElMjAlMjB2YXIlMjBXdUJvb2slM0QlMjBuZXclMjBfV3VCb29rJTI4MTY4NjA0OTk1NSUyOSUzQiUwQSUyMCUyMHZhciUyMHdicGFyYW1zJTNEJTIwJTdCJTBBJTIwJTIwJTIwJTIwYmdjb2xvciUzQSUyMCUyNyUyM2ZmZmZmZiUyNyUyQyUwQSUyMCUyMCUyMCUyMHRleHRjb2xvciUzQSUyMCUyNyUyMzJjMmMyYyUyNyUyQyUwQSUyMCUyMCUyMCUyMGJ1dHRvbmNvbG9yJTNBJTIwJTI3JTIzMTA4ZGJkJTI3JTJDJTBBJTIwJTIwJTIwJTIwaWNvbmNvbG9yJTNBJTIwJTI3JTIzODg4ODg4JTI3JTJDJTBBJTIwJTIwJTIwJTIwYm9yZGVyY29sb3IlM0ElMjAlMjclMjMxMDhkYmQlMjclMkMlMEElMjAlMjAlMjAlMjBsYW5nJTNBJTIwJTI3JTI3JTJDJTBBJTIwJTIwJTIwJTIwZmFpbGJhY2tfbGFuZyUzQSUyMCUyN2VuJTI3JTJDJTBBJTIwJTIwJTIwJTIwd2Jnb29nbGUlM0ElMjAxJTJDJTBBJTIwJTIwJTIwJTIwZGVmYXVsdF9uaWdodHMlM0ElMjAxJTJDJTBBJTIwJTIwJTIwJTIwZGNvZGV2YWwlM0ElMjAlMjclMjclMEElMjAlMjAlN0QlM0IlMEElMjAlMjBXdUJvb2suZGVzaWduX3J3aWRnZXQlMjglMjJfd2JvcmRfJTIyJTJDJTIwd2JwYXJhbXMlMjklM0IlMEElM0MlMkZzY3JpcHQlM0UlMEElM0MlMjEtLSUwQSUyMCUyMCUyMCUyMHRoYXQlMjdzJTIwYWxsJTIwJTNBJTI5JTBBJTIwJTIwJTIwJTIwVGhhbmslMjB5b3UlMjBmb3IlMjB1c2luZyUyMFd1Qm9vayUyMSUwQS0tJTNF[\/vc_raw_html][\/vc_column][\/vc_row][vc_row][vc_column][vc_column_text]<\/p>\n<h3 style=\"text-align: justify;\"><strong>UVJETI I ODREDBE<\/strong><\/h3>\n<p><strong>Pravna osoba koja upravlja web stranicom i pru\u017ea usluge smje\u0161taja:<\/strong> TISA doo &#8211; Podru\u017enica Savudrija, Ravna dolina 121B, 52475 Savudrija, Hrvatska, PDV ID: HR75045924385<\/p>\n<p style=\"text-align: justify;\"><strong>Prijava:<\/strong> 16:00 &#8211; 21:00 \/ <strong>Odjava:<\/strong> 8:00 &#8211; 10:00<\/p>\n<p style=\"text-align: justify;\"><strong>Rezervacije<\/strong> su mogu\u0107e samo uz uplatu cjelokupnog iznosa najma.<\/p>\n<p style=\"text-align: justify;\"><strong>Otkazivanje rezervacije:<\/strong> U slu\u010daju otkazivanja rezervacije do uklju\u010divo 8 dana prije po\u010detka predmetnog termina, nudimo 100% povrat vrijednosti rezervacije, a za otkazivanje 7-3 dana prije po\u010detka termina. terminu, vra\u0107amo 70% vrijednosti. U slu\u010daju otkazivanja rezervacije 2 &#8211; 1 dan prije po\u010detka rezerviranog termina, ne nudimo povrat novca.<\/p>\n<p style=\"text-align: justify;\">Prilikom rezervacije gost upisuje broj SVIH osoba (odrasli + djeca). <strong>Maksimalno 3 odrasle osobe + djeca (ispod 15 godina) dopu\u0161tena su u svakoj jedinici do popunjenja kapaciteta.<\/strong><\/p>\n<p style=\"text-align: justify;\"><strong>Djeca svih uzrasta su dobrodo\u0161la<\/strong> , ali njihova dob ne utje\u010de na cijenu jer su cijene najma cijele jedinice (apartmana).<\/p>\n<div>\n<p style=\"text-align: justify;\">Broj dopu\u0161tenih dje\u010djih kreveta ovisi o opciji koju odaberete. Svi dje\u010dji kreveti i pomo\u0107ni le\u017eajevi ovise o raspolo\u017eivosti.<\/p>\n<p style=\"text-align: justify;\">U sklopu apartmanskog naselja nalaze se tereni za badminton i stolni tenis &#8211; njihovo <strong>kori\u0161tenje je mogu\u0107e isklju\u010divo na vlastitu odgovornost<\/strong> .<\/p>\n<p style=\"text-align: justify;\"><strong>Obveze gosta:<\/strong> Gosti su du\u017eni pridr\u017eavati se op\u0107ih uvjeta propisanih propisima Republike Hrvatske i pridr\u017eavati se ku\u0107nog reda objekata. Za \u0161tetu nastalu, a osobito ako bi nastala uslijed nepridr\u017eavanja <em>ku\u0107nog reda<\/em> i <em>op\u0107ih uvjeta<\/em> , odgovara gost sam. Naknadu \u0161tete gost \u0107e podmiriti odmah, na recepciji apartmana ili na drugom mjestu po nalogu fizi\u010dke ili pravne osobe koja je pretrpjela \u0161tetu. <strong>Prilikom rezervacije gost je du\u017ean prou\u010diti op\u0107e uvjete poslovanja navedene na ovim stranicama te ih nastavkom rezervacije u cijelosti prihva\u0107a.<\/strong><\/p>\n<p style=\"text-align: justify;\"><strong>Ograni\u010denja:<\/strong><\/p>\n<ul style=\"text-align: justify;\">\n<li>Ku\u0107ni ljubimci nisu dopu\u0161teni.<\/li>\n<li>Zabave ili doga\u0111aji nisu dopu\u0161teni.<\/li>\n<li>Pu\u0161enje nije dozvoljeno.<\/li>\n<\/ul>\n<h3 style=\"text-align: justify;\"><strong>Pla\u0107anja i za\u0161tita osobnih podataka:<\/strong><\/h3>\n<p style=\"text-align: justify;\">Tisa doo se obvezuje \u0161tititi osobne podatke gostiju na na\u010din da prikuplja samo prijeko potrebne osnovne podatke o gostima koji su nu\u017eni za ispunjenje na\u0161ih obveza; informira kupce o na\u010dinu kori\u0161tenja dobivenih podataka, omogu\u0107uje im izbor kori\u0161tenja njihovih podataka u svrhu, uklju\u010duju\u0107i i mogu\u0107nost odbijanja uvr\u0161tavanja njihovog imena na popis koji se koristi za marketin\u0161ke poruke. Svi korisni\u010dki podaci su strogo za\u0161ti\u0107eni i dostupni su samo zaposlenicima kojima su ti podaci prijeko potrebni za obavljanje posla i pru\u017eanje usluga korisnicima. Svi zaposlenici i suradnici Tisa doo odgovorni su za po\u0161tivanje na\u010dela za\u0161tite privatnosti.<\/p>\n<p style=\"text-align: justify;\">Sva pla\u0107anja \u0107e se izvr\u0161iti u EUR (\u20ac). U slu\u010daju konverzije, obra\u010dunava je banka kod koje kupac ima otvoren ra\u010dun, prema trenutnim te\u010dajnim vrijednostima.<\/p>\n<p style=\"text-align: justify;\">Unos i prijenos osobnih podataka i podataka o broju kreditne kartice za\u0161ti\u0107en je najvi\u0161im sigurnosnim standardima koje osigurava WSPay, sustav za online autorizaciju kreditnih kartica u skladu sa zahtjevima karti\u010dara i karti\u010dnih brendova te PCI DSS standardom. Autorizacija i pla\u0107anje kreditnih kartica vr\u0161i se putem WSPay sustava za autorizaciju i pla\u0107anje karticama u stvarnom vremenu.<\/p>\n<h3 style=\"text-align: justify;\"><strong>WSPay izjava o kori\u0161tenju<\/strong><\/h3>\n<\/div>\n<p style=\"text-align: justify;\">Tvrtka Tisa doo koristi WSPay za online pla\u0107anja.<br \/>\nWSPay je siguran sustav za online pla\u0107anja, pla\u0107anja u stvarnom vremenu, kreditne i debitne kartice i druge metode pla\u0107anja. WSPay omogu\u0107uje kupcima i trgovcima siguran unos i prijenos unesenih karti\u010dnih podataka, \u0161to potvr\u0111uje i PCI DSS certifikat kojeg WSPay posjeduje. WSPay koristi SSL certifikat s 256-bitnom enkripcijom i TLS 1.2 kriptografskim protokolom kao najvi\u0161im stupnjem za\u0161tite za unos i prijenos podataka.<\/p>\n<h3 style=\"text-align: justify;\"><strong>Politika otkazivanja<\/strong><\/h3>\n<p>Besplatno otkazivanje mogu\u0107e je unutar 24 sata od rezervacije, ali vi\u0161e od 60 dana prije dolaska. U tom slu\u010daju sredstva \u0107e biti vra\u0107ena na ra\u010dun vlasnika kartice u roku od 30 dana od otkazivanja rezervacije.<\/p>\n<h3 style=\"text-align: justify;\"><strong>Politika reklamacija<\/strong><\/h3>\n<p>Gost ima pravo podnijeti pisani prigovor odn prigovor putem e-maila ili po\u0161te na adresu navedenu u kontakt podacima na dnu web stranice, u roku od 15 dana. Eventualne pravne sporove rje\u0161ava nadle\u017eni sud Republike Hrvatske[\/vc_column_text][vc_single_image image=&#8221;1936&#8243; img_size=&#8221;750&#215;370&#8243; alignment=&#8221;center&#8221;][\/vc_column][\/vc_row][vc_row][vc_column width=&#8221;1\/5&#8243;][\/vc_column][vc_column width=&#8221;1\/5&#8243;][vc_single_image image=&#8221;1945&#8243; alignment=&#8221;right&#8221; onclick=&#8221;custom_link&#8221; img_link_target=&#8221;_blank&#8221; link=&#8221;https:\/\/www.visa.co.uk\/products\/visa-secure.html&#8221;][\/vc_column][vc_column width=&#8221;1\/5&#8243;][vc_single_image image=&#8221;1772&#8243; alignment=&#8221;center&#8221; onclick=&#8221;custom_link&#8221; img_link_target=&#8221;_blank&#8221; link=&#8221;https:\/\/www.wspay.info&#8221;][\/vc_column][vc_column width=&#8221;1\/5&#8243;][vc_single_image image=&#8221;1954&#8243; onclick=&#8221;custom_link&#8221; img_link_target=&#8221;_blank&#8221; link=&#8221;https:\/\/www.mastercard.us\/en-us.html&#8221;][\/vc_column][vc_column width=&#8221;1\/5&#8243;][\/vc_column][\/vc_row]<\/p>\n","protected":false},"excerpt":{"rendered":"<p>[vc_row full_width=&#8221;stretch_row_content_no_spaces&#8221;][vc_column][\/vc_column][\/vc_row][vc_row][vc_column][vc_column_text el_class=&#8221;green-box&#8221;] Izvanredna prilika &#8211; uz rezerviraciju sada dobivate 18% popusta. Prilikom rezervacije upi\u0161ite kod 18DISCOUNT [\/vc_column_text][vc_column_text] Obavijest: Najam ku\u0107a za odmor mogu\u0107 je samo uz rezervaciju dolaska najmanje jedan dan unaprijed. [\/vc_column_text][vc_column_text] Dostupnost apartmanskih ku\u0107a [\/vc_column_text][\/vc_column][\/vc_row][vc_row][vc_column][vc_raw_html]JTNDJTIxLS0lMEElMjAlMjAlMjAlMjBXdUJvb2slMjBKYXZhc2NyaXB0JTIwTGlicmFyeSUwQSUyMCUyMCUyMCUyMEV2ZW50dWFsbHklMkMlMjBwdXQlMjBpdCUyMGluc2lkZSUwQSUyMCUyMCUyMCUyMHlvdXIlMjAlM0NoZWFkJTJGJTNFJTIwdGFnJTBBLS0lM0UlMEElM0NzY3JpcHQlMjBzcmMlM0QlMjJodHRwcyUzQSUyRiUyRnd1Ym9vay5uZXQlMkZqcyUyRndibGliLmpneiUyMiUzRSUzQyUyRnNjcmlwdCUzRSUwQSUzQyUyMS0tJTBBJTIwJTIwJTIwJTIwJTIwcHV0JTIwdGhlJTIwZm9sbG93aW5nJTIwZGl2JTIwd2hlcmUlMjBXdUJvb2slMEElMjAlMjAlMjAlMjAlMjBzaG91bGQlMjBiZSUyMGRlc2lnbmVkLiUyME1ha2UlMjBzdXJlJTIwdG8lMEElMjAlMjAlMjAlMjAlMjBwcmVzZXJ2ZSUyMHRoZSUyMGRpdiUyMGNvbnRlbnRzJTIwJTI4YmFja2xpbmslMjklMEEtLSUzRSUwQSUzQ2RpdiUyMGlkJTNEJTIyX3dib3JkXyUyMiUzRSUwQSUyMCUyMCUzQ2ElMjBocmVmJTNEJTIyaHR0cHMlM0ElMkYlMkZ3dWJvb2submV0JTJGcGFnZSUyRldvb0Rvby1DaGFubmVsLU1hbmFnZXItMzYuaHRtbCUyMiUyMHN0eWxlJTNEJTIyZGlzcGxheSUzQSUyMGJsb2NrJTNCJTIwbWFyZ2luLXRvcCUzQSUyMDVweCUzQiUyMHRleHQtZGVjb3JhdGlvbiUzQW5vbmUlM0Jib3JkZXIlM0Fub25lJTIyJTIwdGFyZ2V0JTNEJTIyX2JsYW5rJTIyJTNFJTBBJTIwJTIwJTIwJTIwJTNDaW1nJTIwc3JjJTNEJTIyaHR0cHMlM0ElMkYlMkZ3dWJvb2submV0JTJGaW1ncyUyRmRlZmF1bHQlMkZib29raW5nX2J5X3d1LmdpZiUyMiUyMGFsdCUzRCUyMmNoYW5uZWwlMjByZXNlcnZhdGlvbnMlMjBmb3IlMjBob3RlbCUyMGJ5JTIwd3Vib29rJTIyJTIwdGl0bGUlM0QlMjJIb3RlbCUyMGFuZCUyMHRvdXJpc20lMjBzb2x1dGlvbnMlMjIlMjBzdHlsZSUzRCUyMmJvcmRlciUzQW5vbmUlM0J0ZXh0LWRlY29yYXRpb24lM0Fub25lJTIyJTIwJTJGJTNFJTBBJTIwJTIwJTNDJTJGYSUzRSUwQSUzQyUyRmRpdiUzRSUwQSUzQyUyMS0tJTBBJTIwJTIwJTIwJTIwJTIwSW5pdGlhbGl6ZSUyMHRoZSUyMFd1Qm9vayUyME9iamVjdC4lMEElMjAlMjAlMjAlMjAlMjBDb2xsZWN0JTIwcGFyYW1zJTIwc2V0dGluZ3MuJTBBJTIwJTIwJTIwJTIwJTIwQ2FsbCUyMFd1Qm9vay5kZXNpZ25fcndpZGdldCUyOCUyOS4lMEElMEElMjAlMjAlMjAlMjAlMjBOb3RpY2UlMjBXdUJvb2slMjBPYmplY3QlMjBwcm92aWRlcyUyMGElMEElMjAlMjAlMjAlMjAlMjBsb3QlMjBvZiUyMGludGVyZXN0aW5nJTIwZmVhdHVyZXMuJTBBLS0lM0UlMEElM0NzY3JpcHQlM0UlMEElMjAlMjB2YXIlMjBXdUJvb2slM0QlMjBuZXclMjBfV3VCb29rJTI4MTY4NjA0OTk1NSUyOSUzQiUwQSUyMCUyMHZhciUyMHdicGFyYW1zJTNEJTIwJTdCJTBBJTIwJTIwJTIwJTIwYmdjb2xvciUzQSUyMCUyNyUyM2ZmZmZmZiUyNyUyQyUwQSUyMCUyMCUyMCUyMHRleHRjb2xvciUzQSUyMCUyNyUyMzJjMmMyYyUyNyUyQyUwQSUyMCUyMCUyMCUyMGJ1dHRvbmNvbG9yJTNBJTIwJTI3JTIzMTA4ZGJkJTI3JTJDJTBBJTIwJTIwJTIwJTIwaWNvbmNvbG9yJTNBJTIwJTI3JTIzODg4ODg4JTI3JTJDJTBBJTIwJTIwJTIwJTIwYm9yZGVyY29sb3IlM0ElMjAlMjclMjMxMDhkYmQlMjclMkMlMEElMjAlMjAlMjAlMjBsYW5nJTNBJTIwJTI3JTI3JTJDJTBBJTIwJTIwJTIwJTIwZmFpbGJhY2tfbGFuZyUzQSUyMCUyN2VuJTI3JTJDJTBBJTIwJTIwJTIwJTIwd2Jnb29nbGUlM0ElMjAxJTJDJTBBJTIwJTIwJTIwJTIwZGVmYXVsdF9uaWdodHMlM0ElMjAxJTJDJTBBJTIwJTIwJTIwJTIwZGNvZGV2YWwlM0ElMjAlMjclMjclMEElMjAlMjAlN0QlM0IlMEElMjAlMjBXdUJvb2suZGVzaWduX3J3aWRnZXQlMjglMjJfd2JvcmRfJTIyJTJDJTIwd2JwYXJhbXMlMjklM0IlMEElM0MlMkZzY3JpcHQlM0UlMEElM0MlMjEtLSUwQSUyMCUyMCUyMCUyMHRoYXQlMjdzJTIwYWxsJTIwJTNBJTI5JTBBJTIwJTIwJTIwJTIwVGhhbmslMjB5b3UlMjBmb3IlMjB1c2luZyUyMFd1Qm9vayUyMSUwQS0tJTNF[\/vc_raw_html][\/vc_column][\/vc_row][vc_row][vc_column][vc_column_text] UVJETI I ODREDBE Pravna osoba koja upravlja web stranicom i pru\u017ea usluge smje\u0161taja: TISA doo &#8211; Podru\u017enica Savudrija, Ravna dolina 121B, 52475 Savudrija, Hrvatska, PDV ID: HR75045924385 Prijava: 16:00 &#8211; 21:00 \/ Odjava: 8:00 &#8211; 10:00 Rezervacije su mogu\u0107e samo uz uplatu cjelokupnog iznosa najma. Otkazivanje rezervacije: U slu\u010daju otkazivanja rezervacije do uklju\u010divo 8 dana prije po\u010detka predmetnog termina, nudimo 100% povrat vrijednosti rezervacije, a za otkazivanje 7-3 dana prije po\u010detka termina. terminu, vra\u0107amo 70% vrijednosti. U slu\u010daju otkazivanja rezervacije 2 &#8211; [&hellip;]<\/p>\n","protected":false},"author":2,"featured_media":0,"parent":0,"menu_order":3,"comment_status":"closed","ping_status":"closed","template":"","meta":[],"_links":{"self":[{"href":"https:\/\/www.tisa.si\/tisa-homes\/hr\/wp-json\/wp\/v2\/pages\/850"}],"collection":[{"href":"https:\/\/www.tisa.si\/tisa-homes\/hr\/wp-json\/wp\/v2\/pages"}],"about":[{"href":"https:\/\/www.tisa.si\/tisa-homes\/hr\/wp-json\/wp\/v2\/types\/page"}],"author":[{"embeddable":true,"href":"https:\/\/www.tisa.si\/tisa-homes\/hr\/wp-json\/wp\/v2\/users\/2"}],"replies":[{"embeddable":true,"href":"https:\/\/www.tisa.si\/tisa-homes\/hr\/wp-json\/wp\/v2\/comments?post=850"}],"version-history":[{"count":5,"href":"https:\/\/www.tisa.si\/tisa-homes\/hr\/wp-json\/wp\/v2\/pages\/850\/revisions"}],"predecessor-version":[{"id":2821,"href":"https:\/\/www.tisa.si\/tisa-homes\/hr\/wp-json\/wp\/v2\/pages\/850\/revisions\/2821"}],"wp:attachment":[{"href":"https:\/\/www.tisa.si\/tisa-homes\/hr\/wp-json\/wp\/v2\/media?parent=850"}],"curies":[{"name":"wp","href":"https:\/\/api.w.org\/{rel}","templated":true}]}}