{"id":916,"date":"2022-11-25T14:21:02","date_gmt":"2022-11-25T13:21:02","guid":{"rendered":"https:\/\/www.tisa.si\/tisa-homes\/apartmani\/apartman-a6\/"},"modified":"2024-03-06T10:31:17","modified_gmt":"2024-03-06T09:31:17","slug":"apartman-a6","status":"publish","type":"page","link":"https:\/\/www.tisa.si\/tisa-homes\/hr\/apartmani\/apartman-a6\/","title":{"rendered":"Apartman A6"},"content":{"rendered":"<p>[vc_row full_width=&#8221;stretch_row_content_no_spaces&#8221;][vc_column]\t\t\r\n\t\t<div class=\"title-container \">\r\n\t\t\t<div class=\"container\">\r\n\t\t\t\t<h1>Apartman A6<\/h1>\r\n\t\t\t\t<div class=\"breadcrumbs-container\">\r\n\t\t\t\t\t<div class=\"breadcrumbs\">\r\n\t\t\t\t\t\t\n\t<ul class=\"ns-breadcrumbs\">\n\t\t\t<li><a href=\"https:\/\/www.tisa.si\/tisa-homes\/hr\/\">Dom<\/a><\/li>\n\t\t\t\t\t<li><a href=\"https:\/\/www.tisa.si\/tisa-homes\/hr\/apartmani\/\">Apartmani<\/a><\/li>\n\t\t\t\t<li>Apartman A6<\/li>\n\t<\/ul>\n\t\n\t\t\t\t\t\t\t<div class=\"clearfix\"><\/div>\r\n\t\t\t\t\t<\/div>\r\n\t\t\t\t<\/div>\r\n\t\t\t<\/div>\r\n\t\t<\/div>\r\n\r\n\t\t[\/vc_column][\/vc_row][vc_row css=&#8221;.vc_custom_1671107277079{margin-top: 50px !important;margin-bottom: 50px !important;}&#8221; el_class=&#8221;sp-intro-apartma&#8221;][vc_column width=&#8221;1\/2&#8243;][vc_column_text]<\/p>\n<ul>\n<li><span data-contrast=\"auto\"><b>Povr\u0161ina ku\u0107e:<\/b> <span data-contrast=\"auto\">45<\/span> <span data-contrast=\"auto\"><span data-fontsize=\"11\">m2<\/span><\/span><\/span><\/li>\n<li><span data-contrast=\"auto\">Ku\u0107a je pogodna za 4 osobe.<\/span><\/li>\n<li><span data-contrast=\"auto\">Ima jedan bra\u010dni krevet, jedan krevet za jednu osobu i kau\u010d na razvla\u010denje.<\/span><\/li>\n<li><span data-contrast=\"auto\">Udobni kreveti: 9,5 &#8211; na temelju ocjena posjetitelja.<\/span><\/li>\n<\/ul>\n<p>[\/vc_column_text]\t\t\n\t\t<a href=\"https:\/\/www.tisa.si\/tisa-homes\/hr\/rezervacija\/\" target=\"\" class=\"btn  btn-default btn-sm \" id=\"\">Zaka\u017eite termin<\/a>\n\n\t\t[\/vc_column][vc_column width=&#8221;1\/2&#8243;]\t\t\n\t\t\t\t\t<div >\n\t\t\t\t<img src=\"https:\/\/www.tisa.si\/tisa-homes\/wp-content\/uploads\/2024\/02\/1000016774.jpg\" class=\"img-responsive\">\n\t\t\t<\/div>\n\t\t\t\t\n\t\t[\/vc_column][\/vc_row][vc_row full_width=&#8221;stretch_row&#8221; css=&#8221;.vc_custom_1671106894316{background-color: #fbf4ec !important;}&#8221; el_class=&#8221;sp-apartma&#8221;][vc_column width=&#8221;1\/4&#8243;][vc_column_text]<\/p>\n<h3><span data-contrast=\"auto\">Ku\u0107a s 1 spava\u0107om sobom<\/span><\/h3>\n<p>[\/vc_column_text][vc_column_text]<\/p>\n<ul>\n<li>Cijela ku\u0107a za odmor<\/li>\n<li>Privatna kuhinja<\/li>\n<li>Vlastita kupaonica<\/li>\n<li>Balkon<\/li>\n<li>Pogled na vrt<\/li>\n<li>Klimatizacija<\/li>\n<li>Veranda<\/li>\n<li>TV ravnog ekrana<\/li>\n<li>terasa<\/li>\n<li>Besplatni WiFi<\/li>\n<\/ul>\n<p>[\/vc_column_text][\/vc_column][vc_column width=&#8221;1\/2&#8243;][vc_column_text]<\/p>\n<h3><span data-contrast=\"auto\">Oprema u ku\u0107i<\/span><\/h3>\n<p>[\/vc_column_text][vc_row_inner][vc_column_inner width=&#8221;1\/2&#8243;][vc_column_text]<\/p>\n<ul>\n<li><span data-contrast=\"auto\">Krevetnina<\/span><\/li>\n<li><span data-contrast=\"auto\">Ormar ili ormar<\/span><\/li>\n<li><span data-contrast=\"auto\">Sigurnosne uti\u010dnice za djecu<\/span><\/li>\n<li><span data-contrast=\"auto\">Klimatizacija<\/span><\/li>\n<li><span data-contrast=\"auto\">Mramorni pod \/ plo\u010dice<\/span><\/li>\n<li><span data-contrast=\"auto\">Zaseban ulaz<\/span><\/li>\n<li><span data-contrast=\"auto\">Grijanje<\/span><\/li>\n<li><span data-contrast=\"auto\">Kuhinjsko posu\u0111e<\/span><\/li>\n<\/ul>\n<p>[\/vc_column_text][\/vc_column_inner][vc_column_inner width=&#8221;1\/2&#8243;][vc_column_text]<\/p>\n<ul>\n<li><span data-contrast=\"auto\">Kuhinja<\/span><\/li>\n<li><span data-contrast=\"auto\">TV ravnog ekrana<\/span><\/li>\n<li><span data-contrast=\"auto\">Balkon<\/span><\/li>\n<li><span data-contrast=\"auto\">terasa<\/span><\/li>\n<li><span data-contrast=\"auto\">Veranda<\/span><\/li>\n<li><span data-contrast=\"auto\">Uti\u010dnica pored kreveta<\/span><\/li>\n<li><span data-contrast=\"auto\">Stalak za su\u0161enje rublja<\/span><\/li>\n<li><span data-contrast=\"auto\">Kau\u010d<\/span><\/li>\n<\/ul>\n<p>[\/vc_column_text][\/vc_column_inner][\/vc_row_inner][\/vc_column][vc_column width=&#8221;1\/4&#8243;][vc_column_text]<\/p>\n<h3><span data-contrast=\"auto\">U va\u0161oj privatnoj kupaonici<\/span><\/h3>\n<p>[\/vc_column_text][vc_column_text]<\/p>\n<ul>\n<li><span data-contrast=\"auto\">zahod<\/span><\/li>\n<li><span data-contrast=\"auto\">Kada ili tu\u0161<\/span><\/li>\n<li><span data-contrast=\"auto\">Ru\u010dnici<\/span><\/li>\n<li><span data-contrast=\"auto\">Su\u0161ilo za kosu<\/span><\/li>\n<li><span data-contrast=\"auto\">Toaletni papir<\/span><\/li>\n<\/ul>\n<p>[\/vc_column_text][vc_column_text]<\/p>\n<h3><span data-contrast=\"auto\">Pogled<\/span><\/h3>\n<ul>\n<li><span data-contrast=\"auto\">Pogled na vrt<\/span><\/li>\n<\/ul>\n<p>[\/vc_column_text][vc_column_text el_class=&#8221;forbidden&#8221;]<\/p>\n<h3><\/h3>\n<h3><span data-contrast=\"auto\">Pu\u0161enje<\/span><\/h3>\n<ul>\n<li><span data-contrast=\"auto\">Zabranjeno pu\u0161enje<\/span><\/li>\n<\/ul>\n<p>[\/vc_column_text][\/vc_column][\/vc_row][vc_row][vc_column][vc_column_text]<\/p>\n<h3 style=\"text-align: center;\">Galerija slika &#8211; Apartman A6<\/h3>\n<p>[\/vc_column_text][vc_row][vc_column]\n\t\t<script type=\"text\/javascript\">\n\t\t\tjQuery( document ).ready(function() {\n\t\t\t\tdocument.getElementById('1709054422258-d37e6523-ec4c').onclick = function (event) {\n\t\t\t\tevent = event || window.event;\n\t\t\t\tvar target = event.target || event.srcElement,\n\t\t\t\t\tlink = target.src ? target.parentNode : target,\n\t\t\t\t\toptions = {index: link, event: event},\n\t\t\t\t\tlinks = this.getElementsByTagName('a');\n\t\t\t\tblueimp.Gallery(links, options);\n\t\t\t\t};\n\t\t\t});\n\t\t<\/script>\n\n\t\t<div class=\"ns-gallery-section\">\n\t\t\t<div id=\"1709054422258-d37e6523-ec4c\" class=\"ns-gallery nsg-p15\">\n\t\t\t\t\t\t\t\t\t<div class=\"nsg-gitem nsg-c4\">\n\t\t\t\t\t\t<a href=\"https:\/\/www.tisa.si\/tisa-homes\/wp-content\/uploads\/2024\/02\/1000016771.jpg\" class=\"nsg-img-container nsg-r4-3\" title=\"\">\n\t\t\t\t\t\t\t<img class=\"nsg-img\" src=\"https:\/\/www.tisa.si\/tisa-homes\/slir\/w368\/wp-content\/uploads\/2024\/02\/1000016771.jpg\">\n\t\t\t\t\t\t<\/a>\n\t\t\t\t\t\t<span class=\"nsg-img-title\"><\/span>\n\t\t\t\t\t<\/div>\n\t\t\t\t\t\t\t\t\t<div class=\"nsg-gitem nsg-c4\">\n\t\t\t\t\t\t<a href=\"https:\/\/www.tisa.si\/tisa-homes\/wp-content\/uploads\/2024\/02\/1000016774.jpg\" class=\"nsg-img-container nsg-r4-3\" title=\"\">\n\t\t\t\t\t\t\t<img class=\"nsg-img\" src=\"https:\/\/www.tisa.si\/tisa-homes\/slir\/w368\/wp-content\/uploads\/2024\/02\/1000016774.jpg\">\n\t\t\t\t\t\t<\/a>\n\t\t\t\t\t\t<span class=\"nsg-img-title\"><\/span>\n\t\t\t\t\t<\/div>\n\t\t\t\t\t\t\t\t\t<div class=\"nsg-gitem nsg-c4\">\n\t\t\t\t\t\t<a href=\"https:\/\/www.tisa.si\/tisa-homes\/wp-content\/uploads\/2024\/02\/1000016776.jpg\" class=\"nsg-img-container nsg-r4-3\" title=\"\">\n\t\t\t\t\t\t\t<img class=\"nsg-img\" src=\"https:\/\/www.tisa.si\/tisa-homes\/slir\/w368\/wp-content\/uploads\/2024\/02\/1000016776.jpg\">\n\t\t\t\t\t\t<\/a>\n\t\t\t\t\t\t<span class=\"nsg-img-title\"><\/span>\n\t\t\t\t\t<\/div>\n\t\t\t\t\t\t\t\t\t<div class=\"nsg-gitem nsg-c4\">\n\t\t\t\t\t\t<a href=\"https:\/\/www.tisa.si\/tisa-homes\/wp-content\/uploads\/2024\/02\/1000016780.jpg\" class=\"nsg-img-container nsg-r4-3\" title=\"\">\n\t\t\t\t\t\t\t<img class=\"nsg-img\" src=\"https:\/\/www.tisa.si\/tisa-homes\/slir\/w368\/wp-content\/uploads\/2024\/02\/1000016780.jpg\">\n\t\t\t\t\t\t<\/a>\n\t\t\t\t\t\t<span class=\"nsg-img-title\"><\/span>\n\t\t\t\t\t<\/div>\n\t\t\t\t\t\t\t\t\t<div class=\"nsg-gitem nsg-c4\">\n\t\t\t\t\t\t<a href=\"https:\/\/www.tisa.si\/tisa-homes\/wp-content\/uploads\/2024\/02\/1000016782.jpg\" class=\"nsg-img-container nsg-r4-3\" title=\"\">\n\t\t\t\t\t\t\t<img class=\"nsg-img\" src=\"https:\/\/www.tisa.si\/tisa-homes\/slir\/w368\/wp-content\/uploads\/2024\/02\/1000016782.jpg\">\n\t\t\t\t\t\t<\/a>\n\t\t\t\t\t\t<span class=\"nsg-img-title\"><\/span>\n\t\t\t\t\t<\/div>\n\t\t\t\t\t\t\t\t\t<div class=\"nsg-gitem nsg-c4\">\n\t\t\t\t\t\t<a href=\"https:\/\/www.tisa.si\/tisa-homes\/wp-content\/uploads\/2024\/02\/1000016784.jpg\" class=\"nsg-img-container nsg-r4-3\" title=\"\">\n\t\t\t\t\t\t\t<img class=\"nsg-img\" src=\"https:\/\/www.tisa.si\/tisa-homes\/slir\/w368\/wp-content\/uploads\/2024\/02\/1000016784.jpg\">\n\t\t\t\t\t\t<\/a>\n\t\t\t\t\t\t<span class=\"nsg-img-title\"><\/span>\n\t\t\t\t\t<\/div>\n\t\t\t\t\t\t\t<\/div>\n\t\t<\/div>\n\n\t\t[\/vc_column][\/vc_row][\/vc_column][\/vc_row]<\/p>\n","protected":false},"excerpt":{"rendered":"<p>[vc_row full_width=&#8221;stretch_row_content_no_spaces&#8221;][vc_column][\/vc_column][\/vc_row][vc_row css=&#8221;.vc_custom_1671107277079{margin-top: 50px !important;margin-bottom: 50px !important;}&#8221; el_class=&#8221;sp-intro-apartma&#8221;][vc_column width=&#8221;1\/2&#8243;][vc_column_text] Povr\u0161ina ku\u0107e: 45 m2 Ku\u0107a je pogodna za 4 osobe. Ima jedan bra\u010dni krevet, jedan krevet za jednu osobu i kau\u010d na razvla\u010denje. Udobni kreveti: 9,5 &#8211; na temelju ocjena posjetitelja. [\/vc_column_text][\/vc_column][vc_column width=&#8221;1\/2&#8243;][\/vc_column][\/vc_row][vc_row full_width=&#8221;stretch_row&#8221; css=&#8221;.vc_custom_1671106894316{background-color: #fbf4ec !important;}&#8221; el_class=&#8221;sp-apartma&#8221;][vc_column width=&#8221;1\/4&#8243;][vc_column_text] Ku\u0107a s 1 spava\u0107om sobom [\/vc_column_text][vc_column_text] Cijela ku\u0107a za odmor Privatna kuhinja Vlastita kupaonica Balkon Pogled na vrt Klimatizacija Veranda TV ravnog ekrana terasa Besplatni WiFi [\/vc_column_text][\/vc_column][vc_column width=&#8221;1\/2&#8243;][vc_column_text] Oprema u ku\u0107i [\/vc_column_text][vc_row_inner][vc_column_inner width=&#8221;1\/2&#8243;][vc_column_text] Krevetnina Ormar ili ormar Sigurnosne uti\u010dnice za djecu Klimatizacija Mramorni pod \/ plo\u010dice Zaseban ulaz Grijanje Kuhinjsko posu\u0111e [\/vc_column_text][\/vc_column_inner][vc_column_inner width=&#8221;1\/2&#8243;][vc_column_text] Kuhinja TV ravnog ekrana Balkon terasa Veranda Uti\u010dnica pored kreveta Stalak za su\u0161enje rublja Kau\u010d [\/vc_column_text][\/vc_column_inner][\/vc_row_inner][\/vc_column][vc_column width=&#8221;1\/4&#8243;][vc_column_text] U va\u0161oj [&hellip;]<\/p>\n","protected":false},"author":2,"featured_media":2290,"parent":853,"menu_order":0,"comment_status":"closed","ping_status":"closed","template":"","meta":[],"_links":{"self":[{"href":"https:\/\/www.tisa.si\/tisa-homes\/hr\/wp-json\/wp\/v2\/pages\/916"}],"collection":[{"href":"https:\/\/www.tisa.si\/tisa-homes\/hr\/wp-json\/wp\/v2\/pages"}],"about":[{"href":"https:\/\/www.tisa.si\/tisa-homes\/hr\/wp-json\/wp\/v2\/types\/page"}],"author":[{"embeddable":true,"href":"https:\/\/www.tisa.si\/tisa-homes\/hr\/wp-json\/wp\/v2\/users\/2"}],"replies":[{"embeddable":true,"href":"https:\/\/www.tisa.si\/tisa-homes\/hr\/wp-json\/wp\/v2\/comments?post=916"}],"version-history":[{"count":0,"href":"https:\/\/www.tisa.si\/tisa-homes\/hr\/wp-json\/wp\/v2\/pages\/916\/revisions"}],"up":[{"embeddable":true,"href":"https:\/\/www.tisa.si\/tisa-homes\/hr\/wp-json\/wp\/v2\/pages\/853"}],"wp:featuredmedia":[{"embeddable":true,"href":"https:\/\/www.tisa.si\/tisa-homes\/hr\/wp-json\/wp\/v2\/media\/2290"}],"wp:attachment":[{"href":"https:\/\/www.tisa.si\/tisa-homes\/hr\/wp-json\/wp\/v2\/media?parent=916"}],"curies":[{"name":"wp","href":"https:\/\/api.w.org\/{rel}","templated":true}]}}