{"id":1357,"date":"2016-10-18T11:31:19","date_gmt":"2016-10-18T09:31:19","guid":{"rendered":"https:\/\/www.tisa.si\/tisa-homes\/apartmanok\/"},"modified":"2023-04-06T15:16:27","modified_gmt":"2023-04-06T13:16:27","slug":"apartmanok","status":"publish","type":"page","link":"https:\/\/www.tisa.si\/tisa-homes\/hu\/apartmanok\/","title":{"rendered":"Apartmanok"},"content":{"rendered":"<p>[vc_row full_width=&#8221;stretch_row_content_no_spaces&#8221;][vc_column]\t\t\r\n\t\t<div class=\"title-container \">\r\n\t\t\t<div class=\"container\">\r\n\t\t\t\t<h1>Apartmanok<\/h1>\r\n\t\t\t\t<div class=\"breadcrumbs-container\">\r\n\t\t\t\t\t<div class=\"breadcrumbs\">\r\n\t\t\t\t\t\t\n\t<ul class=\"ns-breadcrumbs\">\n\t\t\t<li><a href=\"https:\/\/www.tisa.si\/tisa-homes\/hu\/\">itthon<\/a><\/li>\n\t\t\t\t<li>Apartmanok<\/li>\n\t<\/ul>\n\t\n\t\t\t\t\t\t\t<div class=\"clearfix\"><\/div>\r\n\t\t\t\t\t<\/div>\r\n\t\t\t\t<\/div>\r\n\t\t\t<\/div>\r\n\t\t<\/div>\r\n\r\n\t\t[\/vc_column][\/vc_row][vc_row][vc_column width=&#8221;1\/2&#8243;][vc_column_text]<\/p>\n<h2>Tisa Homes &#8211; Savudrija<\/h2>\n<p>A h\u00edres Savudrija vil\u00e1g\u00edt\u00f3torony k\u00f6zel\u00e9ben, a strandt\u00f3l mind\u00f6ssze egy perc s\u00e9t\u00e1ra tal\u00e1lhat\u00f3 a Tisa Homes \u00fcd\u00fcl\u0151hely. 6 csal\u00e1di h\u00e1z tal\u00e1lhat\u00f3, melyek csal\u00e1dok vagy 3-4 feln\u0151tt elhelyez\u00e9s\u00e9re alkalmasak. Minden egys\u00e9g \u00e9tkez\u0151s konyh\u00e1val, verand\u00e1val, l\u00e9gkondicion\u00e1l\u00f3val, s\u00edkk\u00e9perny\u0151s TV-vel \u00e9s saj\u00e1t, zuhanyz\u00f3s f\u00fcrd\u0151szob\u00e1val rendelkezik.<\/p>\n<p>A k\u00f6z\u00f6s kertre n\u00e9z\u0151 erk\u00e9lyek tollaslabda p\u00e1ly\u00e1val \u00e9s asztaliteniszekkel biztos\u00edtj\u00e1k a sz\u00fcl\u0151k nyugalm\u00e1t, mik\u00f6zben gyermekeik j\u00e1tszanak.[\/vc_column_text]\t\t\n\t\t<a href=\"https:\/\/www.tisa.si\/tisa-homes\/hu\/hogyan-erhet-el-minket\/\" target=\"\" class=\"btn  btn-default btn-sm \" id=\"\">Hogyan \u00e9rhet el minket?<\/a>\n\n\t\t[vc_empty_space height=&#8221;10px&#8221;]\t\t\n\t\t<a href=\"https:\/\/www.tisa.si\/tisa-homes\/hu\/foglalas\/\" target=\"\" class=\"btn  btn-default btn-sm \" id=\"\">Id\u0151pont foglal\u00e1s<\/a>\n\n\t\t[\/vc_column][vc_column width=&#8221;1\/2&#8243;][vc_single_image image=&#8221;226&#8243; img_size=&#8221;700&#215;440&#8243; css=&#8221;.vc_custom_1669379251592{margin-top: 35px !important;margin-bottom: 0px !important;}&#8221;][\/vc_column][\/vc_row][vc_row full_width=&#8221;stretch_row&#8221; css=&#8221;.vc_custom_1671108228362{margin-bottom: 0px !important;padding-top: 35px !important;padding-bottom: 35px !important;}&#8221;][vc_column][vc_column_text]<\/p>\n<h3 style=\"text-align: center\">Apartmanh\u00e1zak k\u00edn\u00e1lata<\/h3>\n<p>[\/vc_column_text][vc_row][vc_column]          \n\n\n            \n    \n                  <div class=\"subcat-wrap subcat-wrap-slider\" id=\"69fb5ea86502e\">\n    \n\n                        <div class=\"subcat-cont\">\n              <a href=\"https:\/\/www.tisa.si\/tisa-homes\/hu\/apartmanok\/apartman-a1\/\" class=\"subcat-item\">\n                <div>\n                    <div class=\"image\">\n                      <img src=\"https:\/\/www.tisa.si\/tisa-homes\/wp-content\/uploads\/2024\/02\/1000016817.jpg\">\n                    <\/div>\n                    <div class=\"text\">\n                      <h4>Apartman A1<\/h4>\n                      <p>AK\u00c1R 4 F\u0150 (maximum 3 feln\u0151tt gyermekkel)<\/p>\n                      <p>1 h\u00e1l\u00f3szoba<\/p>\n\n                    <\/div>\n                    <a href=\"https:\/\/www.tisa.si\/tisa-homes\/hu\/apartmanok\/apartman-a1\/\" class=\"subcat-item btn  btn-default btn-sm \">\n                      Tov\u00e1bbi r\u00e9szletek<\/a>\n                      <\/a> \n                <\/div>\n              <\/a>\n            <\/div>\n                        <div class=\"subcat-cont\">\n              <a href=\"https:\/\/www.tisa.si\/tisa-homes\/hu\/apartmanok\/apartman-a8\/\" class=\"subcat-item\">\n                <div>\n                    <div class=\"image\">\n                      <img src=\"https:\/\/www.tisa.si\/tisa-homes\/wp-content\/uploads\/2024\/02\/1000016765-1.jpg\">\n                    <\/div>\n                    <div class=\"text\">\n                      <h4>Apartman A8<\/h4>\n                      <p>AK\u00c1R 4 F\u0150 (maximum 3 feln\u0151tt gyermekkel)<\/p>\n                      <p>1 h\u00e1l\u00f3szoba<\/p>\n\n                    <\/div>\n                    <a href=\"https:\/\/www.tisa.si\/tisa-homes\/hu\/apartmanok\/apartman-a8\/\" class=\"subcat-item btn  btn-default btn-sm \">\n                      Tov\u00e1bbi r\u00e9szletek<\/a>\n                      <\/a> \n                <\/div>\n              <\/a>\n            <\/div>\n                        <div class=\"subcat-cont\">\n              <a href=\"https:\/\/www.tisa.si\/tisa-homes\/hu\/apartmanok\/apartman-a6\/\" class=\"subcat-item\">\n                <div>\n                    <div class=\"image\">\n                      <img src=\"https:\/\/www.tisa.si\/tisa-homes\/wp-content\/uploads\/2024\/02\/1000016774.jpg\">\n                    <\/div>\n                    <div class=\"text\">\n                      <h4>Apartman A6<\/h4>\n                      <p>AK\u00c1R 4 F\u0150 (maximum 3 feln\u0151tt gyermekkel)<\/p>\n                      <p>1 h\u00e1l\u00f3szoba<\/p>\n\n                    <\/div>\n                    <a href=\"https:\/\/www.tisa.si\/tisa-homes\/hu\/apartmanok\/apartman-a6\/\" class=\"subcat-item btn  btn-default btn-sm \">\n                      Tov\u00e1bbi r\u00e9szletek<\/a>\n                      <\/a> \n                <\/div>\n              <\/a>\n            <\/div>\n                        <div class=\"subcat-cont\">\n              <a href=\"https:\/\/www.tisa.si\/tisa-homes\/hu\/apartmanok\/apartman-a4\/\" class=\"subcat-item\">\n                <div>\n                    <div class=\"image\">\n                      <img src=\"https:\/\/www.tisa.si\/tisa-homes\/wp-content\/uploads\/2024\/02\/zkc_5737.jpg\">\n                    <\/div>\n                    <div class=\"text\">\n                      <h4>Apartman A4<\/h4>\n                      <p>AK\u00c1R 4 F\u0150 (maximum 3 feln\u0151tt gyermekkel)<\/p>\n                      <p>1 h\u00e1l\u00f3szoba<\/p>\n\n                    <\/div>\n                    <a href=\"https:\/\/www.tisa.si\/tisa-homes\/hu\/apartmanok\/apartman-a4\/\" class=\"subcat-item btn  btn-default btn-sm \">\n                      Tov\u00e1bbi r\u00e9szletek<\/a>\n                      <\/a> \n                <\/div>\n              <\/a>\n            <\/div>\n                        <div class=\"subcat-cont\">\n              <a href=\"https:\/\/www.tisa.si\/tisa-homes\/hu\/apartmanok\/apartman-a9\/\" class=\"subcat-item\">\n                <div>\n                    <div class=\"image\">\n                      <img src=\"https:\/\/www.tisa.si\/tisa-homes\/wp-content\/uploads\/2024\/02\/1000016833.jpg\">\n                    <\/div>\n                    <div class=\"text\">\n                      <h4>Apartman A9<\/h4>\n                      <p>AK\u00c1R 4 F\u0150 (maximum 3 feln\u0151tt gyermekkel)<\/p>\n                      <p>1 h\u00e1l\u00f3szoba<\/p>\n\n                    <\/div>\n                    <a href=\"https:\/\/www.tisa.si\/tisa-homes\/hu\/apartmanok\/apartman-a9\/\" class=\"subcat-item btn  btn-default btn-sm \">\n                      Tov\u00e1bbi r\u00e9szletek<\/a>\n                      <\/a> \n                <\/div>\n              <\/a>\n            <\/div>\n                        <div class=\"subcat-cont\">\n              <a href=\"https:\/\/www.tisa.si\/tisa-homes\/hu\/apartmanok\/apartman-a10\/\" class=\"subcat-item\">\n                <div>\n                    <div class=\"image\">\n                      <img src=\"https:\/\/www.tisa.si\/tisa-homes\/wp-content\/uploads\/2024\/02\/1000016767-1.jpg\">\n                    <\/div>\n                    <div class=\"text\">\n                      <h4>Apartman A10<\/h4>\n                      <p>AK\u00c1R 5 F\u0150 (maximum 4 feln\u0151tt \u00e9s gyerek)<\/p>\n                      <p>2 h\u00e1l\u00f3szoba<\/p>\n\n                    <\/div>\n                    <a href=\"https:\/\/www.tisa.si\/tisa-homes\/hu\/apartmanok\/apartman-a10\/\" class=\"subcat-item btn  btn-default btn-sm \">\n                      Tov\u00e1bbi r\u00e9szletek<\/a>\n                      <\/a> \n                <\/div>\n              <\/a>\n            <\/div>\n                    <\/div>\n                        \n    \n        [\/vc_column][\/vc_row][\/vc_column][\/vc_row]<\/p>\n","protected":false},"excerpt":{"rendered":"<p>[vc_row full_width=&#8221;stretch_row_content_no_spaces&#8221;][vc_column][\/vc_column][\/vc_row][vc_row][vc_column width=&#8221;1\/2&#8243;][vc_column_text] Tisa Homes &#8211; Savudrija A h\u00edres Savudrija vil\u00e1g\u00edt\u00f3torony k\u00f6zel\u00e9ben, a strandt\u00f3l mind\u00f6ssze egy perc s\u00e9t\u00e1ra tal\u00e1lhat\u00f3 a Tisa Homes \u00fcd\u00fcl\u0151hely. 6 csal\u00e1di h\u00e1z tal\u00e1lhat\u00f3, melyek csal\u00e1dok vagy 3-4 feln\u0151tt elhelyez\u00e9s\u00e9re alkalmasak. Minden egys\u00e9g \u00e9tkez\u0151s konyh\u00e1val, verand\u00e1val, l\u00e9gkondicion\u00e1l\u00f3val, s\u00edkk\u00e9perny\u0151s TV-vel \u00e9s saj\u00e1t, zuhanyz\u00f3s f\u00fcrd\u0151szob\u00e1val rendelkezik. A k\u00f6z\u00f6s kertre n\u00e9z\u0151 erk\u00e9lyek tollaslabda p\u00e1ly\u00e1val \u00e9s asztaliteniszekkel biztos\u00edtj\u00e1k a sz\u00fcl\u0151k nyugalm\u00e1t, mik\u00f6zben gyermekeik j\u00e1tszanak.[\/vc_column_text][vc_empty_space height=&#8221;10px&#8221;][\/vc_column][vc_column width=&#8221;1\/2&#8243;][vc_single_image image=&#8221;226&#8243; img_size=&#8221;700&#215;440&#8243; css=&#8221;.vc_custom_1669379251592{margin-top: 35px !important;margin-bottom: 0px !important;}&#8221;][\/vc_column][\/vc_row][vc_row full_width=&#8221;stretch_row&#8221; css=&#8221;.vc_custom_1671108228362{margin-bottom: 0px !important;padding-top: 35px !important;padding-bottom: 35px !important;}&#8221;][vc_column][vc_column_text] Apartmanh\u00e1zak k\u00edn\u00e1lata [\/vc_column_text][\/vc_column][\/vc_row]<\/p>\n","protected":false},"author":2,"featured_media":0,"parent":0,"menu_order":1,"comment_status":"closed","ping_status":"closed","template":"","meta":[],"_links":{"self":[{"href":"https:\/\/www.tisa.si\/tisa-homes\/hu\/wp-json\/wp\/v2\/pages\/1357"}],"collection":[{"href":"https:\/\/www.tisa.si\/tisa-homes\/hu\/wp-json\/wp\/v2\/pages"}],"about":[{"href":"https:\/\/www.tisa.si\/tisa-homes\/hu\/wp-json\/wp\/v2\/types\/page"}],"author":[{"embeddable":true,"href":"https:\/\/www.tisa.si\/tisa-homes\/hu\/wp-json\/wp\/v2\/users\/2"}],"replies":[{"embeddable":true,"href":"https:\/\/www.tisa.si\/tisa-homes\/hu\/wp-json\/wp\/v2\/comments?post=1357"}],"version-history":[{"count":0,"href":"https:\/\/www.tisa.si\/tisa-homes\/hu\/wp-json\/wp\/v2\/pages\/1357\/revisions"}],"wp:attachment":[{"href":"https:\/\/www.tisa.si\/tisa-homes\/hu\/wp-json\/wp\/v2\/media?parent=1357"}],"curies":[{"name":"wp","href":"https:\/\/api.w.org\/{rel}","templated":true}]}}