{"id":1372,"date":"2022-11-25T11:41:02","date_gmt":"2022-11-25T10:41:02","guid":{"rendered":"https:\/\/www.tisa.si\/tisa-homes\/foglalas\/"},"modified":"2024-06-04T07:53:13","modified_gmt":"2024-06-04T05:53:13","slug":"foglalas","status":"publish","type":"page","link":"https:\/\/www.tisa.si\/tisa-homes\/hu\/foglalas\/","title":{"rendered":"Foglal\u00e1s"},"content":{"rendered":"<p>[vc_row full_width=&#8221;stretch_row_content_no_spaces&#8221;][vc_column]\t\t\r\n\t\t<div class=\"title-container \">\r\n\t\t\t<div class=\"container\">\r\n\t\t\t\t<h1>Foglal\u00e1s<\/h1>\r\n\t\t\t\t<div class=\"breadcrumbs-container\">\r\n\t\t\t\t\t<div class=\"breadcrumbs\">\r\n\t\t\t\t\t\t\n\t<ul class=\"ns-breadcrumbs\">\n\t\t\t<li><a href=\"https:\/\/www.tisa.si\/tisa-homes\/hu\/\">itthon<\/a><\/li>\n\t\t\t\t<li>Foglal\u00e1s<\/li>\n\t<\/ul>\n\t\n\t\t\t\t\t\t\t<div class=\"clearfix\"><\/div>\r\n\t\t\t\t\t<\/div>\r\n\t\t\t\t<\/div>\r\n\t\t\t<\/div>\r\n\t\t<\/div>\r\n\r\n\t\t[\/vc_column][\/vc_row][vc_row][vc_column][vc_column_text el_class=&#8221;green-box&#8221;]<\/p>\n<h3>Rendk\u00edv\u00fcli lehet\u0151s\u00e9g &#8211; ha most foglal, 18% kedvezm\u00e9nyt kap. Foglal\u00e1skor \u00edrja be a 18DISCOUNT k\u00f3dot<\/h3>\n<p>[\/vc_column_text][vc_column_text]<\/p>\n<h3>\u00c9rtes\u00edt\u00e9s: A nyaral\u00f3h\u00e1zak b\u00e9rl\u00e9se csak legal\u00e1bb egy nappal el\u0151re t\u00f6rt\u00e9n\u0151 \u00e9rkez\u00e9si foglal\u00e1ssal lehets\u00e9ges<\/h3>\n<p>[\/vc_column_text][vc_column_text]<\/p>\n<h2>Apartmanh\u00e1zak el\u00e9rhet\u0151s\u00e9ge<\/h2>\n<p>[\/vc_column_text][\/vc_column][\/vc_row][vc_row][vc_column][vc_raw_html]JTNDJTIxLS0lMEElMjAlMjAlMjAlMjBXdUJvb2slMjBKYXZhc2NyaXB0JTIwTGlicmFyeSUwQSUyMCUyMCUyMCUyMEV2ZW50dWFsbHklMkMlMjBwdXQlMjBpdCUyMGluc2lkZSUwQSUyMCUyMCUyMCUyMHlvdXIlMjAlM0NoZWFkJTJGJTNFJTIwdGFnJTBBLS0lM0UlMEElM0NzY3JpcHQlMjBzcmMlM0QlMjJodHRwcyUzQSUyRiUyRnd1Ym9vay5uZXQlMkZqcyUyRndibGliLmpneiUyMiUzRSUzQyUyRnNjcmlwdCUzRSUwQSUzQyUyMS0tJTBBJTIwJTIwJTIwJTIwJTIwcHV0JTIwdGhlJTIwZm9sbG93aW5nJTIwZGl2JTIwd2hlcmUlMjBXdUJvb2slMEElMjAlMjAlMjAlMjAlMjBzaG91bGQlMjBiZSUyMGRlc2lnbmVkLiUyME1ha2UlMjBzdXJlJTIwdG8lMEElMjAlMjAlMjAlMjAlMjBwcmVzZXJ2ZSUyMHRoZSUyMGRpdiUyMGNvbnRlbnRzJTIwJTI4YmFja2xpbmslMjklMEEtLSUzRSUwQSUzQ2RpdiUyMGlkJTNEJTIyX3dib3JkXyUyMiUzRSUwQSUyMCUyMCUzQ2ElMjBocmVmJTNEJTIyaHR0cHMlM0ElMkYlMkZ3dWJvb2submV0JTJGcGFnZSUyRldvb0Rvby1DaGFubmVsLU1hbmFnZXItMzYuaHRtbCUyMiUyMHN0eWxlJTNEJTIyZGlzcGxheSUzQSUyMGJsb2NrJTNCJTIwbWFyZ2luLXRvcCUzQSUyMDVweCUzQiUyMHRleHQtZGVjb3JhdGlvbiUzQW5vbmUlM0Jib3JkZXIlM0Fub25lJTIyJTIwdGFyZ2V0JTNEJTIyX2JsYW5rJTIyJTNFJTBBJTIwJTIwJTIwJTIwJTNDaW1nJTIwc3JjJTNEJTIyaHR0cHMlM0ElMkYlMkZ3dWJvb2submV0JTJGaW1ncyUyRmRlZmF1bHQlMkZib29raW5nX2J5X3d1LmdpZiUyMiUyMGFsdCUzRCUyMmNoYW5uZWwlMjByZXNlcnZhdGlvbnMlMjBmb3IlMjBob3RlbCUyMGJ5JTIwd3Vib29rJTIyJTIwdGl0bGUlM0QlMjJIb3RlbCUyMGFuZCUyMHRvdXJpc20lMjBzb2x1dGlvbnMlMjIlMjBzdHlsZSUzRCUyMmJvcmRlciUzQW5vbmUlM0J0ZXh0LWRlY29yYXRpb24lM0Fub25lJTIyJTIwJTJGJTNFJTBBJTIwJTIwJTNDJTJGYSUzRSUwQSUzQyUyRmRpdiUzRSUwQSUzQyUyMS0tJTBBJTIwJTIwJTIwJTIwJTIwSW5pdGlhbGl6ZSUyMHRoZSUyMFd1Qm9vayUyME9iamVjdC4lMEElMjAlMjAlMjAlMjAlMjBDb2xsZWN0JTIwcGFyYW1zJTIwc2V0dGluZ3MuJTBBJTIwJTIwJTIwJTIwJTIwQ2FsbCUyMFd1Qm9vay5kZXNpZ25fcndpZGdldCUyOCUyOS4lMEElMEElMjAlMjAlMjAlMjAlMjBOb3RpY2UlMjBXdUJvb2slMjBPYmplY3QlMjBwcm92aWRlcyUyMGElMEElMjAlMjAlMjAlMjAlMjBsb3QlMjBvZiUyMGludGVyZXN0aW5nJTIwZmVhdHVyZXMuJTBBLS0lM0UlMEElM0NzY3JpcHQlM0UlMEElMjAlMjB2YXIlMjBXdUJvb2slM0QlMjBuZXclMjBfV3VCb29rJTI4MTY4NjA0OTk1NSUyOSUzQiUwQSUyMCUyMHZhciUyMHdicGFyYW1zJTNEJTIwJTdCJTBBJTIwJTIwJTIwJTIwYmdjb2xvciUzQSUyMCUyNyUyM2ZmZmZmZiUyNyUyQyUwQSUyMCUyMCUyMCUyMHRleHRjb2xvciUzQSUyMCUyNyUyMzJjMmMyYyUyNyUyQyUwQSUyMCUyMCUyMCUyMGJ1dHRvbmNvbG9yJTNBJTIwJTI3JTIzMTA4ZGJkJTI3JTJDJTBBJTIwJTIwJTIwJTIwaWNvbmNvbG9yJTNBJTIwJTI3JTIzODg4ODg4JTI3JTJDJTBBJTIwJTIwJTIwJTIwYm9yZGVyY29sb3IlM0ElMjAlMjclMjMxMDhkYmQlMjclMkMlMEElMjAlMjAlMjAlMjBsYW5nJTNBJTIwJTI3JTI3JTJDJTBBJTIwJTIwJTIwJTIwZmFpbGJhY2tfbGFuZyUzQSUyMCUyN2VuJTI3JTJDJTBBJTIwJTIwJTIwJTIwd2Jnb29nbGUlM0ElMjAxJTJDJTBBJTIwJTIwJTIwJTIwZGVmYXVsdF9uaWdodHMlM0ElMjAxJTJDJTBBJTIwJTIwJTIwJTIwZGNvZGV2YWwlM0ElMjAlMjclMjclMEElMjAlMjAlN0QlM0IlMEElMjAlMjBXdUJvb2suZGVzaWduX3J3aWRnZXQlMjglMjJfd2JvcmRfJTIyJTJDJTIwd2JwYXJhbXMlMjklM0IlMEElM0MlMkZzY3JpcHQlM0UlMEElM0MlMjEtLSUwQSUyMCUyMCUyMCUyMHRoYXQlMjdzJTIwYWxsJTIwJTNBJTI5JTBBJTIwJTIwJTIwJTIwVGhhbmslMjB5b3UlMjBmb3IlMjB1c2luZyUyMFd1Qm9vayUyMSUwQS0tJTNF[\/vc_raw_html][\/vc_column][\/vc_row][vc_row][vc_column][vc_column_text]<\/p>\n<h3 style=\"text-align: justify;\"><strong>FELHASZN\u00c1L\u00c1SI FELT\u00c9TELEK<\/strong><\/h3>\n<p><strong>A weboldalt kezel\u0151 \u00e9s sz\u00e1ll\u00e1st biztos\u00edt\u00f3 jogi szem\u00e9ly:<\/strong> TISA doo \u2013 Branch Savudrija, Ravna dolina 121B, 52475 Savudrija, Horv\u00e1torsz\u00e1g, \u00c1FA-azonos\u00edt\u00f3: HR75045924385<\/p>\n<p style=\"text-align: justify;\"><strong>Bejelentkez\u00e9s:<\/strong> 16:00-21:00 \/ <strong>Kijelentkez\u00e9s:<\/strong> 8:00-10:00<\/p>\n<p style=\"text-align: justify;\"><strong>Foglal\u00e1s<\/strong> csak a teljes b\u00e9rleti d\u00edj kifizet\u00e9se ut\u00e1n lehets\u00e9ges.<\/p>\n<p style=\"text-align: justify;\"><strong>Foglal\u00e1s lemond\u00e1sa:<\/strong> A vonatkoz\u00f3 futamid\u0151 kezdete el\u0151tt 8 nappal bez\u00e1r\u00f3lag t\u00f6rt\u00e9n\u0151 foglal\u00e1s lemond\u00e1sa eset\u00e9n a foglal\u00e1s \u00e9rt\u00e9k\u00e9nek 100%-\u00e1t, lemond\u00e1s eset\u00e9n pedig 7-3 nappal a foglal\u00e1s kezdete el\u0151tti a kifejez\u00e9st, az \u00e9rt\u00e9k 70%-\u00e1t adjuk vissza. A lefoglalt id\u0151pont kezdete el\u0151tt 2 &#8211; 1 nappal t\u00f6rt\u00e9n\u0151 foglal\u00e1s lemond\u00e1sa eset\u00e9n az \u00f6sszeget nem \u00e1ll m\u00f3dunkban visszat\u00e9r\u00edteni.<\/p>\n<p style=\"text-align: justify;\">Foglal\u00e1skor a vend\u00e9g megadja az \u00d6SSZES szem\u00e9ly sz\u00e1m\u00e1t (feln\u0151tt + gyerek). <strong>Minden egys\u00e9gben maximum 3 feln\u0151tt + gyermek (15 \u00e9v alatt) tart\u00f3zkodhat a f\u00e9r\u0151hely bet\u00f6lt\u00e9s\u00e9ig.<\/strong><\/p>\n<p style=\"text-align: justify;\"><strong>Minden koroszt\u00e1lyt szeretettel v\u00e1runk<\/strong> , de \u00e9letkoruk nem befoly\u00e1solja az \u00e1rat, mivel a b\u00e9rleti d\u00edjak a teljes egys\u00e9gre (apartmanra) vonatkoznak.<\/p>\n<div>\n<p style=\"text-align: justify;\">A gyermek\u00e1gyak megengedett sz\u00e1ma a v\u00e1lasztott lehet\u0151s\u00e9gt\u0151l f\u00fcgg. Minden gyermek\u00e1gy \u00e9s p\u00f3t\u00e1gy a k\u00e9szlet erej\u00e9ig biztos\u00edtott.<\/p>\n<p style=\"text-align: justify;\">Az apartmankomplexumban tollaslabda \u00e9s asztalitenisz p\u00e1ly\u00e1k \u00e1llnak rendelkez\u00e9sre &#8211; ezek <strong>haszn\u00e1lata csak saj\u00e1t felel\u0151ss\u00e9gre lehets\u00e9ges<\/strong> .<\/p>\n<p style=\"text-align: justify;\"><strong>A vend\u00e9g k\u00f6telezetts\u00e9gei:<\/strong> A vend\u00e9gek k\u00f6telesek betartani a Horv\u00e1t K\u00f6zt\u00e1rsas\u00e1g el\u0151\u00edr\u00e1saiban foglalt \u00e1ltal\u00e1nos felt\u00e9teleket \u00e9s betartani a l\u00e9tes\u00edtm\u00e9nyek h\u00e1zirendj\u00e9t. Az okozott k\u00e1r\u00e9rt a vend\u00e9g maga felel, k\u00fcl\u00f6n\u00f6sen, ha az <em>a h\u00e1zirend<\/em> \u00e9s az <em>\u00e1ltal\u00e1nos felt\u00e9telek<\/em> figyelmen k\u00edv\u00fcl hagy\u00e1sa miatt k\u00f6vetkezne be. A k\u00e1rk\u00f6lts\u00e9g megt\u00e9r\u00edt\u00e9s\u00e9t a vend\u00e9g azonnal, az apartmanok recepci\u00f3j\u00e1n ill a k\u00e1rt szenvedett term\u00e9szetes vagy jogi szem\u00e9ly \u00e1ltal elrendelt m\u00e1s helyen. <strong>A vend\u00e9g a foglal\u00e1s sor\u00e1n k\u00f6teles elolvasni a jelen oldalon \u00edrt \u00e1ltal\u00e1nos szerz\u0151d\u00e9si felt\u00e9teleket, \u00e9s a foglal\u00e1s folytat\u00e1s\u00e1val azokat marad\u00e9ktalanul elfogadja.<\/strong><\/p>\n<p style=\"text-align: justify;\"><strong>Korl\u00e1tok:<\/strong><\/p>\n<ul style=\"text-align: justify;\">\n<li>H\u00e1zi\u00e1llat nem megengedett.<\/li>\n<li>Partik vagy rendezv\u00e9nyek nem megengedettek.<\/li>\n<li>A doh\u00e1nyz\u00e1s tilos.<\/li>\n<\/ul>\n<h3 style=\"text-align: justify;\"><strong>Fizet\u00e9sek \u00e9s a szem\u00e9lyes adatok v\u00e9delme:<\/strong><\/h3>\n<p style=\"text-align: justify;\">A Tisa doo v\u00e1llalja, hogy a vend\u00e9gek szem\u00e9lyes adatait oly m\u00f3don v\u00e9di, hogy az \u00fcgyfelekr\u0151l csak azokat a felt\u00e9tlen\u00fcl sz\u00fcks\u00e9ges alapvet\u0151 adatokat gy\u0171jti, amelyek a k\u00f6telezetts\u00e9geink teljes\u00edt\u00e9s\u00e9hez sz\u00fcks\u00e9gesek; t\u00e1j\u00e9koztatja az \u00fcgyfeleket a megszerzett adatok felhaszn\u00e1l\u00e1s\u00e1nak m\u00f3dj\u00e1r\u00f3l, lehet\u0151v\u00e9 teszi sz\u00e1mukra, hogy d\u00f6ntsenek adataik c\u00e9lszer\u0171 felhaszn\u00e1l\u00e1s\u00e1r\u00f3l, bele\u00e9rtve a nev\u00fck marketing\u00fczenetekhez haszn\u00e1lt list\u00e1ra val\u00f3 felv\u00e9tel\u00e9nek elutas\u00edt\u00e1s\u00e1t. Minden felhaszn\u00e1l\u00f3i adat szigor\u00faan v\u00e9dett, \u00e9s csak azoknak az alkalmazottaknak f\u00e9rhet hozz\u00e1, akiknek felt\u00e9tlen\u00fcl sz\u00fcks\u00e9g\u00fck van ezekre az adatokra munk\u00e1juk elv\u00e9gz\u00e9s\u00e9hez \u00e9s az \u00fcgyfelek kiszolg\u00e1l\u00e1s\u00e1hoz. A Tisa doo minden alkalmazottja \u00e9s munkat\u00e1rsa felel\u0151s a mag\u00e1n\u00e9let v\u00e9delm\u00e9nek elveinek tiszteletben tart\u00e1s\u00e1\u00e9rt.<\/p>\n<p style=\"text-align: justify;\">Minden fizet\u00e9s eur\u00f3ban (\u20ac) t\u00f6rt\u00e9nik. Konverzi\u00f3 eset\u00e9n azt a bank sz\u00e1m\u00edtja ki, amelyn\u00e9l az \u00fcgyf\u00e9l nyitott sz\u00e1ml\u00e1val rendelkezik, az aktu\u00e1lis \u00e1rfolyam\u00e9rt\u00e9kek szerint.<\/p>\n<p style=\"text-align: justify;\">A szem\u00e9lyes adatok \u00e9s a hitelk\u00e1rtyasz\u00e1madatok bevitel\u00e9t \u00e9s tov\u00e1bb\u00edt\u00e1s\u00e1t a WSPay, a hitelk\u00e1rty\u00e1k online hiteles\u00edt\u00e9s\u00e9re szolg\u00e1l\u00f3 rendszer, a k\u00e1rtyabirtokosok \u00e9s k\u00e1rtyam\u00e1rk\u00e1k k\u00f6vetelm\u00e9nyeinek, valamint a PCI DSS szabv\u00e1nynak megfelel\u0151 legmagasabb biztons\u00e1gi szabv\u00e1nyai v\u00e9dik. A hitelk\u00e1rtya enged\u00e9lyez\u00e9se \u00e9s fizet\u00e9se a WSPay val\u00f3s idej\u0171 k\u00e1rtyaenged\u00e9lyez\u00e9si \u00e9s fizet\u00e9si rendszer seg\u00edts\u00e9g\u00e9vel t\u00f6rt\u00e9nik.<\/p>\n<h3 style=\"text-align: justify;\"><strong>WSPay haszn\u00e1lati nyilatkozat<\/strong><\/h3>\n<\/div>\n<p style=\"text-align: justify;\">A Tisa doo c\u00e9g a WSPay-t haszn\u00e1lja az online fizet\u00e9sekhez.<br \/>\nA WSPay egy biztons\u00e1gos rendszer online fizet\u00e9sekhez, val\u00f3s idej\u0171 fizet\u00e9sekhez, hitel- \u00e9s bet\u00e9ti k\u00e1rty\u00e1khoz \u00e9s egy\u00e9b fizet\u00e9si m\u00f3dokhoz. A WSPay lehet\u0151v\u00e9 teszi az \u00fcgyfelek \u00e9s a keresked\u0151k sz\u00e1m\u00e1ra a bevitt k\u00e1rtyaadatok biztons\u00e1gos megad\u00e1s\u00e1t \u00e9s \u00e1tvitel\u00e9t, amit a WSPay \u00e1ltal birtokolt PCI DSS tan\u00fas\u00edtv\u00e1ny is meger\u0151s\u00edt. A WSPay 256 bites titkos\u00edt\u00e1s\u00fa SSL-tan\u00fas\u00edtv\u00e1nyt \u00e9s TLS 1.2 kriptogr\u00e1fiai protokollt haszn\u00e1l az adatbevitel \u00e9s -\u00e1tvitel legmagasabb szint\u0171 v\u00e9delmek\u00e9nt.<\/p>\n<h3 style=\"text-align: justify;\"><strong>Lemond\u00e1si felt\u00e9telek<\/strong><\/h3>\n<p>Ingyenes lemond\u00e1s a foglal\u00e1st k\u00f6vet\u0151 24 \u00f3r\u00e1n bel\u00fcl, de az \u00e9rkez\u00e9s el\u0151tt t\u00f6bb mint 60 nappal lehets\u00e9ges. Ebben az esetben az \u00f6sszeg a foglal\u00e1s t\u00f6rl\u00e9s\u00e9t k\u00f6vet\u0151 30 napon bel\u00fcl visszaker\u00fcl a k\u00e1rtyabirtokos sz\u00e1ml\u00e1j\u00e1ra.<\/p>\n<h3 style=\"text-align: justify;\"><strong>Panasz\u00fcgyi szab\u00e1lyzat<\/strong><\/h3>\n<p>A vend\u00e9gnek joga van \u00edr\u00e1sbeli panaszt, ill tiltakoz\u00e1s 15 napon bel\u00fcl e-mailben vagy postai \u00faton a honlap alj\u00e1n tal\u00e1lhat\u00f3 el\u00e9rhet\u0151s\u00e9geken megadott c\u00edmre. Az esetleges jogi vit\u00e1kat a Horv\u00e1t K\u00f6zt\u00e1rsas\u00e1g illet\u00e9kes b\u00edr\u00f3s\u00e1ga rendezi[\/vc_column_text][vc_single_image image=&#8221;1936&#8243; img_size=&#8221;750&#215;370&#8243; alignment=&#8221;center&#8221;][\/vc_column][\/vc_row][vc_row][vc_column width=&#8221;1\/5&#8243;][\/vc_column][vc_column width=&#8221;1\/5&#8243;][vc_single_image image=&#8221;1945&#8243; alignment=&#8221;right&#8221; onclick=&#8221;custom_link&#8221; img_link_target=&#8221;_blank&#8221; link=&#8221;https:\/\/www.visa.co.uk\/products\/visa-secure.html&#8221;][\/vc_column][vc_column width=&#8221;1\/5&#8243;][vc_single_image image=&#8221;1772&#8243; alignment=&#8221;center&#8221; onclick=&#8221;custom_link&#8221; img_link_target=&#8221;_blank&#8221; link=&#8221;https:\/\/www.wspay.info&#8221;][\/vc_column][vc_column width=&#8221;1\/5&#8243;][vc_single_image image=&#8221;1954&#8243; onclick=&#8221;custom_link&#8221; img_link_target=&#8221;_blank&#8221; link=&#8221;https:\/\/www.mastercard.us\/en-us.html&#8221;][\/vc_column][vc_column width=&#8221;1\/5&#8243;][\/vc_column][\/vc_row]<\/p>\n","protected":false},"excerpt":{"rendered":"<p>[vc_row full_width=&#8221;stretch_row_content_no_spaces&#8221;][vc_column][\/vc_column][\/vc_row][vc_row][vc_column][vc_column_text el_class=&#8221;green-box&#8221;] Rendk\u00edv\u00fcli lehet\u0151s\u00e9g &#8211; ha most foglal, 18% kedvezm\u00e9nyt kap. Foglal\u00e1skor \u00edrja be a 18DISCOUNT k\u00f3dot [\/vc_column_text][vc_column_text] \u00c9rtes\u00edt\u00e9s: A nyaral\u00f3h\u00e1zak b\u00e9rl\u00e9se csak legal\u00e1bb egy nappal el\u0151re t\u00f6rt\u00e9n\u0151 \u00e9rkez\u00e9si foglal\u00e1ssal lehets\u00e9ges [\/vc_column_text][vc_column_text] Apartmanh\u00e1zak el\u00e9rhet\u0151s\u00e9ge [\/vc_column_text][\/vc_column][\/vc_row][vc_row][vc_column][vc_raw_html]JTNDJTIxLS0lMEElMjAlMjAlMjAlMjBXdUJvb2slMjBKYXZhc2NyaXB0JTIwTGlicmFyeSUwQSUyMCUyMCUyMCUyMEV2ZW50dWFsbHklMkMlMjBwdXQlMjBpdCUyMGluc2lkZSUwQSUyMCUyMCUyMCUyMHlvdXIlMjAlM0NoZWFkJTJGJTNFJTIwdGFnJTBBLS0lM0UlMEElM0NzY3JpcHQlMjBzcmMlM0QlMjJodHRwcyUzQSUyRiUyRnd1Ym9vay5uZXQlMkZqcyUyRndibGliLmpneiUyMiUzRSUzQyUyRnNjcmlwdCUzRSUwQSUzQyUyMS0tJTBBJTIwJTIwJTIwJTIwJTIwcHV0JTIwdGhlJTIwZm9sbG93aW5nJTIwZGl2JTIwd2hlcmUlMjBXdUJvb2slMEElMjAlMjAlMjAlMjAlMjBzaG91bGQlMjBiZSUyMGRlc2lnbmVkLiUyME1ha2UlMjBzdXJlJTIwdG8lMEElMjAlMjAlMjAlMjAlMjBwcmVzZXJ2ZSUyMHRoZSUyMGRpdiUyMGNvbnRlbnRzJTIwJTI4YmFja2xpbmslMjklMEEtLSUzRSUwQSUzQ2RpdiUyMGlkJTNEJTIyX3dib3JkXyUyMiUzRSUwQSUyMCUyMCUzQ2ElMjBocmVmJTNEJTIyaHR0cHMlM0ElMkYlMkZ3dWJvb2submV0JTJGcGFnZSUyRldvb0Rvby1DaGFubmVsLU1hbmFnZXItMzYuaHRtbCUyMiUyMHN0eWxlJTNEJTIyZGlzcGxheSUzQSUyMGJsb2NrJTNCJTIwbWFyZ2luLXRvcCUzQSUyMDVweCUzQiUyMHRleHQtZGVjb3JhdGlvbiUzQW5vbmUlM0Jib3JkZXIlM0Fub25lJTIyJTIwdGFyZ2V0JTNEJTIyX2JsYW5rJTIyJTNFJTBBJTIwJTIwJTIwJTIwJTNDaW1nJTIwc3JjJTNEJTIyaHR0cHMlM0ElMkYlMkZ3dWJvb2submV0JTJGaW1ncyUyRmRlZmF1bHQlMkZib29raW5nX2J5X3d1LmdpZiUyMiUyMGFsdCUzRCUyMmNoYW5uZWwlMjByZXNlcnZhdGlvbnMlMjBmb3IlMjBob3RlbCUyMGJ5JTIwd3Vib29rJTIyJTIwdGl0bGUlM0QlMjJIb3RlbCUyMGFuZCUyMHRvdXJpc20lMjBzb2x1dGlvbnMlMjIlMjBzdHlsZSUzRCUyMmJvcmRlciUzQW5vbmUlM0J0ZXh0LWRlY29yYXRpb24lM0Fub25lJTIyJTIwJTJGJTNFJTBBJTIwJTIwJTNDJTJGYSUzRSUwQSUzQyUyRmRpdiUzRSUwQSUzQyUyMS0tJTBBJTIwJTIwJTIwJTIwJTIwSW5pdGlhbGl6ZSUyMHRoZSUyMFd1Qm9vayUyME9iamVjdC4lMEElMjAlMjAlMjAlMjAlMjBDb2xsZWN0JTIwcGFyYW1zJTIwc2V0dGluZ3MuJTBBJTIwJTIwJTIwJTIwJTIwQ2FsbCUyMFd1Qm9vay5kZXNpZ25fcndpZGdldCUyOCUyOS4lMEElMEElMjAlMjAlMjAlMjAlMjBOb3RpY2UlMjBXdUJvb2slMjBPYmplY3QlMjBwcm92aWRlcyUyMGElMEElMjAlMjAlMjAlMjAlMjBsb3QlMjBvZiUyMGludGVyZXN0aW5nJTIwZmVhdHVyZXMuJTBBLS0lM0UlMEElM0NzY3JpcHQlM0UlMEElMjAlMjB2YXIlMjBXdUJvb2slM0QlMjBuZXclMjBfV3VCb29rJTI4MTY4NjA0OTk1NSUyOSUzQiUwQSUyMCUyMHZhciUyMHdicGFyYW1zJTNEJTIwJTdCJTBBJTIwJTIwJTIwJTIwYmdjb2xvciUzQSUyMCUyNyUyM2ZmZmZmZiUyNyUyQyUwQSUyMCUyMCUyMCUyMHRleHRjb2xvciUzQSUyMCUyNyUyMzJjMmMyYyUyNyUyQyUwQSUyMCUyMCUyMCUyMGJ1dHRvbmNvbG9yJTNBJTIwJTI3JTIzMTA4ZGJkJTI3JTJDJTBBJTIwJTIwJTIwJTIwaWNvbmNvbG9yJTNBJTIwJTI3JTIzODg4ODg4JTI3JTJDJTBBJTIwJTIwJTIwJTIwYm9yZGVyY29sb3IlM0ElMjAlMjclMjMxMDhkYmQlMjclMkMlMEElMjAlMjAlMjAlMjBsYW5nJTNBJTIwJTI3JTI3JTJDJTBBJTIwJTIwJTIwJTIwZmFpbGJhY2tfbGFuZyUzQSUyMCUyN2VuJTI3JTJDJTBBJTIwJTIwJTIwJTIwd2Jnb29nbGUlM0ElMjAxJTJDJTBBJTIwJTIwJTIwJTIwZGVmYXVsdF9uaWdodHMlM0ElMjAxJTJDJTBBJTIwJTIwJTIwJTIwZGNvZGV2YWwlM0ElMjAlMjclMjclMEElMjAlMjAlN0QlM0IlMEElMjAlMjBXdUJvb2suZGVzaWduX3J3aWRnZXQlMjglMjJfd2JvcmRfJTIyJTJDJTIwd2JwYXJhbXMlMjklM0IlMEElM0MlMkZzY3JpcHQlM0UlMEElM0MlMjEtLSUwQSUyMCUyMCUyMCUyMHRoYXQlMjdzJTIwYWxsJTIwJTNBJTI5JTBBJTIwJTIwJTIwJTIwVGhhbmslMjB5b3UlMjBmb3IlMjB1c2luZyUyMFd1Qm9vayUyMSUwQS0tJTNF[\/vc_raw_html][\/vc_column][\/vc_row][vc_row][vc_column][vc_column_text] FELHASZN\u00c1L\u00c1SI FELT\u00c9TELEK A weboldalt kezel\u0151 \u00e9s sz\u00e1ll\u00e1st biztos\u00edt\u00f3 jogi szem\u00e9ly: TISA doo \u2013 Branch Savudrija, Ravna dolina 121B, 52475 Savudrija, Horv\u00e1torsz\u00e1g, \u00c1FA-azonos\u00edt\u00f3: HR75045924385 Bejelentkez\u00e9s: 16:00-21:00 \/ Kijelentkez\u00e9s: 8:00-10:00 Foglal\u00e1s csak a teljes b\u00e9rleti d\u00edj kifizet\u00e9se ut\u00e1n lehets\u00e9ges. Foglal\u00e1s lemond\u00e1sa: A vonatkoz\u00f3 futamid\u0151 kezdete el\u0151tt 8 nappal bez\u00e1r\u00f3lag t\u00f6rt\u00e9n\u0151 foglal\u00e1s lemond\u00e1sa eset\u00e9n a foglal\u00e1s \u00e9rt\u00e9k\u00e9nek 100%-\u00e1t, lemond\u00e1s eset\u00e9n pedig 7-3 nappal a foglal\u00e1s kezdete el\u0151tti a kifejez\u00e9st, az \u00e9rt\u00e9k 70%-\u00e1t adjuk vissza. A lefoglalt id\u0151pont kezdete el\u0151tt 2 &#8211; 1 nappal t\u00f6rt\u00e9n\u0151 foglal\u00e1s lemond\u00e1sa eset\u00e9n [&hellip;]<\/p>\n","protected":false},"author":2,"featured_media":0,"parent":0,"menu_order":3,"comment_status":"closed","ping_status":"closed","template":"","meta":[],"_links":{"self":[{"href":"https:\/\/www.tisa.si\/tisa-homes\/hu\/wp-json\/wp\/v2\/pages\/1372"}],"collection":[{"href":"https:\/\/www.tisa.si\/tisa-homes\/hu\/wp-json\/wp\/v2\/pages"}],"about":[{"href":"https:\/\/www.tisa.si\/tisa-homes\/hu\/wp-json\/wp\/v2\/types\/page"}],"author":[{"embeddable":true,"href":"https:\/\/www.tisa.si\/tisa-homes\/hu\/wp-json\/wp\/v2\/users\/2"}],"replies":[{"embeddable":true,"href":"https:\/\/www.tisa.si\/tisa-homes\/hu\/wp-json\/wp\/v2\/comments?post=1372"}],"version-history":[{"count":3,"href":"https:\/\/www.tisa.si\/tisa-homes\/hu\/wp-json\/wp\/v2\/pages\/1372\/revisions"}],"predecessor-version":[{"id":2826,"href":"https:\/\/www.tisa.si\/tisa-homes\/hu\/wp-json\/wp\/v2\/pages\/1372\/revisions\/2826"}],"wp:attachment":[{"href":"https:\/\/www.tisa.si\/tisa-homes\/hu\/wp-json\/wp\/v2\/media?parent=1372"}],"curies":[{"name":"wp","href":"https:\/\/api.w.org\/{rel}","templated":true}]}}