{"id":1393,"date":"2022-11-25T14:21:02","date_gmt":"2022-11-25T13:21:02","guid":{"rendered":"https:\/\/www.tisa.si\/tisa-homes\/apartmanok\/apartman-a6\/"},"modified":"2024-03-06T10:33:02","modified_gmt":"2024-03-06T09:33:02","slug":"apartman-a6","status":"publish","type":"page","link":"https:\/\/www.tisa.si\/tisa-homes\/hu\/apartmanok\/apartman-a6\/","title":{"rendered":"Apartman A6"},"content":{"rendered":"<p>[vc_row full_width=&#8221;stretch_row_content_no_spaces&#8221;][vc_column]\t\t\r\n\t\t<div class=\"title-container \">\r\n\t\t\t<div class=\"container\">\r\n\t\t\t\t<h1>Apartman A6<\/h1>\r\n\t\t\t\t<div class=\"breadcrumbs-container\">\r\n\t\t\t\t\t<div class=\"breadcrumbs\">\r\n\t\t\t\t\t\t\n\t<ul class=\"ns-breadcrumbs\">\n\t\t\t<li><a href=\"https:\/\/www.tisa.si\/tisa-homes\/hu\/\">itthon<\/a><\/li>\n\t\t\t\t\t<li><a href=\"https:\/\/www.tisa.si\/tisa-homes\/hu\/apartmanok\/\">Apartmanok<\/a><\/li>\n\t\t\t\t<li>Apartman A6<\/li>\n\t<\/ul>\n\t\n\t\t\t\t\t\t\t<div class=\"clearfix\"><\/div>\r\n\t\t\t\t\t<\/div>\r\n\t\t\t\t<\/div>\r\n\t\t\t<\/div>\r\n\t\t<\/div>\r\n\r\n\t\t[\/vc_column][\/vc_row][vc_row css=&#8221;.vc_custom_1671107277079{margin-top: 50px !important;margin-bottom: 50px !important;}&#8221; el_class=&#8221;sp-intro-apartma&#8221;][vc_column width=&#8221;1\/2&#8243;][vc_column_text]<\/p>\n<ul>\n<li><span data-contrast=\"auto\"><b>H\u00e1z m\u00e9rete:<\/b> <span data-contrast=\"auto\">45<\/span> <span data-contrast=\"auto\"><span data-fontsize=\"11\">m2<\/span><\/span><\/span><\/li>\n<li><span data-contrast=\"auto\">A h\u00e1z 4 f\u0151 elsz\u00e1ll\u00e1sol\u00e1s\u00e1ra alkalmas.<\/span><\/li>\n<li><span data-contrast=\"auto\">Egy francia\u00e1gy, egy egyszem\u00e9lyes \u00e1gy \u00e9s egy kanap\u00e9 tal\u00e1lhat\u00f3.<\/span><\/li>\n<li><span data-contrast=\"auto\">K\u00e9nyelmes \u00e1gyak: 9,5 &#8211; a l\u00e1togat\u00f3k \u00e9rt\u00e9kel\u00e9se alapj\u00e1n.<\/span><\/li>\n<\/ul>\n<p>[\/vc_column_text]\t\t\n\t\t<a href=\"https:\/\/www.tisa.si\/tisa-homes\/hu\/foglalas\/\" target=\"\" class=\"btn  btn-default btn-sm \" id=\"\">Id\u0151pont foglal\u00e1s<\/a>\n\n\t\t[\/vc_column][vc_column width=&#8221;1\/2&#8243;]\t\t\n\t\t\t\t\t<div >\n\t\t\t\t<img src=\"https:\/\/www.tisa.si\/tisa-homes\/wp-content\/uploads\/2024\/02\/1000016774.jpg\" class=\"img-responsive\">\n\t\t\t<\/div>\n\t\t\t\t\n\t\t[\/vc_column][\/vc_row][vc_row full_width=&#8221;stretch_row&#8221; css=&#8221;.vc_custom_1671106894316{background-color: #fbf4ec !important;}&#8221; el_class=&#8221;sp-apartma&#8221;][vc_column width=&#8221;1\/4&#8243;][vc_column_text]<\/p>\n<h3><span data-contrast=\"auto\">1 h\u00e1l\u00f3szob\u00e1s h\u00e1z<\/span><\/h3>\n<p>[\/vc_column_text][vc_column_text]<\/p>\n<ul>\n<li>Az eg\u00e9sz nyaral\u00f3<\/li>\n<li>Saj\u00e1t konyha<\/li>\n<li>Saj\u00e1t f\u00fcrd\u0151szoba<\/li>\n<li>Erk\u00e9ly<\/li>\n<li>Kertre n\u00e9z\u0151<\/li>\n<li>L\u00e9gkond\u00edci\u00f3n\u00e1l\u00e1s<\/li>\n<li>Veranda<\/li>\n<li>Lapos kijelz\u0151j\u0171 TV<\/li>\n<li>terasz<\/li>\n<li>Ingyen wifi<\/li>\n<\/ul>\n<p>[\/vc_column_text][\/vc_column][vc_column width=&#8221;1\/2&#8243;][vc_column_text]<\/p>\n<h3><span data-contrast=\"auto\">Felszerel\u00e9s a h\u00e1zban<\/span><\/h3>\n<p>[\/vc_column_text][vc_row_inner][vc_column_inner width=&#8221;1\/2&#8243;][vc_column_text]<\/p>\n<ul>\n<li><span data-contrast=\"auto\">\u00c1gynem\u0171<\/span><\/li>\n<li><span data-contrast=\"auto\">Szekr\u00e9ny vagy szekr\u00e9ny<\/span><\/li>\n<li><span data-contrast=\"auto\">Gyermek biztons\u00e1gi aljzatok<\/span><\/li>\n<li><span data-contrast=\"auto\">L\u00e9gkond\u00edci\u00f3n\u00e1l\u00e1s<\/span><\/li>\n<li><span data-contrast=\"auto\">M\u00e1rv\u00e1ny padl\u00f3 \/ csempe<\/span><\/li>\n<li><span data-contrast=\"auto\">K\u00fcl\u00f6n bej\u00e1rat<\/span><\/li>\n<li><span data-contrast=\"auto\">A f\u0171t\u00e9s<\/span><\/li>\n<li><span data-contrast=\"auto\">Konyhaed\u00e9nyek<\/span><\/li>\n<\/ul>\n<p>[\/vc_column_text][\/vc_column_inner][vc_column_inner width=&#8221;1\/2&#8243;][vc_column_text]<\/p>\n<ul>\n<li><span data-contrast=\"auto\">A konyha<\/span><\/li>\n<li><span data-contrast=\"auto\">Lapos kijelz\u0151j\u0171 TV<\/span><\/li>\n<li><span data-contrast=\"auto\">Erk\u00e9ly<\/span><\/li>\n<li><span data-contrast=\"auto\">terasz<\/span><\/li>\n<li><span data-contrast=\"auto\">Veranda<\/span><\/li>\n<li><span data-contrast=\"auto\">Aljzat az \u00e1gy mellett<\/span><\/li>\n<li><span data-contrast=\"auto\">Ruhasz\u00e1r\u00edt\u00f3 \u00e1llv\u00e1ny<\/span><\/li>\n<li><span data-contrast=\"auto\">Rekami\u00e9<\/span><\/li>\n<\/ul>\n<p>[\/vc_column_text][\/vc_column_inner][\/vc_row_inner][\/vc_column][vc_column width=&#8221;1\/4&#8243;][vc_column_text]<\/p>\n<h3><span data-contrast=\"auto\">Saj\u00e1t f\u00fcrd\u0151szob\u00e1j\u00e1ban<\/span><\/h3>\n<p>[\/vc_column_text][vc_column_text]<\/p>\n<ul>\n<li><span data-contrast=\"auto\">WC<\/span><\/li>\n<li><span data-contrast=\"auto\">K\u00e1d vagy zuhanyz\u00f3<\/span><\/li>\n<li><span data-contrast=\"auto\">T\u00f6r\u00f6lk\u00f6z\u0151k<\/span><\/li>\n<li><span data-contrast=\"auto\">Hajsz\u00e1r\u00edt\u00f3<\/span><\/li>\n<li><span data-contrast=\"auto\">V\u00e9c\u00e9 pap\u00edr<\/span><\/li>\n<\/ul>\n<p>[\/vc_column_text][vc_column_text]<\/p>\n<h3><span data-contrast=\"auto\">Kil\u00e1t\u00e1s<\/span><\/h3>\n<ul>\n<li><span data-contrast=\"auto\">Kertre n\u00e9z\u0151<\/span><\/li>\n<\/ul>\n<p>[\/vc_column_text][vc_column_text el_class=&#8221;forbidden&#8221;]<\/p>\n<h3><\/h3>\n<h3><span data-contrast=\"auto\">Doh\u00e1nyz\u00f3<\/span><\/h3>\n<ul>\n<li><span data-contrast=\"auto\">Tilos a doh\u00e1nyz\u00e1s<\/span><\/li>\n<\/ul>\n<p>[\/vc_column_text][\/vc_column][\/vc_row][vc_row][vc_column][vc_column_text]<\/p>\n<h3 style=\"text-align: center;\">K\u00e9pgal\u00e9ria &#8211; Apartman A6<\/h3>\n<p>[\/vc_column_text][vc_row][vc_column]\n\t\t<script type=\"text\/javascript\">\n\t\t\tjQuery( document ).ready(function() {\n\t\t\t\tdocument.getElementById('1709054422258-d37e6523-ec4c').onclick = function (event) {\n\t\t\t\tevent = event || window.event;\n\t\t\t\tvar target = event.target || event.srcElement,\n\t\t\t\t\tlink = target.src ? target.parentNode : target,\n\t\t\t\t\toptions = {index: link, event: event},\n\t\t\t\t\tlinks = this.getElementsByTagName('a');\n\t\t\t\tblueimp.Gallery(links, options);\n\t\t\t\t};\n\t\t\t});\n\t\t<\/script>\n\n\t\t<div class=\"ns-gallery-section\">\n\t\t\t<div id=\"1709054422258-d37e6523-ec4c\" class=\"ns-gallery nsg-p15\">\n\t\t\t\t\t\t\t\t\t<div class=\"nsg-gitem nsg-c4\">\n\t\t\t\t\t\t<a href=\"https:\/\/www.tisa.si\/tisa-homes\/wp-content\/uploads\/2024\/02\/1000016771.jpg\" class=\"nsg-img-container nsg-r4-3\" title=\"\">\n\t\t\t\t\t\t\t<img class=\"nsg-img\" src=\"https:\/\/www.tisa.si\/tisa-homes\/slir\/w368\/wp-content\/uploads\/2024\/02\/1000016771.jpg\">\n\t\t\t\t\t\t<\/a>\n\t\t\t\t\t\t<span class=\"nsg-img-title\"><\/span>\n\t\t\t\t\t<\/div>\n\t\t\t\t\t\t\t\t\t<div class=\"nsg-gitem nsg-c4\">\n\t\t\t\t\t\t<a href=\"https:\/\/www.tisa.si\/tisa-homes\/wp-content\/uploads\/2024\/02\/1000016774.jpg\" class=\"nsg-img-container nsg-r4-3\" title=\"\">\n\t\t\t\t\t\t\t<img class=\"nsg-img\" src=\"https:\/\/www.tisa.si\/tisa-homes\/slir\/w368\/wp-content\/uploads\/2024\/02\/1000016774.jpg\">\n\t\t\t\t\t\t<\/a>\n\t\t\t\t\t\t<span class=\"nsg-img-title\"><\/span>\n\t\t\t\t\t<\/div>\n\t\t\t\t\t\t\t\t\t<div class=\"nsg-gitem nsg-c4\">\n\t\t\t\t\t\t<a href=\"https:\/\/www.tisa.si\/tisa-homes\/wp-content\/uploads\/2024\/02\/1000016776.jpg\" class=\"nsg-img-container nsg-r4-3\" title=\"\">\n\t\t\t\t\t\t\t<img class=\"nsg-img\" src=\"https:\/\/www.tisa.si\/tisa-homes\/slir\/w368\/wp-content\/uploads\/2024\/02\/1000016776.jpg\">\n\t\t\t\t\t\t<\/a>\n\t\t\t\t\t\t<span class=\"nsg-img-title\"><\/span>\n\t\t\t\t\t<\/div>\n\t\t\t\t\t\t\t\t\t<div class=\"nsg-gitem nsg-c4\">\n\t\t\t\t\t\t<a href=\"https:\/\/www.tisa.si\/tisa-homes\/wp-content\/uploads\/2024\/02\/1000016780.jpg\" class=\"nsg-img-container nsg-r4-3\" title=\"\">\n\t\t\t\t\t\t\t<img class=\"nsg-img\" src=\"https:\/\/www.tisa.si\/tisa-homes\/slir\/w368\/wp-content\/uploads\/2024\/02\/1000016780.jpg\">\n\t\t\t\t\t\t<\/a>\n\t\t\t\t\t\t<span class=\"nsg-img-title\"><\/span>\n\t\t\t\t\t<\/div>\n\t\t\t\t\t\t\t\t\t<div class=\"nsg-gitem nsg-c4\">\n\t\t\t\t\t\t<a href=\"https:\/\/www.tisa.si\/tisa-homes\/wp-content\/uploads\/2024\/02\/1000016782.jpg\" class=\"nsg-img-container nsg-r4-3\" title=\"\">\n\t\t\t\t\t\t\t<img class=\"nsg-img\" src=\"https:\/\/www.tisa.si\/tisa-homes\/slir\/w368\/wp-content\/uploads\/2024\/02\/1000016782.jpg\">\n\t\t\t\t\t\t<\/a>\n\t\t\t\t\t\t<span class=\"nsg-img-title\"><\/span>\n\t\t\t\t\t<\/div>\n\t\t\t\t\t\t\t\t\t<div class=\"nsg-gitem nsg-c4\">\n\t\t\t\t\t\t<a href=\"https:\/\/www.tisa.si\/tisa-homes\/wp-content\/uploads\/2024\/02\/1000016784.jpg\" class=\"nsg-img-container nsg-r4-3\" title=\"\">\n\t\t\t\t\t\t\t<img class=\"nsg-img\" src=\"https:\/\/www.tisa.si\/tisa-homes\/slir\/w368\/wp-content\/uploads\/2024\/02\/1000016784.jpg\">\n\t\t\t\t\t\t<\/a>\n\t\t\t\t\t\t<span class=\"nsg-img-title\"><\/span>\n\t\t\t\t\t<\/div>\n\t\t\t\t\t\t\t<\/div>\n\t\t<\/div>\n\n\t\t[\/vc_column][\/vc_row][\/vc_column][\/vc_row]<\/p>\n","protected":false},"excerpt":{"rendered":"<p>[vc_row full_width=&#8221;stretch_row_content_no_spaces&#8221;][vc_column][\/vc_column][\/vc_row][vc_row css=&#8221;.vc_custom_1671107277079{margin-top: 50px !important;margin-bottom: 50px !important;}&#8221; el_class=&#8221;sp-intro-apartma&#8221;][vc_column width=&#8221;1\/2&#8243;][vc_column_text] H\u00e1z m\u00e9rete: 45 m2 A h\u00e1z 4 f\u0151 elsz\u00e1ll\u00e1sol\u00e1s\u00e1ra alkalmas. Egy francia\u00e1gy, egy egyszem\u00e9lyes \u00e1gy \u00e9s egy kanap\u00e9 tal\u00e1lhat\u00f3. K\u00e9nyelmes \u00e1gyak: 9,5 &#8211; a l\u00e1togat\u00f3k \u00e9rt\u00e9kel\u00e9se alapj\u00e1n. [\/vc_column_text][\/vc_column][vc_column width=&#8221;1\/2&#8243;][\/vc_column][\/vc_row][vc_row full_width=&#8221;stretch_row&#8221; css=&#8221;.vc_custom_1671106894316{background-color: #fbf4ec !important;}&#8221; el_class=&#8221;sp-apartma&#8221;][vc_column width=&#8221;1\/4&#8243;][vc_column_text] 1 h\u00e1l\u00f3szob\u00e1s h\u00e1z [\/vc_column_text][vc_column_text] Az eg\u00e9sz nyaral\u00f3 Saj\u00e1t konyha Saj\u00e1t f\u00fcrd\u0151szoba Erk\u00e9ly Kertre n\u00e9z\u0151 L\u00e9gkond\u00edci\u00f3n\u00e1l\u00e1s Veranda Lapos kijelz\u0151j\u0171 TV terasz Ingyen wifi [\/vc_column_text][\/vc_column][vc_column width=&#8221;1\/2&#8243;][vc_column_text] Felszerel\u00e9s a h\u00e1zban [\/vc_column_text][vc_row_inner][vc_column_inner width=&#8221;1\/2&#8243;][vc_column_text] \u00c1gynem\u0171 Szekr\u00e9ny vagy szekr\u00e9ny Gyermek biztons\u00e1gi aljzatok L\u00e9gkond\u00edci\u00f3n\u00e1l\u00e1s M\u00e1rv\u00e1ny padl\u00f3 \/ csempe K\u00fcl\u00f6n bej\u00e1rat A f\u0171t\u00e9s Konyhaed\u00e9nyek [\/vc_column_text][\/vc_column_inner][vc_column_inner width=&#8221;1\/2&#8243;][vc_column_text] A konyha Lapos kijelz\u0151j\u0171 TV Erk\u00e9ly terasz Veranda Aljzat az \u00e1gy mellett Ruhasz\u00e1r\u00edt\u00f3 \u00e1llv\u00e1ny Rekami\u00e9 [\/vc_column_text][\/vc_column_inner][\/vc_row_inner][\/vc_column][vc_column width=&#8221;1\/4&#8243;][vc_column_text] Saj\u00e1t f\u00fcrd\u0151szob\u00e1j\u00e1ban [\/vc_column_text][vc_column_text] WC K\u00e1d vagy zuhanyz\u00f3 T\u00f6r\u00f6lk\u00f6z\u0151k Hajsz\u00e1r\u00edt\u00f3 V\u00e9c\u00e9 pap\u00edr [&hellip;]<\/p>\n","protected":false},"author":2,"featured_media":2295,"parent":1357,"menu_order":0,"comment_status":"closed","ping_status":"closed","template":"","meta":[],"_links":{"self":[{"href":"https:\/\/www.tisa.si\/tisa-homes\/hu\/wp-json\/wp\/v2\/pages\/1393"}],"collection":[{"href":"https:\/\/www.tisa.si\/tisa-homes\/hu\/wp-json\/wp\/v2\/pages"}],"about":[{"href":"https:\/\/www.tisa.si\/tisa-homes\/hu\/wp-json\/wp\/v2\/types\/page"}],"author":[{"embeddable":true,"href":"https:\/\/www.tisa.si\/tisa-homes\/hu\/wp-json\/wp\/v2\/users\/2"}],"replies":[{"embeddable":true,"href":"https:\/\/www.tisa.si\/tisa-homes\/hu\/wp-json\/wp\/v2\/comments?post=1393"}],"version-history":[{"count":0,"href":"https:\/\/www.tisa.si\/tisa-homes\/hu\/wp-json\/wp\/v2\/pages\/1393\/revisions"}],"up":[{"embeddable":true,"href":"https:\/\/www.tisa.si\/tisa-homes\/hu\/wp-json\/wp\/v2\/pages\/1357"}],"wp:featuredmedia":[{"embeddable":true,"href":"https:\/\/www.tisa.si\/tisa-homes\/hu\/wp-json\/wp\/v2\/media\/2295"}],"wp:attachment":[{"href":"https:\/\/www.tisa.si\/tisa-homes\/hu\/wp-json\/wp\/v2\/media?parent=1393"}],"curies":[{"name":"wp","href":"https:\/\/api.w.org\/{rel}","templated":true}]}}