{"id":1420,"date":"2022-12-13T10:22:11","date_gmt":"2022-12-13T09:22:11","guid":{"rendered":"https:\/\/www.tisa.si\/tisa-homes\/kapcsolatba-lepni\/"},"modified":"2024-04-18T09:42:11","modified_gmt":"2024-04-18T07:42:11","slug":"kapcsolatba-lepni","status":"publish","type":"page","link":"https:\/\/www.tisa.si\/tisa-homes\/hu\/kapcsolatba-lepni\/","title":{"rendered":"Kapcsolatba l\u00e9pni"},"content":{"rendered":"<p>[vc_row full_width=&#8221;stretch_row_content_no_spaces&#8221;][vc_column]\t\t\r\n\t\t<div class=\"title-container \">\r\n\t\t\t<div class=\"container\">\r\n\t\t\t\t<h1>Kapcsolatba l\u00e9pni<\/h1>\r\n\t\t\t\t<div class=\"breadcrumbs-container\">\r\n\t\t\t\t\t<div class=\"breadcrumbs\">\r\n\t\t\t\t\t\t\n\t<ul class=\"ns-breadcrumbs\">\n\t\t\t<li><a href=\"https:\/\/www.tisa.si\/tisa-homes\/hu\/\">itthon<\/a><\/li>\n\t\t\t\t<li>Kapcsolatba l\u00e9pni<\/li>\n\t<\/ul>\n\t\n\t\t\t\t\t\t\t<div class=\"clearfix\"><\/div>\r\n\t\t\t\t\t<\/div>\r\n\t\t\t\t<\/div>\r\n\t\t\t<\/div>\r\n\t\t<\/div>\r\n\r\n\t\t[\/vc_column][\/vc_row][vc_row][vc_column width=&#8221;5\/12&#8243; el_class=&#8221;contact-box&#8221;][vc_column_text css=&#8221;.vc_custom_1713426127788{margin-bottom: 20px !important;}&#8221;]<\/p>\n<h2>Tisa Homes<\/h2>\n<p>[\/vc_column_text]\t\t\r\n\t\t<p class=\"info \">121b Ravna dolina<\/p>\r\n\r\n\t\t\t\t\r\n\t\t<p class=\"info \">52475 Savudrija, Hrva\u0161ka<\/p>\r\n\r\n\t\t[vc_empty_space height=&#8221;15px&#8221;]\t\t\r\n\t\t<div class=\"ns-cwi-container ns-cwi-phone1  \">\r\n\t\t\t<a href=\"tel:+386 40 563 505\">\r\n\t\t\t\t<div class=\"ns-cwi-icon\">\r\n\t\t\t\t\t<div class=\"ns-cwi-icon-inner\">\r\n\t\t\t\t\t\t<i class=\"fa fa-phone\" aria-hidden=\"true\"><\/i>\r\n\t\t\t\t\t<\/div>\r\n\t\t\t\t<\/div>\r\n\t\t\t\t<div class=\"ns-cwi-content\">\r\n\t\t\t\t\t<div class=\"ns-cwi-content_inner\">\r\n\t\t\t\t\t\t<span>\r\n\t\t\t\t\t\t\t\t\r\n\t\t\t\t\t\t\t\t+386 40 563 505\t\t\t\t\t\t\t\t\t\t\t\t\t<\/span>\r\n\t\t\t\t\t<\/div>\r\n\t\t\t\t<\/div>\r\n\t\t\t<\/a>\r\n\t\t<\/div>\r\n\r\n\t\t\t\t\r\n\t\t<div class=\"ns-cwi-container ns-cwi-mail  \">\r\n\t\t\t<a href=\"&#x6d;&#x61;il&#x74;&#x6f;&#58;ho&#x6d;&#x65;&#115;&#64;t&#x69;&#x73;&#97;.s&#x69;\">\r\n\t\t\t\t<div class=\"ns-cwi-icon\">\r\n\t\t\t\t\t<div class=\"ns-cwi-icon-inner\">\r\n\t\t\t\t\t\t<i class=\"fa fa-envelope\" aria-hidden=\"true\"><\/i>\r\n\t\t\t\t\t<\/div>\r\n\t\t\t\t<\/div>\r\n\t\t\t\t<div class=\"ns-cwi-content\">\r\n\t\t\t\t\t<div class=\"ns-cwi-content_inner\">\r\n\t\t\t\t\t\t<span>&#x68;&#111;m&#x65;&#115;&#64;&#x74;&#x69;sa&#x2e;&#115;i<\/span>\r\n\t\t\t\t\t<\/div>\r\n\t\t\t\t<\/div>\r\n\t\t\t<\/a>\r\n\t\t<\/div>\r\n\r\n\t\t[vc_empty_space height=&#8221;15px&#8221;][\/vc_column][vc_column width=&#8221;7\/12&#8243; el_class=&#8221;contact-form-box&#8221;][vc_column_text css=&#8221;.vc_custom_1671094160408{margin-bottom: 20px !important;}&#8221;]<\/p>\n<h3>kapcsolatfelv\u00e9teli \u0171rlap<\/h3>\n<p>[\/vc_column_text]\n<div class=\"wpcf7 no-js\" id=\"wpcf7-f1715-o1\" lang=\"hu-HU\" dir=\"ltr\">\n<div class=\"screen-reader-response\"><p role=\"status\" aria-live=\"polite\" aria-atomic=\"true\"><\/p> <ul><\/ul><\/div>\n<form action=\"\/tisa-homes\/hu\/wp-json\/wp\/v2\/pages\/1420#wpcf7-f1715-o1\" method=\"post\" class=\"wpcf7-form init\" aria-label=\"Kapcsolatfelv\u00e9teli \u0171rlap\" novalidate=\"novalidate\" data-status=\"init\">\n<div style=\"display: none;\">\n<input type=\"hidden\" name=\"_wpcf7\" value=\"1715\" \/>\n<input type=\"hidden\" name=\"_wpcf7_version\" value=\"5.7.3\" \/>\n<input type=\"hidden\" name=\"_wpcf7_locale\" value=\"hu_HU\" \/>\n<input type=\"hidden\" name=\"_wpcf7_unit_tag\" value=\"wpcf7-f1715-o1\" \/>\n<input type=\"hidden\" name=\"_wpcf7_container_post\" value=\"0\" \/>\n<input type=\"hidden\" name=\"_wpcf7_posted_data_hash\" value=\"\" \/>\n<input type=\"hidden\" name=\"_wpcf7_recaptcha_response\" value=\"\" \/>\n<\/div>\n<div id=\"ns-contact-field\">\n\t<p><span class=\"wpcf7-form-control-wrap\" data-name=\"ns-field\"><input size=\"40\" class=\"wpcf7-form-control wpcf7-text\" aria-invalid=\"false\" value=\"\" type=\"text\" name=\"ns-field\" \/><\/span>\n\t<\/p>\n<\/div>\n<p>Vezet\u00e9kn\u00e9v, keresztn\u00e9v *\n<\/p>\n<p><span class=\"wpcf7-form-control-wrap\" data-name=\"your-name\"><input size=\"40\" class=\"wpcf7-form-control wpcf7-text wpcf7-validates-as-required fw\" aria-required=\"true\" aria-invalid=\"false\" value=\"\" type=\"text\" name=\"your-name\" \/><\/span>\n<\/p>\n<p>E-mail*\n<\/p>\n<p><span class=\"wpcf7-form-control-wrap\" data-name=\"email\"><input size=\"40\" class=\"wpcf7-form-control wpcf7-text wpcf7-email wpcf7-validates-as-required wpcf7-validates-as-email fw\" aria-required=\"true\" aria-invalid=\"false\" value=\"\" type=\"email\" name=\"email\" \/><\/span>\n<\/p>\n<p>telefon\n<\/p>\n<p><span class=\"wpcf7-form-control-wrap\" data-name=\"phone\"><input size=\"40\" class=\"wpcf7-form-control wpcf7-text fw\" aria-invalid=\"false\" value=\"\" type=\"text\" name=\"phone\" \/><\/span>\n<\/p>\n<p>\u00dczenet*\n<\/p>\n<p><span class=\"wpcf7-form-control-wrap\" data-name=\"message\"><textarea cols=\"40\" rows=\"10\" class=\"wpcf7-form-control wpcf7-textarea wpcf7-validates-as-required fw\" aria-required=\"true\" aria-invalid=\"false\" name=\"message\"><\/textarea><\/span>\n<\/p>\n<p class=\"note\">a csillaggal jel\u0151lt mez\u0151k k\u00f6telez\u0151ek\n<\/p>\n<p><span class=\"wpcf7-form-control-wrap\" data-name=\"your-gdpr\"><span class=\"wpcf7-form-control wpcf7-checkbox wpcf7-validates-as-required\"><span class=\"wpcf7-list-item first last\"><input type=\"checkbox\" name=\"your-gdpr[]\" value=\"*\" tabindex=\"\" \/><span class=\"wpcf7-list-item-label\">*<\/span><\/span><\/span><\/span> Hozz\u00e1j\u00e1rulok ahhoz, hogy a Tisa Homes az \u0171rlapon szerepl\u0151 szem\u00e9lyes adatokat bels\u0151 haszn\u00e1latra \u00e9s a velem val\u00f3 kommunik\u00e1ci\u00f3ra a beny\u00fajtott k\u00e9r\u00e9s c\u00e9lj\u00e1b\u00f3l meg\u0151rizze. A felhaszn\u00e1l\u00f3 <a href=\"ma&#105;&#x6c;&#x74;o:&#104;&#x6f;&#x6d;&#x65;s&#64;&#116;&#x69;&#x73;a.&#115;&#x69;\">az homes&#64;tisa.si<\/a> e-mail c\u00edmen k\u00e9rheti szem\u00e9lyes adatainak t\u00f6rl\u00e9s\u00e9t.\n<\/p>\n\n<p><input class=\"wpcf7-form-control has-spinner wpcf7-submit\" type=\"submit\" value=\"K\u00fcld\" \/>\n<\/p><div class=\"wpcf7-response-output\" aria-hidden=\"true\"><\/div>\n<\/form>\n<\/div>\n[\/vc_column][\/vc_row][vc_row][vc_column][vc_gmaps link=&#8221;#E-8_JTNDaWZyYW1lJTIwc3JjJTNEJTIyaHR0cHMlM0ElMkYlMkZ3d3cuZ29vZ2xlLmNvbSUyRm1hcHMlMkZlbWJlZCUzRnBiJTNEJTIxMW0xOCUyMTFtMTIlMjExbTMlMjExZDQ0NzQ3LjY3NTk1OTMxMTA1JTIxMmQxMy41MTMzMTI3MDEwNzgzNSUyMTNkNDUuNDk1Mzg2NjY1NDYwOTYlMjEybTMlMjExZjAlMjEyZjAlMjEzZjAlMjEzbTIlMjExaTEwMjQlMjEyaTc2OCUyMTRmMTMuMSUyMTNtMyUyMTFtMiUyMTFzMHg0NzdiN2I5MWQ0ZGY2YmIxJTI1M0EweGVjZTY0ODk5YjlmMmNmNDklMjEyc1Jhdm5hJTI1MjBkb2xpbmElMjUyMDEyMWElMjUyQyUyNTIwNTI0NzUlMjUyQyUyNTIwU2F2dWRyaWphJTI1MkMlMjUyMENyb2F0aWElMjE1ZTAlMjEzbTIlMjExc2VuJTIxMnNzaSUyMTR2MTY3MDkyMzQxODU5OCUyMTVtMiUyMTFzZW4lMjEyc3NpJTIyJTIwd2lkdGglM0QlMjI2MDAlMjIlMjBoZWlnaHQlM0QlMjI0NTAlMjIlMjBzdHlsZSUzRCUyMmJvcmRlciUzQTAlM0IlMjIlMjBhbGxvd2Z1bGxzY3JlZW4lM0QlMjIlMjIlMjBsb2FkaW5nJTNEJTIybGF6eSUyMiUyMHJlZmVycmVycG9saWN5JTNEJTIybm8tcmVmZXJyZXItd2hlbi1kb3duZ3JhZGUlMjIlM0UlM0MlMkZpZnJhbWUlM0U=&#8221;][\/vc_column][\/vc_row]<\/p>\n","protected":false},"excerpt":{"rendered":"<p>[vc_row full_width=&#8221;stretch_row_content_no_spaces&#8221;][vc_column][\/vc_column][\/vc_row][vc_row][vc_column width=&#8221;5\/12&#8243; el_class=&#8221;contact-box&#8221;][vc_column_text css=&#8221;.vc_custom_1713426127788{margin-bottom: 20px !important;}&#8221;] Tisa Homes [\/vc_column_text][vc_empty_space height=&#8221;15px&#8221;][vc_empty_space height=&#8221;15px&#8221;][\/vc_column][vc_column width=&#8221;7\/12&#8243; el_class=&#8221;contact-form-box&#8221;][vc_column_text css=&#8221;.vc_custom_1671094160408{margin-bottom: 20px !important;}&#8221;] kapcsolatfelv\u00e9teli \u0171rlap [\/vc_column_text][\/vc_column][\/vc_row][vc_row][vc_column][vc_gmaps link=&#8221;#E-8_JTNDaWZyYW1lJTIwc3JjJTNEJTIyaHR0cHMlM0ElMkYlMkZ3d3cuZ29vZ2xlLmNvbSUyRm1hcHMlMkZlbWJlZCUzRnBiJTNEJTIxMW0xOCUyMTFtMTIlMjExbTMlMjExZDQ0NzQ3LjY3NTk1OTMxMTA1JTIxMmQxMy41MTMzMTI3MDEwNzgzNSUyMTNkNDUuNDk1Mzg2NjY1NDYwOTYlMjEybTMlMjExZjAlMjEyZjAlMjEzZjAlMjEzbTIlMjExaTEwMjQlMjEyaTc2OCUyMTRmMTMuMSUyMTNtMyUyMTFtMiUyMTFzMHg0NzdiN2I5MWQ0ZGY2YmIxJTI1M0EweGVjZTY0ODk5YjlmMmNmNDklMjEyc1Jhdm5hJTI1MjBkb2xpbmElMjUyMDEyMWElMjUyQyUyNTIwNTI0NzUlMjUyQyUyNTIwU2F2dWRyaWphJTI1MkMlMjUyMENyb2F0aWElMjE1ZTAlMjEzbTIlMjExc2VuJTIxMnNzaSUyMTR2MTY3MDkyMzQxODU5OCUyMTVtMiUyMTFzZW4lMjEyc3NpJTIyJTIwd2lkdGglM0QlMjI2MDAlMjIlMjBoZWlnaHQlM0QlMjI0NTAlMjIlMjBzdHlsZSUzRCUyMmJvcmRlciUzQTAlM0IlMjIlMjBhbGxvd2Z1bGxzY3JlZW4lM0QlMjIlMjIlMjBsb2FkaW5nJTNEJTIybGF6eSUyMiUyMHJlZmVycmVycG9saWN5JTNEJTIybm8tcmVmZXJyZXItd2hlbi1kb3duZ3JhZGUlMjIlM0UlM0MlMkZpZnJhbWUlM0U=&#8221;][\/vc_column][\/vc_row]<\/p>\n","protected":false},"author":2,"featured_media":0,"parent":0,"menu_order":6,"comment_status":"closed","ping_status":"closed","template":"","meta":[],"_links":{"self":[{"href":"https:\/\/www.tisa.si\/tisa-homes\/hu\/wp-json\/wp\/v2\/pages\/1420"}],"collection":[{"href":"https:\/\/www.tisa.si\/tisa-homes\/hu\/wp-json\/wp\/v2\/pages"}],"about":[{"href":"https:\/\/www.tisa.si\/tisa-homes\/hu\/wp-json\/wp\/v2\/types\/page"}],"author":[{"embeddable":true,"href":"https:\/\/www.tisa.si\/tisa-homes\/hu\/wp-json\/wp\/v2\/users\/2"}],"replies":[{"embeddable":true,"href":"https:\/\/www.tisa.si\/tisa-homes\/hu\/wp-json\/wp\/v2\/comments?post=1420"}],"version-history":[{"count":0,"href":"https:\/\/www.tisa.si\/tisa-homes\/hu\/wp-json\/wp\/v2\/pages\/1420\/revisions"}],"wp:attachment":[{"href":"https:\/\/www.tisa.si\/tisa-homes\/hu\/wp-json\/wp\/v2\/media?parent=1420"}],"curies":[{"name":"wp","href":"https:\/\/api.w.org\/{rel}","templated":true}]}}