{"id":1432,"date":"2022-12-15T08:04:40","date_gmt":"2022-12-15T07:04:40","guid":{"rendered":"https:\/\/www.tisa.si\/tisa-homes\/szerzoi\/"},"modified":"2023-04-05T17:08:42","modified_gmt":"2023-04-05T15:08:42","slug":"szerzoi","status":"publish","type":"page","link":"https:\/\/www.tisa.si\/tisa-homes\/hu\/szerzoi\/","title":{"rendered":"Szerz\u0151i"},"content":{"rendered":"<p>[vc_row full_width=&#8221;stretch_row_content_no_spaces&#8221;][vc_column]\t\t\r\n\t\t<div class=\"title-container \">\r\n\t\t\t<div class=\"container\">\r\n\t\t\t\t<h1>Szerz\u0151i<\/h1>\r\n\t\t\t\t<div class=\"breadcrumbs-container\">\r\n\t\t\t\t\t<div class=\"breadcrumbs\">\r\n\t\t\t\t\t\t\n\t<ul class=\"ns-breadcrumbs\">\n\t\t\t<li><a href=\"https:\/\/www.tisa.si\/tisa-homes\/hu\/\">itthon<\/a><\/li>\n\t\t\t\t<li>Szerz\u0151i<\/li>\n\t<\/ul>\n\t\n\t\t\t\t\t\t\t<div class=\"clearfix\"><\/div>\r\n\t\t\t\t\t<\/div>\r\n\t\t\t\t<\/div>\r\n\t\t\t<\/div>\r\n\t\t<\/div>\r\n\r\n\t\t[\/vc_column][\/vc_row][vc_row][vc_column][vc_column_text]<\/p>\n<h2>Weboldal tartalma<\/h2>\n<p>A honlapon tal\u00e1lhat\u00f3 sz\u00f6vegeket \u00e9s k\u00e9peket <strong>a Tisa Homes<\/strong> k\u00e9sz\u00edtette.<\/p>\n<h2>Weboldal k\u00e9sz\u00edt\u00e9s \u00e9s tervez\u00e9s<\/h2>\n<p>A weboldal l\u00e9trehoz\u00e1sakor <strong>a <span style=\"color: #f56702;\">novi<\/span> Splet digit\u00e1lis \u00fcgyn\u00f6ks\u00e9g<\/strong> gondoskodott a k\u00f6vetkez\u0151kr\u0151l:<\/p>\n<ul>\n<li>felhaszn\u00e1l\u00f3i \u00e9lm\u00e9ny kialak\u00edt\u00e1sa,<\/li>\n<li>web design,<\/li>\n<li>m\u0171szaki kivitelez\u00e9s,<\/li>\n<li>a teljes projekt megval\u00f3s\u00edt\u00e1sa.<\/li>\n<\/ul>\n<p><a href=\"https:\/\/www.novisplet.com\/izdelava-spletnih-strani\" target=\"_blank\" rel=\"noopener\">A noviSplet digit\u00e1lis \u00fcgyn\u00f6ks\u00e9g f\u0151 tev\u00e9kenys\u00e9ge a weboldalk\u00e9sz\u00edt\u00e9s<\/a> , amely \u00e1tfog\u00f3 online megold\u00e1sokkal n\u00f6veli a c\u00e9gek online \u00e9rt\u00e9kes\u00edt\u00e9s\u00e9t \u00e9s h\u00edrnev\u00e9t.<\/p>\n<p>B\u0151vebben <strong><a href=\"https:\/\/www.novisplet.com\/\" target=\"_blank\" rel=\"noopener\">a www.novisplet.com<\/a><\/strong> oldalon[\/vc_column_text][\/vc_column][\/vc_row]<\/p>\n","protected":false},"excerpt":{"rendered":"<p>[vc_row full_width=&#8221;stretch_row_content_no_spaces&#8221;][vc_column][\/vc_column][\/vc_row][vc_row][vc_column][vc_column_text] Weboldal tartalma A honlapon tal\u00e1lhat\u00f3 sz\u00f6vegeket \u00e9s k\u00e9peket a Tisa Homes k\u00e9sz\u00edtette. Weboldal k\u00e9sz\u00edt\u00e9s \u00e9s tervez\u00e9s A weboldal l\u00e9trehoz\u00e1sakor a novi Splet digit\u00e1lis \u00fcgyn\u00f6ks\u00e9g gondoskodott a k\u00f6vetkez\u0151kr\u0151l: felhaszn\u00e1l\u00f3i \u00e9lm\u00e9ny kialak\u00edt\u00e1sa, web design, m\u0171szaki kivitelez\u00e9s, a teljes projekt megval\u00f3s\u00edt\u00e1sa. A noviSplet digit\u00e1lis \u00fcgyn\u00f6ks\u00e9g f\u0151 tev\u00e9kenys\u00e9ge a weboldalk\u00e9sz\u00edt\u00e9s , amely \u00e1tfog\u00f3 online megold\u00e1sokkal n\u00f6veli a c\u00e9gek online \u00e9rt\u00e9kes\u00edt\u00e9s\u00e9t \u00e9s h\u00edrnev\u00e9t. B\u0151vebben a www.novisplet.com oldalon[\/vc_column_text][\/vc_column][\/vc_row]<\/p>\n","protected":false},"author":2,"featured_media":0,"parent":0,"menu_order":7,"comment_status":"closed","ping_status":"closed","template":"","meta":[],"_links":{"self":[{"href":"https:\/\/www.tisa.si\/tisa-homes\/hu\/wp-json\/wp\/v2\/pages\/1432"}],"collection":[{"href":"https:\/\/www.tisa.si\/tisa-homes\/hu\/wp-json\/wp\/v2\/pages"}],"about":[{"href":"https:\/\/www.tisa.si\/tisa-homes\/hu\/wp-json\/wp\/v2\/types\/page"}],"author":[{"embeddable":true,"href":"https:\/\/www.tisa.si\/tisa-homes\/hu\/wp-json\/wp\/v2\/users\/2"}],"replies":[{"embeddable":true,"href":"https:\/\/www.tisa.si\/tisa-homes\/hu\/wp-json\/wp\/v2\/comments?post=1432"}],"version-history":[{"count":0,"href":"https:\/\/www.tisa.si\/tisa-homes\/hu\/wp-json\/wp\/v2\/pages\/1432\/revisions"}],"wp:attachment":[{"href":"https:\/\/www.tisa.si\/tisa-homes\/hu\/wp-json\/wp\/v2\/media?parent=1432"}],"curies":[{"name":"wp","href":"https:\/\/api.w.org\/{rel}","templated":true}]}}