{"id":1352,"date":"2016-10-18T08:51:57","date_gmt":"2016-10-18T06:51:57","guid":{"rendered":"https:\/\/www.tisa.si\/tisa-homes\/domov\/"},"modified":"2024-04-26T13:25:14","modified_gmt":"2024-04-26T11:25:14","slug":"domov","status":"publish","type":"page","link":"https:\/\/www.tisa.si\/tisa-homes\/sk\/","title":{"rendered":"Domov"},"content":{"rendered":"<p>[vc_row full_width=&#8220;stretch_row&#8220; imgs=&#8220;523&#8243; el_class=&#8220;main-banner&#8220;][vc_column][vc_row_inner][vc_column_inner offset=&#8220;vc_col-lg-7 vc_col-md-8&#8243;][vc_column_text el_class=&#8220;slider-title&#8220;]<\/p>\n<h1>Rekrea\u010dn\u00e9 domy v<br \/>\nSavudrija<\/h1>\n<p>V bl\u00edzkosti zn\u00e1meho maj\u00e1ka Savudri, len min\u00fatu ch\u00f4dze od pl\u00e1\u017ee, sa nach\u00e1dza dovolenkov\u00e9 stredisko Tisa homes.[\/vc_column_text]\t\t\n\t\t<a href=\"https:\/\/www.tisa.si\/tisa-homes\/apartmaji\/\" target=\"\" class=\"btn  btn-primary btn-lg \" id=\"\">\u010d\u00edtaj viac<\/a>\n\n\t\t[\/vc_column_inner][vc_column_inner offset=&#8220;vc_col-lg-5 vc_col-md-4&#8243;][\/vc_column_inner][\/vc_row_inner][\/vc_column][\/vc_row][vc_row css=&#8220;.vc_custom_1671037369721{margin-bottom: 65px !important;}&#8220; el_class=&#8220;hsec1&#8243;][vc_column width=&#8220;1\/2&#8243;][vc_column_text]<\/p>\n<h2>Tisa Homes &#8211; dovolenkov\u00e1 dedina v Savudriji<\/h2>\n<p>K dispoz\u00edcii je 6 rodinn\u00fdch domov, ktor\u00e9 s\u00fa vhodn\u00e9 na ubytovanie rodiny alebo 3-4 dospel\u00fdch os\u00f4b. V\u0161etky ubytovacie jednotky maj\u00fa kuchy\u0148u s jed\u00e1lensk\u00fdm k\u00fatom, verandu, klimatiz\u00e1ciu, TV s plochou obrazovkou a s\u00fakromn\u00fa k\u00fape\u013e\u0148u so sprchovac\u00edm k\u00fatom.<\/p>\n<p>Balk\u00f3ny s v\u00fdh\u013eadom na spolo\u010dn\u00fa z\u00e1hradu s bedmintonov\u00fdm kurtom a stoln\u00fdm tenisom poskytn\u00fa rodi\u010dom pokoj pri hre ich det\u00ed.[\/vc_column_text]\t\t\n\t\t<a href=\"https:\/\/www.tisa.si\/tisa-homes\/rezervacija\/\" target=\"\" class=\"btn  btn-default btn-sm \" id=\"\">Zarezervujte si term\u00edn<\/a>\n\n\t\t[\/vc_column][vc_column width=&#8220;1\/2&#8243;][vc_single_image image=&#8220;226&#8243; img_size=&#8220;700&#215;440&#8243; css=&#8220;.vc_custom_1669379281585{margin-top: 35px !important;margin-bottom: 0px !important;}&#8220;][\/vc_column][\/vc_row][vc_row full_width=&#8220;stretch_row&#8220; css=&#8220;.vc_custom_1671040201230{background-color: #fbf4ec !important;}&#8220; el_class=&#8220;hsec2&#8243;][vc_column width=&#8220;1\/3&#8243;][vc_column_text]<\/p>\n<h3>Vybavenie ubytovania<\/h3>\n<p>[\/vc_column_text][vc_separator color=&#8220;custom&#8220; align=&#8220;align_left&#8220; accent_color=&#8220;#c8c8c8&#8243; css=&#8220;.vc_custom_1669373932686{margin-top: 20px !important;margin-bottom: 20px !important;}&#8220;]\t\t\n\t\t<div class=\"ns-cwi-container  \">\n\t\t\t<div class=\"ns-cwi-icon\">\n\t\t\t\t<div class=\"ns-cwi-icon-inner\">\n\t\t\t\t\t<img src=\"https:\/\/www.tisa.si\/tisa-homes\/wp-content\/uploads\/2016\/10\/icon-parkiranje.png\">\n\t\t\t\t<\/div>\n\t\t\t<\/div>\n\t\t\t<div class=\"ns-cwi-content\">\n\t\t\t\t<div class=\"ns-cwi-content_inner\">\n\t\t\t\t\tBezplatn\u00e9 parkovacie miesto<br \/>\n(nutn\u00e1 rezerv\u00e1cia)\t\t\t\t<\/div>\n\t\t\t<\/div>\n\t\t<\/div>\n\n\t\t[vc_separator color=&#8220;custom&#8220; align=&#8220;align_left&#8220; accent_color=&#8220;#c8c8c8&#8243; css=&#8220;.vc_custom_1669373932686{margin-top: 20px !important;margin-bottom: 20px !important;}&#8220;]\t\t\n\t\t<div class=\"ns-cwi-container  \">\n\t\t\t<div class=\"ns-cwi-icon\">\n\t\t\t\t<div class=\"ns-cwi-icon-inner\">\n\t\t\t\t\t<img src=\"https:\/\/www.tisa.si\/tisa-homes\/wp-content\/uploads\/2016\/10\/icon-tv.png\">\n\t\t\t\t<\/div>\n\t\t\t<\/div>\n\t\t\t<div class=\"ns-cwi-content\">\n\t\t\t\t<div class=\"ns-cwi-content_inner\">\n\t\t\t\t\tTV\t\t\t\t<\/div>\n\t\t\t<\/div>\n\t\t<\/div>\n\n\t\t[vc_separator color=&#8220;custom&#8220; align=&#8220;align_left&#8220; accent_color=&#8220;#c8c8c8&#8243; css=&#8220;.vc_custom_1669373938116{margin-top: 20px !important;margin-bottom: 20px !important;}&#8220;]\t\t\n\t\t<div class=\"ns-cwi-container  \">\n\t\t\t<div class=\"ns-cwi-icon\">\n\t\t\t\t<div class=\"ns-cwi-icon-inner\">\n\t\t\t\t\t<img src=\"https:\/\/www.tisa.si\/tisa-homes\/wp-content\/uploads\/2016\/10\/icon-wifi-1.png\">\n\t\t\t\t<\/div>\n\t\t\t<\/div>\n\t\t\t<div class=\"ns-cwi-content\">\n\t\t\t\t<div class=\"ns-cwi-content_inner\">\n\t\t\t\t\tBezplatn\u00e9 Wi-Fi pripojenie na internet\t\t\t\t<\/div>\n\t\t\t<\/div>\n\t\t<\/div>\n\n\t\t[vc_separator color=&#8220;custom&#8220; align=&#8220;align_left&#8220; accent_color=&#8220;#c8c8c8&#8243; css=&#8220;.vc_custom_1669373942909{margin-top: 20px !important;margin-bottom: 20px !important;}&#8220;]\t\t\n\t\t<div class=\"ns-cwi-container  \">\n\t\t\t<div class=\"ns-cwi-icon\">\n\t\t\t\t<div class=\"ns-cwi-icon-inner\">\n\t\t\t\t\t<img src=\"https:\/\/www.tisa.si\/tisa-homes\/wp-content\/uploads\/2016\/10\/icon-vhod-1.png\">\n\t\t\t\t<\/div>\n\t\t\t<\/div>\n\t\t\t<div class=\"ns-cwi-content\">\n\t\t\t\t<div class=\"ns-cwi-content_inner\">\n\t\t\t\t\tS\u00fakromn\u00fd vchod\t\t\t\t<\/div>\n\t\t\t<\/div>\n\t\t<\/div>\n\n\t\t[vc_separator color=&#8220;custom&#8220; align=&#8220;align_left&#8220; accent_color=&#8220;#c8c8c8&#8243; css=&#8220;.vc_custom_1669373947927{margin-top: 20px !important;margin-bottom: 20px !important;}&#8220;]\t\t\n\t\t<div class=\"ns-cwi-container  \">\n\t\t\t<div class=\"ns-cwi-icon\">\n\t\t\t\t<div class=\"ns-cwi-icon-inner\">\n\t\t\t\t\t<img src=\"https:\/\/www.tisa.si\/tisa-homes\/wp-content\/uploads\/2016\/10\/icon-babybed.png\">\n\t\t\t\t<\/div>\n\t\t\t<\/div>\n\t\t\t<div class=\"ns-cwi-content\">\n\t\t\t\t<div class=\"ns-cwi-content_inner\">\n\t\t\t\t\tDetsk\u00e1 postie\u013eka<br \/>\n(po predch\u00e1dzaj\u00facej dohode, bezplatne)\t\t\t\t<\/div>\n\t\t\t<\/div>\n\t\t<\/div>\n\n\t\t[vc_separator color=&#8220;custom&#8220; align=&#8220;align_left&#8220; accent_color=&#8220;#c8c8c8&#8243; css=&#8220;.vc_custom_1669373953308{margin-top: 20px !important;margin-bottom: 20px !important;}&#8220;]\t\t\n\t\t<div class=\"ns-cwi-container  \">\n\t\t\t<div class=\"ns-cwi-icon\">\n\t\t\t\t<div class=\"ns-cwi-icon-inner\">\n\t\t\t\t\t<img src=\"https:\/\/www.tisa.si\/tisa-homes\/wp-content\/uploads\/2016\/10\/icon-utilities.png\">\n\t\t\t\t<\/div>\n\t\t\t<\/div>\n\t\t\t<div class=\"ns-cwi-content\">\n\t\t\t\t<div class=\"ns-cwi-content_inner\">\n\t\t\t\t\tUter\u00e1ky, poste\u013en\u00e1 bielize\u0148, skrine,<br \/>\nstojan na su\u0161enie bielizne, su\u0161i\u010d vlasov,<br \/>\nKuchynsk\u00fd riad\t\t\t\t<\/div>\n\t\t\t<\/div>\n\t\t<\/div>\n\n\t\t[\/vc_column][vc_column width=&#8220;1\/3&#8243;][vc_column_text]<\/p>\n<h3>Popul\u00e1rne body z\u00e1ujmu v okol\u00ed<\/h3>\n<p>[\/vc_column_text][vc_separator color=&#8220;custom&#8220; align=&#8220;align_left&#8220; accent_color=&#8220;#c8c8c8&#8243; css=&#8220;.vc_custom_1669373932686{margin-top: 20px !important;margin-bottom: 20px !important;}&#8220;]\t\t\n\t\t<div class=\"ns-cwi-container  \">\n\t\t\t<div class=\"ns-cwi-icon\">\n\t\t\t\t<div class=\"ns-cwi-icon-inner\">\n\t\t\t\t\t<img src=\"https:\/\/www.tisa.si\/tisa-homes\/wp-content\/uploads\/2016\/10\/icon-plaza.png\">\n\t\t\t\t<\/div>\n\t\t\t<\/div>\n\t\t\t<div class=\"ns-cwi-content\">\n\t\t\t\t<div class=\"ns-cwi-content_inner\">\n\t\t\t\t\tPl\u00e1\u017e Veliki Jo\u017ee (600 m)<br \/>\nPl\u00e1\u017e Pineta (1,1 km)\t\t\t\t<\/div>\n\t\t\t<\/div>\n\t\t<\/div>\n\n\t\t[vc_separator color=&#8220;custom&#8220; align=&#8220;align_left&#8220; accent_color=&#8220;#c8c8c8&#8243; css=&#8220;.vc_custom_1669373932686{margin-top: 20px !important;margin-bottom: 20px !important;}&#8220;]\t\t\n\t\t<div class=\"ns-cwi-container  \">\n\t\t\t<div class=\"ns-cwi-icon\">\n\t\t\t\t<div class=\"ns-cwi-icon-inner\">\n\t\t\t\t\t<img src=\"https:\/\/www.tisa.si\/tisa-homes\/wp-content\/uploads\/2016\/10\/icon-pristavisce.png\">\n\t\t\t\t<\/div>\n\t\t\t<\/div>\n\t\t\t<div class=\"ns-cwi-content\">\n\t\t\t\t<div class=\"ns-cwi-content_inner\">\n\t\t\t\t\tPr\u00edstavy Savudrija\t\t\t\t<\/div>\n\t\t\t<\/div>\n\t\t<\/div>\n\n\t\t[vc_separator color=&#8220;custom&#8220; align=&#8220;align_left&#8220; accent_color=&#8220;#c8c8c8&#8243; css=&#8220;.vc_custom_1669373932686{margin-top: 20px !important;margin-bottom: 20px !important;}&#8220;]\t\t\n\t\t<div class=\"ns-cwi-container  \">\n\t\t\t<div class=\"ns-cwi-icon\">\n\t\t\t\t<div class=\"ns-cwi-icon-inner\">\n\t\t\t\t\t<img src=\"https:\/\/www.tisa.si\/tisa-homes\/wp-content\/uploads\/2016\/10\/icon-svetilnik.png\">\n\t\t\t\t<\/div>\n\t\t\t<\/div>\n\t\t\t<div class=\"ns-cwi-content\">\n\t\t\t\t<div class=\"ns-cwi-content_inner\">\n\t\t\t\t\tMaj\u00e1k Savudria (800 m)\t\t\t\t<\/div>\n\t\t\t<\/div>\n\t\t<\/div>\n\n\t\t[vc_separator color=&#8220;custom&#8220; align=&#8220;align_left&#8220; accent_color=&#8220;#c8c8c8&#8243; css=&#8220;.vc_custom_1669373932686{margin-top: 20px !important;margin-bottom: 20px !important;}&#8220;]\t\t\n\t\t<div class=\"ns-cwi-container  \">\n\t\t\t<div class=\"ns-cwi-icon\">\n\t\t\t\t<div class=\"ns-cwi-icon-inner\">\n\t\t\t\t\t<img src=\"https:\/\/www.tisa.si\/tisa-homes\/wp-content\/uploads\/2016\/10\/icon-bar.png\">\n\t\t\t\t<\/div>\n\t\t\t<\/div>\n\t\t\t<div class=\"ns-cwi-content\">\n\t\t\t\t<div class=\"ns-cwi-content_inner\">\n\t\t\t\t\tJe dostupn\u00fd v okruhu 600 m<br \/>\nnieko\u013eko barov a kaviarn\u00ed\t\t\t\t<\/div>\n\t\t\t<\/div>\n\t\t<\/div>\n\n\t\t[vc_separator color=&#8220;custom&#8220; align=&#8220;align_left&#8220; accent_color=&#8220;#c8c8c8&#8243; css=&#8220;.vc_custom_1669373932686{margin-top: 20px !important;margin-bottom: 20px !important;}&#8220;]\t\t\n\t\t<div class=\"ns-cwi-container  \">\n\t\t\t<div class=\"ns-cwi-icon\">\n\t\t\t\t<div class=\"ns-cwi-icon-inner\">\n\t\t\t\t\t<img src=\"https:\/\/www.tisa.si\/tisa-homes\/wp-content\/uploads\/2016\/10\/icon-park.png\">\n\t\t\t\t<\/div>\n\t\t\t<\/div>\n\t\t\t<div class=\"ns-cwi-content\">\n\t\t\t\t<div class=\"ns-cwi-content_inner\">\n\t\t\t\t\tPr\u00edrodn\u00fd park Se\u010doveljska Solina (8 km)\t\t\t\t<\/div>\n\t\t\t<\/div>\n\t\t<\/div>\n\n\t\t[vc_separator color=&#8220;custom&#8220; align=&#8220;align_left&#8220; accent_color=&#8220;#c8c8c8&#8243; css=&#8220;.vc_custom_1669373932686{margin-top: 20px !important;margin-bottom: 20px !important;}&#8220;]\t\t\n\t\t<div class=\"ns-cwi-container  \">\n\t\t\t<div class=\"ns-cwi-icon\">\n\t\t\t\t<div class=\"ns-cwi-icon-inner\">\n\t\t\t\t\t<img src=\"https:\/\/www.tisa.si\/tisa-homes\/wp-content\/uploads\/2016\/10\/icon-airport.png\">\n\t\t\t\t<\/div>\n\t\t\t<\/div>\n\t\t\t<div class=\"ns-cwi-content\">\n\t\t\t\t<div class=\"ns-cwi-content_inner\">\n\t\t\t\t\tLetisko Pula (74 km)\t\t\t\t<\/div>\n\t\t\t<\/div>\n\t\t<\/div>\n\n\t\t[vc_separator color=&#8220;custom&#8220; align=&#8220;align_left&#8220; accent_color=&#8220;#c8c8c8&#8243; css=&#8220;.vc_custom_1669373932686{margin-top: 20px !important;margin-bottom: 20px !important;}&#8220;]\t\t\n\t\t<div class=\"ns-cwi-container  \">\n\t\t\t<div class=\"ns-cwi-icon\">\n\t\t\t\t<div class=\"ns-cwi-icon-inner\">\n\t\t\t\t\t<img src=\"https:\/\/www.tisa.si\/tisa-homes\/wp-content\/uploads\/2016\/10\/icon-muzej.png\">\n\t\t\t\t<\/div>\n\t\t\t<\/div>\n\t\t\t<div class=\"ns-cwi-content\">\n\t\t\t\t<div class=\"ns-cwi-content_inner\">\n\t\t\t\t\tMestsk\u00e9 m\u00fazeum Umag (7 km)\t\t\t\t<\/div>\n\t\t\t<\/div>\n\t\t<\/div>\n\n\t\t[\/vc_column][vc_column width=&#8220;1\/3&#8243;][vc_column_text]<\/p>\n<h3><span class=\"TextRun BCX0 SCXO63630600\" lang=\"EN-US\" xml:lang=\"EN-US\" data-contrast=\"auto\"><span class=\"SpellingError BCX0 SCXO63630600\">Limity<\/span><\/span><\/h3>\n<p>[\/vc_column_text][vc_separator color=&#8220;custom&#8220; align=&#8220;align_left&#8220; accent_color=&#8220;#c8c8c8&#8243; css=&#8220;.vc_custom_1669373932686{margin-top: 20px !important;margin-bottom: 20px !important;}&#8220;]\t\t\n\t\t<div class=\"ns-cwi-container  \">\n\t\t\t<div class=\"ns-cwi-icon\">\n\t\t\t\t<div class=\"ns-cwi-icon-inner\">\n\t\t\t\t\t<img src=\"https:\/\/www.tisa.si\/tisa-homes\/wp-content\/uploads\/2016\/10\/icon-checkinout.png\">\n\t\t\t\t<\/div>\n\t\t\t<\/div>\n\t\t\t<div class=\"ns-cwi-content\">\n\t\t\t\t<div class=\"ns-cwi-content_inner\">\n\t\t\t\t\tCheck-in: 16:00 \u2013 21:00<br \/>\nCheck-out: 8:00 \u2013 10:00\t\t\t\t<\/div>\n\t\t\t<\/div>\n\t\t<\/div>\n\n\t\t[vc_separator color=&#8220;custom&#8220; align=&#8220;align_left&#8220; accent_color=&#8220;#c8c8c8&#8243; css=&#8220;.vc_custom_1669373932686{margin-top: 20px !important;margin-bottom: 20px !important;}&#8220;]\t\t\n\t\t<div class=\"ns-cwi-container  \">\n\t\t\t<div class=\"ns-cwi-icon\">\n\t\t\t\t<div class=\"ns-cwi-icon-inner\">\n\t\t\t\t\t<img src=\"https:\/\/www.tisa.si\/tisa-homes\/wp-content\/uploads\/2016\/10\/icon-kajenje.png\">\n\t\t\t\t<\/div>\n\t\t\t<\/div>\n\t\t\t<div class=\"ns-cwi-content\">\n\t\t\t\t<div class=\"ns-cwi-content_inner\">\n\t\t\t\t\tV priestoroch je zak\u00e1zan\u00e9 faj\u010di\u0165\t\t\t\t<\/div>\n\t\t\t<\/div>\n\t\t<\/div>\n\n\t\t[vc_separator color=&#8220;custom&#8220; align=&#8220;align_left&#8220; accent_color=&#8220;#c8c8c8&#8243; css=&#8220;.vc_custom_1669373932686{margin-top: 20px !important;margin-bottom: 20px !important;}&#8220;]\t\t\n\t\t<div class=\"ns-cwi-container  \">\n\t\t\t<div class=\"ns-cwi-icon\">\n\t\t\t\t<div class=\"ns-cwi-icon-inner\">\n\t\t\t\t\t<img src=\"https:\/\/www.tisa.si\/tisa-homes\/wp-content\/uploads\/2016\/10\/icon-zabava.png\">\n\t\t\t\t<\/div>\n\t\t\t<\/div>\n\t\t\t<div class=\"ns-cwi-content\">\n\t\t\t\t<div class=\"ns-cwi-content_inner\">\n\t\t\t\t\tVe\u010dierky \/ akcie nie s\u00fa povolen\u00e9\t\t\t\t<\/div>\n\t\t\t<\/div>\n\t\t<\/div>\n\n\t\t[vc_separator color=&#8220;custom&#8220; align=&#8220;align_left&#8220; accent_color=&#8220;#c8c8c8&#8243; css=&#8220;.vc_custom_1669373932686{margin-top: 20px !important;margin-bottom: 20px !important;}&#8220;]\t\t\n\t\t<div class=\"ns-cwi-container  \">\n\t\t\t<div class=\"ns-cwi-icon\">\n\t\t\t\t<div class=\"ns-cwi-icon-inner\">\n\t\t\t\t\t<img src=\"https:\/\/www.tisa.si\/tisa-homes\/wp-content\/uploads\/2016\/10\/icon-zivali.png\">\n\t\t\t\t<\/div>\n\t\t\t<\/div>\n\t\t\t<div class=\"ns-cwi-content\">\n\t\t\t\t<div class=\"ns-cwi-content_inner\">\n\t\t\t\t\tDom\u00e1ce zvierat\u00e1 nie s\u00fa povolen\u00e9\t\t\t\t<\/div>\n\t\t\t<\/div>\n\t\t<\/div>\n\n\t\t[\/vc_column][\/vc_row][vc_row full_width=&#8220;stretch_row&#8220; el_class=&#8220;hsec3&#8243;][vc_column][vc_column_text]<\/p>\n<h3 style=\"text-align: center;\">Ponuka bytov\u00fdch domov<\/h3>\n<p>[\/vc_column_text][vc_row][vc_column]          \n\n\n            \n    \n                  <div class=\"subcat-wrap subcat-wrap-slider\" id=\"69fb50714bc2a\">\n    \n\n                        <div class=\"subcat-cont\">\n              <a href=\"https:\/\/www.tisa.si\/tisa-homes\/sk\/apartmany\/apartman-a4\/\" class=\"subcat-item\">\n                <div>\n                    <div class=\"image\">\n                      <img src=\"https:\/\/www.tisa.si\/tisa-homes\/wp-content\/uploads\/2024\/02\/zkc_5737.jpg\">\n                    <\/div>\n                    <div class=\"text\">\n                      <h4>Apartm\u00e1n A4<\/h4>\n                      <p>A\u017d 4 OSOBY (maxim\u00e1lne 3 dospel\u00ed s de\u0165mi)<\/p>\n                      <p>1 sp\u00e1l\u0148a<\/p>\n\n                    <\/div>\n                    <a href=\"https:\/\/www.tisa.si\/tisa-homes\/sk\/apartmany\/apartman-a4\/\" class=\"subcat-item btn  btn-default btn-sm \">\n                      Viac inform\u00e1ci\u00ed<\/a>\n                      <\/a> \n                <\/div>\n              <\/a>\n            <\/div>\n                        <div class=\"subcat-cont\">\n              <a href=\"https:\/\/www.tisa.si\/tisa-homes\/sk\/apartmany\/apartman-a1\/\" class=\"subcat-item\">\n                <div>\n                    <div class=\"image\">\n                      <img src=\"https:\/\/www.tisa.si\/tisa-homes\/wp-content\/uploads\/2024\/02\/1000016817.jpg\">\n                    <\/div>\n                    <div class=\"text\">\n                      <h4>Apartm\u00e1n A1<\/h4>\n                      <p>A\u017d 4 OSOBY (maxim\u00e1lne 3 dospel\u00ed s de\u0165mi)<\/p>\n                      <p>1 sp\u00e1l\u0148a<\/p>\n\n                    <\/div>\n                    <a href=\"https:\/\/www.tisa.si\/tisa-homes\/sk\/apartmany\/apartman-a1\/\" class=\"subcat-item btn  btn-default btn-sm \">\n                      Viac inform\u00e1ci\u00ed<\/a>\n                      <\/a> \n                <\/div>\n              <\/a>\n            <\/div>\n                        <div class=\"subcat-cont\">\n              <a href=\"https:\/\/www.tisa.si\/tisa-homes\/sk\/apartmany\/apartman-a9\/\" class=\"subcat-item\">\n                <div>\n                    <div class=\"image\">\n                      <img src=\"https:\/\/www.tisa.si\/tisa-homes\/wp-content\/uploads\/2024\/02\/1000016833.jpg\">\n                    <\/div>\n                    <div class=\"text\">\n                      <h4>Apartm\u00e1n A9<\/h4>\n                      <p>A\u017d 4 OSOBY (maxim\u00e1lne 3 dospel\u00ed s de\u0165mi)<\/p>\n                      <p>1 sp\u00e1l\u0148a<\/p>\n\n                    <\/div>\n                    <a href=\"https:\/\/www.tisa.si\/tisa-homes\/sk\/apartmany\/apartman-a9\/\" class=\"subcat-item btn  btn-default btn-sm \">\n                      Viac inform\u00e1ci\u00ed<\/a>\n                      <\/a> \n                <\/div>\n              <\/a>\n            <\/div>\n                        <div class=\"subcat-cont\">\n              <a href=\"https:\/\/www.tisa.si\/tisa-homes\/sk\/apartmany\/apartman-a8\/\" class=\"subcat-item\">\n                <div>\n                    <div class=\"image\">\n                      <img src=\"https:\/\/www.tisa.si\/tisa-homes\/wp-content\/uploads\/2024\/02\/1000016765-1.jpg\">\n                    <\/div>\n                    <div class=\"text\">\n                      <h4>Apartm\u00e1n A8<\/h4>\n                      <p>A\u017d 4 OSOBY (maxim\u00e1lne 3 dospel\u00ed s de\u0165mi)<\/p>\n                      <p>1 sp\u00e1l\u0148a<\/p>\n\n                    <\/div>\n                    <a href=\"https:\/\/www.tisa.si\/tisa-homes\/sk\/apartmany\/apartman-a8\/\" class=\"subcat-item btn  btn-default btn-sm \">\n                      Viac inform\u00e1ci\u00ed<\/a>\n                      <\/a> \n                <\/div>\n              <\/a>\n            <\/div>\n                        <div class=\"subcat-cont\">\n              <a href=\"https:\/\/www.tisa.si\/tisa-homes\/sk\/apartmany\/apartman-a6\/\" class=\"subcat-item\">\n                <div>\n                    <div class=\"image\">\n                      <img src=\"https:\/\/www.tisa.si\/tisa-homes\/wp-content\/uploads\/2024\/02\/1000016774.jpg\">\n                    <\/div>\n                    <div class=\"text\">\n                      <h4>Apartm\u00e1n A6<\/h4>\n                      <p>A\u017d 4 OSOBY (maxim\u00e1lne 3 dospel\u00ed s de\u0165mi)<\/p>\n                      <p>1 sp\u00e1l\u0148a<\/p>\n\n                    <\/div>\n                    <a href=\"https:\/\/www.tisa.si\/tisa-homes\/sk\/apartmany\/apartman-a6\/\" class=\"subcat-item btn  btn-default btn-sm \">\n                      Viac inform\u00e1ci\u00ed<\/a>\n                      <\/a> \n                <\/div>\n              <\/a>\n            <\/div>\n                        <div class=\"subcat-cont\">\n              <a href=\"https:\/\/www.tisa.si\/tisa-homes\/sk\/apartmany\/apartman-a10\/\" class=\"subcat-item\">\n                <div>\n                    <div class=\"image\">\n                      <img src=\"https:\/\/www.tisa.si\/tisa-homes\/wp-content\/uploads\/2024\/02\/1000016767-1.jpg\">\n                    <\/div>\n                    <div class=\"text\">\n                      <h4>Apartm\u00e1n A10<\/h4>\n                      <p>DO 5 OS\u00d4B (maxim\u00e1lne 4 dospel\u00ed s de\u0165mi)<\/p>\n                      <p>2 sp\u00e1lne<\/p>\n\n                    <\/div>\n                    <a href=\"https:\/\/www.tisa.si\/tisa-homes\/sk\/apartmany\/apartman-a10\/\" class=\"subcat-item btn  btn-default btn-sm \">\n                      Viac inform\u00e1ci\u00ed<\/a>\n                      <\/a> \n                <\/div>\n              <\/a>\n            <\/div>\n                    <\/div>\n                        \n    \n        [\/vc_column][\/vc_row][\/vc_column][\/vc_row]<\/p>\n","protected":false},"excerpt":{"rendered":"<p>[vc_row full_width=&#8220;stretch_row&#8220; imgs=&#8220;523&#8243; el_class=&#8220;main-banner&#8220;][vc_column][vc_row_inner][vc_column_inner offset=&#8220;vc_col-lg-7 vc_col-md-8&#8243;][vc_column_text el_class=&#8220;slider-title&#8220;] Rekrea\u010dn\u00e9 domy v Savudrija V bl\u00edzkosti zn\u00e1meho maj\u00e1ka Savudri, len min\u00fatu ch\u00f4dze od pl\u00e1\u017ee, sa nach\u00e1dza dovolenkov\u00e9 stredisko Tisa homes.[\/vc_column_text][\/vc_column_inner][vc_column_inner offset=&#8220;vc_col-lg-5 vc_col-md-4&#8243;][\/vc_column_inner][\/vc_row_inner][\/vc_column][\/vc_row][vc_row css=&#8220;.vc_custom_1671037369721{margin-bottom: 65px !important;}&#8220; el_class=&#8220;hsec1&#8243;][vc_column width=&#8220;1\/2&#8243;][vc_column_text] Tisa Homes &#8211; dovolenkov\u00e1 dedina v Savudriji K dispoz\u00edcii je 6 rodinn\u00fdch domov, ktor\u00e9 s\u00fa vhodn\u00e9 na ubytovanie rodiny alebo 3-4 dospel\u00fdch os\u00f4b. V\u0161etky ubytovacie jednotky maj\u00fa kuchy\u0148u s jed\u00e1lensk\u00fdm k\u00fatom, verandu, klimatiz\u00e1ciu, TV s plochou obrazovkou a s\u00fakromn\u00fa k\u00fape\u013e\u0148u so sprchovac\u00edm k\u00fatom. Balk\u00f3ny s v\u00fdh\u013eadom na spolo\u010dn\u00fa z\u00e1hradu s bedmintonov\u00fdm kurtom a stoln\u00fdm tenisom poskytn\u00fa rodi\u010dom pokoj pri hre ich det\u00ed.[\/vc_column_text][\/vc_column][vc_column width=&#8220;1\/2&#8243;][vc_single_image image=&#8220;226&#8243; img_size=&#8220;700&#215;440&#8243; css=&#8220;.vc_custom_1669379281585{margin-top: 35px !important;margin-bottom: 0px !important;}&#8220;][\/vc_column][\/vc_row][vc_row full_width=&#8220;stretch_row&#8220; css=&#8220;.vc_custom_1671040201230{background-color: #fbf4ec !important;}&#8220; el_class=&#8220;hsec2&#8243;][vc_column width=&#8220;1\/3&#8243;][vc_column_text] Vybavenie ubytovania [\/vc_column_text][vc_separator color=&#8220;custom&#8220; align=&#8220;align_left&#8220; accent_color=&#8220;#c8c8c8&#8243; css=&#8220;.vc_custom_1669373932686{margin-top: 20px !important;margin-bottom: 20px [&hellip;]<\/p>\n","protected":false},"author":2,"featured_media":0,"parent":0,"menu_order":0,"comment_status":"closed","ping_status":"closed","template":"","meta":[],"_links":{"self":[{"href":"https:\/\/www.tisa.si\/tisa-homes\/sk\/wp-json\/wp\/v2\/pages\/1352"}],"collection":[{"href":"https:\/\/www.tisa.si\/tisa-homes\/sk\/wp-json\/wp\/v2\/pages"}],"about":[{"href":"https:\/\/www.tisa.si\/tisa-homes\/sk\/wp-json\/wp\/v2\/types\/page"}],"author":[{"embeddable":true,"href":"https:\/\/www.tisa.si\/tisa-homes\/sk\/wp-json\/wp\/v2\/users\/2"}],"replies":[{"embeddable":true,"href":"https:\/\/www.tisa.si\/tisa-homes\/sk\/wp-json\/wp\/v2\/comments?post=1352"}],"version-history":[{"count":0,"href":"https:\/\/www.tisa.si\/tisa-homes\/sk\/wp-json\/wp\/v2\/pages\/1352\/revisions"}],"wp:attachment":[{"href":"https:\/\/www.tisa.si\/tisa-homes\/sk\/wp-json\/wp\/v2\/media?parent=1352"}],"curies":[{"name":"wp","href":"https:\/\/api.w.org\/{rel}","templated":true}]}}