{"id":1381,"date":"2022-11-25T14:19:07","date_gmt":"2022-11-25T13:19:07","guid":{"rendered":"https:\/\/www.tisa.si\/tisa-homes\/apartmany\/apartman-a4\/"},"modified":"2024-03-06T10:28:29","modified_gmt":"2024-03-06T09:28:29","slug":"apartman-a4","status":"publish","type":"page","link":"https:\/\/www.tisa.si\/tisa-homes\/sk\/apartmany\/apartman-a4\/","title":{"rendered":"Apartm\u00e1n A4"},"content":{"rendered":"<p>[vc_row full_width=&#8220;stretch_row_content_no_spaces&#8220;][vc_column]\t\t\r\n\t\t<div class=\"title-container \">\r\n\t\t\t<div class=\"container\">\r\n\t\t\t\t<h1>Apartm\u00e1n A4<\/h1>\r\n\t\t\t\t<div class=\"breadcrumbs-container\">\r\n\t\t\t\t\t<div class=\"breadcrumbs\">\r\n\t\t\t\t\t\t\n\t<ul class=\"ns-breadcrumbs\">\n\t\t\t<li><a href=\"https:\/\/www.tisa.si\/tisa-homes\/sk\/\">Domov<\/a><\/li>\n\t\t\t\t\t<li><a href=\"https:\/\/www.tisa.si\/tisa-homes\/sk\/apartmany\/\">Apartm\u00e1ny<\/a><\/li>\n\t\t\t\t<li>Apartm\u00e1n A4<\/li>\n\t<\/ul>\n\t\n\t\t\t\t\t\t\t<div class=\"clearfix\"><\/div>\r\n\t\t\t\t\t<\/div>\r\n\t\t\t\t<\/div>\r\n\t\t\t<\/div>\r\n\t\t<\/div>\r\n\r\n\t\t[\/vc_column][\/vc_row][vc_row css=&#8220;.vc_custom_1671107277079{margin-top: 50px !important;margin-bottom: 50px !important;}&#8220; el_class=&#8220;sp-intro-apartma&#8220;][vc_column width=&#8220;1\/2&#8243;][vc_column_text]<\/p>\n<ul>\n<li><span data-contrast=\"auto\"><b>Ve\u013ekos\u0165 domu:<\/b> <span data-contrast=\"auto\">45<\/span> <span data-contrast=\"auto\"><span data-fontsize=\"11\">m2<\/span><\/span><\/span><\/li>\n<li><span data-contrast=\"auto\">Dom je vhodn\u00fd pre 4 osoby.<\/span><\/li>\n<li><span data-contrast=\"auto\">M\u00e1 jednu man\u017eelsk\u00fa poste\u013e, jedno samostatn\u00e9 l\u00f4\u017eko a rozkladaciu pohovku.<\/span><\/li>\n<li><span data-contrast=\"auto\">Pohodln\u00e9 postele: 9,5 &#8211; na z\u00e1klade hodnoten\u00ed n\u00e1v\u0161tevn\u00edkov.<\/span><\/li>\n<\/ul>\n<p>[\/vc_column_text]\t\t\n\t\t<a href=\"https:\/\/www.tisa.si\/tisa-homes\/sk\/rezervacia\/\" target=\"\" class=\"btn  btn-default btn-sm \" id=\"\">Zarezervujte si term\u00edn<\/a>\n\n\t\t[\/vc_column][vc_column width=&#8220;1\/2&#8243;]\t\t\n\t\t\t\t\t<div >\n\t\t\t\t<img src=\"https:\/\/www.tisa.si\/tisa-homes\/wp-content\/uploads\/2024\/02\/zkc_5737.jpg\" class=\"img-responsive\">\n\t\t\t<\/div>\n\t\t\t\t\n\t\t[\/vc_column][\/vc_row][vc_row full_width=&#8220;stretch_row&#8220; css=&#8220;.vc_custom_1671106894316{background-color: #fbf4ec !important;}&#8220; el_class=&#8220;sp-apartma&#8220;][vc_column width=&#8220;1\/4&#8243;][vc_column_text]<\/p>\n<h3><span data-contrast=\"auto\">1 izbov\u00fd dom<\/span><\/h3>\n<p>[\/vc_column_text][vc_column_text]<\/p>\n<ul>\n<li>Cel\u00fd dovolenkov\u00fd dom<\/li>\n<li>Vlastn\u00e1 kuchy\u0148a<\/li>\n<li>Vlastn\u00e1 k\u00fape\u013e\u0148a<\/li>\n<li>Balk\u00f3n<\/li>\n<li>V\u00fdh\u013ead do z\u00e1hrady<\/li>\n<li>Klimatiz\u00e1cia<\/li>\n<li>Veranda<\/li>\n<li>Ploch\u00fd telev\u00edzor<\/li>\n<li>Terasa<\/li>\n<li>Bezplatn\u00e9 Wi-Fi pripojenie na internet<\/li>\n<\/ul>\n<p>[\/vc_column_text][\/vc_column][vc_column width=&#8220;1\/2&#8243;][vc_column_text]<\/p>\n<h3><span data-contrast=\"auto\">Zariadenie v dome<\/span><\/h3>\n<p>[\/vc_column_text][vc_row_inner][vc_column_inner width=&#8220;1\/2&#8243;][vc_column_text]<\/p>\n<ul>\n<li><span data-contrast=\"auto\">Oblie\u010dky<\/span><\/li>\n<li><span data-contrast=\"auto\">\u0160atn\u00edk alebo skri\u0148a<\/span><\/li>\n<li><span data-contrast=\"auto\">Detsk\u00e9 bezpe\u010dnostn\u00e9 z\u00e1suvky<\/span><\/li>\n<li><span data-contrast=\"auto\">Klimatiz\u00e1cia<\/span><\/li>\n<li><span data-contrast=\"auto\">Mramorov\u00e1 podlaha \/ dla\u017eba<\/span><\/li>\n<li><span data-contrast=\"auto\">S\u00fakromn\u00fd vchod<\/span><\/li>\n<li><span data-contrast=\"auto\">K\u00farenie<\/span><\/li>\n<li><span data-contrast=\"auto\">Kuchynsk\u00fd riad<\/span><\/li>\n<\/ul>\n<p>[\/vc_column_text][\/vc_column_inner][vc_column_inner width=&#8220;1\/2&#8243;][vc_column_text]<\/p>\n<ul>\n<li><span data-contrast=\"auto\">Kuchy\u0148a<\/span><\/li>\n<li><span data-contrast=\"auto\">Ploch\u00fd telev\u00edzor<\/span><\/li>\n<li><span data-contrast=\"auto\">Balk\u00f3n<\/span><\/li>\n<li><span data-contrast=\"auto\">Terasa<\/span><\/li>\n<li><span data-contrast=\"auto\">Veranda<\/span><\/li>\n<li><span data-contrast=\"auto\">Z\u00e1suvka pri posteli<\/span><\/li>\n<li><span data-contrast=\"auto\">Stojan na su\u0161enie bielizne<\/span><\/li>\n<li><span data-contrast=\"auto\">Rozkladacia pohovka<\/span><\/li>\n<\/ul>\n<p>[\/vc_column_text][\/vc_column_inner][\/vc_row_inner][\/vc_column][vc_column width=&#8220;1\/4&#8243;][vc_column_text]<\/p>\n<h3><span data-contrast=\"auto\">Vo va\u0161ej s\u00fakromnej k\u00fape\u013eni<\/span><\/h3>\n<p>[\/vc_column_text][vc_column_text]<\/p>\n<ul>\n<li><span data-contrast=\"auto\">WC<\/span><\/li>\n<li><span data-contrast=\"auto\">Va\u0148a alebo sprcha<\/span><\/li>\n<li><span data-contrast=\"auto\">Uter\u00e1ky<\/span><\/li>\n<li><span data-contrast=\"auto\">F\u00e9n<\/span><\/li>\n<li><span data-contrast=\"auto\">Toaletn\u00fd papier<\/span><\/li>\n<\/ul>\n<p>[\/vc_column_text][vc_column_text]<\/p>\n<h3><span data-contrast=\"auto\">vyhliadka<\/span><\/h3>\n<ul>\n<li><span data-contrast=\"auto\">V\u00fdh\u013ead do z\u00e1hrady<\/span><\/li>\n<\/ul>\n<p>[\/vc_column_text][vc_column_text el_class=&#8220;forbidden&#8220;]<\/p>\n<h3><\/h3>\n<h3><span data-contrast=\"auto\">Faj\u010denie<\/span><\/h3>\n<ul>\n<li><span data-contrast=\"auto\">Z\u00c1KAZ FAJ\u010cI\u0164<\/span><\/li>\n<\/ul>\n<p>[\/vc_column_text][\/vc_column][\/vc_row][vc_row][vc_column][vc_column_text]<\/p>\n<h3 style=\"text-align: center;\">Gal\u00e9ria obr\u00e1zkov &#8211; Apartm\u00e1n A4<\/h3>\n<p>[\/vc_column_text][vc_row][vc_column]\n\t\t<script type=\"text\/javascript\">\n\t\t\tjQuery( document ).ready(function() {\n\t\t\t\tdocument.getElementById('1709054304297-80bd179a-2623').onclick = function (event) {\n\t\t\t\tevent = event || window.event;\n\t\t\t\tvar target = event.target || event.srcElement,\n\t\t\t\t\tlink = target.src ? target.parentNode : target,\n\t\t\t\t\toptions = {index: link, event: event},\n\t\t\t\t\tlinks = this.getElementsByTagName('a');\n\t\t\t\tblueimp.Gallery(links, options);\n\t\t\t\t};\n\t\t\t});\n\t\t<\/script>\n\n\t\t<div class=\"ns-gallery-section\">\n\t\t\t<div id=\"1709054304297-80bd179a-2623\" class=\"ns-gallery nsg-p15\">\n\t\t\t\t\t\t\t\t\t<div class=\"nsg-gitem nsg-c4\">\n\t\t\t\t\t\t<a href=\"https:\/\/www.tisa.si\/tisa-homes\/wp-content\/uploads\/2024\/02\/zkc_5737.jpg\" class=\"nsg-img-container nsg-r4-3\" title=\"\">\n\t\t\t\t\t\t\t<img class=\"nsg-img\" src=\"https:\/\/www.tisa.si\/tisa-homes\/slir\/w368\/wp-content\/uploads\/2024\/02\/zkc_5737.jpg\">\n\t\t\t\t\t\t<\/a>\n\t\t\t\t\t\t<span class=\"nsg-img-title\"><\/span>\n\t\t\t\t\t<\/div>\n\t\t\t\t\t\t\t\t\t<div class=\"nsg-gitem nsg-c4\">\n\t\t\t\t\t\t<a href=\"https:\/\/www.tisa.si\/tisa-homes\/wp-content\/uploads\/2024\/02\/zkc_5744.jpg\" class=\"nsg-img-container nsg-r4-3\" title=\"\">\n\t\t\t\t\t\t\t<img class=\"nsg-img\" src=\"https:\/\/www.tisa.si\/tisa-homes\/slir\/w368\/wp-content\/uploads\/2024\/02\/zkc_5744.jpg\">\n\t\t\t\t\t\t<\/a>\n\t\t\t\t\t\t<span class=\"nsg-img-title\"><\/span>\n\t\t\t\t\t<\/div>\n\t\t\t\t\t\t\t\t\t<div class=\"nsg-gitem nsg-c4\">\n\t\t\t\t\t\t<a href=\"https:\/\/www.tisa.si\/tisa-homes\/wp-content\/uploads\/2024\/02\/zkc_5745.jpg\" class=\"nsg-img-container nsg-r4-3\" title=\"\">\n\t\t\t\t\t\t\t<img class=\"nsg-img\" src=\"https:\/\/www.tisa.si\/tisa-homes\/slir\/w368\/wp-content\/uploads\/2024\/02\/zkc_5745.jpg\">\n\t\t\t\t\t\t<\/a>\n\t\t\t\t\t\t<span class=\"nsg-img-title\"><\/span>\n\t\t\t\t\t<\/div>\n\t\t\t\t\t\t\t\t\t<div class=\"nsg-gitem nsg-c4\">\n\t\t\t\t\t\t<a href=\"https:\/\/www.tisa.si\/tisa-homes\/wp-content\/uploads\/2024\/02\/zkc_5750.jpg\" class=\"nsg-img-container nsg-r4-3\" title=\"\">\n\t\t\t\t\t\t\t<img class=\"nsg-img\" src=\"https:\/\/www.tisa.si\/tisa-homes\/slir\/w368\/wp-content\/uploads\/2024\/02\/zkc_5750.jpg\">\n\t\t\t\t\t\t<\/a>\n\t\t\t\t\t\t<span class=\"nsg-img-title\"><\/span>\n\t\t\t\t\t<\/div>\n\t\t\t\t\t\t\t\t\t<div class=\"nsg-gitem nsg-c4\">\n\t\t\t\t\t\t<a href=\"https:\/\/www.tisa.si\/tisa-homes\/wp-content\/uploads\/2024\/02\/zkc_5754-scaled.jpg\" class=\"nsg-img-container nsg-r4-3\" title=\"\">\n\t\t\t\t\t\t\t<img class=\"nsg-img\" src=\"https:\/\/www.tisa.si\/tisa-homes\/slir\/w368\/wp-content\/uploads\/2024\/02\/zkc_5754-scaled.jpg\">\n\t\t\t\t\t\t<\/a>\n\t\t\t\t\t\t<span class=\"nsg-img-title\"><\/span>\n\t\t\t\t\t<\/div>\n\t\t\t\t\t\t\t\t\t<div class=\"nsg-gitem nsg-c4\">\n\t\t\t\t\t\t<a href=\"https:\/\/www.tisa.si\/tisa-homes\/wp-content\/uploads\/2024\/02\/zkc_5755.jpg\" class=\"nsg-img-container nsg-r4-3\" title=\"\">\n\t\t\t\t\t\t\t<img class=\"nsg-img\" src=\"https:\/\/www.tisa.si\/tisa-homes\/slir\/w368\/wp-content\/uploads\/2024\/02\/zkc_5755.jpg\">\n\t\t\t\t\t\t<\/a>\n\t\t\t\t\t\t<span class=\"nsg-img-title\"><\/span>\n\t\t\t\t\t<\/div>\n\t\t\t\t\t\t\t<\/div>\n\t\t<\/div>\n\n\t\t[\/vc_column][\/vc_row][\/vc_column][\/vc_row]<\/p>\n","protected":false},"excerpt":{"rendered":"<p>[vc_row full_width=&#8220;stretch_row_content_no_spaces&#8220;][vc_column][\/vc_column][\/vc_row][vc_row css=&#8220;.vc_custom_1671107277079{margin-top: 50px !important;margin-bottom: 50px !important;}&#8220; el_class=&#8220;sp-intro-apartma&#8220;][vc_column width=&#8220;1\/2&#8243;][vc_column_text] Ve\u013ekos\u0165 domu: 45 m2 Dom je vhodn\u00fd pre 4 osoby. M\u00e1 jednu man\u017eelsk\u00fa poste\u013e, jedno samostatn\u00e9 l\u00f4\u017eko a rozkladaciu pohovku. Pohodln\u00e9 postele: 9,5 &#8211; na z\u00e1klade hodnoten\u00ed n\u00e1v\u0161tevn\u00edkov. [\/vc_column_text][\/vc_column][vc_column width=&#8220;1\/2&#8243;][\/vc_column][\/vc_row][vc_row full_width=&#8220;stretch_row&#8220; css=&#8220;.vc_custom_1671106894316{background-color: #fbf4ec !important;}&#8220; el_class=&#8220;sp-apartma&#8220;][vc_column width=&#8220;1\/4&#8243;][vc_column_text] 1 izbov\u00fd dom [\/vc_column_text][vc_column_text] Cel\u00fd dovolenkov\u00fd dom Vlastn\u00e1 kuchy\u0148a Vlastn\u00e1 k\u00fape\u013e\u0148a Balk\u00f3n V\u00fdh\u013ead do z\u00e1hrady Klimatiz\u00e1cia Veranda Ploch\u00fd telev\u00edzor Terasa Bezplatn\u00e9 Wi-Fi pripojenie na internet [\/vc_column_text][\/vc_column][vc_column width=&#8220;1\/2&#8243;][vc_column_text] Zariadenie v dome [\/vc_column_text][vc_row_inner][vc_column_inner width=&#8220;1\/2&#8243;][vc_column_text] Oblie\u010dky \u0160atn\u00edk alebo skri\u0148a Detsk\u00e9 bezpe\u010dnostn\u00e9 z\u00e1suvky Klimatiz\u00e1cia Mramorov\u00e1 podlaha \/ dla\u017eba S\u00fakromn\u00fd vchod K\u00farenie Kuchynsk\u00fd riad [\/vc_column_text][\/vc_column_inner][vc_column_inner width=&#8220;1\/2&#8243;][vc_column_text] Kuchy\u0148a Ploch\u00fd telev\u00edzor Balk\u00f3n Terasa Veranda Z\u00e1suvka pri posteli Stojan na su\u0161enie bielizne Rozkladacia pohovka [\/vc_column_text][\/vc_column_inner][\/vc_row_inner][\/vc_column][vc_column width=&#8220;1\/4&#8243;][vc_column_text] Vo va\u0161ej s\u00fakromnej k\u00fape\u013eni [\/vc_column_text][vc_column_text] WC Va\u0148a [&hellip;]<\/p>\n","protected":false},"author":2,"featured_media":2233,"parent":1366,"menu_order":0,"comment_status":"closed","ping_status":"closed","template":"","meta":[],"_links":{"self":[{"href":"https:\/\/www.tisa.si\/tisa-homes\/sk\/wp-json\/wp\/v2\/pages\/1381"}],"collection":[{"href":"https:\/\/www.tisa.si\/tisa-homes\/sk\/wp-json\/wp\/v2\/pages"}],"about":[{"href":"https:\/\/www.tisa.si\/tisa-homes\/sk\/wp-json\/wp\/v2\/types\/page"}],"author":[{"embeddable":true,"href":"https:\/\/www.tisa.si\/tisa-homes\/sk\/wp-json\/wp\/v2\/users\/2"}],"replies":[{"embeddable":true,"href":"https:\/\/www.tisa.si\/tisa-homes\/sk\/wp-json\/wp\/v2\/comments?post=1381"}],"version-history":[{"count":0,"href":"https:\/\/www.tisa.si\/tisa-homes\/sk\/wp-json\/wp\/v2\/pages\/1381\/revisions"}],"up":[{"embeddable":true,"href":"https:\/\/www.tisa.si\/tisa-homes\/sk\/wp-json\/wp\/v2\/pages\/1366"}],"wp:featuredmedia":[{"embeddable":true,"href":"https:\/\/www.tisa.si\/tisa-homes\/sk\/wp-json\/wp\/v2\/media\/2233"}],"wp:attachment":[{"href":"https:\/\/www.tisa.si\/tisa-homes\/sk\/wp-json\/wp\/v2\/media?parent=1381"}],"curies":[{"name":"wp","href":"https:\/\/api.w.org\/{rel}","templated":true}]}}