{"id":1426,"date":"2022-12-15T08:04:40","date_gmt":"2022-12-15T07:04:40","guid":{"rendered":"https:\/\/www.tisa.si\/tisa-homes\/autori\/"},"modified":"2023-04-05T17:08:41","modified_gmt":"2023-04-05T15:08:41","slug":"autori","status":"publish","type":"page","link":"https:\/\/www.tisa.si\/tisa-homes\/sk\/autori\/","title":{"rendered":"Autori"},"content":{"rendered":"<p>[vc_row full_width=&#8220;stretch_row_content_no_spaces&#8220;][vc_column]\t\t\r\n\t\t<div class=\"title-container \">\r\n\t\t\t<div class=\"container\">\r\n\t\t\t\t<h1>Autori<\/h1>\r\n\t\t\t\t<div class=\"breadcrumbs-container\">\r\n\t\t\t\t\t<div class=\"breadcrumbs\">\r\n\t\t\t\t\t\t\n\t<ul class=\"ns-breadcrumbs\">\n\t\t\t<li><a href=\"https:\/\/www.tisa.si\/tisa-homes\/sk\/\">Domov<\/a><\/li>\n\t\t\t\t<li>Autori<\/li>\n\t<\/ul>\n\t\n\t\t\t\t\t\t\t<div class=\"clearfix\"><\/div>\r\n\t\t\t\t\t<\/div>\r\n\t\t\t\t<\/div>\r\n\t\t\t<\/div>\r\n\t\t<\/div>\r\n\r\n\t\t[\/vc_column][\/vc_row][vc_row][vc_column][vc_column_text]<\/p>\n<h2>obsah webovej str\u00e1nky<\/h2>\n<p>Texty a obr\u00e1zky na str\u00e1nke pripravila spolo\u010dnos\u0165 <strong>Tisa Homes<\/strong> .<\/p>\n<h2>Tvorba a dizajn webovej str\u00e1nky<\/h2>\n<p>Pri nastavovan\u00ed webu <strong>sa digit\u00e1lna agent\u00fara <span style=\"color: #f56702;\">novi<\/span> Splet<\/strong> postarala o:<\/p>\n<ul>\n<li>dizajn pou\u017e\u00edvate\u013eskej sk\u00fasenosti,<\/li>\n<li>vzh\u013ead str\u00e1nky,<\/li>\n<li>technick\u00e1 realiz\u00e1cia,<\/li>\n<li>realiz\u00e1cii cel\u00e9ho projektu.<\/li>\n<\/ul>\n<p><a href=\"https:\/\/www.novisplet.com\/izdelava-spletnih-strani\" target=\"_blank\" rel=\"noopener\">Tvorba webov\u00fdch str\u00e1nok<\/a> je hlavnou \u010dinnos\u0165ou digit\u00e1lnej agent\u00fary noviSplet, ktor\u00e1 prostredn\u00edctvom komplexn\u00fdch online rie\u0161en\u00ed zvy\u0161uje predaj a reput\u00e1ciu firiem online.<\/p>\n<p>Viac na <strong><a href=\"https:\/\/www.novisplet.com\/\" target=\"_blank\" rel=\"noopener\">www.novisplet.com<\/a><\/strong>[\/vc_column_text][\/vc_column][\/vc_row]<\/p>\n","protected":false},"excerpt":{"rendered":"<p>[vc_row full_width=&#8220;stretch_row_content_no_spaces&#8220;][vc_column][\/vc_column][\/vc_row][vc_row][vc_column][vc_column_text] obsah webovej str\u00e1nky Texty a obr\u00e1zky na str\u00e1nke pripravila spolo\u010dnos\u0165 Tisa Homes . Tvorba a dizajn webovej str\u00e1nky Pri nastavovan\u00ed webu sa digit\u00e1lna agent\u00fara novi Splet postarala o: dizajn pou\u017e\u00edvate\u013eskej sk\u00fasenosti, vzh\u013ead str\u00e1nky, technick\u00e1 realiz\u00e1cia, realiz\u00e1cii cel\u00e9ho projektu. Tvorba webov\u00fdch str\u00e1nok je hlavnou \u010dinnos\u0165ou digit\u00e1lnej agent\u00fary noviSplet, ktor\u00e1 prostredn\u00edctvom komplexn\u00fdch online rie\u0161en\u00ed zvy\u0161uje predaj a reput\u00e1ciu firiem online. Viac na www.novisplet.com[\/vc_column_text][\/vc_column][\/vc_row]<\/p>\n","protected":false},"author":2,"featured_media":0,"parent":0,"menu_order":7,"comment_status":"closed","ping_status":"closed","template":"","meta":[],"_links":{"self":[{"href":"https:\/\/www.tisa.si\/tisa-homes\/sk\/wp-json\/wp\/v2\/pages\/1426"}],"collection":[{"href":"https:\/\/www.tisa.si\/tisa-homes\/sk\/wp-json\/wp\/v2\/pages"}],"about":[{"href":"https:\/\/www.tisa.si\/tisa-homes\/sk\/wp-json\/wp\/v2\/types\/page"}],"author":[{"embeddable":true,"href":"https:\/\/www.tisa.si\/tisa-homes\/sk\/wp-json\/wp\/v2\/users\/2"}],"replies":[{"embeddable":true,"href":"https:\/\/www.tisa.si\/tisa-homes\/sk\/wp-json\/wp\/v2\/comments?post=1426"}],"version-history":[{"count":0,"href":"https:\/\/www.tisa.si\/tisa-homes\/sk\/wp-json\/wp\/v2\/pages\/1426\/revisions"}],"wp:attachment":[{"href":"https:\/\/www.tisa.si\/tisa-homes\/sk\/wp-json\/wp\/v2\/media?parent=1426"}],"curies":[{"name":"wp","href":"https:\/\/api.w.org\/{rel}","templated":true}]}}