{"id":20,"date":"2016-10-18T11:31:19","date_gmt":"2016-10-18T09:31:19","guid":{"rendered":"https:\/\/www.tisa.si\/tisa-homes\/?page_id=20"},"modified":"2023-04-06T13:47:15","modified_gmt":"2023-04-06T11:47:15","slug":"apartmaji","status":"publish","type":"page","link":"https:\/\/www.tisa.si\/tisa-homes\/apartmaji\/","title":{"rendered":"Apartmaji"},"content":{"rendered":"<p>[vc_row full_width=&#8221;stretch_row_content_no_spaces&#8221;][vc_column]\t\t\r\n\t\t<div class=\"title-container \">\r\n\t\t\t<div class=\"container\">\r\n\t\t\t\t<h1>Apartmaji<\/h1>\r\n\t\t\t\t<div class=\"breadcrumbs-container\">\r\n\t\t\t\t\t<div class=\"breadcrumbs\">\r\n\t\t\t\t\t\t\n\t<ul class=\"ns-breadcrumbs\">\n\t\t\t<li><a href=\"https:\/\/www.tisa.si\/tisa-homes\/\">Domov<\/a><\/li>\n\t\t\t\t<li>Apartmaji<\/li>\n\t<\/ul>\n\t\n\t\t\t\t\t\t\t<div class=\"clearfix\"><\/div>\r\n\t\t\t\t\t<\/div>\r\n\t\t\t\t<\/div>\r\n\t\t\t<\/div>\r\n\t\t<\/div>\r\n\r\n\t\t[\/vc_column][\/vc_row][vc_row][vc_column width=&#8221;1\/2&#8243;][vc_column_text]<\/p>\n<h2>Tisa Homes &#8211; Savudrija<\/h2>\n<p>V bli\u017eini znamenitega Savudrijskega svetilnika, le minuto hoje od pla\u017ee, se nahaja po\u010ditni\u0161ko naselje Tisa homes. Na voljo je 6 samostojnih hi\u0161, ki so primerne za nastanitev dru\u017eine ali 3 \u2013 4 odraslih oseb. Vse enote nudijo kuhinjo z jedilnico, verando, klimatsko napravo, TV z ravnim zaslonom ter zasebno kopalnico s prho.<\/p>\n<p>Balkoni s pogledom na skupen vrt z igri\u0161\u010dem za badminton ter namiznim tenisom pa bodo star\u0161em zagotavljali brezskrbnost med igro otrok.[\/vc_column_text]\t\t\n\t\t<a href=\"https:\/\/www.tisa.si\/tisa-homes\/kako-do-nas\/\" target=\"\" class=\"btn  btn-default btn-sm \" id=\"\">Kako do nas?<\/a>\n\n\t\t[vc_empty_space height=&#8221;10px&#8221;]\t\t\n\t\t<a href=\"https:\/\/www.tisa.si\/tisa-homes\/rezervacija\/\" target=\"\" class=\"btn  btn-default btn-sm \" id=\"\">Rezervirajte termin<\/a>\n\n\t\t[\/vc_column][vc_column width=&#8221;1\/2&#8243;][vc_single_image image=&#8221;226&#8243; img_size=&#8221;700&#215;440&#8243; css=&#8221;.vc_custom_1669379251592{margin-top: 35px !important;margin-bottom: 0px !important;}&#8221;][\/vc_column][\/vc_row][vc_row full_width=&#8221;stretch_row&#8221; css=&#8221;.vc_custom_1671108228362{margin-bottom: 0px !important;padding-top: 35px !important;padding-bottom: 35px !important;}&#8221;][vc_column][vc_column_text]<\/p>\n<h3 style=\"text-align: center;\">Ponudba apartmajskih hi\u0161k<\/h3>\n<p>[\/vc_column_text][vc_row][vc_column]          \n\n\n            \n    \n                  <div class=\"subcat-wrap subcat-wrap-slider\" id=\"69fea6ece12de\">\n    \n\n                        <div class=\"subcat-cont\">\n              <a href=\"https:\/\/www.tisa.si\/tisa-homes\/apartmaji\/apartma-a1\/\" class=\"subcat-item\">\n                <div>\n                    <div class=\"image\">\n                      <img src=\"https:\/\/www.tisa.si\/tisa-homes\/wp-content\/uploads\/2024\/02\/1000016817.jpg\">\n                    <\/div>\n                    <div class=\"text\">\n                      <h4>Apartma A1<\/h4>\n                      <p>DO 4 OSEBE (najve\u010d 3 odrasli z otroki)<\/p>\n                      <p>1 spalnica<\/p>\n\n                    <\/div>\n                    <a href=\"https:\/\/www.tisa.si\/tisa-homes\/apartmaji\/apartma-a1\/\" class=\"subcat-item btn  btn-default btn-sm \">\n                      Podrobneje<\/a>\n                      <\/a> \n                <\/div>\n              <\/a>\n            <\/div>\n                        <div class=\"subcat-cont\">\n              <a href=\"https:\/\/www.tisa.si\/tisa-homes\/apartmaji\/apartma-a4\/\" class=\"subcat-item\">\n                <div>\n                    <div class=\"image\">\n                      <img src=\"https:\/\/www.tisa.si\/tisa-homes\/wp-content\/uploads\/2024\/02\/zkc_5737.jpg\">\n                    <\/div>\n                    <div class=\"text\">\n                      <h4>Apartma A4<\/h4>\n                      <p>DO 4 OSEBE (najve\u010d 3 odrasli z otroki)<\/p>\n                      <p>1 spalnica<\/p>\n\n                    <\/div>\n                    <a href=\"https:\/\/www.tisa.si\/tisa-homes\/apartmaji\/apartma-a4\/\" class=\"subcat-item btn  btn-default btn-sm \">\n                      Podrobneje<\/a>\n                      <\/a> \n                <\/div>\n              <\/a>\n            <\/div>\n                        <div class=\"subcat-cont\">\n              <a href=\"https:\/\/www.tisa.si\/tisa-homes\/apartmaji\/apartma-a6\/\" class=\"subcat-item\">\n                <div>\n                    <div class=\"image\">\n                      <img src=\"https:\/\/www.tisa.si\/tisa-homes\/wp-content\/uploads\/2024\/02\/1000016774.jpg\">\n                    <\/div>\n                    <div class=\"text\">\n                      <h4>Apartma A6<\/h4>\n                      <p>DO 4 OSEBE (najve\u010d 3 odrasli z otroki)<\/p>\n                      <p>1 spalnica<\/p>\n\n                    <\/div>\n                    <a href=\"https:\/\/www.tisa.si\/tisa-homes\/apartmaji\/apartma-a6\/\" class=\"subcat-item btn  btn-default btn-sm \">\n                      Podrobneje<\/a>\n                      <\/a> \n                <\/div>\n              <\/a>\n            <\/div>\n                        <div class=\"subcat-cont\">\n              <a href=\"https:\/\/www.tisa.si\/tisa-homes\/apartmaji\/apartma-a8\/\" class=\"subcat-item\">\n                <div>\n                    <div class=\"image\">\n                      <img src=\"https:\/\/www.tisa.si\/tisa-homes\/wp-content\/uploads\/2024\/02\/1000016765-1.jpg\">\n                    <\/div>\n                    <div class=\"text\">\n                      <h4>Apartma A8<\/h4>\n                      <p>DO 4 OSEBE (najve\u010d 3 odrasli z otroki)<\/p>\n                      <p>1 spalnica<\/p>\n\n                    <\/div>\n                    <a href=\"https:\/\/www.tisa.si\/tisa-homes\/apartmaji\/apartma-a8\/\" class=\"subcat-item btn  btn-default btn-sm \">\n                      Podrobneje<\/a>\n                      <\/a> \n                <\/div>\n              <\/a>\n            <\/div>\n                        <div class=\"subcat-cont\">\n              <a href=\"https:\/\/www.tisa.si\/tisa-homes\/apartmaji\/apartma-a9\/\" class=\"subcat-item\">\n                <div>\n                    <div class=\"image\">\n                      <img src=\"https:\/\/www.tisa.si\/tisa-homes\/wp-content\/uploads\/2024\/02\/1000016833.jpg\">\n                    <\/div>\n                    <div class=\"text\">\n                      <h4>Apartma A9<\/h4>\n                      <p>DO 4 OSEBE (najve\u010d 3 odrasli z otroki)<\/p>\n                      <p>1 spalnica<\/p>\n\n                    <\/div>\n                    <a href=\"https:\/\/www.tisa.si\/tisa-homes\/apartmaji\/apartma-a9\/\" class=\"subcat-item btn  btn-default btn-sm \">\n                      Podrobneje<\/a>\n                      <\/a> \n                <\/div>\n              <\/a>\n            <\/div>\n                        <div class=\"subcat-cont\">\n              <a href=\"https:\/\/www.tisa.si\/tisa-homes\/apartmaji\/apartma-a10\/\" class=\"subcat-item\">\n                <div>\n                    <div class=\"image\">\n                      <img src=\"https:\/\/www.tisa.si\/tisa-homes\/wp-content\/uploads\/2024\/02\/1000016767-1.jpg\">\n                    <\/div>\n                    <div class=\"text\">\n                      <h4>Apartma A10<\/h4>\n                      <p>DO 5 OSEB (najve\u010d 4 odrasli z otroki)<\/p>\n                      <p>2 spalnici<\/p>\n\n                    <\/div>\n                    <a href=\"https:\/\/www.tisa.si\/tisa-homes\/apartmaji\/apartma-a10\/\" class=\"subcat-item btn  btn-default btn-sm \">\n                      Podrobneje<\/a>\n                      <\/a> \n                <\/div>\n              <\/a>\n            <\/div>\n                    <\/div>\n                        \n    \n        [\/vc_column][\/vc_row][\/vc_column][\/vc_row]<\/p>\n","protected":false},"excerpt":{"rendered":"<p>[vc_row full_width=&#8221;stretch_row_content_no_spaces&#8221;][vc_column][\/vc_column][\/vc_row][vc_row][vc_column width=&#8221;1\/2&#8243;][vc_column_text] Tisa Homes &#8211; Savudrija V bli\u017eini znamenitega Savudrijskega svetilnika, le minuto hoje od pla\u017ee, se nahaja po\u010ditni\u0161ko naselje Tisa homes. Na voljo je 6 samostojnih hi\u0161, ki so primerne za nastanitev dru\u017eine ali 3 \u2013 4 odraslih oseb. Vse enote nudijo kuhinjo z jedilnico, verando, klimatsko napravo, TV z ravnim zaslonom ter zasebno kopalnico s prho. Balkoni s pogledom na skupen vrt z igri\u0161\u010dem za badminton ter namiznim tenisom pa bodo star\u0161em zagotavljali brezskrbnost med igro otrok.[\/vc_column_text][vc_empty_space height=&#8221;10px&#8221;][\/vc_column][vc_column width=&#8221;1\/2&#8243;][vc_single_image image=&#8221;226&#8243; img_size=&#8221;700&#215;440&#8243; css=&#8221;.vc_custom_1669379251592{margin-top: 35px !important;margin-bottom: 0px !important;}&#8221;][\/vc_column][\/vc_row][vc_row full_width=&#8221;stretch_row&#8221; css=&#8221;.vc_custom_1671108228362{margin-bottom: 0px !important;padding-top: 35px !important;padding-bottom: 35px !important;}&#8221;][vc_column][vc_column_text] Ponudba apartmajskih hi\u0161k [\/vc_column_text][\/vc_column][\/vc_row]<\/p>\n","protected":false},"author":2,"featured_media":0,"parent":0,"menu_order":1,"comment_status":"closed","ping_status":"closed","template":"","meta":[],"_links":{"self":[{"href":"https:\/\/www.tisa.si\/tisa-homes\/wp-json\/wp\/v2\/pages\/20"}],"collection":[{"href":"https:\/\/www.tisa.si\/tisa-homes\/wp-json\/wp\/v2\/pages"}],"about":[{"href":"https:\/\/www.tisa.si\/tisa-homes\/wp-json\/wp\/v2\/types\/page"}],"author":[{"embeddable":true,"href":"https:\/\/www.tisa.si\/tisa-homes\/wp-json\/wp\/v2\/users\/2"}],"replies":[{"embeddable":true,"href":"https:\/\/www.tisa.si\/tisa-homes\/wp-json\/wp\/v2\/comments?post=20"}],"version-history":[{"count":0,"href":"https:\/\/www.tisa.si\/tisa-homes\/wp-json\/wp\/v2\/pages\/20\/revisions"}],"wp:attachment":[{"href":"https:\/\/www.tisa.si\/tisa-homes\/wp-json\/wp\/v2\/media?parent=20"}],"curies":[{"name":"wp","href":"https:\/\/api.w.org\/{rel}","templated":true}]}}