{"id":222,"date":"2022-11-25T11:41:02","date_gmt":"2022-11-25T10:41:02","guid":{"rendered":"https:\/\/www.tisa.si\/tisa-homes\/kako-do-nas-2\/"},"modified":"2024-06-04T07:49:53","modified_gmt":"2024-06-04T05:49:53","slug":"rezervacija","status":"publish","type":"page","link":"https:\/\/www.tisa.si\/tisa-homes\/rezervacija\/","title":{"rendered":"Rezervacija"},"content":{"rendered":"<p>[vc_row full_width=&#8221;stretch_row_content_no_spaces&#8221;][vc_column]\t\t\r\n\t\t<div class=\"title-container \">\r\n\t\t\t<div class=\"container\">\r\n\t\t\t\t<h1>Rezervacija<\/h1>\r\n\t\t\t\t<div class=\"breadcrumbs-container\">\r\n\t\t\t\t\t<div class=\"breadcrumbs\">\r\n\t\t\t\t\t\t\n\t<ul class=\"ns-breadcrumbs\">\n\t\t\t<li><a href=\"https:\/\/www.tisa.si\/tisa-homes\/\">Domov<\/a><\/li>\n\t\t\t\t<li>Rezervacija<\/li>\n\t<\/ul>\n\t\n\t\t\t\t\t\t\t<div class=\"clearfix\"><\/div>\r\n\t\t\t\t\t<\/div>\r\n\t\t\t\t<\/div>\r\n\t\t\t<\/div>\r\n\t\t<\/div>\r\n\r\n\t\t[\/vc_column][\/vc_row][vc_row][vc_column][vc_column_text el_class=&#8221;green-box&#8221;]<\/p>\n<h3 style=\"font-weight: 400;\">Izredna prilo\u017enost \u2013 ob rezervaciji zdaj prejmete 18% popust. Pri rezervaciji vpi\u0161ite kodo 18DISCOUNT<\/h3>\n<p>[\/vc_column_text][vc_column_text]<\/p>\n<h3 style=\"font-weight: 400;\"><strong>Obvestilo:<\/strong> Najem po\u010ditni\u0161kih hi\u0161 je mo\u017een le ob rezervaciji prihoda za najmanj en dan vnaprej.<\/h3>\n<p>[\/vc_column_text][vc_column_text]<\/p>\n<h2>Razpolo\u017eljivost apartmajskih hi\u0161<\/h2>\n<p>[\/vc_column_text][\/vc_column][\/vc_row][vc_row][vc_column][vc_raw_html]JTNDJTIxLS0lMEElMjAlMjAlMjAlMjBXdUJvb2slMjBKYXZhc2NyaXB0JTIwTGlicmFyeSUwQSUyMCUyMCUyMCUyMEV2ZW50dWFsbHklMkMlMjBwdXQlMjBpdCUyMGluc2lkZSUwQSUyMCUyMCUyMCUyMHlvdXIlMjAlM0NoZWFkJTJGJTNFJTIwdGFnJTBBLS0lM0UlMEElM0NzY3JpcHQlMjBzcmMlM0QlMjJodHRwcyUzQSUyRiUyRnd1Ym9vay5uZXQlMkZqcyUyRndibGliLmpneiUyMiUzRSUzQyUyRnNjcmlwdCUzRSUwQSUzQyUyMS0tJTBBJTIwJTIwJTIwJTIwJTIwcHV0JTIwdGhlJTIwZm9sbG93aW5nJTIwZGl2JTIwd2hlcmUlMjBXdUJvb2slMEElMjAlMjAlMjAlMjAlMjBzaG91bGQlMjBiZSUyMGRlc2lnbmVkLiUyME1ha2UlMjBzdXJlJTIwdG8lMEElMjAlMjAlMjAlMjAlMjBwcmVzZXJ2ZSUyMHRoZSUyMGRpdiUyMGNvbnRlbnRzJTIwJTI4YmFja2xpbmslMjklMEEtLSUzRSUwQSUzQ2RpdiUyMGlkJTNEJTIyX3dib3JkXyUyMiUzRSUwQSUyMCUyMCUzQ2ElMjBocmVmJTNEJTIyaHR0cHMlM0ElMkYlMkZ3dWJvb2submV0JTJGcGFnZSUyRldvb0Rvby1DaGFubmVsLU1hbmFnZXItMzYuaHRtbCUyMiUyMHN0eWxlJTNEJTIyZGlzcGxheSUzQSUyMGJsb2NrJTNCJTIwbWFyZ2luLXRvcCUzQSUyMDVweCUzQiUyMHRleHQtZGVjb3JhdGlvbiUzQW5vbmUlM0Jib3JkZXIlM0Fub25lJTIyJTIwdGFyZ2V0JTNEJTIyX2JsYW5rJTIyJTNFJTBBJTIwJTIwJTIwJTIwJTNDaW1nJTIwc3JjJTNEJTIyaHR0cHMlM0ElMkYlMkZ3dWJvb2submV0JTJGaW1ncyUyRmRlZmF1bHQlMkZib29raW5nX2J5X3d1LmdpZiUyMiUyMGFsdCUzRCUyMmNoYW5uZWwlMjByZXNlcnZhdGlvbnMlMjBmb3IlMjBob3RlbCUyMGJ5JTIwd3Vib29rJTIyJTIwdGl0bGUlM0QlMjJIb3RlbCUyMGFuZCUyMHRvdXJpc20lMjBzb2x1dGlvbnMlMjIlMjBzdHlsZSUzRCUyMmJvcmRlciUzQW5vbmUlM0J0ZXh0LWRlY29yYXRpb24lM0Fub25lJTIyJTIwJTJGJTNFJTBBJTIwJTIwJTNDJTJGYSUzRSUwQSUzQyUyRmRpdiUzRSUwQSUzQyUyMS0tJTBBJTIwJTIwJTIwJTIwJTIwSW5pdGlhbGl6ZSUyMHRoZSUyMFd1Qm9vayUyME9iamVjdC4lMEElMjAlMjAlMjAlMjAlMjBDb2xsZWN0JTIwcGFyYW1zJTIwc2V0dGluZ3MuJTBBJTIwJTIwJTIwJTIwJTIwQ2FsbCUyMFd1Qm9vay5kZXNpZ25fcndpZGdldCUyOCUyOS4lMEElMEElMjAlMjAlMjAlMjAlMjBOb3RpY2UlMjBXdUJvb2slMjBPYmplY3QlMjBwcm92aWRlcyUyMGElMEElMjAlMjAlMjAlMjAlMjBsb3QlMjBvZiUyMGludGVyZXN0aW5nJTIwZmVhdHVyZXMuJTBBLS0lM0UlMEElM0NzY3JpcHQlM0UlMEElMjAlMjB2YXIlMjBXdUJvb2slM0QlMjBuZXclMjBfV3VCb29rJTI4MTY4NjA0OTk1NSUyOSUzQiUwQSUyMCUyMHZhciUyMHdicGFyYW1zJTNEJTIwJTdCJTBBJTIwJTIwJTIwJTIwYmdjb2xvciUzQSUyMCUyNyUyM2ZmZmZmZiUyNyUyQyUwQSUyMCUyMCUyMCUyMHRleHRjb2xvciUzQSUyMCUyNyUyMzJjMmMyYyUyNyUyQyUwQSUyMCUyMCUyMCUyMGJ1dHRvbmNvbG9yJTNBJTIwJTI3JTIzMTA4ZGJkJTI3JTJDJTBBJTIwJTIwJTIwJTIwaWNvbmNvbG9yJTNBJTIwJTI3JTIzODg4ODg4JTI3JTJDJTBBJTIwJTIwJTIwJTIwYm9yZGVyY29sb3IlM0ElMjAlMjclMjMxMDhkYmQlMjclMkMlMEElMjAlMjAlMjAlMjBsYW5nJTNBJTIwJTI3JTI3JTJDJTBBJTIwJTIwJTIwJTIwZmFpbGJhY2tfbGFuZyUzQSUyMCUyN2VuJTI3JTJDJTBBJTIwJTIwJTIwJTIwd2Jnb29nbGUlM0ElMjAxJTJDJTBBJTIwJTIwJTIwJTIwZGVmYXVsdF9uaWdodHMlM0ElMjAxJTJDJTBBJTIwJTIwJTIwJTIwZGNvZGV2YWwlM0ElMjAlMjclMjclMEElMjAlMjAlN0QlM0IlMEElMjAlMjBXdUJvb2suZGVzaWduX3J3aWRnZXQlMjglMjJfd2JvcmRfJTIyJTJDJTIwd2JwYXJhbXMlMjklM0IlMEElM0MlMkZzY3JpcHQlM0UlMEElM0MlMjEtLSUwQSUyMCUyMCUyMCUyMHRoYXQlMjdzJTIwYWxsJTIwJTNBJTI5JTBBJTIwJTIwJTIwJTIwVGhhbmslMjB5b3UlMjBmb3IlMjB1c2luZyUyMFd1Qm9vayUyMSUwQS0tJTNF[\/vc_raw_html][\/vc_column][\/vc_row][vc_row][vc_column][vc_column_text]<\/p>\n<h3 style=\"text-align: justify;\"><strong>SPLO\u0160NI POGOJI<\/strong><\/h3>\n<p><strong>Pravna oseba, ki upravlja internetno stran ter nudi namestitve:<\/strong> TISA d.o.o. &#8211; Podru\u017enica Savudrija, Ravna dolina 121B, 52475 Savudrija, Hrvatska, VAT ID: HR75045924385<\/p>\n<p style=\"text-align: justify;\"><strong>Check-in:<\/strong>\u00a016:00 &#8211; 21:00 \/\u00a0<strong>Check-out:<\/strong>\u00a08:00 &#8211; 10:00<\/p>\n<p style=\"text-align: justify;\"><strong>Rezervacije<\/strong>\u00a0so mo\u017ene le ob pla\u010dilu celotnega zneska najema.<\/p>\n<p style=\"text-align: justify;\"><strong>Odpoved rezervacije:<\/strong>\u00a0V primeru odpovedi rezervacije do vklju\u010dno 8 dni pred za\u010detkom doti\u010dnega termina nudimo 100% vra\u010dilo vrednosti rezervacije, za odpoved 7-3 dni pred za\u010detnim terminom pa vrnemo 70% vrednosti. V primeru odpovedi rezervacije 2 &#8211; 1 dan pred za\u010detkom rezerviranega termina vra\u010dila ne nudimo.<\/p>\n<p style=\"text-align: justify;\">Pri rezervaciji gost vnese \u0161tevilo VSEH oseb (odraslih + otrok).\u00a0<strong>V vsaki enoti so dovoljene najve\u010d 3 odrasle osebe + otroci (mlaj\u0161i od 15 let) do zapolnitve kapacitete.<\/strong><\/p>\n<p style=\"text-align: justify;\"><strong>Otroci vseh starosti so dobrodo\u0161li<\/strong>, na ceno pa njihova starost ne vpliva, saj so cene najema vezane na celo enoto (apartma).<\/p>\n<div>\n<p style=\"text-align: justify;\">\u0160tevilo dovoljenih otro\u0161kih postelj je odvisno od mo\u017enosti, ki jo izberete. Vse otro\u0161ke postelje in dodatna le\u017ei\u0161\u010da so odvisna od razpolo\u017eljivosti.<\/p>\n<p style=\"text-align: justify;\">V sklopu apartmajskega kompleksa\u00a0sta na voljo igri\u0161\u010di za badminton in namizni tenis &#8211; njuna\u00a0<strong>uporaba je mo\u017ena le na lastno odgovornost<\/strong>.<\/p>\n<p style=\"text-align: justify;\"><strong>Obveze gosta:<\/strong>\u00a0Gostje so dol\u017eni izpolnjevati splo\u0161ne pogoje predvidene s predpisi Republike Hrvatske ter upo\u0161tevati hi\u0161ni red objektov. Gost sam odgovarja za morebitno povzro\u010deno \u0161kodo, \u0161e posebno v kolikor bi ta nastala ob neupo\u0161tevanju\u00a0<em>hi\u0161nega reda\u00a0<\/em>in\u00a0<em>splo\u0161nih pogojev<\/em>. Povra\u010dilo stro\u0161kov \u0161kode bo gost poravnal nemudoma, na recepciji apartmajev oz. na drugem mestu odrejenem iz strani fizi\u010dne ali pravne osebe, ki je \u0161kodo utrpela.\u00a0<strong>Ob rezervaciji je gost dol\u017ean preu\u010diti na tem mestu zapisane splo\u0161ne pogoje in jih z nadaljevanjem rezervacije v polnosti sprejema.<\/strong><\/p>\n<p style=\"text-align: justify;\"><strong>Omejitve:<\/strong><\/p>\n<ul style=\"text-align: justify;\">\n<li>Doma\u010de \u017eivali niso dovoljene.<\/li>\n<li>Prirejanje zabav ali dogodkov ni dovoljeno.<\/li>\n<li>Kajenje ni dovoljeno.<\/li>\n<\/ul>\n<h3 style=\"text-align: justify;\"><strong>Pla\u010dila in varovanje osebnih podatkov:<\/strong><\/h3>\n<p style=\"text-align: justify;\">Tisa d.o.o. se obvezuje \u0161\u010dititi osebne podatke gostov na na\u010din, da zbira le neobhodno obvezne osnovne podatke o strankah, ki so nujni za izpolnjevanje na\u0161ih obvez; stranke obve\u0161\u010da o na\u010dinu kori\u0161\u010denja pridobljenih podatkov, jim omogo\u010da izbiro o uporabi njihovih podatkov v namene, vklju\u010dno z mo\u017enostjo odklonitve vklju\u010ditve njihovega imena iz seznama, ki se koristi za marketin\u0161ka sporo\u010dila. Vsi podatki o uporabnikih so strogo varovani in so dostopni samo delavcem, katerim so ti podatki nujno potrebni za opravljanje dela in nudenje uslug strankam. Vsi zaposleni in sodelavci podjetja Tisa d.o.o. so odgovorni za spo\u0161tovanje na\u010del za\u0161\u010dite zasebnosti.<\/p>\n<p style=\"text-align: justify;\">Vsa pla\u010dila bodo obra\u010dunana v EUR (\u20ac). V primeru konverzije, le-to obra\u010duna banka, pri kateri ima stranka odprt ra\u010dun, po aktualnih menjalnih vrednostih.<\/p>\n<p style=\"text-align: justify;\">Vnos in prenos osebnih podatkov in podatkov o \u0161tevilki kreditne kartice je za\u0161\u010diten z najvi\u0161jimi varnostnimi standardi, ki jih zagotavlja WSPay, sistem za on-line avtorizacijo kreditnih kartic v skladu z zahtevami karti\u010darjev in karti\u010darskih znamk ter PCI DSS standardom. Avtorizacija in pla\u010dilo kreditnih kartic se izvaja z uporabo sistema WSPay za avtorizacijo in pla\u010dilo kartic v realnem \u010dasu.<\/p>\n<h3 style=\"text-align: justify;\"><strong>Izjava o uporabi WSPay<\/strong><\/h3>\n<\/div>\n<p style=\"text-align: justify;\">Podjetje Tisa d.o.o. uporablja WSPay za spletna pla\u010dila.<br \/>\nWSPay je varen sistem za spletna pla\u010dila, pla\u010dila v realnem \u010dasu, kreditne in debetne kartice ter druge na\u010dine pla\u010dila. WSPay strankam in trgovcem omogo\u010da varen vnos in prenos vnesenih karti\u010dnih podatkov, kar potrjuje PCI DSS certifikat, ki ga ima WSPay. WSPay kot najvi\u0161jo stopnjo za\u0161\u010dite pri vnosu in prenosu podatkov uporablja SSL certifikat z 256-bitno enkripcijo in kriptografskim protokolom TLS 1.2.<\/p>\n<h3 style=\"text-align: justify;\"><strong>Politika odpovedi<\/strong><\/h3>\n<p>Brezpla\u010dna odpoved je mo\u017ena v roku 24 ur po opravljeni rezervaciji, a ve\u010d kot 60 dni pred prihodom. Sredstva bodo v tem primeru na ra\u010dun lastnika kartice vrnjena v roku 30 dni od preklica rezervacije.<\/p>\n<h3 style=\"text-align: justify;\"><strong>Politika prito\u017eb<\/strong><\/h3>\n<p>Gost ima pravico do vlo\u017eitve pisne prito\u017ebe oz. ugovora preko e-maila ali po po\u0161ti na naslov, ki je naveden v kontaktnih podatkih, na dnu spletne strani, in sicer v roku 15 dni. Morebitne pravne spore re\u0161uje pristojno Sodi\u0161\u010de Republike Hrva\u0161ke[\/vc_column_text][vc_single_image image=&#8221;1936&#8243; img_size=&#8221;750&#215;370&#8243; alignment=&#8221;center&#8221;][\/vc_column][\/vc_row][vc_row][vc_column width=&#8221;1\/5&#8243;][\/vc_column][vc_column width=&#8221;1\/5&#8243;][vc_single_image image=&#8221;1945&#8243; alignment=&#8221;right&#8221; onclick=&#8221;custom_link&#8221; img_link_target=&#8221;_blank&#8221; link=&#8221;https:\/\/www.visa.co.uk\/products\/visa-secure.html&#8221;][\/vc_column][vc_column width=&#8221;1\/5&#8243;][vc_single_image image=&#8221;1772&#8243; alignment=&#8221;center&#8221; onclick=&#8221;custom_link&#8221; img_link_target=&#8221;_blank&#8221; link=&#8221;https:\/\/www.wspay.info&#8221;][\/vc_column][vc_column width=&#8221;1\/5&#8243;][vc_single_image image=&#8221;1954&#8243; onclick=&#8221;custom_link&#8221; img_link_target=&#8221;_blank&#8221; link=&#8221;https:\/\/www.mastercard.us\/en-us.html&#8221;][\/vc_column][vc_column width=&#8221;1\/5&#8243;][\/vc_column][\/vc_row]<\/p>\n","protected":false},"excerpt":{"rendered":"<p>[vc_row full_width=&#8221;stretch_row_content_no_spaces&#8221;][vc_column][\/vc_column][\/vc_row][vc_row][vc_column][vc_column_text el_class=&#8221;green-box&#8221;] Izredna prilo\u017enost \u2013 ob rezervaciji zdaj prejmete 18% popust. Pri rezervaciji vpi\u0161ite kodo 18DISCOUNT [\/vc_column_text][vc_column_text] Obvestilo: Najem po\u010ditni\u0161kih hi\u0161 je mo\u017een le ob rezervaciji prihoda za najmanj en dan vnaprej. [\/vc_column_text][vc_column_text] Razpolo\u017eljivost apartmajskih hi\u0161 [\/vc_column_text][\/vc_column][\/vc_row][vc_row][vc_column][vc_raw_html]JTNDJTIxLS0lMEElMjAlMjAlMjAlMjBXdUJvb2slMjBKYXZhc2NyaXB0JTIwTGlicmFyeSUwQSUyMCUyMCUyMCUyMEV2ZW50dWFsbHklMkMlMjBwdXQlMjBpdCUyMGluc2lkZSUwQSUyMCUyMCUyMCUyMHlvdXIlMjAlM0NoZWFkJTJGJTNFJTIwdGFnJTBBLS0lM0UlMEElM0NzY3JpcHQlMjBzcmMlM0QlMjJodHRwcyUzQSUyRiUyRnd1Ym9vay5uZXQlMkZqcyUyRndibGliLmpneiUyMiUzRSUzQyUyRnNjcmlwdCUzRSUwQSUzQyUyMS0tJTBBJTIwJTIwJTIwJTIwJTIwcHV0JTIwdGhlJTIwZm9sbG93aW5nJTIwZGl2JTIwd2hlcmUlMjBXdUJvb2slMEElMjAlMjAlMjAlMjAlMjBzaG91bGQlMjBiZSUyMGRlc2lnbmVkLiUyME1ha2UlMjBzdXJlJTIwdG8lMEElMjAlMjAlMjAlMjAlMjBwcmVzZXJ2ZSUyMHRoZSUyMGRpdiUyMGNvbnRlbnRzJTIwJTI4YmFja2xpbmslMjklMEEtLSUzRSUwQSUzQ2RpdiUyMGlkJTNEJTIyX3dib3JkXyUyMiUzRSUwQSUyMCUyMCUzQ2ElMjBocmVmJTNEJTIyaHR0cHMlM0ElMkYlMkZ3dWJvb2submV0JTJGcGFnZSUyRldvb0Rvby1DaGFubmVsLU1hbmFnZXItMzYuaHRtbCUyMiUyMHN0eWxlJTNEJTIyZGlzcGxheSUzQSUyMGJsb2NrJTNCJTIwbWFyZ2luLXRvcCUzQSUyMDVweCUzQiUyMHRleHQtZGVjb3JhdGlvbiUzQW5vbmUlM0Jib3JkZXIlM0Fub25lJTIyJTIwdGFyZ2V0JTNEJTIyX2JsYW5rJTIyJTNFJTBBJTIwJTIwJTIwJTIwJTNDaW1nJTIwc3JjJTNEJTIyaHR0cHMlM0ElMkYlMkZ3dWJvb2submV0JTJGaW1ncyUyRmRlZmF1bHQlMkZib29raW5nX2J5X3d1LmdpZiUyMiUyMGFsdCUzRCUyMmNoYW5uZWwlMjByZXNlcnZhdGlvbnMlMjBmb3IlMjBob3RlbCUyMGJ5JTIwd3Vib29rJTIyJTIwdGl0bGUlM0QlMjJIb3RlbCUyMGFuZCUyMHRvdXJpc20lMjBzb2x1dGlvbnMlMjIlMjBzdHlsZSUzRCUyMmJvcmRlciUzQW5vbmUlM0J0ZXh0LWRlY29yYXRpb24lM0Fub25lJTIyJTIwJTJGJTNFJTBBJTIwJTIwJTNDJTJGYSUzRSUwQSUzQyUyRmRpdiUzRSUwQSUzQyUyMS0tJTBBJTIwJTIwJTIwJTIwJTIwSW5pdGlhbGl6ZSUyMHRoZSUyMFd1Qm9vayUyME9iamVjdC4lMEElMjAlMjAlMjAlMjAlMjBDb2xsZWN0JTIwcGFyYW1zJTIwc2V0dGluZ3MuJTBBJTIwJTIwJTIwJTIwJTIwQ2FsbCUyMFd1Qm9vay5kZXNpZ25fcndpZGdldCUyOCUyOS4lMEElMEElMjAlMjAlMjAlMjAlMjBOb3RpY2UlMjBXdUJvb2slMjBPYmplY3QlMjBwcm92aWRlcyUyMGElMEElMjAlMjAlMjAlMjAlMjBsb3QlMjBvZiUyMGludGVyZXN0aW5nJTIwZmVhdHVyZXMuJTBBLS0lM0UlMEElM0NzY3JpcHQlM0UlMEElMjAlMjB2YXIlMjBXdUJvb2slM0QlMjBuZXclMjBfV3VCb29rJTI4MTY4NjA0OTk1NSUyOSUzQiUwQSUyMCUyMHZhciUyMHdicGFyYW1zJTNEJTIwJTdCJTBBJTIwJTIwJTIwJTIwYmdjb2xvciUzQSUyMCUyNyUyM2ZmZmZmZiUyNyUyQyUwQSUyMCUyMCUyMCUyMHRleHRjb2xvciUzQSUyMCUyNyUyMzJjMmMyYyUyNyUyQyUwQSUyMCUyMCUyMCUyMGJ1dHRvbmNvbG9yJTNBJTIwJTI3JTIzMTA4ZGJkJTI3JTJDJTBBJTIwJTIwJTIwJTIwaWNvbmNvbG9yJTNBJTIwJTI3JTIzODg4ODg4JTI3JTJDJTBBJTIwJTIwJTIwJTIwYm9yZGVyY29sb3IlM0ElMjAlMjclMjMxMDhkYmQlMjclMkMlMEElMjAlMjAlMjAlMjBsYW5nJTNBJTIwJTI3JTI3JTJDJTBBJTIwJTIwJTIwJTIwZmFpbGJhY2tfbGFuZyUzQSUyMCUyN2VuJTI3JTJDJTBBJTIwJTIwJTIwJTIwd2Jnb29nbGUlM0ElMjAxJTJDJTBBJTIwJTIwJTIwJTIwZGVmYXVsdF9uaWdodHMlM0ElMjAxJTJDJTBBJTIwJTIwJTIwJTIwZGNvZGV2YWwlM0ElMjAlMjclMjclMEElMjAlMjAlN0QlM0IlMEElMjAlMjBXdUJvb2suZGVzaWduX3J3aWRnZXQlMjglMjJfd2JvcmRfJTIyJTJDJTIwd2JwYXJhbXMlMjklM0IlMEElM0MlMkZzY3JpcHQlM0UlMEElM0MlMjEtLSUwQSUyMCUyMCUyMCUyMHRoYXQlMjdzJTIwYWxsJTIwJTNBJTI5JTBBJTIwJTIwJTIwJTIwVGhhbmslMjB5b3UlMjBmb3IlMjB1c2luZyUyMFd1Qm9vayUyMSUwQS0tJTNF[\/vc_raw_html][\/vc_column][\/vc_row][vc_row][vc_column][vc_column_text] SPLO\u0160NI POGOJI Pravna oseba, ki upravlja internetno stran ter nudi namestitve: TISA d.o.o. &#8211; Podru\u017enica Savudrija, Ravna dolina 121B, 52475 Savudrija, Hrvatska, VAT ID: HR75045924385 Check-in:\u00a016:00 &#8211; 21:00 \/\u00a0Check-out:\u00a08:00 &#8211; 10:00 Rezervacije\u00a0so mo\u017ene le ob pla\u010dilu celotnega zneska najema. Odpoved rezervacije:\u00a0V primeru odpovedi rezervacije do vklju\u010dno 8 dni pred za\u010detkom doti\u010dnega termina nudimo 100% vra\u010dilo vrednosti rezervacije, za odpoved 7-3 dni pred za\u010detnim terminom pa vrnemo 70% vrednosti. V primeru odpovedi rezervacije 2 &#8211; 1 dan pred za\u010detkom rezerviranega termina vra\u010dila ne [&hellip;]<\/p>\n","protected":false},"author":2,"featured_media":0,"parent":0,"menu_order":3,"comment_status":"closed","ping_status":"closed","template":"","meta":[],"_links":{"self":[{"href":"https:\/\/www.tisa.si\/tisa-homes\/wp-json\/wp\/v2\/pages\/222"}],"collection":[{"href":"https:\/\/www.tisa.si\/tisa-homes\/wp-json\/wp\/v2\/pages"}],"about":[{"href":"https:\/\/www.tisa.si\/tisa-homes\/wp-json\/wp\/v2\/types\/page"}],"author":[{"embeddable":true,"href":"https:\/\/www.tisa.si\/tisa-homes\/wp-json\/wp\/v2\/users\/2"}],"replies":[{"embeddable":true,"href":"https:\/\/www.tisa.si\/tisa-homes\/wp-json\/wp\/v2\/comments?post=222"}],"version-history":[{"count":4,"href":"https:\/\/www.tisa.si\/tisa-homes\/wp-json\/wp\/v2\/pages\/222\/revisions"}],"predecessor-version":[{"id":2819,"href":"https:\/\/www.tisa.si\/tisa-homes\/wp-json\/wp\/v2\/pages\/222\/revisions\/2819"}],"wp:attachment":[{"href":"https:\/\/www.tisa.si\/tisa-homes\/wp-json\/wp\/v2\/media?parent=222"}],"curies":[{"name":"wp","href":"https:\/\/api.w.org\/{rel}","templated":true}]}}