{"id":283,"date":"2022-11-25T13:23:33","date_gmt":"2022-11-25T12:23:33","guid":{"rendered":"https:\/\/www.tisa.si\/tisa-homes\/apartmaji-2\/"},"modified":"2024-02-29T09:18:34","modified_gmt":"2024-02-29T08:18:34","slug":"apartma-a1","status":"publish","type":"page","link":"https:\/\/www.tisa.si\/tisa-homes\/apartmaji\/apartma-a1\/","title":{"rendered":"Apartma A1"},"content":{"rendered":"<p>[vc_row full_width=&#8221;stretch_row_content_no_spaces&#8221;][vc_column]\t\t\r\n\t\t<div class=\"title-container \">\r\n\t\t\t<div class=\"container\">\r\n\t\t\t\t<h1>Apartma A1<\/h1>\r\n\t\t\t\t<div class=\"breadcrumbs-container\">\r\n\t\t\t\t\t<div class=\"breadcrumbs\">\r\n\t\t\t\t\t\t\n\t<ul class=\"ns-breadcrumbs\">\n\t\t\t<li><a href=\"https:\/\/www.tisa.si\/tisa-homes\/\">Domov<\/a><\/li>\n\t\t\t\t\t<li><a href=\"https:\/\/www.tisa.si\/tisa-homes\/apartmaji\/\">Apartmaji<\/a><\/li>\n\t\t\t\t<li>Apartma A1<\/li>\n\t<\/ul>\n\t\n\t\t\t\t\t\t\t<div class=\"clearfix\"><\/div>\r\n\t\t\t\t\t<\/div>\r\n\t\t\t\t<\/div>\r\n\t\t\t<\/div>\r\n\t\t<\/div>\r\n\r\n\t\t[\/vc_column][\/vc_row][vc_row css=&#8221;.vc_custom_1671107277079{margin-top: 50px !important;margin-bottom: 50px !important;}&#8221; el_class=&#8221;sp-intro-apartma&#8221;][vc_column width=&#8221;1\/2&#8243;][vc_column_text]<\/p>\n<ul>\n<li><span data-contrast=\"auto\"><b>Velikost hi\u0161e:\u00a0<\/b><span data-contrast=\"auto\">45 m<\/span><span data-contrast=\"auto\"><span data-fontsize=\"11\">2<\/span><\/span><\/span><\/li>\n<li><span data-contrast=\"auto\">Hi\u0161a je primerna za 4 osebe.<\/span><\/li>\n<li><span data-contrast=\"auto\">Ima eno zakonsko posteljo, eno samostojno le\u017ei\u0161\u010de ter raztegljiv kav\u010d.<\/span><\/li>\n<li><span data-contrast=\"auto\">Udobne postelje: 9,5 &#8211; na podlagi ocen obiskovalcev.<\/span><\/li>\n<\/ul>\n<p>[\/vc_column_text]\t\t\n\t\t<a href=\"https:\/\/www.tisa.si\/tisa-homes\/rezervacija\/\" target=\"\" class=\"btn  btn-default btn-sm \" id=\"\">Rezervirajte termin<\/a>\n\n\t\t[\/vc_column][vc_column width=&#8221;1\/2&#8243;][vc_single_image image=&#8221;2201&#8243; img_size=&#8221;700&#215;440&#8243; css=&#8221;.vc_custom_1709194705838{margin-bottom: 0px !important;}&#8221;][\/vc_column][\/vc_row][vc_row full_width=&#8221;stretch_row&#8221; css=&#8221;.vc_custom_1671106894316{background-color: #fbf4ec !important;}&#8221; el_class=&#8221;sp-apartma&#8221;][vc_column width=&#8221;1\/4&#8243;][vc_column_text]<\/p>\n<h3><span data-contrast=\"auto\">Hi\u0161a z 1 spalnico<\/span><\/h3>\n<p>[\/vc_column_text][vc_column_text]<\/p>\n<ul>\n<li>Celotna po\u010ditni\u0161ka hi\u0161ka<\/li>\n<li>Zasebna kuhinja<\/li>\n<li>Lastna kopalnica<\/li>\n<li>Balkon<\/li>\n<li>Pogled na vrt<\/li>\n<li>Klimatska naprava<\/li>\n<li>Veranda<\/li>\n<li>TV z ravnim zaslonom<\/li>\n<li>Terasa<\/li>\n<li>Brezpla\u010den\u00a0WiFi<\/li>\n<\/ul>\n<p>[\/vc_column_text][\/vc_column][vc_column width=&#8221;1\/2&#8243;][vc_column_text]<\/p>\n<h3><span data-contrast=\"auto\">Oprema v hi\u0161i<\/span><\/h3>\n<p>[\/vc_column_text][vc_row_inner][vc_column_inner width=&#8221;1\/2&#8243;][vc_column_text]<\/p>\n<ul>\n<li><span data-contrast=\"auto\">Posteljnina<\/span><\/li>\n<li><span data-contrast=\"auto\">Garderoba ali omara<\/span><\/li>\n<li><span data-contrast=\"auto\">Otro\u0161ko varovalo vti\u010dnic<\/span><\/li>\n<li><span data-contrast=\"auto\">Klimatska naprava<\/span><\/li>\n<li><span data-contrast=\"auto\">Marmorna tla \/ plo\u0161\u010dice<\/span><\/li>\n<li><span data-contrast=\"auto\">Zaseben vhod<\/span><\/li>\n<li><span data-contrast=\"auto\">Ogrevanje<\/span><\/li>\n<li><span data-contrast=\"auto\">Kuhinjska posoda<\/span><\/li>\n<\/ul>\n<p>[\/vc_column_text][\/vc_column_inner][vc_column_inner width=&#8221;1\/2&#8243;][vc_column_text]<\/p>\n<ul>\n<li><span data-contrast=\"auto\">Kuhinja<\/span><\/li>\n<li><span data-contrast=\"auto\">TV z ravnim zaslonom<\/span><\/li>\n<li><span data-contrast=\"auto\">Balkon<\/span><\/li>\n<li><span data-contrast=\"auto\">Terasa<\/span><\/li>\n<li><span data-contrast=\"auto\">Veranda<\/span><\/li>\n<li><span data-contrast=\"auto\">Vti\u010dnica ob postelji<\/span><\/li>\n<li><span data-contrast=\"auto\">Stojalo za su\u0161enje perila<\/span><\/li>\n<li><span data-contrast=\"auto\">Raztegljiv kav\u010d<\/span><\/li>\n<\/ul>\n<p>[\/vc_column_text][\/vc_column_inner][\/vc_row_inner][\/vc_column][vc_column width=&#8221;1\/4&#8243;][vc_column_text]<\/p>\n<h3><span data-contrast=\"auto\">V va\u0161i zasebni kopalnici<\/span><\/h3>\n<p>[\/vc_column_text][vc_column_text]<\/p>\n<ul>\n<li><span data-contrast=\"auto\">WC<\/span><\/li>\n<li><span data-contrast=\"auto\">Kad ali prha<\/span><\/li>\n<li><span data-contrast=\"auto\">Brisa\u010de<\/span><\/li>\n<li><span data-contrast=\"auto\">Su\u0161ilec za lase<\/span><\/li>\n<li><span data-contrast=\"auto\">Toaletni papir<\/span><\/li>\n<\/ul>\n<p>[\/vc_column_text][vc_column_text]<\/p>\n<h3><span data-contrast=\"auto\">Razgled<\/span><\/h3>\n<ul>\n<li><span data-contrast=\"auto\">Pogled na vrt<\/span><\/li>\n<\/ul>\n<p>[\/vc_column_text][vc_column_text el_class=&#8221;forbidden&#8221;]<\/p>\n<h3><\/h3>\n<h3><span data-contrast=\"auto\">Kajenje<\/span><\/h3>\n<ul>\n<li><span data-contrast=\"auto\">Kajenje prepovedano<\/span><\/li>\n<\/ul>\n<p>[\/vc_column_text][\/vc_column][\/vc_row][vc_row][vc_column][vc_column_text]<\/p>\n<h3 style=\"text-align: center;\">Galerija slik &#8211; Apartma A1<\/h3>\n<p>[\/vc_column_text]\n\t\t<script type=\"text\/javascript\">\n\t\t\tjQuery( document ).ready(function() {\n\t\t\t\tdocument.getElementById('1669381230857-5dd73938-5544').onclick = function (event) {\n\t\t\t\tevent = event || window.event;\n\t\t\t\tvar target = event.target || event.srcElement,\n\t\t\t\t\tlink = target.src ? target.parentNode : target,\n\t\t\t\t\toptions = {index: link, event: event},\n\t\t\t\t\tlinks = this.getElementsByTagName('a');\n\t\t\t\tblueimp.Gallery(links, options);\n\t\t\t\t};\n\t\t\t});\n\t\t<\/script>\n\n\t\t<div class=\"ns-gallery-section\">\n\t\t\t<div id=\"1669381230857-5dd73938-5544\" class=\"ns-gallery nsg-p15\">\n\t\t\t\t\t\t\t\t\t<div class=\"nsg-gitem nsg-c4\">\n\t\t\t\t\t\t<a href=\"https:\/\/www.tisa.si\/tisa-homes\/wp-content\/uploads\/2024\/02\/1000016817.jpg\" class=\"nsg-img-container nsg-r4-3\" title=\"\">\n\t\t\t\t\t\t\t<img class=\"nsg-img\" src=\"https:\/\/www.tisa.si\/tisa-homes\/slir\/w368\/wp-content\/uploads\/2024\/02\/1000016817.jpg\">\n\t\t\t\t\t\t<\/a>\n\t\t\t\t\t\t<span class=\"nsg-img-title\"><\/span>\n\t\t\t\t\t<\/div>\n\t\t\t\t\t\t\t\t\t<div class=\"nsg-gitem nsg-c4\">\n\t\t\t\t\t\t<a href=\"https:\/\/www.tisa.si\/tisa-homes\/wp-content\/uploads\/2024\/02\/1000016815.jpg\" class=\"nsg-img-container nsg-r4-3\" title=\"\">\n\t\t\t\t\t\t\t<img class=\"nsg-img\" src=\"https:\/\/www.tisa.si\/tisa-homes\/slir\/w368\/wp-content\/uploads\/2024\/02\/1000016815.jpg\">\n\t\t\t\t\t\t<\/a>\n\t\t\t\t\t\t<span class=\"nsg-img-title\"><\/span>\n\t\t\t\t\t<\/div>\n\t\t\t\t\t\t\t\t\t<div class=\"nsg-gitem nsg-c4\">\n\t\t\t\t\t\t<a href=\"https:\/\/www.tisa.si\/tisa-homes\/wp-content\/uploads\/2024\/02\/1000016814.jpg\" class=\"nsg-img-container nsg-r4-3\" title=\"\">\n\t\t\t\t\t\t\t<img class=\"nsg-img\" src=\"https:\/\/www.tisa.si\/tisa-homes\/slir\/w368\/wp-content\/uploads\/2024\/02\/1000016814.jpg\">\n\t\t\t\t\t\t<\/a>\n\t\t\t\t\t\t<span class=\"nsg-img-title\"><\/span>\n\t\t\t\t\t<\/div>\n\t\t\t\t\t\t\t\t\t<div class=\"nsg-gitem nsg-c4\">\n\t\t\t\t\t\t<a href=\"https:\/\/www.tisa.si\/tisa-homes\/wp-content\/uploads\/2024\/02\/1000016808.jpg\" class=\"nsg-img-container nsg-r4-3\" title=\"\">\n\t\t\t\t\t\t\t<img class=\"nsg-img\" src=\"https:\/\/www.tisa.si\/tisa-homes\/slir\/w368\/wp-content\/uploads\/2024\/02\/1000016808.jpg\">\n\t\t\t\t\t\t<\/a>\n\t\t\t\t\t\t<span class=\"nsg-img-title\"><\/span>\n\t\t\t\t\t<\/div>\n\t\t\t\t\t\t\t\t\t<div class=\"nsg-gitem nsg-c4\">\n\t\t\t\t\t\t<a href=\"https:\/\/www.tisa.si\/tisa-homes\/wp-content\/uploads\/2024\/02\/1000016807.jpg\" class=\"nsg-img-container nsg-r4-3\" title=\"\">\n\t\t\t\t\t\t\t<img class=\"nsg-img\" src=\"https:\/\/www.tisa.si\/tisa-homes\/slir\/w368\/wp-content\/uploads\/2024\/02\/1000016807.jpg\">\n\t\t\t\t\t\t<\/a>\n\t\t\t\t\t\t<span class=\"nsg-img-title\"><\/span>\n\t\t\t\t\t<\/div>\n\t\t\t\t\t\t\t<\/div>\n\t\t<\/div>\n\n\t\t[\/vc_column][\/vc_row]<\/p>\n","protected":false},"excerpt":{"rendered":"<p>[vc_row full_width=&#8221;stretch_row_content_no_spaces&#8221;][vc_column][\/vc_column][\/vc_row][vc_row css=&#8221;.vc_custom_1671107277079{margin-top: 50px !important;margin-bottom: 50px !important;}&#8221; el_class=&#8221;sp-intro-apartma&#8221;][vc_column width=&#8221;1\/2&#8243;][vc_column_text] Velikost hi\u0161e:\u00a045 m2 Hi\u0161a je primerna za 4 osebe. Ima eno zakonsko posteljo, eno samostojno le\u017ei\u0161\u010de ter raztegljiv kav\u010d. Udobne postelje: 9,5 &#8211; na podlagi ocen obiskovalcev. [\/vc_column_text][\/vc_column][vc_column width=&#8221;1\/2&#8243;][vc_single_image image=&#8221;2201&#8243; img_size=&#8221;700&#215;440&#8243; css=&#8221;.vc_custom_1709194705838{margin-bottom: 0px !important;}&#8221;][\/vc_column][\/vc_row][vc_row full_width=&#8221;stretch_row&#8221; css=&#8221;.vc_custom_1671106894316{background-color: #fbf4ec !important;}&#8221; el_class=&#8221;sp-apartma&#8221;][vc_column width=&#8221;1\/4&#8243;][vc_column_text] Hi\u0161a z 1 spalnico [\/vc_column_text][vc_column_text] Celotna po\u010ditni\u0161ka hi\u0161ka Zasebna kuhinja Lastna kopalnica Balkon Pogled na vrt Klimatska naprava Veranda TV z ravnim zaslonom Terasa Brezpla\u010den\u00a0WiFi [\/vc_column_text][\/vc_column][vc_column width=&#8221;1\/2&#8243;][vc_column_text] Oprema v hi\u0161i [\/vc_column_text][vc_row_inner][vc_column_inner width=&#8221;1\/2&#8243;][vc_column_text] Posteljnina Garderoba ali omara Otro\u0161ko varovalo vti\u010dnic Klimatska naprava Marmorna tla \/ plo\u0161\u010dice Zaseben vhod Ogrevanje Kuhinjska posoda [\/vc_column_text][\/vc_column_inner][vc_column_inner width=&#8221;1\/2&#8243;][vc_column_text] Kuhinja TV z ravnim zaslonom Balkon Terasa Veranda Vti\u010dnica ob postelji Stojalo za su\u0161enje perila Raztegljiv kav\u010d [\/vc_column_text][\/vc_column_inner][\/vc_row_inner][\/vc_column][vc_column width=&#8221;1\/4&#8243;][vc_column_text] [&hellip;]<\/p>\n","protected":false},"author":2,"featured_media":2201,"parent":20,"menu_order":0,"comment_status":"closed","ping_status":"closed","template":"","meta":[],"_links":{"self":[{"href":"https:\/\/www.tisa.si\/tisa-homes\/wp-json\/wp\/v2\/pages\/283"}],"collection":[{"href":"https:\/\/www.tisa.si\/tisa-homes\/wp-json\/wp\/v2\/pages"}],"about":[{"href":"https:\/\/www.tisa.si\/tisa-homes\/wp-json\/wp\/v2\/types\/page"}],"author":[{"embeddable":true,"href":"https:\/\/www.tisa.si\/tisa-homes\/wp-json\/wp\/v2\/users\/2"}],"replies":[{"embeddable":true,"href":"https:\/\/www.tisa.si\/tisa-homes\/wp-json\/wp\/v2\/comments?post=283"}],"version-history":[{"count":0,"href":"https:\/\/www.tisa.si\/tisa-homes\/wp-json\/wp\/v2\/pages\/283\/revisions"}],"up":[{"embeddable":true,"href":"https:\/\/www.tisa.si\/tisa-homes\/wp-json\/wp\/v2\/pages\/20"}],"wp:featuredmedia":[{"embeddable":true,"href":"https:\/\/www.tisa.si\/tisa-homes\/wp-json\/wp\/v2\/media\/2201"}],"wp:attachment":[{"href":"https:\/\/www.tisa.si\/tisa-homes\/wp-json\/wp\/v2\/media?parent=283"}],"curies":[{"name":"wp","href":"https:\/\/api.w.org\/{rel}","templated":true}]}}