{"id":452,"date":"2022-12-15T08:04:40","date_gmt":"2022-12-15T07:04:40","guid":{"rendered":"https:\/\/www.tisa.si\/tisa-homes\/piskotki-2\/"},"modified":"2022-12-15T08:06:19","modified_gmt":"2022-12-15T07:06:19","slug":"avtorji","status":"publish","type":"page","link":"https:\/\/www.tisa.si\/tisa-homes\/avtorji\/","title":{"rendered":"Avtorji"},"content":{"rendered":"<p>[vc_row full_width=&#8221;stretch_row_content_no_spaces&#8221;][vc_column]\t\t\r\n\t\t<div class=\"title-container \">\r\n\t\t\t<div class=\"container\">\r\n\t\t\t\t<h1>Avtorji<\/h1>\r\n\t\t\t\t<div class=\"breadcrumbs-container\">\r\n\t\t\t\t\t<div class=\"breadcrumbs\">\r\n\t\t\t\t\t\t\n\t<ul class=\"ns-breadcrumbs\">\n\t\t\t<li><a href=\"https:\/\/www.tisa.si\/tisa-homes\/\">Domov<\/a><\/li>\n\t\t\t\t<li>Avtorji<\/li>\n\t<\/ul>\n\t\n\t\t\t\t\t\t\t<div class=\"clearfix\"><\/div>\r\n\t\t\t\t\t<\/div>\r\n\t\t\t\t<\/div>\r\n\t\t\t<\/div>\r\n\t\t<\/div>\r\n\r\n\t\t[\/vc_column][\/vc_row][vc_row][vc_column][vc_column_text]<\/p>\n<h2>Vsebina spletne strani<\/h2>\n<p>Besedila in\u00a0slikovno gradivo\u00a0na spletni strani so pripravili v podjetju <strong>Tisa Homes<\/strong>.<\/p>\n<h2>Izdelava in oblikovanje spletne strani<\/h2>\n<p>Pri postavitvi spletne strani je\u00a0<strong>digitalna agencija\u00a0<span style=\"color: #f56702;\">novi<\/span>Splet\u00a0<\/strong>poskrbela za:<\/p>\n<ul>\n<li>na\u010drtovanje uporabni\u0161ke izku\u0161nje,<\/li>\n<li>spletno oblikovanje,<\/li>\n<li>tehni\u010dno izvedbo,<\/li>\n<li>izvedbo celotnega projekta.<\/li>\n<\/ul>\n<p><a href=\"https:\/\/www.novisplet.com\/izdelava-spletnih-strani\" target=\"_blank\">Izdelava spletnih strani<\/a>\u00a0je\u00a0glavna\u00a0dejavnost digitalne agencije noviSplet, ki s celovitimi spletnimi re\u0161itvami podjetjem na spletu pove\u010duje prodajo in ugled.<\/p>\n<p>Ve\u010d na <strong><a href=\"https:\/\/www.novisplet.com\/\" target=\"_blank\">www.novisplet.com<\/a><\/strong>[\/vc_column_text][\/vc_column][\/vc_row]<\/p>\n","protected":false},"excerpt":{"rendered":"<p>[vc_row full_width=&#8221;stretch_row_content_no_spaces&#8221;][vc_column][\/vc_column][\/vc_row][vc_row][vc_column][vc_column_text] Vsebina spletne strani Besedila in\u00a0slikovno gradivo\u00a0na spletni strani so pripravili v podjetju Tisa Homes. Izdelava in oblikovanje spletne strani Pri postavitvi spletne strani je\u00a0digitalna agencija\u00a0noviSplet\u00a0poskrbela za: na\u010drtovanje uporabni\u0161ke izku\u0161nje, spletno oblikovanje, tehni\u010dno izvedbo, izvedbo celotnega projekta. Izdelava spletnih strani\u00a0je\u00a0glavna\u00a0dejavnost digitalne agencije noviSplet, ki s celovitimi spletnimi re\u0161itvami podjetjem na spletu pove\u010duje prodajo in ugled. Ve\u010d na www.novisplet.com[\/vc_column_text][\/vc_column][\/vc_row]<\/p>\n","protected":false},"author":2,"featured_media":0,"parent":0,"menu_order":7,"comment_status":"closed","ping_status":"closed","template":"","meta":[],"_links":{"self":[{"href":"https:\/\/www.tisa.si\/tisa-homes\/wp-json\/wp\/v2\/pages\/452"}],"collection":[{"href":"https:\/\/www.tisa.si\/tisa-homes\/wp-json\/wp\/v2\/pages"}],"about":[{"href":"https:\/\/www.tisa.si\/tisa-homes\/wp-json\/wp\/v2\/types\/page"}],"author":[{"embeddable":true,"href":"https:\/\/www.tisa.si\/tisa-homes\/wp-json\/wp\/v2\/users\/2"}],"replies":[{"embeddable":true,"href":"https:\/\/www.tisa.si\/tisa-homes\/wp-json\/wp\/v2\/comments?post=452"}],"version-history":[{"count":0,"href":"https:\/\/www.tisa.si\/tisa-homes\/wp-json\/wp\/v2\/pages\/452\/revisions"}],"wp:attachment":[{"href":"https:\/\/www.tisa.si\/tisa-homes\/wp-json\/wp\/v2\/media?parent=452"}],"curies":[{"name":"wp","href":"https:\/\/api.w.org\/{rel}","templated":true}]}}