{"id":5,"date":"2016-10-18T08:51:57","date_gmt":"2016-10-18T08:51:57","guid":{"rendered":"https:\/\/www.tisa.si\/tisa-homes\/?page_id=5"},"modified":"2024-04-26T13:23:34","modified_gmt":"2024-04-26T11:23:34","slug":"domov","status":"publish","type":"page","link":"https:\/\/www.tisa.si\/tisa-homes\/","title":{"rendered":"Domov"},"content":{"rendered":"<p>[vc_row full_width=&#8221;stretch_row&#8221; imgs=&#8221;523&#8243; el_class=&#8221;main-banner&#8221;][vc_column][vc_row_inner][vc_column_inner offset=&#8221;vc_col-lg-7 vc_col-md-8&#8243;][vc_column_text el_class=&#8221;slider-title&#8221;]<\/p>\n<h1>Po\u010ditni\u0161ke hi\u0161e v<br \/>\nSavudriji<\/h1>\n<p>V bli\u017eini znamenitega savudrijskega svetilnika, le minuto hoje od pla\u017ee, se nahaja po\u010ditni\u0161ko naselje Tisa homes.[\/vc_column_text]\t\t\n\t\t<a href=\"https:\/\/www.tisa.si\/tisa-homes\/apartmaji\/\" target=\"\" class=\"btn  btn-primary btn-lg \" id=\"\">Preberite ve\u010d<\/a>\n\n\t\t[\/vc_column_inner][vc_column_inner offset=&#8221;vc_col-lg-5 vc_col-md-4&#8243;][\/vc_column_inner][\/vc_row_inner][\/vc_column][\/vc_row][vc_row css=&#8221;.vc_custom_1671037369721{margin-bottom: 65px !important;}&#8221; el_class=&#8221;hsec1&#8243;][vc_column width=&#8221;1\/2&#8243;][vc_column_text]<\/p>\n<h2>Tisa Homes &#8211; po\u010ditni\u0161ko naselje v Savudriji<\/h2>\n<p>Na voljo je 6 samostojnih hi\u0161, ki so primerne za nastanitev dru\u017eine ali 3 \u2013 4 odraslih oseb. Vse enote nudijo kuhinjo z jedilnico, verando, klimatsko napravo, TV z ravnim zaslonom ter zasebno kopalnico s prho.<\/p>\n<p>Balkoni s pogledom na skupen vrt z igri\u0161\u010dem za badminton ter namiznim tenisom pa bodo star\u0161em zagotavljali brezskrbnost med igro otrok.[\/vc_column_text]\t\t\n\t\t<a href=\"https:\/\/www.tisa.si\/tisa-homes\/rezervacija\/\" target=\"\" class=\"btn  btn-default btn-sm \" id=\"\">Rezervirajte termin<\/a>\n\n\t\t[\/vc_column][vc_column width=&#8221;1\/2&#8243;][vc_single_image image=&#8221;226&#8243; img_size=&#8221;700&#215;440&#8243; css=&#8221;.vc_custom_1669379281585{margin-top: 35px !important;margin-bottom: 0px !important;}&#8221;][\/vc_column][\/vc_row][vc_row full_width=&#8221;stretch_row&#8221; css=&#8221;.vc_custom_1671040201230{background-color: #fbf4ec !important;}&#8221; el_class=&#8221;hsec2&#8243;][vc_column width=&#8221;1\/3&#8243;][vc_column_text]<\/p>\n<h3>Nastanitvene komoditete<\/h3>\n<p>[\/vc_column_text][vc_separator color=&#8221;custom&#8221; align=&#8221;align_left&#8221; accent_color=&#8221;#c8c8c8&#8243; css=&#8221;.vc_custom_1669373932686{margin-top: 20px !important;margin-bottom: 20px !important;}&#8221;]\t\t\n\t\t<div class=\"ns-cwi-container  \">\n\t\t\t<div class=\"ns-cwi-icon\">\n\t\t\t\t<div class=\"ns-cwi-icon-inner\">\n\t\t\t\t\t<img src=\"https:\/\/www.tisa.si\/tisa-homes\/wp-content\/uploads\/2016\/10\/icon-parkiranje.png\">\n\t\t\t\t<\/div>\n\t\t\t<\/div>\n\t\t\t<div class=\"ns-cwi-content\">\n\t\t\t\t<div class=\"ns-cwi-content_inner\">\n\t\t\t\t\tBrezpla\u010dno parkirno mesto<br \/>\n(potrebna je rezervacija)\t\t\t\t<\/div>\n\t\t\t<\/div>\n\t\t<\/div>\n\n\t\t[vc_separator color=&#8221;custom&#8221; align=&#8221;align_left&#8221; accent_color=&#8221;#c8c8c8&#8243; css=&#8221;.vc_custom_1669373932686{margin-top: 20px !important;margin-bottom: 20px !important;}&#8221;]\t\t\n\t\t<div class=\"ns-cwi-container  \">\n\t\t\t<div class=\"ns-cwi-icon\">\n\t\t\t\t<div class=\"ns-cwi-icon-inner\">\n\t\t\t\t\t<img src=\"https:\/\/www.tisa.si\/tisa-homes\/wp-content\/uploads\/2016\/10\/icon-tv.png\">\n\t\t\t\t<\/div>\n\t\t\t<\/div>\n\t\t\t<div class=\"ns-cwi-content\">\n\t\t\t\t<div class=\"ns-cwi-content_inner\">\n\t\t\t\t\tTV\t\t\t\t<\/div>\n\t\t\t<\/div>\n\t\t<\/div>\n\n\t\t[vc_separator color=&#8221;custom&#8221; align=&#8221;align_left&#8221; accent_color=&#8221;#c8c8c8&#8243; css=&#8221;.vc_custom_1669373938116{margin-top: 20px !important;margin-bottom: 20px !important;}&#8221;]\t\t\n\t\t<div class=\"ns-cwi-container  \">\n\t\t\t<div class=\"ns-cwi-icon\">\n\t\t\t\t<div class=\"ns-cwi-icon-inner\">\n\t\t\t\t\t<img src=\"https:\/\/www.tisa.si\/tisa-homes\/wp-content\/uploads\/2016\/10\/icon-wifi-1.png\">\n\t\t\t\t<\/div>\n\t\t\t<\/div>\n\t\t\t<div class=\"ns-cwi-content\">\n\t\t\t\t<div class=\"ns-cwi-content_inner\">\n\t\t\t\t\tBrezpla\u010den Wi-Fi\t\t\t\t<\/div>\n\t\t\t<\/div>\n\t\t<\/div>\n\n\t\t[vc_separator color=&#8221;custom&#8221; align=&#8221;align_left&#8221; accent_color=&#8221;#c8c8c8&#8243; css=&#8221;.vc_custom_1669373942909{margin-top: 20px !important;margin-bottom: 20px !important;}&#8221;]\t\t\n\t\t<div class=\"ns-cwi-container  \">\n\t\t\t<div class=\"ns-cwi-icon\">\n\t\t\t\t<div class=\"ns-cwi-icon-inner\">\n\t\t\t\t\t<img src=\"https:\/\/www.tisa.si\/tisa-homes\/wp-content\/uploads\/2016\/10\/icon-vhod-1.png\">\n\t\t\t\t<\/div>\n\t\t\t<\/div>\n\t\t\t<div class=\"ns-cwi-content\">\n\t\t\t\t<div class=\"ns-cwi-content_inner\">\n\t\t\t\t\tZaseben vhod\t\t\t\t<\/div>\n\t\t\t<\/div>\n\t\t<\/div>\n\n\t\t[vc_separator color=&#8221;custom&#8221; align=&#8221;align_left&#8221; accent_color=&#8221;#c8c8c8&#8243; css=&#8221;.vc_custom_1669373947927{margin-top: 20px !important;margin-bottom: 20px !important;}&#8221;]\t\t\n\t\t<div class=\"ns-cwi-container  \">\n\t\t\t<div class=\"ns-cwi-icon\">\n\t\t\t\t<div class=\"ns-cwi-icon-inner\">\n\t\t\t\t\t<img src=\"https:\/\/www.tisa.si\/tisa-homes\/wp-content\/uploads\/2016\/10\/icon-babybed.png\">\n\t\t\t\t<\/div>\n\t\t\t<\/div>\n\t\t\t<div class=\"ns-cwi-content\">\n\t\t\t\t<div class=\"ns-cwi-content_inner\">\n\t\t\t\t\tOtro\u0161ka posteljica<br \/>\n(ob predhodnem dogovoru, brezpla\u010dno)\t\t\t\t<\/div>\n\t\t\t<\/div>\n\t\t<\/div>\n\n\t\t[vc_separator color=&#8221;custom&#8221; align=&#8221;align_left&#8221; accent_color=&#8221;#c8c8c8&#8243; css=&#8221;.vc_custom_1669373953308{margin-top: 20px !important;margin-bottom: 20px !important;}&#8221;]\t\t\n\t\t<div class=\"ns-cwi-container  \">\n\t\t\t<div class=\"ns-cwi-icon\">\n\t\t\t\t<div class=\"ns-cwi-icon-inner\">\n\t\t\t\t\t<img src=\"https:\/\/www.tisa.si\/tisa-homes\/wp-content\/uploads\/2016\/10\/icon-utilities.png\">\n\t\t\t\t<\/div>\n\t\t\t<\/div>\n\t\t\t<div class=\"ns-cwi-content\">\n\t\t\t\t<div class=\"ns-cwi-content_inner\">\n\t\t\t\t\tBrisa\u010de, posteljnina, garderobne omare,<br \/>\nstojalo za su\u0161enje oblek, su\u0161ilec za lase,<br \/>\nkuhinjska posoda\t\t\t\t<\/div>\n\t\t\t<\/div>\n\t\t<\/div>\n\n\t\t[\/vc_column][vc_column width=&#8221;1\/3&#8243;][vc_column_text]<\/p>\n<h3>Priljubljene interesne to\u010dke v bli\u017eini<\/h3>\n<p>[\/vc_column_text][vc_separator color=&#8221;custom&#8221; align=&#8221;align_left&#8221; accent_color=&#8221;#c8c8c8&#8243; css=&#8221;.vc_custom_1669373932686{margin-top: 20px !important;margin-bottom: 20px !important;}&#8221;]\t\t\n\t\t<div class=\"ns-cwi-container  \">\n\t\t\t<div class=\"ns-cwi-icon\">\n\t\t\t\t<div class=\"ns-cwi-icon-inner\">\n\t\t\t\t\t<img src=\"https:\/\/www.tisa.si\/tisa-homes\/wp-content\/uploads\/2016\/10\/icon-plaza.png\">\n\t\t\t\t<\/div>\n\t\t\t<\/div>\n\t\t\t<div class=\"ns-cwi-content\">\n\t\t\t\t<div class=\"ns-cwi-content_inner\">\n\t\t\t\t\tPla\u017ea Veliki Jo\u017ee (600 m)<br \/>\nPla\u017ea Pineta (1,1 km)\t\t\t\t<\/div>\n\t\t\t<\/div>\n\t\t<\/div>\n\n\t\t[vc_separator color=&#8221;custom&#8221; align=&#8221;align_left&#8221; accent_color=&#8221;#c8c8c8&#8243; css=&#8221;.vc_custom_1669373932686{margin-top: 20px !important;margin-bottom: 20px !important;}&#8221;]\t\t\n\t\t<div class=\"ns-cwi-container  \">\n\t\t\t<div class=\"ns-cwi-icon\">\n\t\t\t\t<div class=\"ns-cwi-icon-inner\">\n\t\t\t\t\t<img src=\"https:\/\/www.tisa.si\/tisa-homes\/wp-content\/uploads\/2016\/10\/icon-pristavisce.png\">\n\t\t\t\t<\/div>\n\t\t\t<\/div>\n\t\t\t<div class=\"ns-cwi-content\">\n\t\t\t\t<div class=\"ns-cwi-content_inner\">\n\t\t\t\t\tPristani\u0161e Savudrija\t\t\t\t<\/div>\n\t\t\t<\/div>\n\t\t<\/div>\n\n\t\t[vc_separator color=&#8221;custom&#8221; align=&#8221;align_left&#8221; accent_color=&#8221;#c8c8c8&#8243; css=&#8221;.vc_custom_1669373932686{margin-top: 20px !important;margin-bottom: 20px !important;}&#8221;]\t\t\n\t\t<div class=\"ns-cwi-container  \">\n\t\t\t<div class=\"ns-cwi-icon\">\n\t\t\t\t<div class=\"ns-cwi-icon-inner\">\n\t\t\t\t\t<img src=\"https:\/\/www.tisa.si\/tisa-homes\/wp-content\/uploads\/2016\/10\/icon-svetilnik.png\">\n\t\t\t\t<\/div>\n\t\t\t<\/div>\n\t\t\t<div class=\"ns-cwi-content\">\n\t\t\t\t<div class=\"ns-cwi-content_inner\">\n\t\t\t\t\tSavudrijski svetilnik (800 m)\t\t\t\t<\/div>\n\t\t\t<\/div>\n\t\t<\/div>\n\n\t\t[vc_separator color=&#8221;custom&#8221; align=&#8221;align_left&#8221; accent_color=&#8221;#c8c8c8&#8243; css=&#8221;.vc_custom_1669373932686{margin-top: 20px !important;margin-bottom: 20px !important;}&#8221;]\t\t\n\t\t<div class=\"ns-cwi-container  \">\n\t\t\t<div class=\"ns-cwi-icon\">\n\t\t\t\t<div class=\"ns-cwi-icon-inner\">\n\t\t\t\t\t<img src=\"https:\/\/www.tisa.si\/tisa-homes\/wp-content\/uploads\/2016\/10\/icon-bar.png\">\n\t\t\t\t<\/div>\n\t\t\t<\/div>\n\t\t\t<div class=\"ns-cwi-content\">\n\t\t\t\t<div class=\"ns-cwi-content_inner\">\n\t\t\t\t\tV radiju 600 m je na voljo<br \/>\nve\u010d barov in kavarn\t\t\t\t<\/div>\n\t\t\t<\/div>\n\t\t<\/div>\n\n\t\t[vc_separator color=&#8221;custom&#8221; align=&#8221;align_left&#8221; accent_color=&#8221;#c8c8c8&#8243; css=&#8221;.vc_custom_1669373932686{margin-top: 20px !important;margin-bottom: 20px !important;}&#8221;]\t\t\n\t\t<div class=\"ns-cwi-container  \">\n\t\t\t<div class=\"ns-cwi-icon\">\n\t\t\t\t<div class=\"ns-cwi-icon-inner\">\n\t\t\t\t\t<img src=\"https:\/\/www.tisa.si\/tisa-homes\/wp-content\/uploads\/2016\/10\/icon-park.png\">\n\t\t\t\t<\/div>\n\t\t\t<\/div>\n\t\t\t<div class=\"ns-cwi-content\">\n\t\t\t\t<div class=\"ns-cwi-content_inner\">\n\t\t\t\t\tKrajinski park Se\u010doveljske soline (8 km)\t\t\t\t<\/div>\n\t\t\t<\/div>\n\t\t<\/div>\n\n\t\t[vc_separator color=&#8221;custom&#8221; align=&#8221;align_left&#8221; accent_color=&#8221;#c8c8c8&#8243; css=&#8221;.vc_custom_1669373932686{margin-top: 20px !important;margin-bottom: 20px !important;}&#8221;]\t\t\n\t\t<div class=\"ns-cwi-container  \">\n\t\t\t<div class=\"ns-cwi-icon\">\n\t\t\t\t<div class=\"ns-cwi-icon-inner\">\n\t\t\t\t\t<img src=\"https:\/\/www.tisa.si\/tisa-homes\/wp-content\/uploads\/2016\/10\/icon-airport.png\">\n\t\t\t\t<\/div>\n\t\t\t<\/div>\n\t\t\t<div class=\"ns-cwi-content\">\n\t\t\t\t<div class=\"ns-cwi-content_inner\">\n\t\t\t\t\tLetali\u0161\u010de Pula (74 km)\t\t\t\t<\/div>\n\t\t\t<\/div>\n\t\t<\/div>\n\n\t\t[vc_separator color=&#8221;custom&#8221; align=&#8221;align_left&#8221; accent_color=&#8221;#c8c8c8&#8243; css=&#8221;.vc_custom_1669373932686{margin-top: 20px !important;margin-bottom: 20px !important;}&#8221;]\t\t\n\t\t<div class=\"ns-cwi-container  \">\n\t\t\t<div class=\"ns-cwi-icon\">\n\t\t\t\t<div class=\"ns-cwi-icon-inner\">\n\t\t\t\t\t<img src=\"https:\/\/www.tisa.si\/tisa-homes\/wp-content\/uploads\/2016\/10\/icon-muzej.png\">\n\t\t\t\t<\/div>\n\t\t\t<\/div>\n\t\t\t<div class=\"ns-cwi-content\">\n\t\t\t\t<div class=\"ns-cwi-content_inner\">\n\t\t\t\t\tMestni muzej Umag (7 km)\t\t\t\t<\/div>\n\t\t\t<\/div>\n\t\t<\/div>\n\n\t\t[\/vc_column][vc_column width=&#8221;1\/3&#8243;][vc_column_text]<\/p>\n<h3><span class=\"TextRun BCX0 SCXO63630600\" lang=\"EN-US\" xml:lang=\"EN-US\" data-contrast=\"auto\"><span class=\"SpellingError BCX0 SCXO63630600\">Omejitve<\/span><\/span><\/h3>\n<p>[\/vc_column_text][vc_separator color=&#8221;custom&#8221; align=&#8221;align_left&#8221; accent_color=&#8221;#c8c8c8&#8243; css=&#8221;.vc_custom_1669373932686{margin-top: 20px !important;margin-bottom: 20px !important;}&#8221;]\t\t\n\t\t<div class=\"ns-cwi-container  \">\n\t\t\t<div class=\"ns-cwi-icon\">\n\t\t\t\t<div class=\"ns-cwi-icon-inner\">\n\t\t\t\t\t<img src=\"https:\/\/www.tisa.si\/tisa-homes\/wp-content\/uploads\/2016\/10\/icon-checkinout.png\">\n\t\t\t\t<\/div>\n\t\t\t<\/div>\n\t\t\t<div class=\"ns-cwi-content\">\n\t\t\t\t<div class=\"ns-cwi-content_inner\">\n\t\t\t\t\tCheck-in: 16:00 \u2013 21:00<br \/>\nCheck-out: 8:00 \u2013 10:00\t\t\t\t<\/div>\n\t\t\t<\/div>\n\t\t<\/div>\n\n\t\t[vc_separator color=&#8221;custom&#8221; align=&#8221;align_left&#8221; accent_color=&#8221;#c8c8c8&#8243; css=&#8221;.vc_custom_1669373932686{margin-top: 20px !important;margin-bottom: 20px !important;}&#8221;]\t\t\n\t\t<div class=\"ns-cwi-container  \">\n\t\t\t<div class=\"ns-cwi-icon\">\n\t\t\t\t<div class=\"ns-cwi-icon-inner\">\n\t\t\t\t\t<img src=\"https:\/\/www.tisa.si\/tisa-homes\/wp-content\/uploads\/2016\/10\/icon-kajenje.png\">\n\t\t\t\t<\/div>\n\t\t\t<\/div>\n\t\t\t<div class=\"ns-cwi-content\">\n\t\t\t\t<div class=\"ns-cwi-content_inner\">\n\t\t\t\t\tKajenje v prostorih ni dovoljeno\t\t\t\t<\/div>\n\t\t\t<\/div>\n\t\t<\/div>\n\n\t\t[vc_separator color=&#8221;custom&#8221; align=&#8221;align_left&#8221; accent_color=&#8221;#c8c8c8&#8243; css=&#8221;.vc_custom_1669373932686{margin-top: 20px !important;margin-bottom: 20px !important;}&#8221;]\t\t\n\t\t<div class=\"ns-cwi-container  \">\n\t\t\t<div class=\"ns-cwi-icon\">\n\t\t\t\t<div class=\"ns-cwi-icon-inner\">\n\t\t\t\t\t<img src=\"https:\/\/www.tisa.si\/tisa-homes\/wp-content\/uploads\/2016\/10\/icon-zabava.png\">\n\t\t\t\t<\/div>\n\t\t\t<\/div>\n\t\t\t<div class=\"ns-cwi-content\">\n\t\t\t\t<div class=\"ns-cwi-content_inner\">\n\t\t\t\t\tZabave \/ dogodki niso dovoljeni\t\t\t\t<\/div>\n\t\t\t<\/div>\n\t\t<\/div>\n\n\t\t[vc_separator color=&#8221;custom&#8221; align=&#8221;align_left&#8221; accent_color=&#8221;#c8c8c8&#8243; css=&#8221;.vc_custom_1669373932686{margin-top: 20px !important;margin-bottom: 20px !important;}&#8221;]\t\t\n\t\t<div class=\"ns-cwi-container  \">\n\t\t\t<div class=\"ns-cwi-icon\">\n\t\t\t\t<div class=\"ns-cwi-icon-inner\">\n\t\t\t\t\t<img src=\"https:\/\/www.tisa.si\/tisa-homes\/wp-content\/uploads\/2016\/10\/icon-zivali.png\">\n\t\t\t\t<\/div>\n\t\t\t<\/div>\n\t\t\t<div class=\"ns-cwi-content\">\n\t\t\t\t<div class=\"ns-cwi-content_inner\">\n\t\t\t\t\tHi\u0161ne \u017eivali niso dovoljene\t\t\t\t<\/div>\n\t\t\t<\/div>\n\t\t<\/div>\n\n\t\t[\/vc_column][\/vc_row][vc_row full_width=&#8221;stretch_row&#8221; el_class=&#8221;hsec3&#8243;][vc_column][vc_column_text]<\/p>\n<h3 style=\"text-align: center;\">Ponudba apartmajskih hi\u0161k<\/h3>\n<p>[\/vc_column_text][vc_row][vc_column]          \n\n\n            \n    \n                  <div class=\"subcat-wrap subcat-wrap-slider\" id=\"69fb34e67fd56\">\n    \n\n                        <div class=\"subcat-cont\">\n              <a href=\"https:\/\/www.tisa.si\/tisa-homes\/apartmaji\/apartma-a1\/\" class=\"subcat-item\">\n                <div>\n                    <div class=\"image\">\n                      <img src=\"https:\/\/www.tisa.si\/tisa-homes\/wp-content\/uploads\/2024\/02\/1000016817.jpg\">\n                    <\/div>\n                    <div class=\"text\">\n                      <h4>Apartma A1<\/h4>\n                      <p>DO 4 OSEBE (najve\u010d 3 odrasli z otroki)<\/p>\n                      <p>1 spalnica<\/p>\n\n                    <\/div>\n                    <a href=\"https:\/\/www.tisa.si\/tisa-homes\/apartmaji\/apartma-a1\/\" class=\"subcat-item btn  btn-default btn-sm \">\n                      Podrobneje<\/a>\n                      <\/a> \n                <\/div>\n              <\/a>\n            <\/div>\n                        <div class=\"subcat-cont\">\n              <a href=\"https:\/\/www.tisa.si\/tisa-homes\/apartmaji\/apartma-a4\/\" class=\"subcat-item\">\n                <div>\n                    <div class=\"image\">\n                      <img src=\"https:\/\/www.tisa.si\/tisa-homes\/wp-content\/uploads\/2024\/02\/zkc_5737.jpg\">\n                    <\/div>\n                    <div class=\"text\">\n                      <h4>Apartma A4<\/h4>\n                      <p>DO 4 OSEBE (najve\u010d 3 odrasli z otroki)<\/p>\n                      <p>1 spalnica<\/p>\n\n                    <\/div>\n                    <a href=\"https:\/\/www.tisa.si\/tisa-homes\/apartmaji\/apartma-a4\/\" class=\"subcat-item btn  btn-default btn-sm \">\n                      Podrobneje<\/a>\n                      <\/a> \n                <\/div>\n              <\/a>\n            <\/div>\n                        <div class=\"subcat-cont\">\n              <a href=\"https:\/\/www.tisa.si\/tisa-homes\/apartmaji\/apartma-a6\/\" class=\"subcat-item\">\n                <div>\n                    <div class=\"image\">\n                      <img src=\"https:\/\/www.tisa.si\/tisa-homes\/wp-content\/uploads\/2024\/02\/1000016774.jpg\">\n                    <\/div>\n                    <div class=\"text\">\n                      <h4>Apartma A6<\/h4>\n                      <p>DO 4 OSEBE (najve\u010d 3 odrasli z otroki)<\/p>\n                      <p>1 spalnica<\/p>\n\n                    <\/div>\n                    <a href=\"https:\/\/www.tisa.si\/tisa-homes\/apartmaji\/apartma-a6\/\" class=\"subcat-item btn  btn-default btn-sm \">\n                      Podrobneje<\/a>\n                      <\/a> \n                <\/div>\n              <\/a>\n            <\/div>\n                        <div class=\"subcat-cont\">\n              <a href=\"https:\/\/www.tisa.si\/tisa-homes\/apartmaji\/apartma-a8\/\" class=\"subcat-item\">\n                <div>\n                    <div class=\"image\">\n                      <img src=\"https:\/\/www.tisa.si\/tisa-homes\/wp-content\/uploads\/2024\/02\/1000016765-1.jpg\">\n                    <\/div>\n                    <div class=\"text\">\n                      <h4>Apartma A8<\/h4>\n                      <p>DO 4 OSEBE (najve\u010d 3 odrasli z otroki)<\/p>\n                      <p>1 spalnica<\/p>\n\n                    <\/div>\n                    <a href=\"https:\/\/www.tisa.si\/tisa-homes\/apartmaji\/apartma-a8\/\" class=\"subcat-item btn  btn-default btn-sm \">\n                      Podrobneje<\/a>\n                      <\/a> \n                <\/div>\n              <\/a>\n            <\/div>\n                        <div class=\"subcat-cont\">\n              <a href=\"https:\/\/www.tisa.si\/tisa-homes\/apartmaji\/apartma-a9\/\" class=\"subcat-item\">\n                <div>\n                    <div class=\"image\">\n                      <img src=\"https:\/\/www.tisa.si\/tisa-homes\/wp-content\/uploads\/2024\/02\/1000016833.jpg\">\n                    <\/div>\n                    <div class=\"text\">\n                      <h4>Apartma A9<\/h4>\n                      <p>DO 4 OSEBE (najve\u010d 3 odrasli z otroki)<\/p>\n                      <p>1 spalnica<\/p>\n\n                    <\/div>\n                    <a href=\"https:\/\/www.tisa.si\/tisa-homes\/apartmaji\/apartma-a9\/\" class=\"subcat-item btn  btn-default btn-sm \">\n                      Podrobneje<\/a>\n                      <\/a> \n                <\/div>\n              <\/a>\n            <\/div>\n                        <div class=\"subcat-cont\">\n              <a href=\"https:\/\/www.tisa.si\/tisa-homes\/apartmaji\/apartma-a10\/\" class=\"subcat-item\">\n                <div>\n                    <div class=\"image\">\n                      <img src=\"https:\/\/www.tisa.si\/tisa-homes\/wp-content\/uploads\/2024\/02\/1000016767-1.jpg\">\n                    <\/div>\n                    <div class=\"text\">\n                      <h4>Apartma A10<\/h4>\n                      <p>DO 5 OSEB (najve\u010d 4 odrasli z otroki)<\/p>\n                      <p>2 spalnici<\/p>\n\n                    <\/div>\n                    <a href=\"https:\/\/www.tisa.si\/tisa-homes\/apartmaji\/apartma-a10\/\" class=\"subcat-item btn  btn-default btn-sm \">\n                      Podrobneje<\/a>\n                      <\/a> \n                <\/div>\n              <\/a>\n            <\/div>\n                    <\/div>\n                        \n    \n        [\/vc_column][\/vc_row][\/vc_column][\/vc_row]<\/p>\n","protected":false},"excerpt":{"rendered":"<p>[vc_row full_width=&#8221;stretch_row&#8221; imgs=&#8221;523&#8243; el_class=&#8221;main-banner&#8221;][vc_column][vc_row_inner][vc_column_inner offset=&#8221;vc_col-lg-7 vc_col-md-8&#8243;][vc_column_text el_class=&#8221;slider-title&#8221;] Po\u010ditni\u0161ke hi\u0161e v Savudriji V bli\u017eini znamenitega savudrijskega svetilnika, le minuto hoje od pla\u017ee, se nahaja po\u010ditni\u0161ko naselje Tisa homes.[\/vc_column_text][\/vc_column_inner][vc_column_inner offset=&#8221;vc_col-lg-5 vc_col-md-4&#8243;][\/vc_column_inner][\/vc_row_inner][\/vc_column][\/vc_row][vc_row css=&#8221;.vc_custom_1671037369721{margin-bottom: 65px !important;}&#8221; el_class=&#8221;hsec1&#8243;][vc_column width=&#8221;1\/2&#8243;][vc_column_text] Tisa Homes &#8211; po\u010ditni\u0161ko naselje v Savudriji Na voljo je 6 samostojnih hi\u0161, ki so primerne za nastanitev dru\u017eine ali 3 \u2013 4 odraslih oseb. Vse enote nudijo kuhinjo z jedilnico, verando, klimatsko napravo, TV z ravnim zaslonom ter zasebno kopalnico s prho. Balkoni s pogledom na skupen vrt z igri\u0161\u010dem za badminton ter namiznim tenisom pa bodo star\u0161em zagotavljali brezskrbnost med igro otrok.[\/vc_column_text][\/vc_column][vc_column width=&#8221;1\/2&#8243;][vc_single_image image=&#8221;226&#8243; img_size=&#8221;700&#215;440&#8243; css=&#8221;.vc_custom_1669379281585{margin-top: 35px !important;margin-bottom: 0px !important;}&#8221;][\/vc_column][\/vc_row][vc_row full_width=&#8221;stretch_row&#8221; css=&#8221;.vc_custom_1671040201230{background-color: #fbf4ec !important;}&#8221; el_class=&#8221;hsec2&#8243;][vc_column width=&#8221;1\/3&#8243;][vc_column_text] Nastanitvene komoditete [\/vc_column_text][vc_separator color=&#8221;custom&#8221; align=&#8221;align_left&#8221; accent_color=&#8221;#c8c8c8&#8243; css=&#8221;.vc_custom_1669373932686{margin-top: 20px [&hellip;]<\/p>\n","protected":false},"author":2,"featured_media":0,"parent":0,"menu_order":0,"comment_status":"closed","ping_status":"closed","template":"","meta":[],"_links":{"self":[{"href":"https:\/\/www.tisa.si\/tisa-homes\/wp-json\/wp\/v2\/pages\/5"}],"collection":[{"href":"https:\/\/www.tisa.si\/tisa-homes\/wp-json\/wp\/v2\/pages"}],"about":[{"href":"https:\/\/www.tisa.si\/tisa-homes\/wp-json\/wp\/v2\/types\/page"}],"author":[{"embeddable":true,"href":"https:\/\/www.tisa.si\/tisa-homes\/wp-json\/wp\/v2\/users\/2"}],"replies":[{"embeddable":true,"href":"https:\/\/www.tisa.si\/tisa-homes\/wp-json\/wp\/v2\/comments?post=5"}],"version-history":[{"count":0,"href":"https:\/\/www.tisa.si\/tisa-homes\/wp-json\/wp\/v2\/pages\/5\/revisions"}],"wp:attachment":[{"href":"https:\/\/www.tisa.si\/tisa-homes\/wp-json\/wp\/v2\/media?parent=5"}],"curies":[{"name":"wp","href":"https:\/\/api.w.org\/{rel}","templated":true}]}}